{"id":2855,"date":"2025-09-12T13:27:25","date_gmt":"2025-09-12T17:27:25","guid":{"rendered":"https:\/\/fosfeminista.org\/?page_id=2855"},"modified":"2026-03-19T15:39:55","modified_gmt":"2026-03-19T19:39:55","slug":"gift-notification-and-beneficiary-designation","status":"publish","type":"page","link":"https:\/\/fosfeminista.org\/pt\/gift-notification-and-beneficiary-designation\/","title":{"rendered":"Notifica\u00e7\u00e3o de doa\u00e7\u00e3o e designa\u00e7\u00e3o de benefici\u00e1rio"},"content":{"rendered":"","protected":false},"excerpt":{"rendered":"<p>If you\u2019ve included F\u00f2s Feminista in your will or other estate plan (or if you intend to) please let us know. Your legacy commitment strengthens our long-term work to expand access to contraception, abortion care, and essential services across Latin America, Africa, and Asia. Any information about your gift will remain confidential, and we understand [&hellip;]<\/p>\n","protected":false},"author":12,"featured_media":2954,"parent":0,"menu_order":0,"comment_status":"closed","ping_status":"closed","template":"","meta":{"_acf_changed":false,"_relevanssi_hide_post":"","_relevanssi_hide_content":"","_relevanssi_pin_for_all":"","_relevanssi_pin_keywords":"","_relevanssi_unpin_keywords":"","_relevanssi_related_keywords":"","_relevanssi_related_include_ids":"","_relevanssi_related_exclude_ids":"","_relevanssi_related_no_append":"","_relevanssi_related_not_related":"","_relevanssi_related_posts":"","_relevanssi_noindex_reason":""},"class_list":["post-2855","page","type-page","status-publish","has-post-thumbnail","hentry"],"acf":{"page_layout":[{"acf_fc_layout":"layout_hero_basic","_acfe_flexible_toggle":null,"component_hero_basic":{"":null,"kicker_text":"","title":"Notifica\u00e7\u00e3o de doa\u00e7\u00e3o e designa\u00e7\u00e3o de benefici\u00e1rio","heading_size":"standard","description":"Se voc\u00ea incluiu o F\u00f2s Feminista em seu testamento ou em outro plano patrimonial (ou se pretende faz\u00ea-lo), informe-nos. Seu compromisso legado fortalece nosso trabalho de longo prazo para expandir o acesso \u00e0 contracep\u00e7\u00e3o, \u00e0 assist\u00eancia ao aborto e a servi\u00e7os essenciais em toda a Am\u00e9rica Latina, \u00c1frica e \u00c1sia. Todas as informa\u00e7\u00f5es sobre sua doa\u00e7\u00e3o permanecer\u00e3o confidenciais, e entendemos que voc\u00ea pode mudar seus planos a qualquer momento.","link":"","button":"","image":2954,"anchor_id":""}},{"acf_fc_layout":"layout_extended_form","_acfe_flexible_toggle":null,"component_extended_form":{"embed_code":"<script src=\"https:\/\/fosfeminista.tfaforms.net\/publish\/10\" data-qp-target-id=\"form\" defer><\/script>\r\n<div id=\"form\"><\/div>","sidebar":"When completing your estate plans or beneficiary designation forms, please use the following information:\r\n\r\n<strong>Legal Name:<\/strong>\u00a0F\u00f2s Feminista\r\n<strong>Address:<\/strong>\u00a0125 Maiden Lane, 9th Floor, New York, NY 10038-4730\r\n<b>Federal Tax ID:<\/b> 13-1845455\r\n\r\n<img class=\"size-medium wp-image-6344 aligncenter\" src=\"https:\/\/fosfeminista.org\/wp-content\/uploads\/2026\/03\/LLA-300x300.png\" alt=\"\" width=\"300\" height=\"300\" \/>\r\n<div class=\"center\"><\/div>\r\n<div class=\"center\">\r\n<h3>Questions?<\/h3>\r\nWe\u2019re here to help. Please contact:\r\n\r\n<strong>Lloyd Alexander<\/strong>\r\nAssociate Director, Individual Giving\r\n\r\n<img src=\"\/wp-content\/themes\/fos-feminista\/_html\/source\/assets\/images\/email.svg\" alt=\"email icon\" \/> <a href=\"mailto:lalexander@fosfeminista.org\">lalexander@fosfeminista.org<\/a>\r\n<img src=\"\/wp-content\/themes\/fos-feminista\/_html\/source\/assets\/images\/phone.svg\" alt=\"phone icon\" \/> (212) 214-0278\r\n\r\n<\/div>","":null,"anchor_id":""}}]},"yoast_head":"<!-- This site is optimized with the Yoast SEO plugin v27.5 - https:\/\/yoast.com\/product\/yoast-seo-wordpress\/ -->\n<title>Gift Notification and Beneficiary Designation - F\u00f2s Feminista<\/title>\n<meta name=\"robots\" content=\"index, follow, max-snippet:-1, max-image-preview:large, max-video-preview:-1\" \/>\n<link rel=\"canonical\" href=\"https:\/\/fosfeminista.org\/pt\/gift-notification-and-beneficiary-designation\/\" \/>\n<meta property=\"og:locale\" content=\"pt_BR\" \/>\n<meta property=\"og:type\" content=\"article\" \/>\n<meta property=\"og:title\" content=\"Gift Notification and Beneficiary Designation - F\u00f2s Feminista\" \/>\n<meta property=\"og:description\" content=\"If you\u2019ve included F\u00f2s Feminista in your will or other estate plan (or if you intend to) please let us know. Your legacy commitment strengthens our long-term work to expand access to contraception, abortion care, and essential services across Latin America, Africa, and Asia. Any information about your gift will remain confidential, and we understand [&hellip;]\" \/>\n<meta property=\"og:url\" content=\"https:\/\/fosfeminista.org\/pt\/gift-notification-and-beneficiary-designation\/\" \/>\n<meta property=\"og:site_name\" content=\"F\u00f2s Feminista\" \/>\n<meta property=\"article:modified_time\" content=\"2026-03-19T19:39:55+00:00\" \/>\n<meta property=\"og:image\" content=\"https:\/\/fosfeminista.org\/wp-content\/uploads\/2025\/09\/5-Creating-Lasting-Legacy.png\" \/>\n\t<meta property=\"og:image:width\" content=\"1280\" \/>\n\t<meta property=\"og:image:height\" content=\"894\" \/>\n\t<meta property=\"og:image:type\" content=\"image\/png\" \/>\n<meta name=\"twitter:card\" content=\"summary_large_image\" \/>\n<script type=\"application\/ld+json\" class=\"yoast-schema-graph\">{\"@context\":\"https:\\\/\\\/schema.org\",\"@graph\":[{\"@type\":\"WebPage\",\"@id\":\"https:\\\/\\\/fosfeminista.org\\\/gift-notification-and-beneficiary-designation\\\/\",\"url\":\"https:\\\/\\\/fosfeminista.org\\\/gift-notification-and-beneficiary-designation\\\/\",\"name\":\"Gift Notification and Beneficiary Designation - F\u00f2s Feminista\",\"isPartOf\":{\"@id\":\"https:\\\/\\\/fosfeminista.org\\\/#website\"},\"primaryImageOfPage\":{\"@id\":\"https:\\\/\\\/fosfeminista.org\\\/gift-notification-and-beneficiary-designation\\\/#primaryimage\"},\"image\":{\"@id\":\"https:\\\/\\\/fosfeminista.org\\\/gift-notification-and-beneficiary-designation\\\/#primaryimage\"},\"thumbnailUrl\":\"https:\\\/\\\/fosfeminista.org\\\/wp-content\\\/uploads\\\/2025\\\/09\\\/5-Creating-Lasting-Legacy.png\",\"datePublished\":\"2025-09-12T17:27:25+00:00\",\"dateModified\":\"2026-03-19T19:39:55+00:00\",\"breadcrumb\":{\"@id\":\"https:\\\/\\\/fosfeminista.org\\\/gift-notification-and-beneficiary-designation\\\/#breadcrumb\"},\"inLanguage\":\"pt-BR\",\"potentialAction\":[{\"@type\":\"ReadAction\",\"target\":[\"https:\\\/\\\/fosfeminista.org\\\/gift-notification-and-beneficiary-designation\\\/\"]}]},{\"@type\":\"ImageObject\",\"inLanguage\":\"pt-BR\",\"@id\":\"https:\\\/\\\/fosfeminista.org\\\/gift-notification-and-beneficiary-designation\\\/#primaryimage\",\"url\":\"https:\\\/\\\/fosfeminista.org\\\/wp-content\\\/uploads\\\/2025\\\/09\\\/5-Creating-Lasting-Legacy.png\",\"contentUrl\":\"https:\\\/\\\/fosfeminista.org\\\/wp-content\\\/uploads\\\/2025\\\/09\\\/5-Creating-Lasting-Legacy.png\",\"width\":1280,\"height\":894,\"caption\":\"Two people nurturing a growing tree.\"},{\"@type\":\"BreadcrumbList\",\"@id\":\"https:\\\/\\\/fosfeminista.org\\\/gift-notification-and-beneficiary-designation\\\/#breadcrumb\",\"itemListElement\":[{\"@type\":\"ListItem\",\"position\":1,\"name\":\"Home\",\"item\":\"https:\\\/\\\/fosfeminista.org\\\/\"},{\"@type\":\"ListItem\",\"position\":2,\"name\":\"Gift Notification and Beneficiary Designation\"}]},{\"@type\":\"WebSite\",\"@id\":\"https:\\\/\\\/fosfeminista.org\\\/#website\",\"url\":\"https:\\\/\\\/fosfeminista.org\\\/\",\"name\":\"F\u00f2s Feminista\",\"description\":\"\",\"potentialAction\":[{\"@type\":\"SearchAction\",\"target\":{\"@type\":\"EntryPoint\",\"urlTemplate\":\"https:\\\/\\\/fosfeminista.org\\\/?s={search_term_string}\"},\"query-input\":{\"@type\":\"PropertyValueSpecification\",\"valueRequired\":true,\"valueName\":\"search_term_string\"}}],\"inLanguage\":\"pt-BR\"}]}<\/script>\n<!-- \/ Yoast SEO plugin. -->","yoast_head_json":{"title":"Gift Notification and Beneficiary Designation - F\u00f2s Feminista","robots":{"index":"index","follow":"follow","max-snippet":"max-snippet:-1","max-image-preview":"max-image-preview:large","max-video-preview":"max-video-preview:-1"},"canonical":"https:\/\/fosfeminista.org\/pt\/gift-notification-and-beneficiary-designation\/","og_locale":"pt_BR","og_type":"article","og_title":"Gift Notification and Beneficiary Designation - F\u00f2s Feminista","og_description":"If you\u2019ve included F\u00f2s Feminista in your will or other estate plan (or if you intend to) please let us know. Your legacy commitment strengthens our long-term work to expand access to contraception, abortion care, and essential services across Latin America, Africa, and Asia. Any information about your gift will remain confidential, and we understand [&hellip;]","og_url":"https:\/\/fosfeminista.org\/pt\/gift-notification-and-beneficiary-designation\/","og_site_name":"F\u00f2s Feminista","article_modified_time":"2026-03-19T19:39:55+00:00","og_image":[{"width":1280,"height":894,"url":"https:\/\/fosfeminista.org\/wp-content\/uploads\/2025\/09\/5-Creating-Lasting-Legacy.png","type":"image\/png"}],"twitter_card":"summary_large_image","schema":{"@context":"https:\/\/schema.org","@graph":[{"@type":"WebPage","@id":"https:\/\/fosfeminista.org\/gift-notification-and-beneficiary-designation\/","url":"https:\/\/fosfeminista.org\/gift-notification-and-beneficiary-designation\/","name":"Gift Notification and Beneficiary Designation - F\u00f2s Feminista","isPartOf":{"@id":"https:\/\/fosfeminista.org\/#website"},"primaryImageOfPage":{"@id":"https:\/\/fosfeminista.org\/gift-notification-and-beneficiary-designation\/#primaryimage"},"image":{"@id":"https:\/\/fosfeminista.org\/gift-notification-and-beneficiary-designation\/#primaryimage"},"thumbnailUrl":"https:\/\/fosfeminista.org\/wp-content\/uploads\/2025\/09\/5-Creating-Lasting-Legacy.png","datePublished":"2025-09-12T17:27:25+00:00","dateModified":"2026-03-19T19:39:55+00:00","breadcrumb":{"@id":"https:\/\/fosfeminista.org\/gift-notification-and-beneficiary-designation\/#breadcrumb"},"inLanguage":"pt-BR","potentialAction":[{"@type":"ReadAction","target":["https:\/\/fosfeminista.org\/gift-notification-and-beneficiary-designation\/"]}]},{"@type":"ImageObject","inLanguage":"pt-BR","@id":"https:\/\/fosfeminista.org\/gift-notification-and-beneficiary-designation\/#primaryimage","url":"https:\/\/fosfeminista.org\/wp-content\/uploads\/2025\/09\/5-Creating-Lasting-Legacy.png","contentUrl":"https:\/\/fosfeminista.org\/wp-content\/uploads\/2025\/09\/5-Creating-Lasting-Legacy.png","width":1280,"height":894,"caption":"Two people nurturing a growing tree."},{"@type":"BreadcrumbList","@id":"https:\/\/fosfeminista.org\/gift-notification-and-beneficiary-designation\/#breadcrumb","itemListElement":[{"@type":"ListItem","position":1,"name":"Home","item":"https:\/\/fosfeminista.org\/"},{"@type":"ListItem","position":2,"name":"Gift Notification and Beneficiary Designation"}]},{"@type":"WebSite","@id":"https:\/\/fosfeminista.org\/#website","url":"https:\/\/fosfeminista.org\/","name":"F\u00f2s Feminista","description":"","potentialAction":[{"@type":"SearchAction","target":{"@type":"EntryPoint","urlTemplate":"https:\/\/fosfeminista.org\/?s={search_term_string}"},"query-input":{"@type":"PropertyValueSpecification","valueRequired":true,"valueName":"search_term_string"}}],"inLanguage":"pt-BR"}]}},"_links":{"self":[{"href":"https:\/\/fosfeminista.org\/pt\/wp-json\/wp\/v2\/pages\/2855","targetHints":{"allow":["GET"]}}],"collection":[{"href":"https:\/\/fosfeminista.org\/pt\/wp-json\/wp\/v2\/pages"}],"about":[{"href":"https:\/\/fosfeminista.org\/pt\/wp-json\/wp\/v2\/types\/page"}],"author":[{"embeddable":true,"href":"https:\/\/fosfeminista.org\/pt\/wp-json\/wp\/v2\/users\/12"}],"replies":[{"embeddable":true,"href":"https:\/\/fosfeminista.org\/pt\/wp-json\/wp\/v2\/comments?post=2855"}],"version-history":[{"count":42,"href":"https:\/\/fosfeminista.org\/pt\/wp-json\/wp\/v2\/pages\/2855\/revisions"}],"predecessor-version":[{"id":6346,"href":"https:\/\/fosfeminista.org\/pt\/wp-json\/wp\/v2\/pages\/2855\/revisions\/6346"}],"wp:featuredmedia":[{"embeddable":true,"href":"https:\/\/fosfeminista.org\/pt\/wp-json\/wp\/v2\/media\/2954"}],"wp:attachment":[{"href":"https:\/\/fosfeminista.org\/pt\/wp-json\/wp\/v2\/media?parent=2855"}],"curies":[{"name":"wp","href":"https:\/\/api.w.org\/{rel}","templated":true}]}}