{"id":2841,"date":"2025-09-12T13:07:09","date_gmt":"2025-09-12T17:07:09","guid":{"rendered":"https:\/\/fosfeminista.org\/?page_id=2841"},"modified":"2025-09-29T20:26:24","modified_gmt":"2025-09-30T00:26:24","slug":"gifts-through-your-will","status":"publish","type":"page","link":"https:\/\/fosfeminista.org\/pt\/gifts-through-your-will\/","title":{"rendered":"Gifts through Your Will"},"content":{"rendered":"","protected":false},"excerpt":{"rendered":"<p>Uma doa\u00e7\u00e3o em seu testamento \u00e9 uma das formas mais significativas de garantir que seus valores continuem vivos. Ao lembrar-se do F\u00f2s Feminista, voc\u00ea cria um legado de cuidado, solidariedade e justi\u00e7a - apoiando o acesso ao aborto, \u00e0 contracep\u00e7\u00e3o e \u00e0 sa\u00fade reprodutiva para as pr\u00f3ximas gera\u00e7\u00f5es.<\/p>","protected":false},"author":12,"featured_media":5543,"parent":0,"menu_order":0,"comment_status":"closed","ping_status":"closed","template":"","meta":{"_acf_changed":false,"_relevanssi_hide_post":"","_relevanssi_hide_content":"","_relevanssi_pin_for_all":"","_relevanssi_pin_keywords":"","_relevanssi_unpin_keywords":"","_relevanssi_related_keywords":"","_relevanssi_related_include_ids":"","_relevanssi_related_exclude_ids":"","_relevanssi_related_no_append":"","_relevanssi_related_not_related":"","_relevanssi_related_posts":"","_relevanssi_noindex_reason":""},"class_list":["post-2841","page","type-page","status-publish","has-post-thumbnail","hentry"],"acf":{"page_layout":[{"acf_fc_layout":"layout_hero_basic","_acfe_flexible_toggle":"","component_hero_basic":{"":null,"kicker_text":"","title":"Deixe um legado por meio de seu testamento","heading_size":"standard","description":"<span style=\"font-weight: 400;\">Uma doa\u00e7\u00e3o em seu testamento \u00e9 uma das formas mais significativas de garantir que seus valores continuem vivos. Ao lembrar-se do F\u00f2s Feminista, voc\u00ea cria um legado de cuidado, solidariedade e justi\u00e7a - apoiando o acesso ao aborto, \u00e0 contracep\u00e7\u00e3o e \u00e0 sa\u00fade reprodutiva para as pr\u00f3ximas gera\u00e7\u00f5es.<\/span>","link":"","button":"","image":5543,"anchor_id":""}},{"acf_fc_layout":"layout_wysiwyg","_acfe_flexible_toggle":"","component_wysiwyg":{"content":"<span style=\"font-weight: 400;\">Including a bequest to F\u00f2s Feminista in your will or trust is a powerful way to extend your commitment to our mission without affecting your finances today. It is simple to arrange, flexible enough to change if your circumstances shift, and allows you to take care of your loved ones while\u00a0 making a lasting impact.<\/span>\r\n\r\n<span style=\"font-weight: 400;\">When you include F\u00f2s Feminista in your estate plans, you join a community of people who believe in advancing reproductive health, rights, and justice. Your generosity helps ensure that future generations have the care, dignity, and choices they deserve.<\/span>\r\n\r\n<i><span style=\"font-weight: 400;\">We encourage you to speak with your attorney or financial advisor to learn more about how this type of gift might fit into your plans, including any tax advantages for your estate.<\/span><\/i>\r\n<h3><strong>Sample Bequest Language for Will or Trust<\/strong><\/h3>\r\n<span style=\"font-weight: 400;\">If you are ready to include F\u00f2s Feminista in your plans, here is suggested language you can share with your attorney:<\/span>\r\n<blockquote><span style=\"font-weight: 400;\">\u201cI give and bequeath [an amount equal to percent of my estate], or [description of asset], or [dollars] to F\u00f2s Feminista, a New York, NY nonprofit corporation (Tax ID 13-1845455), located at 125 Maiden Lane, 9th Floor, New York, NY for its general use.\u201d<\/span><\/blockquote>\r\n<h3><strong>Our Legal Information<\/strong><\/h3>\r\n<span style=\"font-weight: 400;\">To make sure your plans are carried out as you intend, here are the details you may need:<\/span>\r\n<ul>\r\n \t<li style=\"font-weight: 400;\" aria-level=\"1\"><b>Name:<\/b><span style=\"font-weight: 400;\"> F\u00f2s Feminista<\/span><\/li>\r\n \t<li style=\"font-weight: 400;\" aria-level=\"1\"><b>Address:<\/b><span style=\"font-weight: 400;\"> 125 Maiden Lane, 9th Floor, New York, NY 10038<\/span><\/li>\r\n \t<li style=\"font-weight: 400;\" aria-level=\"1\"><b>Federal Tax ID number:<\/b><span style=\"font-weight: 400;\"> 13-1845455<\/span><\/li>\r\n<\/ul>\r\n<h3><strong>Share Your Plans With Us<\/strong><\/h3>\r\n<span style=\"font-weight: 400;\">If you\u2019ve already included F\u00f2s Feminista in your will or trust, we would love to know. Sharing your plans is completely confidential, and it allows us to welcome you into our <strong>Legacy Circle<\/strong> and keep you connected with the impact your future gift will make.<\/span>\r\n\r\n<span style=\"font-weight: 400;\">[tm_button url=\"https:\/\/fosfeminista.org\/gift-notification-and-beneficiary-designation\/\" label=\"Confidential Bequest Intention Form\" target=\"false\"]<\/span>\r\n<h3><strong>Complimentary Planning Resources<\/strong><\/h3>\r\n<span style=\"font-weight: 400;\">We\u2019ve created easy-to-use resources to help you think through your legacy plans:<\/span>\r\n<ul>\r\n \t<li style=\"font-weight: 400;\" aria-level=\"1\"><a href=\"https:\/\/fosfeminista.org\/wp-content\/uploads\/2025\/09\/FF_Do-I-need-to-Update-My-Plans_050422.pdf\"><i><span style=\"font-weight: 400;\">Do I Need to Update My Plans?<\/span><\/i><\/a><span style=\"font-weight: 400;\">\u00a0\u2014 A quick guide to knowing when it\u2019s time to revisit your estate documents.<\/span><\/li>\r\n \t<li style=\"font-weight: 400;\" aria-level=\"1\"><a href=\"https:\/\/fosfeminista.org\/wp-content\/uploads\/2025\/09\/FF_Gift-in-Wills_050422.pdf\"><i><span style=\"font-weight: 400;\">Gifts Through Wills: Provide for Your Loved Ones and Defend Women\u2019s Reproductive Health<\/span><\/i><\/a><span style=\"font-weight: 400;\">\u00a0\u2014 How to balance family care with your commitment to justice.<\/span><\/li>\r\n \t<li style=\"font-weight: 400;\" aria-level=\"1\"><a href=\"https:\/\/fosfeminista.org\/wp-content\/uploads\/2025\/09\/FF_Beneficiary-Designation_050422.pdf\"><i><span style=\"font-weight: 400;\">Beneficiary Designations: Gifts You Make by Signing Your Name<\/span><\/i><\/a><span style=\"font-weight: 400;\"> \u2014 Simple ways designate Fos Feminista as a beneficiary of your retirement account, life insurance policy or donor-advised fund.\u00a0 <\/span><\/li>\r\n \t<li style=\"font-weight: 400;\" aria-level=\"1\"><i><span style=\"font-weight: 400;\"><a href=\"https:\/\/fosfeminista.org\/wp-content\/uploads\/2025\/09\/FF_Getting-Organized_050422.pdf\">Getting Organized<\/a><\/span><\/i><span style=\"font-weight: 400;\">\u00a0 \u2014 A practical checklist to help you gather the information you\u2019ll need for planning.<\/span><\/li>\r\n<\/ul>\r\n<h3><strong>We\u2019re With You Every Step of the Way<\/strong><\/h3>\r\n<span style=\"font-weight: 400;\">Have questions or want to talk through your options? We\u2019re here to help. For more information, contact:<\/span>\r\n\r\n<b>Lloyd Alexander<\/b><span style=\"font-weight: 400;\">\r\n<\/span><span style=\"font-weight: 400;\">Associate Director for Individual Giving<\/span><span style=\"font-weight: 400;\">\r\n<\/span><span style=\"font-weight: 400;\">(212) 214-0278<\/span><span style=\"font-weight: 400;\">\r\n<\/span><span style=\"font-weight: 400;\">lalexander@fosfeminista.org<\/span>","":null,"anchor_id":""}}]},"yoast_head":"<!-- This site is optimized with the Yoast SEO plugin v27.3 - https:\/\/yoast.com\/product\/yoast-seo-wordpress\/ -->\n<title>Gifts through Your Will - F\u00f2s Feminista<\/title>\n<meta name=\"robots\" content=\"index, follow, max-snippet:-1, max-image-preview:large, max-video-preview:-1\" \/>\n<link rel=\"canonical\" href=\"https:\/\/fosfeminista.org\/pt\/gifts-through-your-will\/\" \/>\n<meta property=\"og:locale\" content=\"pt_BR\" \/>\n<meta property=\"og:type\" content=\"article\" \/>\n<meta property=\"og:title\" content=\"Gifts through Your Will - F\u00f2s Feminista\" \/>\n<meta property=\"og:description\" content=\"A gift in your will is one of the most meaningful ways to ensure that your values live on. By remembering F\u00f2s Feminista, you create a legacy of care, solidarity, and justice\u2014supporting access to abortion, contraception, and reproductive health for generations to come.\" \/>\n<meta property=\"og:url\" content=\"https:\/\/fosfeminista.org\/pt\/gifts-through-your-will\/\" \/>\n<meta property=\"og:site_name\" content=\"F\u00f2s Feminista\" \/>\n<meta property=\"article:modified_time\" content=\"2025-09-30T00:26:24+00:00\" \/>\n<meta property=\"og:image\" content=\"https:\/\/fosfeminista.org\/wp-content\/uploads\/2025\/09\/5c-Creating-Lasting-Legacy.png\" \/>\n\t<meta property=\"og:image:width\" content=\"1280\" \/>\n\t<meta property=\"og:image:height\" content=\"894\" \/>\n\t<meta property=\"og:image:type\" content=\"image\/png\" \/>\n<meta name=\"twitter:card\" content=\"summary_large_image\" \/>\n<script type=\"application\/ld+json\" class=\"yoast-schema-graph\">{\"@context\":\"https:\\\/\\\/schema.org\",\"@graph\":[{\"@type\":\"WebPage\",\"@id\":\"https:\\\/\\\/fosfeminista.org\\\/es\\\/gifts-through-your-will\\\/\",\"url\":\"https:\\\/\\\/fosfeminista.org\\\/es\\\/gifts-through-your-will\\\/\",\"name\":\"Gifts through Your Will - F\u00f2s Feminista\",\"isPartOf\":{\"@id\":\"https:\\\/\\\/fosfeminista.org\\\/#website\"},\"primaryImageOfPage\":{\"@id\":\"https:\\\/\\\/fosfeminista.org\\\/es\\\/gifts-through-your-will\\\/#primaryimage\"},\"image\":{\"@id\":\"https:\\\/\\\/fosfeminista.org\\\/es\\\/gifts-through-your-will\\\/#primaryimage\"},\"thumbnailUrl\":\"https:\\\/\\\/fosfeminista.org\\\/wp-content\\\/uploads\\\/2025\\\/09\\\/5c-Creating-Lasting-Legacy.png\",\"datePublished\":\"2025-09-12T17:07:09+00:00\",\"dateModified\":\"2025-09-30T00:26:24+00:00\",\"breadcrumb\":{\"@id\":\"https:\\\/\\\/fosfeminista.org\\\/es\\\/gifts-through-your-will\\\/#breadcrumb\"},\"inLanguage\":\"pt-BR\",\"potentialAction\":[{\"@type\":\"ReadAction\",\"target\":[\"https:\\\/\\\/fosfeminista.org\\\/es\\\/gifts-through-your-will\\\/\"]}]},{\"@type\":\"ImageObject\",\"inLanguage\":\"pt-BR\",\"@id\":\"https:\\\/\\\/fosfeminista.org\\\/es\\\/gifts-through-your-will\\\/#primaryimage\",\"url\":\"https:\\\/\\\/fosfeminista.org\\\/wp-content\\\/uploads\\\/2025\\\/09\\\/5c-Creating-Lasting-Legacy.png\",\"contentUrl\":\"https:\\\/\\\/fosfeminista.org\\\/wp-content\\\/uploads\\\/2025\\\/09\\\/5c-Creating-Lasting-Legacy.png\",\"width\":1280,\"height\":894},{\"@type\":\"BreadcrumbList\",\"@id\":\"https:\\\/\\\/fosfeminista.org\\\/es\\\/gifts-through-your-will\\\/#breadcrumb\",\"itemListElement\":[{\"@type\":\"ListItem\",\"position\":1,\"name\":\"Home\",\"item\":\"https:\\\/\\\/fosfeminista.org\\\/\"},{\"@type\":\"ListItem\",\"position\":2,\"name\":\"Gifts through Your Will\"}]},{\"@type\":\"WebSite\",\"@id\":\"https:\\\/\\\/fosfeminista.org\\\/#website\",\"url\":\"https:\\\/\\\/fosfeminista.org\\\/\",\"name\":\"F\u00f2s Feminista\",\"description\":\"\",\"potentialAction\":[{\"@type\":\"SearchAction\",\"target\":{\"@type\":\"EntryPoint\",\"urlTemplate\":\"https:\\\/\\\/fosfeminista.org\\\/?s={search_term_string}\"},\"query-input\":{\"@type\":\"PropertyValueSpecification\",\"valueRequired\":true,\"valueName\":\"search_term_string\"}}],\"inLanguage\":\"pt-BR\"}]}<\/script>\n<!-- \/ Yoast SEO plugin. -->","yoast_head_json":{"title":"Gifts through Your Will - F\u00f2s Feminista","robots":{"index":"index","follow":"follow","max-snippet":"max-snippet:-1","max-image-preview":"max-image-preview:large","max-video-preview":"max-video-preview:-1"},"canonical":"https:\/\/fosfeminista.org\/pt\/gifts-through-your-will\/","og_locale":"pt_BR","og_type":"article","og_title":"Gifts through Your Will - F\u00f2s Feminista","og_description":"A gift in your will is one of the most meaningful ways to ensure that your values live on. By remembering F\u00f2s Feminista, you create a legacy of care, solidarity, and justice\u2014supporting access to abortion, contraception, and reproductive health for generations to come.","og_url":"https:\/\/fosfeminista.org\/pt\/gifts-through-your-will\/","og_site_name":"F\u00f2s Feminista","article_modified_time":"2025-09-30T00:26:24+00:00","og_image":[{"width":1280,"height":894,"url":"https:\/\/fosfeminista.org\/wp-content\/uploads\/2025\/09\/5c-Creating-Lasting-Legacy.png","type":"image\/png"}],"twitter_card":"summary_large_image","schema":{"@context":"https:\/\/schema.org","@graph":[{"@type":"WebPage","@id":"https:\/\/fosfeminista.org\/es\/gifts-through-your-will\/","url":"https:\/\/fosfeminista.org\/es\/gifts-through-your-will\/","name":"Gifts through Your Will - F\u00f2s Feminista","isPartOf":{"@id":"https:\/\/fosfeminista.org\/#website"},"primaryImageOfPage":{"@id":"https:\/\/fosfeminista.org\/es\/gifts-through-your-will\/#primaryimage"},"image":{"@id":"https:\/\/fosfeminista.org\/es\/gifts-through-your-will\/#primaryimage"},"thumbnailUrl":"https:\/\/fosfeminista.org\/wp-content\/uploads\/2025\/09\/5c-Creating-Lasting-Legacy.png","datePublished":"2025-09-12T17:07:09+00:00","dateModified":"2025-09-30T00:26:24+00:00","breadcrumb":{"@id":"https:\/\/fosfeminista.org\/es\/gifts-through-your-will\/#breadcrumb"},"inLanguage":"pt-BR","potentialAction":[{"@type":"ReadAction","target":["https:\/\/fosfeminista.org\/es\/gifts-through-your-will\/"]}]},{"@type":"ImageObject","inLanguage":"pt-BR","@id":"https:\/\/fosfeminista.org\/es\/gifts-through-your-will\/#primaryimage","url":"https:\/\/fosfeminista.org\/wp-content\/uploads\/2025\/09\/5c-Creating-Lasting-Legacy.png","contentUrl":"https:\/\/fosfeminista.org\/wp-content\/uploads\/2025\/09\/5c-Creating-Lasting-Legacy.png","width":1280,"height":894},{"@type":"BreadcrumbList","@id":"https:\/\/fosfeminista.org\/es\/gifts-through-your-will\/#breadcrumb","itemListElement":[{"@type":"ListItem","position":1,"name":"Home","item":"https:\/\/fosfeminista.org\/"},{"@type":"ListItem","position":2,"name":"Gifts through Your Will"}]},{"@type":"WebSite","@id":"https:\/\/fosfeminista.org\/#website","url":"https:\/\/fosfeminista.org\/","name":"F\u00f2s Feminista","description":"","potentialAction":[{"@type":"SearchAction","target":{"@type":"EntryPoint","urlTemplate":"https:\/\/fosfeminista.org\/?s={search_term_string}"},"query-input":{"@type":"PropertyValueSpecification","valueRequired":true,"valueName":"search_term_string"}}],"inLanguage":"pt-BR"}]}},"_links":{"self":[{"href":"https:\/\/fosfeminista.org\/pt\/wp-json\/wp\/v2\/pages\/2841","targetHints":{"allow":["GET"]}}],"collection":[{"href":"https:\/\/fosfeminista.org\/pt\/wp-json\/wp\/v2\/pages"}],"about":[{"href":"https:\/\/fosfeminista.org\/pt\/wp-json\/wp\/v2\/types\/page"}],"author":[{"embeddable":true,"href":"https:\/\/fosfeminista.org\/pt\/wp-json\/wp\/v2\/users\/12"}],"replies":[{"embeddable":true,"href":"https:\/\/fosfeminista.org\/pt\/wp-json\/wp\/v2\/comments?post=2841"}],"version-history":[{"count":10,"href":"https:\/\/fosfeminista.org\/pt\/wp-json\/wp\/v2\/pages\/2841\/revisions"}],"predecessor-version":[{"id":5757,"href":"https:\/\/fosfeminista.org\/pt\/wp-json\/wp\/v2\/pages\/2841\/revisions\/5757"}],"wp:featuredmedia":[{"embeddable":true,"href":"https:\/\/fosfeminista.org\/pt\/wp-json\/wp\/v2\/media\/5543"}],"wp:attachment":[{"href":"https:\/\/fosfeminista.org\/pt\/wp-json\/wp\/v2\/media?parent=2841"}],"curies":[{"name":"wp","href":"https:\/\/api.w.org\/{rel}","templated":true}]}}