{"id":2832,"date":"2025-09-12T12:28:58","date_gmt":"2025-09-12T16:28:58","guid":{"rendered":"https:\/\/fosfeminista.org\/?page_id=2832"},"modified":"2025-09-28T11:57:34","modified_gmt":"2025-09-28T15:57:34","slug":"workplace-giving","status":"publish","type":"page","link":"https:\/\/fosfeminista.org\/pt\/give\/workplace-giving\/","title":{"rendered":"Workplace Giving"},"content":{"rendered":"","protected":false},"excerpt":{"rendered":"<p>Muitos empregadores equiparar\u00e3o sua doa\u00e7\u00e3o ao F\u00f2s Feminista - dobrando ou at\u00e9 triplicando o impacto de sua doa\u00e7\u00e3o que salva vidas. Junte-se a n\u00f3s para garantir que mulheres e meninas de todo o mundo tenham acesso aos cuidados reprodutivos de que precisam.<\/p>","protected":false},"author":12,"featured_media":2957,"parent":2504,"menu_order":0,"comment_status":"closed","ping_status":"closed","template":"","meta":{"_acf_changed":false,"_relevanssi_hide_post":"","_relevanssi_hide_content":"","_relevanssi_pin_for_all":"","_relevanssi_pin_keywords":"","_relevanssi_unpin_keywords":"","_relevanssi_related_keywords":"","_relevanssi_related_include_ids":"","_relevanssi_related_exclude_ids":"","_relevanssi_related_no_append":"","_relevanssi_related_not_related":"","_relevanssi_related_posts":"","_relevanssi_noindex_reason":""},"class_list":["post-2832","page","type-page","status-publish","has-post-thumbnail","hentry"],"acf":{"page_layout":[{"acf_fc_layout":"layout_hero_basic","_acfe_flexible_toggle":"","component_hero_basic":{"":null,"kicker_text":"","title":"Dobre seu impacto por meio de doa\u00e7\u00f5es no local de trabalho","heading_size":"standard","description":"<span style=\"font-weight: 400;\">Muitos empregadores equiparar\u00e3o sua doa\u00e7\u00e3o ao F\u00f2s Feminista - dobrando ou at\u00e9 triplicando o impacto de sua doa\u00e7\u00e3o que salva vidas. Junte-se a n\u00f3s para garantir que mulheres e meninas de todo o mundo tenham acesso aos cuidados reprodutivos de que precisam.<\/span>","link":"","button":"","image":2957,"anchor_id":""}},{"acf_fc_layout":"layout_wysiwyg","_acfe_flexible_toggle":"","component_wysiwyg":{"content":"<span style=\"font-weight: 400;\">O F\u00f2s Feminista tem orgulho de fazer parte de muitas campanhas de doa\u00e7\u00e3o no local de trabalho em todo o pa\u00eds.\u00a0<\/span>\r\n\r\n<span style=\"font-weight: 400;\">\u00c9 uma maneira f\u00e1cil e conveniente de fazer doa\u00e7\u00f5es recorrentes - muitas vezes equiparadas por seu empregador - multiplicando seu impacto.<\/span>\r\n<h3>Dedu\u00e7\u00e3o na folha de pagamento<\/h3>\r\n<span style=\"font-weight: 400;\">Se o seu empregador oferece um programa de doa\u00e7\u00e3o no local de trabalho, voc\u00ea pode deduzir automaticamente doa\u00e7\u00f5es beneficentes de seu contracheque mensal, bimestral ou semanalmente. Essas contribui\u00e7\u00f5es ao F\u00f2s Feminista s\u00e3o dedut\u00edveis do imposto de renda. Para participar, verifique com seu departamento pessoal ou de RH sobre o Workplace Giving Program de sua empresa.<\/span>\r\n\r\n<span>Se a sua empresa n\u00e3o tiver um Workplace Giving Program ou se o F\u00f2s Feminista n\u00e3o estiver na lista de institui\u00e7\u00f5es beneficentes, informe-nos e teremos prazer em contat\u00e1-los em seu nome. Entre em contato conosco\u00a0<\/span><b>Lloyd Alexander em lalexander@fosfeminista.org ou 212-214-0278<\/b><span>\u00a0para assist\u00eancia.<\/span>\r\n<h3>Campanha Federal Combinada (CFC)<\/h3>\r\nSe voc\u00ea \u00e9 funcion\u00e1rio federal ou aposentado dos EUA, pode doar para o F\u00f2s Feminista por meio da Combined Federal Campaign. F\u00f2s Feminista <strong>O CFC # \u00e9 12006<\/strong>.\r\n<h3>Doa\u00e7\u00e3o equivalente para funcion\u00e1rios<\/h3>\r\n<span style=\"font-weight: 400;\">Se o seu empregador tiver um programa de doa\u00e7\u00e3o equivalente, sua doa\u00e7\u00e3o ao F\u00f2s Feminista poder\u00e1 ser dobrada ou at\u00e9 triplicada.<\/span>\r\n\r\n<span style=\"font-weight: 400;\">Muitos empregadores igualam as contribui\u00e7\u00f5es filantr\u00f3picas dedut\u00edveis de impostos dos funcion\u00e1rios - e alguns estendem esse benef\u00edcio a aposentados e c\u00f4njuges. Use nossa ferramenta abaixo para ver se seu empregador participa. Para obter ajuda, entre em contato com Lloyd Alexander, Diretor Associado, Doa\u00e7\u00f5es Individuais<\/span><b> em lalexander@fosfeminista.org ou (212) 214-0278<\/b><span style=\"font-weight: 400;\">.<\/span>","":null,"anchor_id":""}},{"acf_fc_layout":"layout_basic_html","_acfe_flexible_toggle":"","component_basic_html":{"content":"<script>var DDCONF = { API_KEY: \"qyEvCrlW40B5tNA4\" };<\/script> <script src=\"https:\/\/doublethedonation.com\/api\/js\/ddplugin.js\"><\/script> <link href=\"https:\/\/doublethedonation.com\/api\/css\/ddplugin.css\" rel=\"stylesheet\"> <div id=\"dd-container\"><a href=\"https:\/\/doublethedonation.com\/matching-grant-resources\/matching-gift-basics\/\">Doa\u00e7\u00e3o equivalente<\/a> e <a href=\"https:\/\/doublethedonation.com\/matching-grant-resources\/volunteer-grant-basics\/\">Subs\u00eddio para volunt\u00e1rios<\/a> informa\u00e7\u00f5es fornecidas por <br><a href=\"https:\/\/doublethedonation.com\"><img alt=\"Powered by Double the Donation\" src=\"https:\/\/doublethedonation.com\/api\/img\/powered-by.png\" \/><\/a><\/div>","styled_display":false,"":null,"anchor_id":""}},{"acf_fc_layout":"layout_wysiwyg","_acfe_flexible_toggle":"","component_wysiwyg":{"content":"<h3>Give Through Benevity<\/h3>\r\nY<span style=\"font-weight: 400;\">ou can give to F\u00f2s Feminista directly through your employer\u2019s workplace giving program on Benevity\u2014many companies will even match your gift.<\/span>\r\n\r\n<span style=\"font-weight: 400;\">Find us by searching our EIN: 13-1845455.<\/span>\r\n\r\n[tm_button url=\"https:\/\/causes.benevity.org\/causes\/840-131845455\" label=\"Give through Benevity\" target=\"true\"]\r\n\r\n<span style=\"font-weight: 400;\">Not sure if your employer uses this platform? Check with your HR or benefits team.<\/span>\r\n<h3>Address + Tax ID<\/h3>\r\n<span style=\"font-weight: 400;\">Many supporters ask for our tax ID and address when setting up workplace giving\u2014you can find them here:<\/span>\r\n\r\n<span style=\"font-weight: 400;\">F\u00f2s Feminista<\/span><span style=\"font-weight: 400;\">\r\n<\/span><span style=\"font-weight: 400;\">125 Maiden Lane, 9th Floor<\/span><span style=\"font-weight: 400;\">\r\n<\/span><span style=\"font-weight: 400;\">New York, NY 10038-4730<\/span>\r\n\r\n<b>Tax ID<\/b><span style=\"font-weight: 400;\">: 13-1845455<\/span>\r\n<h3><b>Contact Us<\/b><\/h3>\r\n<span style=\"font-weight: 400;\">Questions? Reach out to <\/span><a href=\"mailto:lalexander@fosfeminista.org\"><span style=\"font-weight: 400;\">lalexander@fosfeminista.org<\/span><\/a><span style=\"font-weight: 400;\"> or (212) 214-0278 for personalized support.<\/span>","":null,"anchor_id":""}}]},"yoast_head":"<!-- This site is optimized with the Yoast SEO plugin v27.5 - https:\/\/yoast.com\/product\/yoast-seo-wordpress\/ -->\n<title>Workplace Giving - F\u00f2s Feminista<\/title>\n<meta name=\"robots\" content=\"index, follow, max-snippet:-1, max-image-preview:large, max-video-preview:-1\" \/>\n<link rel=\"canonical\" href=\"https:\/\/fosfeminista.org\/pt\/give\/workplace-giving\/\" \/>\n<meta property=\"og:locale\" content=\"pt_BR\" \/>\n<meta property=\"og:type\" content=\"article\" \/>\n<meta property=\"og:title\" content=\"Workplace Giving - F\u00f2s Feminista\" \/>\n<meta property=\"og:description\" content=\"Many employers will match your donation to F\u00f2s Feminista\u2014doubling or even tripling the impact of your lifesaving gift. Join us in ensuring women and girls worldwide have access to the reproductive care they need.\" \/>\n<meta property=\"og:url\" content=\"https:\/\/fosfeminista.org\/pt\/give\/workplace-giving\/\" \/>\n<meta property=\"og:site_name\" content=\"F\u00f2s Feminista\" \/>\n<meta property=\"article:modified_time\" content=\"2025-09-28T15:57:34+00:00\" \/>\n<meta property=\"og:image\" content=\"https:\/\/fosfeminista.org\/wp-content\/uploads\/2025\/09\/8-Workplace-Giving.png\" \/>\n\t<meta property=\"og:image:width\" content=\"1280\" \/>\n\t<meta property=\"og:image:height\" content=\"894\" \/>\n\t<meta property=\"og:image:type\" content=\"image\/png\" \/>\n<meta name=\"twitter:card\" content=\"summary_large_image\" \/>\n<script type=\"application\/ld+json\" class=\"yoast-schema-graph\">{\"@context\":\"https:\\\/\\\/schema.org\",\"@graph\":[{\"@type\":\"WebPage\",\"@id\":\"https:\\\/\\\/fosfeminista.org\\\/give\\\/workplace-giving\\\/\",\"url\":\"https:\\\/\\\/fosfeminista.org\\\/give\\\/workplace-giving\\\/\",\"name\":\"Workplace Giving - F\u00f2s Feminista\",\"isPartOf\":{\"@id\":\"https:\\\/\\\/fosfeminista.org\\\/#website\"},\"primaryImageOfPage\":{\"@id\":\"https:\\\/\\\/fosfeminista.org\\\/give\\\/workplace-giving\\\/#primaryimage\"},\"image\":{\"@id\":\"https:\\\/\\\/fosfeminista.org\\\/give\\\/workplace-giving\\\/#primaryimage\"},\"thumbnailUrl\":\"https:\\\/\\\/fosfeminista.org\\\/wp-content\\\/uploads\\\/2025\\\/09\\\/8-Workplace-Giving.png\",\"datePublished\":\"2025-09-12T16:28:58+00:00\",\"dateModified\":\"2025-09-28T15:57:34+00:00\",\"breadcrumb\":{\"@id\":\"https:\\\/\\\/fosfeminista.org\\\/give\\\/workplace-giving\\\/#breadcrumb\"},\"inLanguage\":\"pt-BR\",\"potentialAction\":[{\"@type\":\"ReadAction\",\"target\":[\"https:\\\/\\\/fosfeminista.org\\\/give\\\/workplace-giving\\\/\"]}]},{\"@type\":\"ImageObject\",\"inLanguage\":\"pt-BR\",\"@id\":\"https:\\\/\\\/fosfeminista.org\\\/give\\\/workplace-giving\\\/#primaryimage\",\"url\":\"https:\\\/\\\/fosfeminista.org\\\/wp-content\\\/uploads\\\/2025\\\/09\\\/8-Workplace-Giving.png\",\"contentUrl\":\"https:\\\/\\\/fosfeminista.org\\\/wp-content\\\/uploads\\\/2025\\\/09\\\/8-Workplace-Giving.png\",\"width\":1280,\"height\":894,\"caption\":\"Person holding two large coins with stars on them.\"},{\"@type\":\"BreadcrumbList\",\"@id\":\"https:\\\/\\\/fosfeminista.org\\\/give\\\/workplace-giving\\\/#breadcrumb\",\"itemListElement\":[{\"@type\":\"ListItem\",\"position\":1,\"name\":\"Home\",\"item\":\"https:\\\/\\\/fosfeminista.org\\\/\"},{\"@type\":\"ListItem\",\"position\":2,\"name\":\"Ways to Give\",\"item\":\"https:\\\/\\\/fosfeminista.org\\\/give\\\/\"},{\"@type\":\"ListItem\",\"position\":3,\"name\":\"Workplace Giving\"}]},{\"@type\":\"WebSite\",\"@id\":\"https:\\\/\\\/fosfeminista.org\\\/#website\",\"url\":\"https:\\\/\\\/fosfeminista.org\\\/\",\"name\":\"F\u00f2s Feminista\",\"description\":\"\",\"potentialAction\":[{\"@type\":\"SearchAction\",\"target\":{\"@type\":\"EntryPoint\",\"urlTemplate\":\"https:\\\/\\\/fosfeminista.org\\\/?s={search_term_string}\"},\"query-input\":{\"@type\":\"PropertyValueSpecification\",\"valueRequired\":true,\"valueName\":\"search_term_string\"}}],\"inLanguage\":\"pt-BR\"}]}<\/script>\n<!-- \/ Yoast SEO plugin. -->","yoast_head_json":{"title":"Workplace Giving - F\u00f2s Feminista","robots":{"index":"index","follow":"follow","max-snippet":"max-snippet:-1","max-image-preview":"max-image-preview:large","max-video-preview":"max-video-preview:-1"},"canonical":"https:\/\/fosfeminista.org\/pt\/give\/workplace-giving\/","og_locale":"pt_BR","og_type":"article","og_title":"Workplace Giving - F\u00f2s Feminista","og_description":"Many employers will match your donation to F\u00f2s Feminista\u2014doubling or even tripling the impact of your lifesaving gift. Join us in ensuring women and girls worldwide have access to the reproductive care they need.","og_url":"https:\/\/fosfeminista.org\/pt\/give\/workplace-giving\/","og_site_name":"F\u00f2s Feminista","article_modified_time":"2025-09-28T15:57:34+00:00","og_image":[{"width":1280,"height":894,"url":"https:\/\/fosfeminista.org\/wp-content\/uploads\/2025\/09\/8-Workplace-Giving.png","type":"image\/png"}],"twitter_card":"summary_large_image","schema":{"@context":"https:\/\/schema.org","@graph":[{"@type":"WebPage","@id":"https:\/\/fosfeminista.org\/give\/workplace-giving\/","url":"https:\/\/fosfeminista.org\/give\/workplace-giving\/","name":"Workplace Giving - F\u00f2s Feminista","isPartOf":{"@id":"https:\/\/fosfeminista.org\/#website"},"primaryImageOfPage":{"@id":"https:\/\/fosfeminista.org\/give\/workplace-giving\/#primaryimage"},"image":{"@id":"https:\/\/fosfeminista.org\/give\/workplace-giving\/#primaryimage"},"thumbnailUrl":"https:\/\/fosfeminista.org\/wp-content\/uploads\/2025\/09\/8-Workplace-Giving.png","datePublished":"2025-09-12T16:28:58+00:00","dateModified":"2025-09-28T15:57:34+00:00","breadcrumb":{"@id":"https:\/\/fosfeminista.org\/give\/workplace-giving\/#breadcrumb"},"inLanguage":"pt-BR","potentialAction":[{"@type":"ReadAction","target":["https:\/\/fosfeminista.org\/give\/workplace-giving\/"]}]},{"@type":"ImageObject","inLanguage":"pt-BR","@id":"https:\/\/fosfeminista.org\/give\/workplace-giving\/#primaryimage","url":"https:\/\/fosfeminista.org\/wp-content\/uploads\/2025\/09\/8-Workplace-Giving.png","contentUrl":"https:\/\/fosfeminista.org\/wp-content\/uploads\/2025\/09\/8-Workplace-Giving.png","width":1280,"height":894,"caption":"Person holding two large coins with stars on them."},{"@type":"BreadcrumbList","@id":"https:\/\/fosfeminista.org\/give\/workplace-giving\/#breadcrumb","itemListElement":[{"@type":"ListItem","position":1,"name":"Home","item":"https:\/\/fosfeminista.org\/"},{"@type":"ListItem","position":2,"name":"Ways to Give","item":"https:\/\/fosfeminista.org\/give\/"},{"@type":"ListItem","position":3,"name":"Workplace Giving"}]},{"@type":"WebSite","@id":"https:\/\/fosfeminista.org\/#website","url":"https:\/\/fosfeminista.org\/","name":"F\u00f2s Feminista","description":"","potentialAction":[{"@type":"SearchAction","target":{"@type":"EntryPoint","urlTemplate":"https:\/\/fosfeminista.org\/?s={search_term_string}"},"query-input":{"@type":"PropertyValueSpecification","valueRequired":true,"valueName":"search_term_string"}}],"inLanguage":"pt-BR"}]}},"_links":{"self":[{"href":"https:\/\/fosfeminista.org\/pt\/wp-json\/wp\/v2\/pages\/2832","targetHints":{"allow":["GET"]}}],"collection":[{"href":"https:\/\/fosfeminista.org\/pt\/wp-json\/wp\/v2\/pages"}],"about":[{"href":"https:\/\/fosfeminista.org\/pt\/wp-json\/wp\/v2\/types\/page"}],"author":[{"embeddable":true,"href":"https:\/\/fosfeminista.org\/pt\/wp-json\/wp\/v2\/users\/12"}],"replies":[{"embeddable":true,"href":"https:\/\/fosfeminista.org\/pt\/wp-json\/wp\/v2\/comments?post=2832"}],"version-history":[{"count":7,"href":"https:\/\/fosfeminista.org\/pt\/wp-json\/wp\/v2\/pages\/2832\/revisions"}],"predecessor-version":[{"id":5538,"href":"https:\/\/fosfeminista.org\/pt\/wp-json\/wp\/v2\/pages\/2832\/revisions\/5538"}],"up":[{"embeddable":true,"href":"https:\/\/fosfeminista.org\/pt\/wp-json\/wp\/v2\/pages\/2504"}],"wp:featuredmedia":[{"embeddable":true,"href":"https:\/\/fosfeminista.org\/pt\/wp-json\/wp\/v2\/media\/2957"}],"wp:attachment":[{"href":"https:\/\/fosfeminista.org\/pt\/wp-json\/wp\/v2\/media?parent=2832"}],"curies":[{"name":"wp","href":"https:\/\/api.w.org\/{rel}","templated":true}]}}