{"id":2807,"date":"2025-09-12T09:53:14","date_gmt":"2025-09-12T13:53:14","guid":{"rendered":"https:\/\/fosfeminista.org\/?page_id=2807"},"modified":"2025-09-24T07:21:45","modified_gmt":"2025-09-24T11:21:45","slug":"gifts-of-stock","status":"publish","type":"page","link":"https:\/\/fosfeminista.org\/pt\/give\/gifts-of-stock\/","title":{"rendered":"Fa\u00e7a uma doa\u00e7\u00e3o de a\u00e7\u00f5es"},"content":{"rendered":"","protected":false},"excerpt":{"rendered":"<p>A doa\u00e7\u00e3o de a\u00e7\u00f5es valorizadas \u00e9 uma maneira inteligente em termos de impostos de apoiar a miss\u00e3o da F\u00f2s Feminista. Voc\u00ea pode maximizar sua contribui\u00e7\u00e3o e, ao mesmo tempo, evitar impostos sobre ganhos de capital. Consulte seu consultor financeiro para saber mais.<\/p>","protected":false},"author":12,"featured_media":2953,"parent":2504,"menu_order":0,"comment_status":"closed","ping_status":"closed","template":"","meta":{"_acf_changed":false,"_relevanssi_hide_post":"","_relevanssi_hide_content":"","_relevanssi_pin_for_all":"","_relevanssi_pin_keywords":"","_relevanssi_unpin_keywords":"","_relevanssi_related_keywords":"","_relevanssi_related_include_ids":"","_relevanssi_related_exclude_ids":"","_relevanssi_related_no_append":"","_relevanssi_related_not_related":"","_relevanssi_related_posts":"","_relevanssi_noindex_reason":""},"class_list":["post-2807","page","type-page","status-publish","has-post-thumbnail","hentry"],"acf":{"page_layout":[{"acf_fc_layout":"layout_hero_basic","_acfe_flexible_toggle":"","component_hero_basic":{"":null,"kicker_text":"","title":"Fa\u00e7a uma doa\u00e7\u00e3o de a\u00e7\u00f5es","heading_size":"standard","description":"A doa\u00e7\u00e3o de a\u00e7\u00f5es valorizadas \u00e9 uma maneira inteligente em termos de impostos de apoiar a miss\u00e3o da F\u00f2s Feminista. Voc\u00ea pode maximizar sua contribui\u00e7\u00e3o e, ao mesmo tempo, evitar impostos sobre ganhos de capital. Consulte seu consultor financeiro para saber mais.","link":"","button":"","image":2953,"anchor_id":""}},{"acf_fc_layout":"layout_wysiwyg","_acfe_flexible_toggle":"","component_wysiwyg":{"content":"Making a gift of appreciated stock or mutual funds is a tax-smart way to support F\u00f2s Feminista\u2019s mission. Your contribution will help advance access to abortion, contraception, and reproductive healthcare worldwide\u2014while offering potential tax advantages for you.\r\n\r\nWhen you donate stock directly, you may be able to avoid capital gains taxes on the increase in value and receive a charitable deduction for the full market value of the stock. This means you can make a bigger impact at no additional cost to you. We recommend consulting your financial advisor to determine how a stock gift can best support your goals.\r\n<h3><b>Como fazer uma doa\u00e7\u00e3o de a\u00e7\u00f5es<\/b><\/h3>\r\n<h5><b>Etapa 1: Doar a\u00e7\u00f5es<\/b><\/h5>\r\nAs doa\u00e7\u00f5es de a\u00e7\u00f5es podem oferecer vantagens fiscais significativas e ajudar seu apoio a ir mais longe. Para come\u00e7ar, entre em contato conosco para obter as instru\u00e7\u00f5es de transfer\u00eancia que seu corretor precisar\u00e1 (veja os detalhes de contato abaixo).\r\n<h5><b>Segunda etapa: Notifique-nos<\/b><\/h5>\r\n<span style=\"font-weight: 400;\">Quando suas a\u00e7\u00f5es ou fundos m\u00fatuos s\u00e3o transferidos para nossa conta, n\u00e3o recebemos automaticamente informa\u00e7\u00f5es que o identifiquem como doador. Para garantir que sua doa\u00e7\u00e3o seja devidamente recebida e reconhecida, envie-nos um e-mail ou ligue para n\u00f3s com os seguintes detalhes:<\/span>\r\n<ul>\r\n \t<li style=\"font-weight: 400;\" aria-level=\"1\"><span style=\"font-weight: 400;\">Nome do estoque<\/span><\/li>\r\n \t<li style=\"font-weight: 400;\" aria-level=\"1\"><span style=\"font-weight: 400;\">N\u00famero de a\u00e7\u00f5es<\/span><\/li>\r\n \t<li style=\"font-weight: 400;\" aria-level=\"1\"><span style=\"font-weight: 400;\">Seu nome e endere\u00e7o<\/span><\/li>\r\n<\/ul>\r\n<h5><b>Contato para doa\u00e7\u00f5es de a\u00e7\u00f5es:<\/b><\/h5>\r\n<span style=\"font-weight: 400;\">Lloyd Alexander, Diretor Associado de Doa\u00e7\u00f5es Individuais<\/span><span style=\"font-weight: 400;\">\r\n<\/span><span style=\"font-weight: 400;\">E-mail: lalexander@fosfeminista.org<\/span><span style=\"font-weight: 400;\">\r\n<\/span><span style=\"font-weight: 400;\">Telefone: (212) 214-0278<\/span>","":null,"anchor_id":""}}]},"yoast_head":"<!-- This site is optimized with the Yoast SEO plugin v27.5 - https:\/\/yoast.com\/product\/yoast-seo-wordpress\/ -->\n<title>Make a Gift of Stock - F\u00f2s Feminista<\/title>\n<meta name=\"robots\" content=\"index, follow, max-snippet:-1, max-image-preview:large, max-video-preview:-1\" \/>\n<link rel=\"canonical\" href=\"https:\/\/fosfeminista.org\/pt\/give\/gifts-of-stock\/\" \/>\n<meta property=\"og:locale\" content=\"pt_BR\" \/>\n<meta property=\"og:type\" content=\"article\" \/>\n<meta property=\"og:title\" content=\"Make a Gift of Stock - F\u00f2s Feminista\" \/>\n<meta property=\"og:description\" content=\"Giving appreciated stock is a tax-smart way to support F\u00f2s Feminista\u2019s mission. You can maximize your contribution while potentially avoiding capital gains taxes. Consult your financial advisor to learn more.\" \/>\n<meta property=\"og:url\" content=\"https:\/\/fosfeminista.org\/pt\/give\/gifts-of-stock\/\" \/>\n<meta property=\"og:site_name\" content=\"F\u00f2s Feminista\" \/>\n<meta property=\"article:modified_time\" content=\"2025-09-24T11:21:45+00:00\" \/>\n<meta property=\"og:image\" content=\"https:\/\/fosfeminista.org\/wp-content\/uploads\/2025\/09\/4-Stocks-Securities.png\" \/>\n\t<meta property=\"og:image:width\" content=\"1280\" \/>\n\t<meta property=\"og:image:height\" content=\"894\" \/>\n\t<meta property=\"og:image:type\" content=\"image\/png\" \/>\n<meta name=\"twitter:card\" content=\"summary_large_image\" \/>\n<script type=\"application\/ld+json\" class=\"yoast-schema-graph\">{\"@context\":\"https:\\\/\\\/schema.org\",\"@graph\":[{\"@type\":\"WebPage\",\"@id\":\"https:\\\/\\\/fosfeminista.org\\\/es\\\/give\\\/gifts-of-stock\\\/\",\"url\":\"https:\\\/\\\/fosfeminista.org\\\/es\\\/give\\\/gifts-of-stock\\\/\",\"name\":\"Make a Gift of Stock - F\u00f2s Feminista\",\"isPartOf\":{\"@id\":\"https:\\\/\\\/fosfeminista.org\\\/#website\"},\"primaryImageOfPage\":{\"@id\":\"https:\\\/\\\/fosfeminista.org\\\/es\\\/give\\\/gifts-of-stock\\\/#primaryimage\"},\"image\":{\"@id\":\"https:\\\/\\\/fosfeminista.org\\\/es\\\/give\\\/gifts-of-stock\\\/#primaryimage\"},\"thumbnailUrl\":\"https:\\\/\\\/fosfeminista.org\\\/wp-content\\\/uploads\\\/2025\\\/09\\\/4-Stocks-Securities.png\",\"datePublished\":\"2025-09-12T13:53:14+00:00\",\"dateModified\":\"2025-09-24T11:21:45+00:00\",\"breadcrumb\":{\"@id\":\"https:\\\/\\\/fosfeminista.org\\\/es\\\/give\\\/gifts-of-stock\\\/#breadcrumb\"},\"inLanguage\":\"pt-BR\",\"potentialAction\":[{\"@type\":\"ReadAction\",\"target\":[\"https:\\\/\\\/fosfeminista.org\\\/es\\\/give\\\/gifts-of-stock\\\/\"]}]},{\"@type\":\"ImageObject\",\"inLanguage\":\"pt-BR\",\"@id\":\"https:\\\/\\\/fosfeminista.org\\\/es\\\/give\\\/gifts-of-stock\\\/#primaryimage\",\"url\":\"https:\\\/\\\/fosfeminista.org\\\/wp-content\\\/uploads\\\/2025\\\/09\\\/4-Stocks-Securities.png\",\"contentUrl\":\"https:\\\/\\\/fosfeminista.org\\\/wp-content\\\/uploads\\\/2025\\\/09\\\/4-Stocks-Securities.png\",\"width\":1280,\"height\":894,\"caption\":\"Upward-pointing stock chart with dollar signs.\"},{\"@type\":\"BreadcrumbList\",\"@id\":\"https:\\\/\\\/fosfeminista.org\\\/es\\\/give\\\/gifts-of-stock\\\/#breadcrumb\",\"itemListElement\":[{\"@type\":\"ListItem\",\"position\":1,\"name\":\"Home\",\"item\":\"https:\\\/\\\/fosfeminista.org\\\/\"},{\"@type\":\"ListItem\",\"position\":2,\"name\":\"Ways to Give\",\"item\":\"https:\\\/\\\/fosfeminista.org\\\/give\\\/\"},{\"@type\":\"ListItem\",\"position\":3,\"name\":\"Make a Gift of Stock\"}]},{\"@type\":\"WebSite\",\"@id\":\"https:\\\/\\\/fosfeminista.org\\\/#website\",\"url\":\"https:\\\/\\\/fosfeminista.org\\\/\",\"name\":\"F\u00f2s Feminista\",\"description\":\"\",\"potentialAction\":[{\"@type\":\"SearchAction\",\"target\":{\"@type\":\"EntryPoint\",\"urlTemplate\":\"https:\\\/\\\/fosfeminista.org\\\/?s={search_term_string}\"},\"query-input\":{\"@type\":\"PropertyValueSpecification\",\"valueRequired\":true,\"valueName\":\"search_term_string\"}}],\"inLanguage\":\"pt-BR\"}]}<\/script>\n<!-- \/ Yoast SEO plugin. -->","yoast_head_json":{"title":"Make a Gift of Stock - F\u00f2s Feminista","robots":{"index":"index","follow":"follow","max-snippet":"max-snippet:-1","max-image-preview":"max-image-preview:large","max-video-preview":"max-video-preview:-1"},"canonical":"https:\/\/fosfeminista.org\/pt\/give\/gifts-of-stock\/","og_locale":"pt_BR","og_type":"article","og_title":"Make a Gift of Stock - F\u00f2s Feminista","og_description":"Giving appreciated stock is a tax-smart way to support F\u00f2s Feminista\u2019s mission. You can maximize your contribution while potentially avoiding capital gains taxes. Consult your financial advisor to learn more.","og_url":"https:\/\/fosfeminista.org\/pt\/give\/gifts-of-stock\/","og_site_name":"F\u00f2s Feminista","article_modified_time":"2025-09-24T11:21:45+00:00","og_image":[{"width":1280,"height":894,"url":"https:\/\/fosfeminista.org\/wp-content\/uploads\/2025\/09\/4-Stocks-Securities.png","type":"image\/png"}],"twitter_card":"summary_large_image","schema":{"@context":"https:\/\/schema.org","@graph":[{"@type":"WebPage","@id":"https:\/\/fosfeminista.org\/es\/give\/gifts-of-stock\/","url":"https:\/\/fosfeminista.org\/es\/give\/gifts-of-stock\/","name":"Make a Gift of Stock - F\u00f2s Feminista","isPartOf":{"@id":"https:\/\/fosfeminista.org\/#website"},"primaryImageOfPage":{"@id":"https:\/\/fosfeminista.org\/es\/give\/gifts-of-stock\/#primaryimage"},"image":{"@id":"https:\/\/fosfeminista.org\/es\/give\/gifts-of-stock\/#primaryimage"},"thumbnailUrl":"https:\/\/fosfeminista.org\/wp-content\/uploads\/2025\/09\/4-Stocks-Securities.png","datePublished":"2025-09-12T13:53:14+00:00","dateModified":"2025-09-24T11:21:45+00:00","breadcrumb":{"@id":"https:\/\/fosfeminista.org\/es\/give\/gifts-of-stock\/#breadcrumb"},"inLanguage":"pt-BR","potentialAction":[{"@type":"ReadAction","target":["https:\/\/fosfeminista.org\/es\/give\/gifts-of-stock\/"]}]},{"@type":"ImageObject","inLanguage":"pt-BR","@id":"https:\/\/fosfeminista.org\/es\/give\/gifts-of-stock\/#primaryimage","url":"https:\/\/fosfeminista.org\/wp-content\/uploads\/2025\/09\/4-Stocks-Securities.png","contentUrl":"https:\/\/fosfeminista.org\/wp-content\/uploads\/2025\/09\/4-Stocks-Securities.png","width":1280,"height":894,"caption":"Upward-pointing stock chart with dollar signs."},{"@type":"BreadcrumbList","@id":"https:\/\/fosfeminista.org\/es\/give\/gifts-of-stock\/#breadcrumb","itemListElement":[{"@type":"ListItem","position":1,"name":"Home","item":"https:\/\/fosfeminista.org\/"},{"@type":"ListItem","position":2,"name":"Ways to Give","item":"https:\/\/fosfeminista.org\/give\/"},{"@type":"ListItem","position":3,"name":"Make a Gift of Stock"}]},{"@type":"WebSite","@id":"https:\/\/fosfeminista.org\/#website","url":"https:\/\/fosfeminista.org\/","name":"F\u00f2s Feminista","description":"","potentialAction":[{"@type":"SearchAction","target":{"@type":"EntryPoint","urlTemplate":"https:\/\/fosfeminista.org\/?s={search_term_string}"},"query-input":{"@type":"PropertyValueSpecification","valueRequired":true,"valueName":"search_term_string"}}],"inLanguage":"pt-BR"}]}},"_links":{"self":[{"href":"https:\/\/fosfeminista.org\/pt\/wp-json\/wp\/v2\/pages\/2807","targetHints":{"allow":["GET"]}}],"collection":[{"href":"https:\/\/fosfeminista.org\/pt\/wp-json\/wp\/v2\/pages"}],"about":[{"href":"https:\/\/fosfeminista.org\/pt\/wp-json\/wp\/v2\/types\/page"}],"author":[{"embeddable":true,"href":"https:\/\/fosfeminista.org\/pt\/wp-json\/wp\/v2\/users\/12"}],"replies":[{"embeddable":true,"href":"https:\/\/fosfeminista.org\/pt\/wp-json\/wp\/v2\/comments?post=2807"}],"version-history":[{"count":7,"href":"https:\/\/fosfeminista.org\/pt\/wp-json\/wp\/v2\/pages\/2807\/revisions"}],"predecessor-version":[{"id":5322,"href":"https:\/\/fosfeminista.org\/pt\/wp-json\/wp\/v2\/pages\/2807\/revisions\/5322"}],"up":[{"embeddable":true,"href":"https:\/\/fosfeminista.org\/pt\/wp-json\/wp\/v2\/pages\/2504"}],"wp:featuredmedia":[{"embeddable":true,"href":"https:\/\/fosfeminista.org\/pt\/wp-json\/wp\/v2\/media\/2953"}],"wp:attachment":[{"href":"https:\/\/fosfeminista.org\/pt\/wp-json\/wp\/v2\/media?parent=2807"}],"curies":[{"name":"wp","href":"https:\/\/api.w.org\/{rel}","templated":true}]}}