{"id":2512,"date":"2025-09-08T13:14:18","date_gmt":"2025-09-08T17:14:18","guid":{"rendered":"https:\/\/fosfeminista.org\/?page_id=2512"},"modified":"2025-10-23T17:50:05","modified_gmt":"2025-10-23T21:50:05","slug":"legacy","status":"publish","type":"page","link":"https:\/\/fosfeminista.org\/pt\/give\/legacy\/","title":{"rendered":"Deixe um legado"},"content":{"rendered":"","protected":false},"excerpt":{"rendered":"<p>Your estate plans can expand access to abortion, contraception, and care long after your lifetime. By including F\u00f2s Feminista in your will or trust, you\u2019ll protect reproductive health and rights for women and girls for generations to come. Many supporters ask for our tax ID number and address\u2014you can find them here: Office of Gift [&hellip;]<\/p>\n","protected":false},"author":2,"featured_media":2954,"parent":2504,"menu_order":0,"comment_status":"closed","ping_status":"closed","template":"","meta":{"_acf_changed":false,"_relevanssi_hide_post":"","_relevanssi_hide_content":"","_relevanssi_pin_for_all":"","_relevanssi_pin_keywords":"","_relevanssi_unpin_keywords":"","_relevanssi_related_keywords":"","_relevanssi_related_include_ids":"","_relevanssi_related_exclude_ids":"","_relevanssi_related_no_append":"","_relevanssi_related_not_related":"","_relevanssi_related_posts":"","_relevanssi_noindex_reason":""},"class_list":["post-2512","page","type-page","status-publish","has-post-thumbnail","hentry"],"acf":{"page_layout":[{"acf_fc_layout":"layout_hero_basic","_acfe_flexible_toggle":"","component_hero_basic":{"":null,"kicker_text":"","title":"Proteger a sa\u00fade reprodutiva para as gera\u00e7\u00f5es","heading_size":"standard","description":"<span style=\"font-weight: 400;\">Seus planos patrimoniais podem expandir o acesso ao aborto, \u00e0 contracep\u00e7\u00e3o e \u00e0 assist\u00eancia por muito tempo depois de sua vida. Ao incluir a F\u00f2s Feminista em seu testamento ou fideicomisso, voc\u00ea proteger\u00e1 a sa\u00fade reprodutiva e os direitos das mulheres e meninas para as pr\u00f3ximas gera\u00e7\u00f5es.<\/span>\r\n\r\n<i><span style=\"font-weight: 400;\">Muitos apoiadores solicitam nosso n\u00famero de identifica\u00e7\u00e3o fiscal e endere\u00e7o - voc\u00ea pode encontr\u00e1-los aqui: <\/span><\/i>\r\n\r\n<b>Escrit\u00f3rio de Planejamento de Doa\u00e7\u00f5es<\/b><span style=\"font-weight: 400;\">\r\n<\/span><span style=\"font-weight: 400;\">F\u00f2s Feminista\r\n<\/span><span style=\"font-weight: 400;\">125 Maiden Lane, 9\u00ba andar\r\n<\/span><span style=\"font-weight: 400;\">Nova York, NY 10038-4730<\/span><i><span style=\"font-weight: 400;\">\u00a0\u00a0<\/span><\/i>\r\n\r\n<span style=\"font-weight: 400;\"><strong>N\u00famero de identifica\u00e7\u00e3o fiscal:<\/strong> 13-1845455 <\/span>","link":"","button":"","image":2954,"anchor_id":""}},{"acf_fc_layout":"layout_wysiwyg","_acfe_flexible_toggle":"","component_wysiwyg":{"content":"<span style=\"font-weight: 400;\">Como defensor dos direitos reprodutivos e valioso apoiador do F\u00f2s Feminista, convidamos voc\u00ea a considerar a possibilidade de se tornar um membro do <\/span><b>o Legacy Circle for Choice<\/b><span style=\"font-weight: 400;\">.<\/span>\r\n\r\n<span style=\"font-weight: 400;\">Os membros desse dedicado grupo de doadores assumiram compromissos de longo prazo por meio de doa\u00e7\u00f5es planejadas, criando legados para seus entes queridos e para o F\u00f2s Feminista.<\/span>\r\n\r\n<span style=\"font-weight: 400;\">Ao incluir a F\u00f2s Feminista em seus planos patrimoniais, voc\u00ea estar\u00e1 assegurando que a for\u00e7a duradoura de nosso movimento global pelos direitos reprodutivos esteja garantida para as gera\u00e7\u00f5es futuras.\u00a0<\/span>\r\n<blockquote><span style=\"font-weight: 400;\">\u201cTenho orgulho de ser um Legacy Donor for Choice para apoiar as gera\u00e7\u00f5es futuras, garantindo que a justi\u00e7a reprodutiva prevale\u00e7a nos EUA e em todo o mundo.\u201d<\/span>\r\n<h5><em>- Alex Sanger, Co-chair, F\u00f2s Feminista Leadership Council<\/em><\/h5>\r\n<\/blockquote>\r\n\r\n<span style=\"font-weight: 400;\">Muitos doadores do Legacy Circle for Choice t\u00eam um profundo sentimento de satisfa\u00e7\u00e3o por terem a vis\u00e3o de fazer uma doa\u00e7\u00e3o planejada - a satisfa\u00e7\u00e3o de estender seu compromisso, compaix\u00e3o e boa vontade para o futuro. Uma doa\u00e7\u00e3o planejada \u00e0 F\u00f2s Feminista mant\u00e9m o bom trabalho em andamento - fortalecendo iniciativas que veem as mulheres com dignidade, buscam a igualdade e d\u00e3o op\u00e7\u00f5es \u00e0s fam\u00edlias em maior risco.<\/span>\r\n\r\n<span style=\"font-weight: 400;\">Ao ingressar no Legacy Circle for Choice, voc\u00ea garantir\u00e1 o acesso a servi\u00e7os de sa\u00fade reprodutiva que salvam vidas e que incluem:\u00a0\u00a0<\/span>\r\n<ul>\r\n \t<li style=\"font-weight: 400;\" aria-level=\"1\"><span style=\"font-weight: 400;\">contracep\u00e7\u00e3o, aborto, exames de c\u00e2ncer e tratamento de DSTs\u00a0<\/span><\/li>\r\n \t<li style=\"font-weight: 400;\" aria-level=\"1\"><span style=\"font-weight: 400;\">educa\u00e7\u00e3o sexual que ajude os jovens a tomar decis\u00f5es bem informadas sobre sua sa\u00fade, e\u00a0<\/span><\/li>\r\n \t<li style=\"font-weight: 400;\" aria-level=\"1\"><span style=\"font-weight: 400;\">igualdade de g\u00eanero, apoiando mudan\u00e7as legislativas e pol\u00edticas que atendam \u00e0s necessidades das comunidades marginalizadas.<\/span><\/li>\r\n<\/ul>\r\n<span style=\"font-weight: 400;\">Explore abaixo as formas mais comuns de deixar um legado duradouro.<\/span>","":null,"anchor_id":""}},{"acf_fc_layout":"layout_accordion","_acfe_flexible_toggle":"","component_accordion":{"title":"Seu guia para deixar um legado duradouro","items":[{"title":"Gifts from Your Will or Trust","open":false,"html":"<span style=\"font-weight: 400;\">Making a gift through your will or living trust is one of the most popular and meaningful ways to ensure your commitment to reproductive health continues for generations. It costs nothing today and allows you to leave a lasting legacy with F\u00f2s Feminista. <a href=\"https:\/\/fosfeminista.org\/wp-content\/uploads\/2025\/09\/FF_Gift-in-Wills_050422.pdf\" target=\"_blank\" rel=\"noopener\">Learn more<\/a><\/span>"},{"title":"Beneficiary Designations","open":false,"html":"<span style=\"font-weight: 400;\">You can name F\u00f2s Feminista as the beneficiary of your retirement plan\u2014like an IRA, 401(k), or 403(b)\u2014or life insurance policy. It\u2019s easy to do and typically just requires filling out a simple form from your plan administrator or insurer. <a href=\"https:\/\/fosfeminista.org\/wp-content\/uploads\/2025\/09\/FF_Beneficiary-Designation_050422.pdf\" target=\"_blank\" rel=\"noopener\">Learn more<\/a><\/span>"},{"title":"Donor Advised Fund Beneficiary","open":false,"html":"<span style=\"font-weight: 400;\">Many supporters choose to name F\u00f2s Feminista as a beneficiary of their donor-advised fund (DAF). This simple step ensures that any remaining DAF balance will advance sexual and reproductive health, rights, and justice for generations to come.<\/span>\r\n\r\n<span style=\"font-weight: 400;\">To do this, contact your DAF provider and request a beneficiary designation form. You can name F\u00f2s Feminista as the full or partial beneficiary of your account.<\/span>\r\n\r\n<a href=\"https:\/\/fosfeminista.org\/wp-content\/uploads\/2025\/09\/FF_Beneficiary-Designation_050422.pdf\" target=\"_blank\" rel=\"noopener\">Download the Beneficiary Designation Brochure<\/a>\u00a0<span style=\"font-weight: 400;\">\u2014 A free guide with step-by-step instructions for making F\u00f2s Feminista a beneficiary of your DAF, retirement plan, life insurance, or other financial accounts.<\/span>"},{"title":"Free guides to help with your legacy planning","open":false,"html":"<b>Do I Need to Update My Plans?<\/b><span style=\"font-weight: 400;\"> \u2013 A quick checklist to help you decide if life changes like retirement, marriage, or new family members mean it\u2019s time to revise your estate plans. <a href=\"https:\/\/fosfeminista.org\/wp-content\/uploads\/2025\/09\/FF_Do-I-need-to-Update-My-Plans_050422.pdf\" target=\"_blank\" rel=\"noopener\">Download the guide.<\/a>\u00a0<\/span>\r\n\r\n<b>Getting Organized<\/b><span style=\"font-weight: 400;\"> \u2013 A simple guide to gather key documents, outline your wishes, and prepare for meaningful planning conversations. <a href=\"https:\/\/fosfeminista.org\/wp-content\/uploads\/2025\/09\/FF_Getting-Organized_050422.pdf\" target=\"_blank\" rel=\"noopener\">Download the organizer.<\/a>\u00a0<\/span>\r\n\r\n<b>Giving through Your Will<\/b><span style=\"font-weight: 400;\"> \u2013 Learn how even leaving 1% in your will or trust can make a lasting difference for reproductive health and rights. <a href=\"https:\/\/fosfeminista.org\/wp-content\/uploads\/2025\/09\/FF_Gift-in-Wills_050422.pdf\" target=\"_blank\" rel=\"noopener\">Download the will guide.<\/a><\/span>\r\n\r\n<b>Beneficiary Designations<\/b><span style=\"font-weight: 400;\"> \u2013 Discover how easy it is to support F\u00f2s Feminista by naming us as a beneficiary of your IRA, life insurance, or other accounts. <a href=\"https:\/\/fosfeminista.org\/wp-content\/uploads\/2025\/09\/FF_Beneficiary-Designation_050422.pdf\" target=\"_blank\" rel=\"noopener\">Download the beneficiary guide.<\/a><\/span>"},{"title":"Share Your Legacy Intentions","open":false,"html":"<span style=\"font-weight: 400;\">By letting us know about your plans\u2014whether through a gift in your will, trust, or by naming F\u00f2s Feminista as a beneficiary of your retirement account, life insurance, or other assets\u2014you help us honor your wishes and steward your legacy with care. The details you share are completely confidential and non-binding, but they make a powerful difference in helping us plan for the future. <a href=\"https:\/\/fosfeminista.org\/gift-notification-and-beneficiary-designation\/\" target=\"_blank\" rel=\"noopener\">Complete the Gift Notification and Beneficiary Designation Form.<\/a>\u00a0<\/span>"},{"title":"Contact Us ","open":false,"html":"<span style=\"font-weight: 400;\">To give a gift to F\u00f2s Feminista and receive more information about legacy gifts, please contact: <\/span><span style=\"font-weight: 400;\">\r\n<\/span><span style=\"font-weight: 400;\">\r\n<\/span><span style=\"font-weight: 400;\">Lloyd Alexander <\/span><span style=\"font-weight: 400;\">\r\n<\/span><span style=\"font-weight: 400;\">Associate Director of Individual Gifts <\/span><span style=\"font-weight: 400;\">\r\n<\/span><span style=\"font-weight: 400;\">Tel: 212-214-0278\u00a0<\/span>\r\n\r\n<span style=\"font-weight: 400;\">Email: <\/span><a href=\"mailto:lalexander@fosfeminista.org\"><span style=\"font-weight: 400;\">lalexander@fosfeminista.org<\/span><\/a>"}],"":null,"anchor_id":""}},{"acf_fc_layout":"layout_pull_quote","_acfe_flexible_toggle":"","component_pull_quote":{"":null,"background_color":"cream","headline":"","quote":"My husband and I make an annual donation and have included [F\u00f2s Feminista] in our estate plans because I see our work in action. The dedication of our partners. The lives saved. The possibilities that open up for women and their families. I know that every dollar I donate, and every hour I work, directly benefits the women, youth, and families who need us most.","meta":{"name":"Leslie Varkonyi","work":"F\u00f2s Feminista Donor and Retired Employee"},"additional_promotion":{"heading":"","link":""},"image":5318,"anchor_id":""}}]},"yoast_head":"<!-- This site is optimized with the Yoast SEO plugin v27.5 - https:\/\/yoast.com\/product\/yoast-seo-wordpress\/ -->\n<title>Leave a Legacy - F\u00f2s Feminista<\/title>\n<meta name=\"robots\" content=\"index, follow, max-snippet:-1, max-image-preview:large, max-video-preview:-1\" \/>\n<link rel=\"canonical\" href=\"https:\/\/fosfeminista.org\/pt\/give\/legacy\/\" \/>\n<meta property=\"og:locale\" content=\"pt_BR\" \/>\n<meta property=\"og:type\" content=\"article\" \/>\n<meta property=\"og:title\" content=\"Leave a Legacy - F\u00f2s Feminista\" \/>\n<meta property=\"og:description\" content=\"Your estate plans can expand access to abortion, contraception, and care long after your lifetime. By including F\u00f2s Feminista in your will or trust, you\u2019ll protect reproductive health and rights for women and girls for generations to come. Many supporters ask for our tax ID number and address\u2014you can find them here: Office of Gift [&hellip;]\" \/>\n<meta property=\"og:url\" content=\"https:\/\/fosfeminista.org\/pt\/give\/legacy\/\" \/>\n<meta property=\"og:site_name\" content=\"F\u00f2s Feminista\" \/>\n<meta property=\"article:modified_time\" content=\"2025-10-23T21:50:05+00:00\" \/>\n<meta property=\"og:image\" content=\"https:\/\/fosfeminista.org\/wp-content\/uploads\/2025\/09\/5-Creating-Lasting-Legacy.png\" \/>\n\t<meta property=\"og:image:width\" content=\"1280\" \/>\n\t<meta property=\"og:image:height\" content=\"894\" \/>\n\t<meta property=\"og:image:type\" content=\"image\/png\" \/>\n<meta name=\"twitter:card\" content=\"summary_large_image\" \/>\n<script type=\"application\/ld+json\" class=\"yoast-schema-graph\">{\"@context\":\"https:\\\/\\\/schema.org\",\"@graph\":[{\"@type\":\"WebPage\",\"@id\":\"https:\\\/\\\/fosfeminista.org\\\/give\\\/legacy\\\/\",\"url\":\"https:\\\/\\\/fosfeminista.org\\\/give\\\/legacy\\\/\",\"name\":\"Leave a Legacy - F\u00f2s Feminista\",\"isPartOf\":{\"@id\":\"https:\\\/\\\/fosfeminista.org\\\/#website\"},\"primaryImageOfPage\":{\"@id\":\"https:\\\/\\\/fosfeminista.org\\\/give\\\/legacy\\\/#primaryimage\"},\"image\":{\"@id\":\"https:\\\/\\\/fosfeminista.org\\\/give\\\/legacy\\\/#primaryimage\"},\"thumbnailUrl\":\"https:\\\/\\\/fosfeminista.org\\\/wp-content\\\/uploads\\\/2025\\\/09\\\/5-Creating-Lasting-Legacy.png\",\"datePublished\":\"2025-09-08T17:14:18+00:00\",\"dateModified\":\"2025-10-23T21:50:05+00:00\",\"breadcrumb\":{\"@id\":\"https:\\\/\\\/fosfeminista.org\\\/give\\\/legacy\\\/#breadcrumb\"},\"inLanguage\":\"pt-BR\",\"potentialAction\":[{\"@type\":\"ReadAction\",\"target\":[\"https:\\\/\\\/fosfeminista.org\\\/give\\\/legacy\\\/\"]}]},{\"@type\":\"ImageObject\",\"inLanguage\":\"pt-BR\",\"@id\":\"https:\\\/\\\/fosfeminista.org\\\/give\\\/legacy\\\/#primaryimage\",\"url\":\"https:\\\/\\\/fosfeminista.org\\\/wp-content\\\/uploads\\\/2025\\\/09\\\/5-Creating-Lasting-Legacy.png\",\"contentUrl\":\"https:\\\/\\\/fosfeminista.org\\\/wp-content\\\/uploads\\\/2025\\\/09\\\/5-Creating-Lasting-Legacy.png\",\"width\":1280,\"height\":894,\"caption\":\"Two people nurturing a growing tree.\"},{\"@type\":\"BreadcrumbList\",\"@id\":\"https:\\\/\\\/fosfeminista.org\\\/give\\\/legacy\\\/#breadcrumb\",\"itemListElement\":[{\"@type\":\"ListItem\",\"position\":1,\"name\":\"Home\",\"item\":\"https:\\\/\\\/fosfeminista.org\\\/\"},{\"@type\":\"ListItem\",\"position\":2,\"name\":\"Ways to Give\",\"item\":\"https:\\\/\\\/fosfeminista.org\\\/give\\\/\"},{\"@type\":\"ListItem\",\"position\":3,\"name\":\"Leave a Legacy\"}]},{\"@type\":\"WebSite\",\"@id\":\"https:\\\/\\\/fosfeminista.org\\\/#website\",\"url\":\"https:\\\/\\\/fosfeminista.org\\\/\",\"name\":\"F\u00f2s Feminista\",\"description\":\"\",\"potentialAction\":[{\"@type\":\"SearchAction\",\"target\":{\"@type\":\"EntryPoint\",\"urlTemplate\":\"https:\\\/\\\/fosfeminista.org\\\/?s={search_term_string}\"},\"query-input\":{\"@type\":\"PropertyValueSpecification\",\"valueRequired\":true,\"valueName\":\"search_term_string\"}}],\"inLanguage\":\"pt-BR\"}]}<\/script>\n<!-- \/ Yoast SEO plugin. -->","yoast_head_json":{"title":"Leave a Legacy - F\u00f2s Feminista","robots":{"index":"index","follow":"follow","max-snippet":"max-snippet:-1","max-image-preview":"max-image-preview:large","max-video-preview":"max-video-preview:-1"},"canonical":"https:\/\/fosfeminista.org\/pt\/give\/legacy\/","og_locale":"pt_BR","og_type":"article","og_title":"Leave a Legacy - F\u00f2s Feminista","og_description":"Your estate plans can expand access to abortion, contraception, and care long after your lifetime. By including F\u00f2s Feminista in your will or trust, you\u2019ll protect reproductive health and rights for women and girls for generations to come. Many supporters ask for our tax ID number and address\u2014you can find them here: Office of Gift [&hellip;]","og_url":"https:\/\/fosfeminista.org\/pt\/give\/legacy\/","og_site_name":"F\u00f2s Feminista","article_modified_time":"2025-10-23T21:50:05+00:00","og_image":[{"width":1280,"height":894,"url":"https:\/\/fosfeminista.org\/wp-content\/uploads\/2025\/09\/5-Creating-Lasting-Legacy.png","type":"image\/png"}],"twitter_card":"summary_large_image","schema":{"@context":"https:\/\/schema.org","@graph":[{"@type":"WebPage","@id":"https:\/\/fosfeminista.org\/give\/legacy\/","url":"https:\/\/fosfeminista.org\/give\/legacy\/","name":"Leave a Legacy - F\u00f2s Feminista","isPartOf":{"@id":"https:\/\/fosfeminista.org\/#website"},"primaryImageOfPage":{"@id":"https:\/\/fosfeminista.org\/give\/legacy\/#primaryimage"},"image":{"@id":"https:\/\/fosfeminista.org\/give\/legacy\/#primaryimage"},"thumbnailUrl":"https:\/\/fosfeminista.org\/wp-content\/uploads\/2025\/09\/5-Creating-Lasting-Legacy.png","datePublished":"2025-09-08T17:14:18+00:00","dateModified":"2025-10-23T21:50:05+00:00","breadcrumb":{"@id":"https:\/\/fosfeminista.org\/give\/legacy\/#breadcrumb"},"inLanguage":"pt-BR","potentialAction":[{"@type":"ReadAction","target":["https:\/\/fosfeminista.org\/give\/legacy\/"]}]},{"@type":"ImageObject","inLanguage":"pt-BR","@id":"https:\/\/fosfeminista.org\/give\/legacy\/#primaryimage","url":"https:\/\/fosfeminista.org\/wp-content\/uploads\/2025\/09\/5-Creating-Lasting-Legacy.png","contentUrl":"https:\/\/fosfeminista.org\/wp-content\/uploads\/2025\/09\/5-Creating-Lasting-Legacy.png","width":1280,"height":894,"caption":"Two people nurturing a growing tree."},{"@type":"BreadcrumbList","@id":"https:\/\/fosfeminista.org\/give\/legacy\/#breadcrumb","itemListElement":[{"@type":"ListItem","position":1,"name":"Home","item":"https:\/\/fosfeminista.org\/"},{"@type":"ListItem","position":2,"name":"Ways to Give","item":"https:\/\/fosfeminista.org\/give\/"},{"@type":"ListItem","position":3,"name":"Leave a Legacy"}]},{"@type":"WebSite","@id":"https:\/\/fosfeminista.org\/#website","url":"https:\/\/fosfeminista.org\/","name":"F\u00f2s Feminista","description":"","potentialAction":[{"@type":"SearchAction","target":{"@type":"EntryPoint","urlTemplate":"https:\/\/fosfeminista.org\/?s={search_term_string}"},"query-input":{"@type":"PropertyValueSpecification","valueRequired":true,"valueName":"search_term_string"}}],"inLanguage":"pt-BR"}]}},"_links":{"self":[{"href":"https:\/\/fosfeminista.org\/pt\/wp-json\/wp\/v2\/pages\/2512","targetHints":{"allow":["GET"]}}],"collection":[{"href":"https:\/\/fosfeminista.org\/pt\/wp-json\/wp\/v2\/pages"}],"about":[{"href":"https:\/\/fosfeminista.org\/pt\/wp-json\/wp\/v2\/types\/page"}],"author":[{"embeddable":true,"href":"https:\/\/fosfeminista.org\/pt\/wp-json\/wp\/v2\/users\/2"}],"replies":[{"embeddable":true,"href":"https:\/\/fosfeminista.org\/pt\/wp-json\/wp\/v2\/comments?post=2512"}],"version-history":[{"count":22,"href":"https:\/\/fosfeminista.org\/pt\/wp-json\/wp\/v2\/pages\/2512\/revisions"}],"predecessor-version":[{"id":6067,"href":"https:\/\/fosfeminista.org\/pt\/wp-json\/wp\/v2\/pages\/2512\/revisions\/6067"}],"up":[{"embeddable":true,"href":"https:\/\/fosfeminista.org\/pt\/wp-json\/wp\/v2\/pages\/2504"}],"wp:featuredmedia":[{"embeddable":true,"href":"https:\/\/fosfeminista.org\/pt\/wp-json\/wp\/v2\/media\/2954"}],"wp:attachment":[{"href":"https:\/\/fosfeminista.org\/pt\/wp-json\/wp\/v2\/media?parent=2512"}],"curies":[{"name":"wp","href":"https:\/\/api.w.org\/{rel}","templated":true}]}}