{"id":2508,"date":"2025-09-08T13:13:49","date_gmt":"2025-09-08T17:13:49","guid":{"rendered":"https:\/\/fosfeminista.org\/?page_id=2508"},"modified":"2025-10-07T13:11:02","modified_gmt":"2025-10-07T17:11:02","slug":"daf","status":"publish","type":"page","link":"https:\/\/fosfeminista.org\/pt\/give\/daf\/","title":{"rendered":"Doe por meio de seu DAF"},"content":{"rendered":"","protected":false},"excerpt":{"rendered":"<p>Apoie o F\u00f2s Feminista por meio de seu fundo de doa\u00e7\u00f5es supervisionadas e ajude a promover o acesso ao aborto, \u00e0 contracep\u00e7\u00e3o e \u00e0 sa\u00fade reprodutiva em todo o mundo. Sua doa\u00e7\u00e3o ao DAF alimenta nosso movimento global pelos direitos reprodutivos e pela justi\u00e7a.<\/p>","protected":false},"author":2,"featured_media":2951,"parent":2504,"menu_order":0,"comment_status":"closed","ping_status":"closed","template":"","meta":{"_acf_changed":false,"_relevanssi_hide_post":"","_relevanssi_hide_content":"","_relevanssi_pin_for_all":"","_relevanssi_pin_keywords":"","_relevanssi_unpin_keywords":"","_relevanssi_related_keywords":"","_relevanssi_related_include_ids":"","_relevanssi_related_exclude_ids":"","_relevanssi_related_no_append":"","_relevanssi_related_not_related":"","_relevanssi_related_posts":"","_relevanssi_noindex_reason":""},"class_list":["post-2508","page","type-page","status-publish","has-post-thumbnail","hentry"],"acf":{"page_layout":[{"acf_fc_layout":"layout_hero_basic","_acfe_flexible_toggle":"","component_hero_basic":{"":null,"kicker_text":"","title":"Fa\u00e7a uma doa\u00e7\u00e3o para o Fundo de Doa\u00e7\u00f5es Direcionadas","heading_size":"standard","description":"Apoie o F\u00f2s Feminista por meio de seu fundo de doa\u00e7\u00f5es supervisionadas e ajude a promover o acesso ao aborto, \u00e0 contracep\u00e7\u00e3o e \u00e0 sa\u00fade reprodutiva em todo o mundo. Sua doa\u00e7\u00e3o ao DAF alimenta nosso movimento global pelos direitos reprodutivos e pela justi\u00e7a.","link":"","button":{"title":"Make a DAF Gift","url":"https:\/\/fosfeminista.org\/give\/daf\/#tile","target":""},"image":2951,"anchor_id":""}},{"acf_fc_layout":"layout_wysiwyg","_acfe_flexible_toggle":"","component_wysiwyg":{"content":"Support reproductive health and rights worldwide with a gift from your donor-advised fund. Your contribution powers access to abortion care, contraception, and other essential services\u2014ensuring change that lasts.\r\n\r\nF\u00f2s Feminista partners with Chariot to make giving from your DAF <strong>simples, r\u00e1pido e seguro.<\/strong> Doar em <strong>apenas tr\u00eas cliques,<\/strong> Evite a perda de cheques e atrasos no envio e proteja seu presente com criptografia de ponta a ponta:","":null,"anchor_id":""}},{"acf_fc_layout":"layout_basic_html","_acfe_flexible_toggle":"","component_basic_html":{"content":"<script src=\"https:\/\/cdn.givechariot.com\/components\/chariot-components.umd.js\"><\/script>\r\n  <chariot-tile\r\n    cid=\"live_49a490156b858acef0da5d2fc2bd69994528edbceef8670f3212dd20cb10ed1b\"\r\n    style=\"max-width: 420px; width: 100%;\"\r\n  >\r\n  <\/chariot-tile>","styled_display":true,"":null,"anchor_id":"tile"}},{"acf_fc_layout":"layout_wysiwyg","_acfe_flexible_toggle":"","component_wysiwyg":{"content":"Did you know you can also leave F\u00f2s Feminista as a beneficiary of your donor-advised fund?\r\n\r\n[tm_button url=\"\/wp-content\/uploads\/2025\/09\/FF_Beneficiary-Designation_050422.pdf\" label=\"Learn more (PDF)\" new_window=\"true\"]\r\n<h5>Many supporters request our tax ID and address:<\/h5>\r\nF\u00f2s Feminista\r\n125 Maiden Lane, 9th Floor\r\nNew York, NY 10038-4730\r\n\r\n<strong>Tax ID:<\/strong> 13-1845455\r\n\r\n<strong>Questions?<\/strong> Contact Lloyd Alexander, Associate Director for Individual Giving, at <a href=\"mailto:lalexander@fosfeminista.org\">lalexander@fosfeminista.org<\/a> or (212) 214-0278 for personalized support.","":null,"anchor_id":""}},{"acf_fc_layout":"layout_accordion","_acfe_flexible_toggle":"","component_accordion":{"title":"","items":[{"title":"What is a donor-advised fund (DAF)?","open":true,"html":"<span style=\"font-weight: 400;\">A donor-advised fund (DAF) is an investment account for charitable giving. You can contribute cash, securities, or other assets, receive an immediate tax deduction, and then recommend grants to causes you care about\u2014on your schedule. You can make one-time or recurring gifts to one or more charities, all from a single account.<\/span>"},{"title":"How do donor-advised funds work?","open":false,"html":"<span style=\"font-weight: 400;\">You can set up a DAF through your financial institution or a community foundation. Once established, you contribute assets to the fund and recommend donations to your chosen charities. For help starting a DAF, speak with your financial advisor.<\/span>"},{"title":"What are the benefits of using a DAF?","open":false,"html":"<ul>\r\n \t<li style=\"font-weight: 400;\" aria-level=\"1\"><span style=\"font-weight: 400;\">Contribute a wide range of assets to one philanthropic account<\/span><\/li>\r\n \t<li style=\"font-weight: 400;\" aria-level=\"1\"><span style=\"font-weight: 400;\">Centralize giving and record-keeping in one place<\/span><\/li>\r\n \t<li style=\"font-weight: 400;\" aria-level=\"1\"><span style=\"font-weight: 400;\">Make an immediate impact with an instant tax deduction<\/span><\/li>\r\n \t<li style=\"font-weight: 400;\" aria-level=\"1\"><span style=\"font-weight: 400;\">Sustain F\u00f2s Feminista\u2019s life-saving work with recurring DAF gifts<\/span><\/li>\r\n \t<li style=\"font-weight: 400;\" aria-level=\"1\"><span style=\"font-weight: 400;\">Respond quickly in times of crisis<\/span><\/li>\r\n \t<li style=\"font-weight: 400;\" aria-level=\"1\"><span style=\"font-weight: 400;\">Grow your donation tax-free<\/span><\/li>\r\n \t<li style=\"font-weight: 400;\" aria-level=\"1\"><span style=\"font-weight: 400;\">Support legacy planning\u2014Pass any remaining funds in your DAF to F\u00f2s Feminista by designating us as a beneficiary. Your legacy gift will help ensure access to abortion, contraception, and reproductive healthcare for future generations<\/span><\/li>\r\n<\/ul>"}],"":null,"anchor_id":""}}]},"yoast_head":"<!-- This site is optimized with the Yoast SEO plugin v27.5 - https:\/\/yoast.com\/product\/yoast-seo-wordpress\/ -->\n<title>Give Through Your DAF - F\u00f2s Feminista<\/title>\n<meta name=\"robots\" content=\"index, follow, max-snippet:-1, max-image-preview:large, max-video-preview:-1\" \/>\n<link rel=\"canonical\" href=\"https:\/\/fosfeminista.org\/pt\/give\/daf\/\" \/>\n<meta property=\"og:locale\" content=\"pt_BR\" \/>\n<meta property=\"og:type\" content=\"article\" \/>\n<meta property=\"og:title\" content=\"Give Through Your DAF - F\u00f2s Feminista\" \/>\n<meta property=\"og:description\" content=\"Support F\u00f2s Feminista through your donor-advised fund and help advance access to abortion, contraception, and reproductive healthcare worldwide. Your DAF gift fuels our global movement for reproductive rights and justice.\" \/>\n<meta property=\"og:url\" content=\"https:\/\/fosfeminista.org\/pt\/give\/daf\/\" \/>\n<meta property=\"og:site_name\" content=\"F\u00f2s Feminista\" \/>\n<meta property=\"article:modified_time\" content=\"2025-10-07T17:11:02+00:00\" \/>\n<meta property=\"og:image\" content=\"https:\/\/fosfeminista.org\/wp-content\/uploads\/2025\/09\/2-Donor-Advised-Fund.png\" \/>\n\t<meta property=\"og:image:width\" content=\"1280\" \/>\n\t<meta property=\"og:image:height\" content=\"894\" \/>\n\t<meta property=\"og:image:type\" content=\"image\/png\" \/>\n<meta name=\"twitter:card\" content=\"summary_large_image\" \/>\n<script type=\"application\/ld+json\" class=\"yoast-schema-graph\">{\"@context\":\"https:\\\/\\\/schema.org\",\"@graph\":[{\"@type\":\"WebPage\",\"@id\":\"https:\\\/\\\/fosfeminista.org\\\/es\\\/give\\\/daf\\\/\",\"url\":\"https:\\\/\\\/fosfeminista.org\\\/es\\\/give\\\/daf\\\/\",\"name\":\"Give Through Your DAF - F\u00f2s Feminista\",\"isPartOf\":{\"@id\":\"https:\\\/\\\/fosfeminista.org\\\/#website\"},\"primaryImageOfPage\":{\"@id\":\"https:\\\/\\\/fosfeminista.org\\\/es\\\/give\\\/daf\\\/#primaryimage\"},\"image\":{\"@id\":\"https:\\\/\\\/fosfeminista.org\\\/es\\\/give\\\/daf\\\/#primaryimage\"},\"thumbnailUrl\":\"https:\\\/\\\/fosfeminista.org\\\/wp-content\\\/uploads\\\/2025\\\/09\\\/2-Donor-Advised-Fund.png\",\"datePublished\":\"2025-09-08T17:13:49+00:00\",\"dateModified\":\"2025-10-07T17:11:02+00:00\",\"breadcrumb\":{\"@id\":\"https:\\\/\\\/fosfeminista.org\\\/es\\\/give\\\/daf\\\/#breadcrumb\"},\"inLanguage\":\"pt-BR\",\"potentialAction\":[{\"@type\":\"ReadAction\",\"target\":[\"https:\\\/\\\/fosfeminista.org\\\/es\\\/give\\\/daf\\\/\"]}]},{\"@type\":\"ImageObject\",\"inLanguage\":\"pt-BR\",\"@id\":\"https:\\\/\\\/fosfeminista.org\\\/es\\\/give\\\/daf\\\/#primaryimage\",\"url\":\"https:\\\/\\\/fosfeminista.org\\\/wp-content\\\/uploads\\\/2025\\\/09\\\/2-Donor-Advised-Fund.png\",\"contentUrl\":\"https:\\\/\\\/fosfeminista.org\\\/wp-content\\\/uploads\\\/2025\\\/09\\\/2-Donor-Advised-Fund.png\",\"width\":1280,\"height\":894,\"caption\":\"Bank building icon with sparkles.\"},{\"@type\":\"BreadcrumbList\",\"@id\":\"https:\\\/\\\/fosfeminista.org\\\/es\\\/give\\\/daf\\\/#breadcrumb\",\"itemListElement\":[{\"@type\":\"ListItem\",\"position\":1,\"name\":\"Home\",\"item\":\"https:\\\/\\\/fosfeminista.org\\\/\"},{\"@type\":\"ListItem\",\"position\":2,\"name\":\"Ways to Give\",\"item\":\"https:\\\/\\\/fosfeminista.org\\\/give\\\/\"},{\"@type\":\"ListItem\",\"position\":3,\"name\":\"Give Through Your DAF\"}]},{\"@type\":\"WebSite\",\"@id\":\"https:\\\/\\\/fosfeminista.org\\\/#website\",\"url\":\"https:\\\/\\\/fosfeminista.org\\\/\",\"name\":\"F\u00f2s Feminista\",\"description\":\"\",\"potentialAction\":[{\"@type\":\"SearchAction\",\"target\":{\"@type\":\"EntryPoint\",\"urlTemplate\":\"https:\\\/\\\/fosfeminista.org\\\/?s={search_term_string}\"},\"query-input\":{\"@type\":\"PropertyValueSpecification\",\"valueRequired\":true,\"valueName\":\"search_term_string\"}}],\"inLanguage\":\"pt-BR\"}]}<\/script>\n<!-- \/ Yoast SEO plugin. -->","yoast_head_json":{"title":"Give Through Your DAF - F\u00f2s Feminista","robots":{"index":"index","follow":"follow","max-snippet":"max-snippet:-1","max-image-preview":"max-image-preview:large","max-video-preview":"max-video-preview:-1"},"canonical":"https:\/\/fosfeminista.org\/pt\/give\/daf\/","og_locale":"pt_BR","og_type":"article","og_title":"Give Through Your DAF - F\u00f2s Feminista","og_description":"Support F\u00f2s Feminista through your donor-advised fund and help advance access to abortion, contraception, and reproductive healthcare worldwide. Your DAF gift fuels our global movement for reproductive rights and justice.","og_url":"https:\/\/fosfeminista.org\/pt\/give\/daf\/","og_site_name":"F\u00f2s Feminista","article_modified_time":"2025-10-07T17:11:02+00:00","og_image":[{"width":1280,"height":894,"url":"https:\/\/fosfeminista.org\/wp-content\/uploads\/2025\/09\/2-Donor-Advised-Fund.png","type":"image\/png"}],"twitter_card":"summary_large_image","schema":{"@context":"https:\/\/schema.org","@graph":[{"@type":"WebPage","@id":"https:\/\/fosfeminista.org\/es\/give\/daf\/","url":"https:\/\/fosfeminista.org\/es\/give\/daf\/","name":"Give Through Your DAF - F\u00f2s Feminista","isPartOf":{"@id":"https:\/\/fosfeminista.org\/#website"},"primaryImageOfPage":{"@id":"https:\/\/fosfeminista.org\/es\/give\/daf\/#primaryimage"},"image":{"@id":"https:\/\/fosfeminista.org\/es\/give\/daf\/#primaryimage"},"thumbnailUrl":"https:\/\/fosfeminista.org\/wp-content\/uploads\/2025\/09\/2-Donor-Advised-Fund.png","datePublished":"2025-09-08T17:13:49+00:00","dateModified":"2025-10-07T17:11:02+00:00","breadcrumb":{"@id":"https:\/\/fosfeminista.org\/es\/give\/daf\/#breadcrumb"},"inLanguage":"pt-BR","potentialAction":[{"@type":"ReadAction","target":["https:\/\/fosfeminista.org\/es\/give\/daf\/"]}]},{"@type":"ImageObject","inLanguage":"pt-BR","@id":"https:\/\/fosfeminista.org\/es\/give\/daf\/#primaryimage","url":"https:\/\/fosfeminista.org\/wp-content\/uploads\/2025\/09\/2-Donor-Advised-Fund.png","contentUrl":"https:\/\/fosfeminista.org\/wp-content\/uploads\/2025\/09\/2-Donor-Advised-Fund.png","width":1280,"height":894,"caption":"Bank building icon with sparkles."},{"@type":"BreadcrumbList","@id":"https:\/\/fosfeminista.org\/es\/give\/daf\/#breadcrumb","itemListElement":[{"@type":"ListItem","position":1,"name":"Home","item":"https:\/\/fosfeminista.org\/"},{"@type":"ListItem","position":2,"name":"Ways to Give","item":"https:\/\/fosfeminista.org\/give\/"},{"@type":"ListItem","position":3,"name":"Give Through Your DAF"}]},{"@type":"WebSite","@id":"https:\/\/fosfeminista.org\/#website","url":"https:\/\/fosfeminista.org\/","name":"F\u00f2s Feminista","description":"","potentialAction":[{"@type":"SearchAction","target":{"@type":"EntryPoint","urlTemplate":"https:\/\/fosfeminista.org\/?s={search_term_string}"},"query-input":{"@type":"PropertyValueSpecification","valueRequired":true,"valueName":"search_term_string"}}],"inLanguage":"pt-BR"}]}},"_links":{"self":[{"href":"https:\/\/fosfeminista.org\/pt\/wp-json\/wp\/v2\/pages\/2508","targetHints":{"allow":["GET"]}}],"collection":[{"href":"https:\/\/fosfeminista.org\/pt\/wp-json\/wp\/v2\/pages"}],"about":[{"href":"https:\/\/fosfeminista.org\/pt\/wp-json\/wp\/v2\/types\/page"}],"author":[{"embeddable":true,"href":"https:\/\/fosfeminista.org\/pt\/wp-json\/wp\/v2\/users\/2"}],"replies":[{"embeddable":true,"href":"https:\/\/fosfeminista.org\/pt\/wp-json\/wp\/v2\/comments?post=2508"}],"version-history":[{"count":30,"href":"https:\/\/fosfeminista.org\/pt\/wp-json\/wp\/v2\/pages\/2508\/revisions"}],"predecessor-version":[{"id":5827,"href":"https:\/\/fosfeminista.org\/pt\/wp-json\/wp\/v2\/pages\/2508\/revisions\/5827"}],"up":[{"embeddable":true,"href":"https:\/\/fosfeminista.org\/pt\/wp-json\/wp\/v2\/pages\/2504"}],"wp:featuredmedia":[{"embeddable":true,"href":"https:\/\/fosfeminista.org\/pt\/wp-json\/wp\/v2\/media\/2951"}],"wp:attachment":[{"href":"https:\/\/fosfeminista.org\/pt\/wp-json\/wp\/v2\/media?parent=2508"}],"curies":[{"name":"wp","href":"https:\/\/api.w.org\/{rel}","templated":true}]}}