{"id":2502,"date":"2025-09-08T13:13:04","date_gmt":"2025-09-08T17:13:04","guid":{"rendered":"https:\/\/fosfeminista.org\/?page_id=2502"},"modified":"2025-10-03T11:57:59","modified_gmt":"2025-10-03T15:57:59","slug":"impact","status":"publish","type":"page","link":"https:\/\/fosfeminista.org\/pt\/impact\/","title":{"rendered":"Impacto"},"content":{"rendered":"","protected":false},"excerpt":{"rendered":"<p>A pobreza, o estigma, os conflitos e as leis restritivas impedem que milh\u00f5es de pessoas tenham acesso \u00e0 contracep\u00e7\u00e3o e \u00e0 assist\u00eancia ao aborto seguro. Com seu apoio, a F\u00f2s Feminista remove essas barreiras, amplia os servi\u00e7os de sa\u00fade e fortalece as alian\u00e7as feministas em todo o mundo.<\/p>","protected":false},"author":2,"featured_media":5287,"parent":0,"menu_order":0,"comment_status":"closed","ping_status":"closed","template":"","meta":{"_acf_changed":false,"_relevanssi_hide_post":"","_relevanssi_hide_content":"","_relevanssi_pin_for_all":"","_relevanssi_pin_keywords":"","_relevanssi_unpin_keywords":"","_relevanssi_related_keywords":"","_relevanssi_related_include_ids":"","_relevanssi_related_exclude_ids":"","_relevanssi_related_no_append":"","_relevanssi_related_not_related":"","_relevanssi_related_posts":"","_relevanssi_noindex_reason":""},"class_list":["post-2502","page","type-page","status-publish","has-post-thumbnail","hentry"],"acf":{"page_layout":[{"acf_fc_layout":"layout_hero_basic","_acfe_flexible_toggle":"","component_hero_basic":{"":null,"kicker_text":"","title":"Impacto global na sa\u00fade reprodutiva","heading_size":"standard","description":"<span style=\"font-weight: 400;\">A pobreza, o estigma, os conflitos e as leis restritivas impedem que milh\u00f5es de pessoas tenham acesso \u00e0 contracep\u00e7\u00e3o e \u00e0 assist\u00eancia ao aborto seguro. Com seu apoio, a F\u00f2s Feminista remove essas barreiras, amplia os servi\u00e7os de sa\u00fade e fortalece as alian\u00e7as feministas em todo o mundo.<\/span>","link":"","button":"","image":5287,"anchor_id":""}},{"acf_fc_layout":"layout_statistics_feature","_acfe_flexible_toggle":"","component_statistics_feature":{"title":"Resultados da sa\u00fade reprodutiva: Dois anos de impacto","abstract":"<span style=\"font-weight: 400;\">Results from the advocacy, service delivery, and sex ed work of the F\u00f2s Feminista Alliance for 2023-2024<\/span>","promo_statistic":{"image":5733,"number":"197.5M","text":"women and girls","subtext":"protected by stronger sexual and reproductive health laws and policies "},"statistics":[{"number":"44.5M","text_after":"sexual and reproductive health services provided"},{"number":"13M","text_after":"contraceptive products distributed to women, girls, and gender-diverse people"},{"number":"19M","text_after":"people reached with evidence-based sex ed and health information"},{"number":"1.24M","text_after":"unintended pregnancies averted thanks to contraceptives access"},{"number":"4 in 5","text_after":"people reached with care and services were women and girls"},{"number":"1 in 4","text_after":"people reached were under 25, ensuring young people get the care they need"}],"":null,"anchor_id":""}},{"acf_fc_layout":"layout_pull_quote","_acfe_flexible_toggle":"","component_pull_quote":{"":null,"background_color":"purple","headline":"Measuring impact in lives changed","quote":"I\u2019ve never really had much time or conditions to do a lot of personal care. But now I think that taking care of myself is also a way to take care of my kids","meta":{"name":"Andrezza Francisco Paulo, Brazil","work":"Andrezza \u2013 a 28-year-old mother of two living in the Mar\u00e9 favelas in Rio de Janeiro \u2013 accessed a free copper IUD after receiving information about contraceptive methods and a referral through the Casa das Mulheres da Mar\u00e9, an initiative of F\u00f2s Feminista\u2019s partner Redes da Mar\u00e9."},"additional_promotion":{"heading":"","link":""},"image":5295,"anchor_id":""}},{"acf_fc_layout":"layout_media_duo","_acfe_flexible_toggle":"","component_media_duo":{"title":"","slides":null,"":null,"anchor_id":""}},{"acf_fc_layout":"layout_column_feature","_acfe_flexible_toggle":"","component_column_feature":{"title":"Acompanhamento do progresso na mudan\u00e7a de leis e pol\u00edticas","abstract":"<span style=\"font-weight: 400;\">From 2023-2024, our advocacy efforts contributed to 190 positive law and policy outcomes that protect sexual and reproductive health and rights. <\/span>\r\n\r\n<span style=\"font-weight: 400;\">Some key outcomes include:<\/span>","columns":[{"image":5103,"brow":"April 2024, Paraguay","title":"Stronger Protections Against Sexual and Gender-Based Violence","abstract":"<span style=\"font-weight: 400;\">With support from F\u00f2s Feminista partner CEPEP, Paraguay\u2019s Senate amended the national law on <\/span><b>sexual and gender-based violence (SGBV)<\/b><span style=\"font-weight: 400;\">. The reform created new safeguards for women, including a national hotline for reporting abuse.<\/span>","button":""},{"image":5296,"brow":"May 2025, Mexico","title":"Abortion Decriminalization Expands Nationwide","abstract":"<span style=\"font-weight: 400;\">Since Mexico\u2019s 2021 Supreme Court ruling against criminalization, F\u00f2s Feminista partners have worked state by state to align laws with reproductive rights. In May, Tabasco became the <\/span><b>24th state to codify abortion decriminalization<\/b><span style=\"font-weight: 400;\">, strengthening the green wave for abortion rights.<\/span>","button":""},{"image":5297,"brow":"February 2024, Kenya","title":"Protecting adolescents\u2019 sexual and reproductive health","abstract":"<span style=\"font-weight: 400;\">F\u00f2s Feminista partner TICAH stopped a harmful government policy that threatened adolescent sexual and reproductive health. Their action protected young people\u2014especially girls and young women\u2014from regressive restrictions on care and rights.<\/span>","button":""}],"":null,"anchor_id":""}},{"acf_fc_layout":"layout_featured_initiative","_acfe_flexible_toggle":"","component_featured_initiative":{"title":"Iniciativa em destaque","link":{"title":"See All","url":"#","target":""},"post":[2307],"":null,"anchor_id":""}},{"acf_fc_layout":"layout_donation_promo","_acfe_flexible_toggle":"","component_donation_promo":{"":null,"image":2800,"heading":"You create change.","abstract":"With your support, women and girls can access life-saving care, push back against harmful policies, and build a more just future.","donate_link":"https:\/\/donor.fosfeminista.org\/-\/XBPEZYTU","donation_amounts":[{"value":5},{"value":10},{"value":50},{"value":100},{"value":200}],"link":{"title":"Other Ways to Give","url":"\/give\/","target":""},"anchor_id":""}}]},"yoast_head":"<!-- This site is optimized with the Yoast SEO plugin v27.5 - https:\/\/yoast.com\/product\/yoast-seo-wordpress\/ -->\n<title>Impact - F\u00f2s Feminista<\/title>\n<meta name=\"robots\" content=\"index, follow, max-snippet:-1, max-image-preview:large, max-video-preview:-1\" \/>\n<link rel=\"canonical\" href=\"https:\/\/fosfeminista.org\/pt\/impact\/\" \/>\n<meta property=\"og:locale\" content=\"pt_BR\" \/>\n<meta property=\"og:type\" content=\"article\" \/>\n<meta property=\"og:title\" content=\"Impact - F\u00f2s Feminista\" \/>\n<meta property=\"og:description\" content=\"Poverty, stigma, conflict, and restrictive laws keep millions from accessing contraception and safe abortion care. With your support, F\u00f2s Feminista removes those barriers, expands health services, and strengthens feminist alliances worldwide.\" \/>\n<meta property=\"og:url\" content=\"https:\/\/fosfeminista.org\/pt\/impact\/\" \/>\n<meta property=\"og:site_name\" content=\"F\u00f2s Feminista\" \/>\n<meta property=\"article:modified_time\" content=\"2025-10-03T15:57:59+00:00\" \/>\n<meta property=\"og:image\" content=\"https:\/\/fosfeminista.org\/wp-content\/uploads\/2025\/09\/Mexico_cManoVuelta-1.jpg\" \/>\n\t<meta property=\"og:image:width\" content=\"1280\" \/>\n\t<meta property=\"og:image:height\" content=\"894\" \/>\n\t<meta property=\"og:image:type\" content=\"image\/jpeg\" \/>\n<meta name=\"twitter:card\" content=\"summary_large_image\" \/>\n<script type=\"application\/ld+json\" class=\"yoast-schema-graph\">{\"@context\":\"https:\\\/\\\/schema.org\",\"@graph\":[{\"@type\":\"WebPage\",\"@id\":\"https:\\\/\\\/fosfeminista.org\\\/fr\\\/impact\\\/\",\"url\":\"https:\\\/\\\/fosfeminista.org\\\/fr\\\/impact\\\/\",\"name\":\"Impact - F\u00f2s Feminista\",\"isPartOf\":{\"@id\":\"https:\\\/\\\/fosfeminista.org\\\/#website\"},\"primaryImageOfPage\":{\"@id\":\"https:\\\/\\\/fosfeminista.org\\\/fr\\\/impact\\\/#primaryimage\"},\"image\":{\"@id\":\"https:\\\/\\\/fosfeminista.org\\\/fr\\\/impact\\\/#primaryimage\"},\"thumbnailUrl\":\"https:\\\/\\\/fosfeminista.org\\\/wp-content\\\/uploads\\\/2025\\\/09\\\/Mexico_cManoVuelta-1.jpg\",\"datePublished\":\"2025-09-08T17:13:04+00:00\",\"dateModified\":\"2025-10-03T15:57:59+00:00\",\"breadcrumb\":{\"@id\":\"https:\\\/\\\/fosfeminista.org\\\/fr\\\/impact\\\/#breadcrumb\"},\"inLanguage\":\"pt-BR\",\"potentialAction\":[{\"@type\":\"ReadAction\",\"target\":[\"https:\\\/\\\/fosfeminista.org\\\/fr\\\/impact\\\/\"]}]},{\"@type\":\"ImageObject\",\"inLanguage\":\"pt-BR\",\"@id\":\"https:\\\/\\\/fosfeminista.org\\\/fr\\\/impact\\\/#primaryimage\",\"url\":\"https:\\\/\\\/fosfeminista.org\\\/wp-content\\\/uploads\\\/2025\\\/09\\\/Mexico_cManoVuelta-1.jpg\",\"contentUrl\":\"https:\\\/\\\/fosfeminista.org\\\/wp-content\\\/uploads\\\/2025\\\/09\\\/Mexico_cManoVuelta-1.jpg\",\"width\":1280,\"height\":894},{\"@type\":\"BreadcrumbList\",\"@id\":\"https:\\\/\\\/fosfeminista.org\\\/fr\\\/impact\\\/#breadcrumb\",\"itemListElement\":[{\"@type\":\"ListItem\",\"position\":1,\"name\":\"Home\",\"item\":\"https:\\\/\\\/fosfeminista.org\\\/\"},{\"@type\":\"ListItem\",\"position\":2,\"name\":\"Impact\"}]},{\"@type\":\"WebSite\",\"@id\":\"https:\\\/\\\/fosfeminista.org\\\/#website\",\"url\":\"https:\\\/\\\/fosfeminista.org\\\/\",\"name\":\"F\u00f2s Feminista\",\"description\":\"\",\"potentialAction\":[{\"@type\":\"SearchAction\",\"target\":{\"@type\":\"EntryPoint\",\"urlTemplate\":\"https:\\\/\\\/fosfeminista.org\\\/?s={search_term_string}\"},\"query-input\":{\"@type\":\"PropertyValueSpecification\",\"valueRequired\":true,\"valueName\":\"search_term_string\"}}],\"inLanguage\":\"pt-BR\"}]}<\/script>\n<!-- \/ Yoast SEO plugin. -->","yoast_head_json":{"title":"Impact - F\u00f2s Feminista","robots":{"index":"index","follow":"follow","max-snippet":"max-snippet:-1","max-image-preview":"max-image-preview:large","max-video-preview":"max-video-preview:-1"},"canonical":"https:\/\/fosfeminista.org\/pt\/impact\/","og_locale":"pt_BR","og_type":"article","og_title":"Impact - F\u00f2s Feminista","og_description":"Poverty, stigma, conflict, and restrictive laws keep millions from accessing contraception and safe abortion care. With your support, F\u00f2s Feminista removes those barriers, expands health services, and strengthens feminist alliances worldwide.","og_url":"https:\/\/fosfeminista.org\/pt\/impact\/","og_site_name":"F\u00f2s Feminista","article_modified_time":"2025-10-03T15:57:59+00:00","og_image":[{"width":1280,"height":894,"url":"https:\/\/fosfeminista.org\/wp-content\/uploads\/2025\/09\/Mexico_cManoVuelta-1.jpg","type":"image\/jpeg"}],"twitter_card":"summary_large_image","schema":{"@context":"https:\/\/schema.org","@graph":[{"@type":"WebPage","@id":"https:\/\/fosfeminista.org\/fr\/impact\/","url":"https:\/\/fosfeminista.org\/fr\/impact\/","name":"Impact - F\u00f2s Feminista","isPartOf":{"@id":"https:\/\/fosfeminista.org\/#website"},"primaryImageOfPage":{"@id":"https:\/\/fosfeminista.org\/fr\/impact\/#primaryimage"},"image":{"@id":"https:\/\/fosfeminista.org\/fr\/impact\/#primaryimage"},"thumbnailUrl":"https:\/\/fosfeminista.org\/wp-content\/uploads\/2025\/09\/Mexico_cManoVuelta-1.jpg","datePublished":"2025-09-08T17:13:04+00:00","dateModified":"2025-10-03T15:57:59+00:00","breadcrumb":{"@id":"https:\/\/fosfeminista.org\/fr\/impact\/#breadcrumb"},"inLanguage":"pt-BR","potentialAction":[{"@type":"ReadAction","target":["https:\/\/fosfeminista.org\/fr\/impact\/"]}]},{"@type":"ImageObject","inLanguage":"pt-BR","@id":"https:\/\/fosfeminista.org\/fr\/impact\/#primaryimage","url":"https:\/\/fosfeminista.org\/wp-content\/uploads\/2025\/09\/Mexico_cManoVuelta-1.jpg","contentUrl":"https:\/\/fosfeminista.org\/wp-content\/uploads\/2025\/09\/Mexico_cManoVuelta-1.jpg","width":1280,"height":894},{"@type":"BreadcrumbList","@id":"https:\/\/fosfeminista.org\/fr\/impact\/#breadcrumb","itemListElement":[{"@type":"ListItem","position":1,"name":"Home","item":"https:\/\/fosfeminista.org\/"},{"@type":"ListItem","position":2,"name":"Impact"}]},{"@type":"WebSite","@id":"https:\/\/fosfeminista.org\/#website","url":"https:\/\/fosfeminista.org\/","name":"F\u00f2s Feminista","description":"","potentialAction":[{"@type":"SearchAction","target":{"@type":"EntryPoint","urlTemplate":"https:\/\/fosfeminista.org\/?s={search_term_string}"},"query-input":{"@type":"PropertyValueSpecification","valueRequired":true,"valueName":"search_term_string"}}],"inLanguage":"pt-BR"}]}},"_links":{"self":[{"href":"https:\/\/fosfeminista.org\/pt\/wp-json\/wp\/v2\/pages\/2502","targetHints":{"allow":["GET"]}}],"collection":[{"href":"https:\/\/fosfeminista.org\/pt\/wp-json\/wp\/v2\/pages"}],"about":[{"href":"https:\/\/fosfeminista.org\/pt\/wp-json\/wp\/v2\/types\/page"}],"author":[{"embeddable":true,"href":"https:\/\/fosfeminista.org\/pt\/wp-json\/wp\/v2\/users\/2"}],"replies":[{"embeddable":true,"href":"https:\/\/fosfeminista.org\/pt\/wp-json\/wp\/v2\/comments?post=2502"}],"version-history":[{"count":26,"href":"https:\/\/fosfeminista.org\/pt\/wp-json\/wp\/v2\/pages\/2502\/revisions"}],"predecessor-version":[{"id":5811,"href":"https:\/\/fosfeminista.org\/pt\/wp-json\/wp\/v2\/pages\/2502\/revisions\/5811"}],"wp:featuredmedia":[{"embeddable":true,"href":"https:\/\/fosfeminista.org\/pt\/wp-json\/wp\/v2\/media\/5287"}],"wp:attachment":[{"href":"https:\/\/fosfeminista.org\/pt\/wp-json\/wp\/v2\/media?parent=2502"}],"curies":[{"name":"wp","href":"https:\/\/api.w.org\/{rel}","templated":true}]}}