{"id":2498,"date":"2025-09-08T13:12:27","date_gmt":"2025-09-08T17:12:27","guid":{"rendered":"https:\/\/fosfeminista.org\/?page_id=2498"},"modified":"2025-10-07T11:41:13","modified_gmt":"2025-10-07T15:41:13","slug":"careers","status":"publish","type":"page","link":"https:\/\/fosfeminista.org\/pt\/about\/careers\/","title":{"rendered":"Carreiras"},"content":{"rendered":"","protected":false},"excerpt":{"rendered":"<p>Somos uma alian\u00e7a global de defensores, provedores de sa\u00fade e agentes de mudan\u00e7a. No F\u00f2s Feminista, seu trabalho estimula o acesso ao atendimento, defende os direitos e fortalece o movimento feminista.<\/p>","protected":false},"author":2,"featured_media":2782,"parent":2487,"menu_order":0,"comment_status":"closed","ping_status":"closed","template":"","meta":{"_acf_changed":false,"_relevanssi_hide_post":"","_relevanssi_hide_content":"","_relevanssi_pin_for_all":"","_relevanssi_pin_keywords":"","_relevanssi_unpin_keywords":"","_relevanssi_related_keywords":"","_relevanssi_related_include_ids":"","_relevanssi_related_exclude_ids":"","_relevanssi_related_no_append":"","_relevanssi_related_not_related":"","_relevanssi_related_posts":"","_relevanssi_noindex_reason":""},"class_list":["post-2498","page","type-page","status-publish","has-post-thumbnail","hentry"],"acf":{"page_layout":[{"acf_fc_layout":"layout_hero_basic","_acfe_flexible_toggle":"","component_hero_basic":{"":null,"kicker_text":"","title":"Trabalhe conosco","heading_size":"standard","description":"<span style=\"font-weight: 400;\">Somos uma alian\u00e7a global de defensores, provedores de sa\u00fade e agentes de mudan\u00e7a. No F\u00f2s Feminista, seu trabalho estimula o acesso ao atendimento, defende os direitos e fortalece o movimento feminista.<\/span>","link":"","button":{"title":"Search jobs","url":"https:\/\/fosfeminista.org\/about\/careers#jobs","target":""},"image":2782,"anchor_id":""}},{"acf_fc_layout":"layout_wysiwyg","_acfe_flexible_toggle":"","component_wysiwyg":{"content":"Our culture is rooted in feminist values: care, equity, intersectionality, and transparency. They shape how we work with partners, how we communicate, and how we support our team.\r\n\r\nPeople join F\u00f2s Feminista to fight for sexual and reproductive health and rights alongside committed colleagues worldwide.\r\n\r\nIf this drives you too, join us.","":null,"anchor_id":""}},{"acf_fc_layout":"layout_pull_quote","_acfe_flexible_toggle":"","component_pull_quote":{"":null,"background_color":"cream","headline":"A healthy work-life balance","quote":"Working with F\u00f2s Feminista has allowed me to connect with the organizations we work with worldwide. At an individual level, this experience has helped me learn about myself and build my capacity. Also, I like that, beyond the policies, there is a genuine concern for a healthy work life balance.","meta":{"name":"Josephine Mugishagwe, Senior Program Officer","work":"F\u00f2s Feminista"},"additional_promotion":{"heading":"","link":""},"image":5266,"anchor_id":""}},{"acf_fc_layout":"layout_basic_html","_acfe_flexible_toggle":"","component_basic_html":{"content":"<div id=\"BambooHR\" data-domain=\"fosfeminista.bamboohr.com\" data-version=\"1.0.0\" data-departmentid=\"\"><\/div><script src=\"https:\/\/fosfeminista.bamboohr.com\/js\/embed.js\"     type=\"text\/javascript\" async defer><\/script>","styled_display":false,"":null,"anchor_id":"jobs"}},{"acf_fc_layout":"layout_wysiwyg","_acfe_flexible_toggle":"","component_wysiwyg":{"content":"<h2><strong>Nosso compromisso com o cuidado<\/strong><\/h2>\r\n<h3><span style=\"font-weight: 400;\">Cuidar uns dos outros est\u00e1 no centro de tudo o que fazemos\u00a0<\/span><\/h3>\r\n<span style=\"font-weight: 400;\">O F\u00f2s Feminista tem o compromisso de oferecer um conjunto hol\u00edstico de benef\u00edcios e de criar uma cultura organizacional que priorize o equil\u00edbrio entre vida pessoal e profissional, o bem-estar, o pertencimento e o engajamento. Nosso pacote de remunera\u00e7\u00e3o abrangente para cada um de nossos locais de contrata\u00e7\u00e3o \u00e9 competitivo com os mercados locais para ONGs internacionais e promove a igualdade interna em benef\u00edcios.<\/span>","":null,"anchor_id":""}},{"acf_fc_layout":"layout_accordion","_acfe_flexible_toggle":"","component_accordion":{"title":"","items":[{"title":"Salaries","open":false,"html":"<span style=\"font-weight: 400;\">F\u00f2s Feminista provides salaries that are internally equitable and locally competitive, alongside other monetary benefits, to support Team Members to have financial security. Recognizing that salary negotiations disproportionately benefit people with privileges, we have eliminated them at hiring. All new positions will be hired at the salary posted for the position.<\/span>"},{"title":"Paid time off","open":false,"html":"<span style=\"font-weight: 400;\">All Team Members are entitled to at least 23 vacation days and 12 days of sick and care leave per year, plus the nationally recognized public holidays in their hiring location. New parents are also entitled to at least 12 weeks paid leave, and F\u00f2s Feminista also accommodates Team Members using accrued paid leave to supplement parental leave.<\/span>"},{"title":"Comprehensive medical insurance and other benefits","open":false,"html":"<span style=\"font-weight: 400;\">F\u00f2s Feminista ensures that all Team Members, and their life partner and\/or eligible family members, have access to quality private health insurance, including medical, dental, and vision benefits at no cost or minimal cost for employees and their eligible family members. F\u00f2s Feminista also provides life insurance for all Team Members and covers disability insurance premiums as required by applicable laws.<\/span>"},{"title":"Flexible work environment","open":false,"html":"<span style=\"font-weight: 400;\">Building from mutual trust, F\u00f2s Feminista supports all Team Members to work virtually from their hiring location with the flexibility to create a schedule that accommodates their personal needs and care responsibilities.<\/span>"}],"":null,"anchor_id":""}},{"acf_fc_layout":"layout_statistic","_acfe_flexible_toggle":"","component_statistic":{"number":"54%","text":"of F\u00f2s Feminista team members are based in the Global South","source":"Our team is based in 17 countries worldwide, reflecting our commitments as a feminist, Global South-led organization to anchor our work and operations close to the communities at the center of our mission.","":null,"anchor_id":""}},{"acf_fc_layout":"layout_wysiwyg","_acfe_flexible_toggle":"","component_wysiwyg":{"content":"<h2><b>Nosso compromisso com a equidade<\/b><\/h2>\r\n<span style=\"font-weight: 400;\">O F\u00f2s Feminista \u00e9 um empregador que oferece igualdade de oportunidades e se dedica a promover os direitos e a sa\u00fade sexual e reprodutiva e a eliminar as desigualdades a partir de uma perspectiva feminista interseccional.\u00a0\u00a0<\/span>\r\n\r\n<span style=\"font-weight: 400;\">A F\u00f2s Feminista oferece igualdade de oportunidades a todos os funcion\u00e1rios e candidatos a emprego, independentemente de idade, ra\u00e7a, cor, defici\u00eancia, nacionalidade, religi\u00e3o, credo, g\u00eanero, sexo, orienta\u00e7\u00e3o sexual, identidade de g\u00eanero, estado civil e de parceria, informa\u00e7\u00f5es gen\u00e9ticas, status de veterano ou qualquer outra categoria protegida pela legisla\u00e7\u00e3o federal, estadual e local.\u00a0<\/span>\r\n\r\n<span style=\"font-weight: 400;\">Na F\u00f2s Feminista, continuamos a construir uma cultura inclusiva que incentiva, ap\u00f3ia e celebra as diversas vozes e experi\u00eancias de nossos funcion\u00e1rios. Aceitamos inscri\u00e7\u00f5es de pessoas de todas as origens, identidades e experi\u00eancias de vida, garantindo uma considera\u00e7\u00e3o justa para todos os candidatos.\u00a0<\/span>\r\n<h2><b>Nosso compromisso com a prote\u00e7\u00e3o<\/b><\/h2>\r\n<span style=\"font-weight: 400;\">O F\u00f2s Feminista afirma o direito de todos com quem trabalhamos ou nos envolvemos de serem protegidos de todas as formas de abuso emocional, f\u00edsico ou sexual, explora\u00e7\u00e3o, ass\u00e9dio, neglig\u00eancia ou qualquer outra forma de dano.\u00a0<\/span>\r\n\r\n<span style=\"font-weight: 400;\">Preocupa\u00e7\u00f5es de prote\u00e7\u00e3o podem ser levantadas por meio de nossa plataforma de den\u00fancias an\u00f4nimas, <\/span><a href=\"https:\/\/fosfeminista.ethicspoint.com\/\"><span style=\"font-weight: 400;\">EthicsPoint<\/span><\/a><span style=\"font-weight: 400;\">.<\/span>","":null,"anchor_id":""}}]},"yoast_head":"<!-- This site is optimized with the Yoast SEO plugin v27.5 - https:\/\/yoast.com\/product\/yoast-seo-wordpress\/ -->\n<title>Careers - F\u00f2s Feminista<\/title>\n<meta name=\"robots\" content=\"index, follow, max-snippet:-1, max-image-preview:large, max-video-preview:-1\" \/>\n<link rel=\"canonical\" href=\"https:\/\/fosfeminista.org\/pt\/about\/careers\/\" \/>\n<meta property=\"og:locale\" content=\"pt_BR\" \/>\n<meta property=\"og:type\" content=\"article\" \/>\n<meta property=\"og:title\" content=\"Careers - F\u00f2s Feminista\" \/>\n<meta property=\"og:description\" content=\"We\u2019re a global alliance of advocates, health providers, and changemakers. At F\u00f2s Feminista, your work fuels access to care, defends rights, and powers a stronger feminist movement.\" \/>\n<meta property=\"og:url\" content=\"https:\/\/fosfeminista.org\/pt\/about\/careers\/\" \/>\n<meta property=\"og:site_name\" content=\"F\u00f2s Feminista\" \/>\n<meta property=\"article:modified_time\" content=\"2025-10-07T15:41:13+00:00\" \/>\n<meta property=\"og:image\" content=\"https:\/\/fosfeminista.org\/wp-content\/uploads\/2025\/09\/Colombia_cDavidEstradaLarraneta-FosFeminista.png\" \/>\n\t<meta property=\"og:image:width\" content=\"720\" \/>\n\t<meta property=\"og:image:height\" content=\"503\" \/>\n\t<meta property=\"og:image:type\" content=\"image\/png\" \/>\n<meta name=\"twitter:card\" content=\"summary_large_image\" \/>\n<script type=\"application\/ld+json\" class=\"yoast-schema-graph\">{\"@context\":\"https:\\\/\\\/schema.org\",\"@graph\":[{\"@type\":\"WebPage\",\"@id\":\"https:\\\/\\\/fosfeminista.org\\\/about\\\/careers\\\/\",\"url\":\"https:\\\/\\\/fosfeminista.org\\\/about\\\/careers\\\/\",\"name\":\"Careers - F\u00f2s Feminista\",\"isPartOf\":{\"@id\":\"https:\\\/\\\/fosfeminista.org\\\/#website\"},\"primaryImageOfPage\":{\"@id\":\"https:\\\/\\\/fosfeminista.org\\\/about\\\/careers\\\/#primaryimage\"},\"image\":{\"@id\":\"https:\\\/\\\/fosfeminista.org\\\/about\\\/careers\\\/#primaryimage\"},\"thumbnailUrl\":\"https:\\\/\\\/fosfeminista.org\\\/wp-content\\\/uploads\\\/2025\\\/09\\\/Colombia_cDavidEstradaLarraneta-FosFeminista.png\",\"datePublished\":\"2025-09-08T17:12:27+00:00\",\"dateModified\":\"2025-10-07T15:41:13+00:00\",\"breadcrumb\":{\"@id\":\"https:\\\/\\\/fosfeminista.org\\\/about\\\/careers\\\/#breadcrumb\"},\"inLanguage\":\"pt-BR\",\"potentialAction\":[{\"@type\":\"ReadAction\",\"target\":[\"https:\\\/\\\/fosfeminista.org\\\/about\\\/careers\\\/\"]}]},{\"@type\":\"ImageObject\",\"inLanguage\":\"pt-BR\",\"@id\":\"https:\\\/\\\/fosfeminista.org\\\/about\\\/careers\\\/#primaryimage\",\"url\":\"https:\\\/\\\/fosfeminista.org\\\/wp-content\\\/uploads\\\/2025\\\/09\\\/Colombia_cDavidEstradaLarraneta-FosFeminista.png\",\"contentUrl\":\"https:\\\/\\\/fosfeminista.org\\\/wp-content\\\/uploads\\\/2025\\\/09\\\/Colombia_cDavidEstradaLarraneta-FosFeminista.png\",\"width\":720,\"height\":503},{\"@type\":\"BreadcrumbList\",\"@id\":\"https:\\\/\\\/fosfeminista.org\\\/about\\\/careers\\\/#breadcrumb\",\"itemListElement\":[{\"@type\":\"ListItem\",\"position\":1,\"name\":\"Home\",\"item\":\"https:\\\/\\\/fosfeminista.org\\\/\"},{\"@type\":\"ListItem\",\"position\":2,\"name\":\"About\",\"item\":\"https:\\\/\\\/fosfeminista.org\\\/about\\\/\"},{\"@type\":\"ListItem\",\"position\":3,\"name\":\"Careers\"}]},{\"@type\":\"WebSite\",\"@id\":\"https:\\\/\\\/fosfeminista.org\\\/#website\",\"url\":\"https:\\\/\\\/fosfeminista.org\\\/\",\"name\":\"F\u00f2s Feminista\",\"description\":\"\",\"potentialAction\":[{\"@type\":\"SearchAction\",\"target\":{\"@type\":\"EntryPoint\",\"urlTemplate\":\"https:\\\/\\\/fosfeminista.org\\\/?s={search_term_string}\"},\"query-input\":{\"@type\":\"PropertyValueSpecification\",\"valueRequired\":true,\"valueName\":\"search_term_string\"}}],\"inLanguage\":\"pt-BR\"}]}<\/script>\n<!-- \/ Yoast SEO plugin. -->","yoast_head_json":{"title":"Careers - F\u00f2s Feminista","robots":{"index":"index","follow":"follow","max-snippet":"max-snippet:-1","max-image-preview":"max-image-preview:large","max-video-preview":"max-video-preview:-1"},"canonical":"https:\/\/fosfeminista.org\/pt\/about\/careers\/","og_locale":"pt_BR","og_type":"article","og_title":"Careers - F\u00f2s Feminista","og_description":"We\u2019re a global alliance of advocates, health providers, and changemakers. At F\u00f2s Feminista, your work fuels access to care, defends rights, and powers a stronger feminist movement.","og_url":"https:\/\/fosfeminista.org\/pt\/about\/careers\/","og_site_name":"F\u00f2s Feminista","article_modified_time":"2025-10-07T15:41:13+00:00","og_image":[{"width":720,"height":503,"url":"https:\/\/fosfeminista.org\/wp-content\/uploads\/2025\/09\/Colombia_cDavidEstradaLarraneta-FosFeminista.png","type":"image\/png"}],"twitter_card":"summary_large_image","schema":{"@context":"https:\/\/schema.org","@graph":[{"@type":"WebPage","@id":"https:\/\/fosfeminista.org\/about\/careers\/","url":"https:\/\/fosfeminista.org\/about\/careers\/","name":"Careers - F\u00f2s Feminista","isPartOf":{"@id":"https:\/\/fosfeminista.org\/#website"},"primaryImageOfPage":{"@id":"https:\/\/fosfeminista.org\/about\/careers\/#primaryimage"},"image":{"@id":"https:\/\/fosfeminista.org\/about\/careers\/#primaryimage"},"thumbnailUrl":"https:\/\/fosfeminista.org\/wp-content\/uploads\/2025\/09\/Colombia_cDavidEstradaLarraneta-FosFeminista.png","datePublished":"2025-09-08T17:12:27+00:00","dateModified":"2025-10-07T15:41:13+00:00","breadcrumb":{"@id":"https:\/\/fosfeminista.org\/about\/careers\/#breadcrumb"},"inLanguage":"pt-BR","potentialAction":[{"@type":"ReadAction","target":["https:\/\/fosfeminista.org\/about\/careers\/"]}]},{"@type":"ImageObject","inLanguage":"pt-BR","@id":"https:\/\/fosfeminista.org\/about\/careers\/#primaryimage","url":"https:\/\/fosfeminista.org\/wp-content\/uploads\/2025\/09\/Colombia_cDavidEstradaLarraneta-FosFeminista.png","contentUrl":"https:\/\/fosfeminista.org\/wp-content\/uploads\/2025\/09\/Colombia_cDavidEstradaLarraneta-FosFeminista.png","width":720,"height":503},{"@type":"BreadcrumbList","@id":"https:\/\/fosfeminista.org\/about\/careers\/#breadcrumb","itemListElement":[{"@type":"ListItem","position":1,"name":"Home","item":"https:\/\/fosfeminista.org\/"},{"@type":"ListItem","position":2,"name":"About","item":"https:\/\/fosfeminista.org\/about\/"},{"@type":"ListItem","position":3,"name":"Careers"}]},{"@type":"WebSite","@id":"https:\/\/fosfeminista.org\/#website","url":"https:\/\/fosfeminista.org\/","name":"F\u00f2s Feminista","description":"","potentialAction":[{"@type":"SearchAction","target":{"@type":"EntryPoint","urlTemplate":"https:\/\/fosfeminista.org\/?s={search_term_string}"},"query-input":{"@type":"PropertyValueSpecification","valueRequired":true,"valueName":"search_term_string"}}],"inLanguage":"pt-BR"}]}},"_links":{"self":[{"href":"https:\/\/fosfeminista.org\/pt\/wp-json\/wp\/v2\/pages\/2498","targetHints":{"allow":["GET"]}}],"collection":[{"href":"https:\/\/fosfeminista.org\/pt\/wp-json\/wp\/v2\/pages"}],"about":[{"href":"https:\/\/fosfeminista.org\/pt\/wp-json\/wp\/v2\/types\/page"}],"author":[{"embeddable":true,"href":"https:\/\/fosfeminista.org\/pt\/wp-json\/wp\/v2\/users\/2"}],"replies":[{"embeddable":true,"href":"https:\/\/fosfeminista.org\/pt\/wp-json\/wp\/v2\/comments?post=2498"}],"version-history":[{"count":24,"href":"https:\/\/fosfeminista.org\/pt\/wp-json\/wp\/v2\/pages\/2498\/revisions"}],"predecessor-version":[{"id":5824,"href":"https:\/\/fosfeminista.org\/pt\/wp-json\/wp\/v2\/pages\/2498\/revisions\/5824"}],"up":[{"embeddable":true,"href":"https:\/\/fosfeminista.org\/pt\/wp-json\/wp\/v2\/pages\/2487"}],"wp:featuredmedia":[{"embeddable":true,"href":"https:\/\/fosfeminista.org\/pt\/wp-json\/wp\/v2\/media\/2782"}],"wp:attachment":[{"href":"https:\/\/fosfeminista.org\/pt\/wp-json\/wp\/v2\/media?parent=2498"}],"curies":[{"name":"wp","href":"https:\/\/api.w.org\/{rel}","templated":true}]}}