{"id":2496,"date":"2025-09-08T13:12:20","date_gmt":"2025-09-08T17:12:20","guid":{"rendered":"https:\/\/fosfeminista.org\/?page_id=2496"},"modified":"2025-12-10T08:27:36","modified_gmt":"2025-12-10T13:27:36","slug":"financials","status":"publish","type":"page","link":"https:\/\/fosfeminista.org\/pt\/about\/financials\/","title":{"rendered":"Finan\u00e7as"},"content":{"rendered":"","protected":false},"excerpt":{"rendered":"<p>Every dollar matters. Every dollar is accounted for. We publish our financials, so you know your support is used wisely to expand health care, defend rights, and uphold dignity.<\/p>","protected":false},"author":2,"featured_media":5249,"parent":2487,"menu_order":0,"comment_status":"closed","ping_status":"closed","template":"","meta":{"_acf_changed":false,"_relevanssi_hide_post":"","_relevanssi_hide_content":"","_relevanssi_pin_for_all":"","_relevanssi_pin_keywords":"","_relevanssi_unpin_keywords":"","_relevanssi_related_keywords":"","_relevanssi_related_include_ids":"","_relevanssi_related_exclude_ids":"","_relevanssi_related_no_append":"","_relevanssi_related_not_related":"","_relevanssi_related_posts":"","_relevanssi_noindex_reason":""},"class_list":["post-2496","page","type-page","status-publish","has-post-thumbnail","hentry"],"acf":{"page_layout":[{"acf_fc_layout":"layout_hero_basic","_acfe_flexible_toggle":null,"component_hero_basic":{"":null,"kicker_text":"","title":"","heading_size":"standard","description":"<b>Cada d\u00f3lar \u00e9 importante. Cada d\u00f3lar \u00e9 contabilizado.<\/b>\r\n\r\n<span style=\"font-weight: 400;\">Publicamos nossas finan\u00e7as, para que voc\u00ea saiba que seu apoio \u00e9 usado com sabedoria para expandir a assist\u00eancia m\u00e9dica, defender direitos e manter a dignidade.<\/span>","link":"","button":{"title":"2024 Financials","url":"https:\/\/fosfeminista.org\/wp-content\/uploads\/2025\/09\/Fos-Feminista-2024-fst-1231-EV-Final_SECURED.pdf","target":"_blank"},"image":5249,"anchor_id":""}},{"acf_fc_layout":"layout_statistics","_acfe_flexible_toggle":null,"component_statistics":{"title":"","abstract":"","statistics":[{"number":"$86.3M","text_after":"Total net assets","source":"as of December 31st, 2024"},{"number":"87% ","text_after":"of all donations directly benefited programs","source":""},{"number":"55%","text_after":"of annual operating expenses were distributed as grants to partners","source":""}],"":null,"anchor_id":""}},{"acf_fc_layout":"layout_slideshow","_acfe_flexible_toggle":null,"component_slideshow":{"heading":"2024 Financial Snapshot ","items":[{"image":5738,"override_caption":true,"caption":"<strong>2024 Financial Snapshot\r\n<\/strong>January 1 to December 31, 2024"},{"image":5739,"override_caption":true,"caption":"<strong>2024 Financial Snapshot\r\n<\/strong>January 1 to December 31, 2024"},{"image":5737,"override_caption":true,"caption":"<strong>2024 Financial Snapshot\r\n<\/strong>January 1 to December 31, 2024"}],"":null,"anchor_id":""}},{"acf_fc_layout":"layout_wysiwyg","_acfe_flexible_toggle":null,"component_wysiwyg":{"content":"<h3 style=\"text-align: left;\"><strong>Download our latest financials<\/strong><\/h3>\r\n<p style=\"text-align: left;\">[tm_button url=\"https:\/\/fosfeminista.org\/wp-content\/uploads\/2025\/09\/Fos-Feminista-2024-fst-1231-EV-Final_SECURED.pdf\" label=\"2024 Audited Financials\" target=\"false\"]<\/p>\r\n<p style=\"text-align: left;\">[tm_button url=\"https:\/\/fosfeminista.org\/wp-content\/uploads\/2025\/12\/FOS-FEMINISTA-TAX-RETURN-PUBLIC-INSPECTION-COPY-2024.pdf\" label=\"2024 Form 990 \" target=\"false\"]<\/p>","":null,"anchor_id":""}},{"acf_fc_layout":"layout_logo_rail","_acfe_flexible_toggle":null,"component_logo_rail":{"title":"Avaliado de forma independente. Confian\u00e7a do doador.","abstract":"","items":[{"image":4582},{"image":4415},{"image":2789},{"image":2790}],"cta":"","":null,"anchor_id":""}}]},"yoast_head":"<!-- This site is optimized with the Yoast SEO plugin v27.5 - https:\/\/yoast.com\/product\/yoast-seo-wordpress\/ -->\n<title>Financials - F\u00f2s Feminista<\/title>\n<meta name=\"robots\" content=\"index, follow, max-snippet:-1, max-image-preview:large, max-video-preview:-1\" \/>\n<link rel=\"canonical\" href=\"https:\/\/fosfeminista.org\/pt\/about\/financials\/\" \/>\n<meta property=\"og:locale\" content=\"pt_BR\" \/>\n<meta property=\"og:type\" content=\"article\" \/>\n<meta property=\"og:title\" content=\"Financials - F\u00f2s Feminista\" \/>\n<meta property=\"og:description\" content=\"Every dollar matters. Every dollar is accounted for. We publish our financials, so you know your support is used wisely to expand health care, defend rights, and uphold dignity.\" \/>\n<meta property=\"og:url\" content=\"https:\/\/fosfeminista.org\/pt\/about\/financials\/\" \/>\n<meta property=\"og:site_name\" content=\"F\u00f2s Feminista\" \/>\n<meta property=\"article:modified_time\" content=\"2025-12-10T13:27:36+00:00\" \/>\n<meta property=\"og:image\" content=\"https:\/\/fosfeminista.org\/wp-content\/uploads\/2025\/09\/Nigeria_cEsperancaDias-FosFeminista-1-min.jpg\" \/>\n\t<meta property=\"og:image:width\" content=\"1280\" \/>\n\t<meta property=\"og:image:height\" content=\"894\" \/>\n\t<meta property=\"og:image:type\" content=\"image\/jpeg\" \/>\n<meta name=\"twitter:card\" content=\"summary_large_image\" \/>\n<script type=\"application\/ld+json\" class=\"yoast-schema-graph\">{\"@context\":\"https:\\\/\\\/schema.org\",\"@graph\":[{\"@type\":\"WebPage\",\"@id\":\"https:\\\/\\\/fosfeminista.org\\\/about\\\/financials\\\/\",\"url\":\"https:\\\/\\\/fosfeminista.org\\\/about\\\/financials\\\/\",\"name\":\"Financials - F\u00f2s Feminista\",\"isPartOf\":{\"@id\":\"https:\\\/\\\/fosfeminista.org\\\/#website\"},\"primaryImageOfPage\":{\"@id\":\"https:\\\/\\\/fosfeminista.org\\\/about\\\/financials\\\/#primaryimage\"},\"image\":{\"@id\":\"https:\\\/\\\/fosfeminista.org\\\/about\\\/financials\\\/#primaryimage\"},\"thumbnailUrl\":\"https:\\\/\\\/fosfeminista.org\\\/wp-content\\\/uploads\\\/2025\\\/09\\\/Nigeria_cEsperancaDias-FosFeminista-1-min.jpg\",\"datePublished\":\"2025-09-08T17:12:20+00:00\",\"dateModified\":\"2025-12-10T13:27:36+00:00\",\"breadcrumb\":{\"@id\":\"https:\\\/\\\/fosfeminista.org\\\/about\\\/financials\\\/#breadcrumb\"},\"inLanguage\":\"pt-BR\",\"potentialAction\":[{\"@type\":\"ReadAction\",\"target\":[\"https:\\\/\\\/fosfeminista.org\\\/about\\\/financials\\\/\"]}]},{\"@type\":\"ImageObject\",\"inLanguage\":\"pt-BR\",\"@id\":\"https:\\\/\\\/fosfeminista.org\\\/about\\\/financials\\\/#primaryimage\",\"url\":\"https:\\\/\\\/fosfeminista.org\\\/wp-content\\\/uploads\\\/2025\\\/09\\\/Nigeria_cEsperancaDias-FosFeminista-1-min.jpg\",\"contentUrl\":\"https:\\\/\\\/fosfeminista.org\\\/wp-content\\\/uploads\\\/2025\\\/09\\\/Nigeria_cEsperancaDias-FosFeminista-1-min.jpg\",\"width\":1280,\"height\":894},{\"@type\":\"BreadcrumbList\",\"@id\":\"https:\\\/\\\/fosfeminista.org\\\/about\\\/financials\\\/#breadcrumb\",\"itemListElement\":[{\"@type\":\"ListItem\",\"position\":1,\"name\":\"Home\",\"item\":\"https:\\\/\\\/fosfeminista.org\\\/\"},{\"@type\":\"ListItem\",\"position\":2,\"name\":\"About\",\"item\":\"https:\\\/\\\/fosfeminista.org\\\/about\\\/\"},{\"@type\":\"ListItem\",\"position\":3,\"name\":\"Financials\"}]},{\"@type\":\"WebSite\",\"@id\":\"https:\\\/\\\/fosfeminista.org\\\/#website\",\"url\":\"https:\\\/\\\/fosfeminista.org\\\/\",\"name\":\"F\u00f2s Feminista\",\"description\":\"\",\"potentialAction\":[{\"@type\":\"SearchAction\",\"target\":{\"@type\":\"EntryPoint\",\"urlTemplate\":\"https:\\\/\\\/fosfeminista.org\\\/?s={search_term_string}\"},\"query-input\":{\"@type\":\"PropertyValueSpecification\",\"valueRequired\":true,\"valueName\":\"search_term_string\"}}],\"inLanguage\":\"pt-BR\"}]}<\/script>\n<!-- \/ Yoast SEO plugin. -->","yoast_head_json":{"title":"Financials - F\u00f2s Feminista","robots":{"index":"index","follow":"follow","max-snippet":"max-snippet:-1","max-image-preview":"max-image-preview:large","max-video-preview":"max-video-preview:-1"},"canonical":"https:\/\/fosfeminista.org\/pt\/about\/financials\/","og_locale":"pt_BR","og_type":"article","og_title":"Financials - F\u00f2s Feminista","og_description":"Every dollar matters. Every dollar is accounted for. We publish our financials, so you know your support is used wisely to expand health care, defend rights, and uphold dignity.","og_url":"https:\/\/fosfeminista.org\/pt\/about\/financials\/","og_site_name":"F\u00f2s Feminista","article_modified_time":"2025-12-10T13:27:36+00:00","og_image":[{"width":1280,"height":894,"url":"https:\/\/fosfeminista.org\/wp-content\/uploads\/2025\/09\/Nigeria_cEsperancaDias-FosFeminista-1-min.jpg","type":"image\/jpeg"}],"twitter_card":"summary_large_image","schema":{"@context":"https:\/\/schema.org","@graph":[{"@type":"WebPage","@id":"https:\/\/fosfeminista.org\/about\/financials\/","url":"https:\/\/fosfeminista.org\/about\/financials\/","name":"Financials - F\u00f2s Feminista","isPartOf":{"@id":"https:\/\/fosfeminista.org\/#website"},"primaryImageOfPage":{"@id":"https:\/\/fosfeminista.org\/about\/financials\/#primaryimage"},"image":{"@id":"https:\/\/fosfeminista.org\/about\/financials\/#primaryimage"},"thumbnailUrl":"https:\/\/fosfeminista.org\/wp-content\/uploads\/2025\/09\/Nigeria_cEsperancaDias-FosFeminista-1-min.jpg","datePublished":"2025-09-08T17:12:20+00:00","dateModified":"2025-12-10T13:27:36+00:00","breadcrumb":{"@id":"https:\/\/fosfeminista.org\/about\/financials\/#breadcrumb"},"inLanguage":"pt-BR","potentialAction":[{"@type":"ReadAction","target":["https:\/\/fosfeminista.org\/about\/financials\/"]}]},{"@type":"ImageObject","inLanguage":"pt-BR","@id":"https:\/\/fosfeminista.org\/about\/financials\/#primaryimage","url":"https:\/\/fosfeminista.org\/wp-content\/uploads\/2025\/09\/Nigeria_cEsperancaDias-FosFeminista-1-min.jpg","contentUrl":"https:\/\/fosfeminista.org\/wp-content\/uploads\/2025\/09\/Nigeria_cEsperancaDias-FosFeminista-1-min.jpg","width":1280,"height":894},{"@type":"BreadcrumbList","@id":"https:\/\/fosfeminista.org\/about\/financials\/#breadcrumb","itemListElement":[{"@type":"ListItem","position":1,"name":"Home","item":"https:\/\/fosfeminista.org\/"},{"@type":"ListItem","position":2,"name":"About","item":"https:\/\/fosfeminista.org\/about\/"},{"@type":"ListItem","position":3,"name":"Financials"}]},{"@type":"WebSite","@id":"https:\/\/fosfeminista.org\/#website","url":"https:\/\/fosfeminista.org\/","name":"F\u00f2s Feminista","description":"","potentialAction":[{"@type":"SearchAction","target":{"@type":"EntryPoint","urlTemplate":"https:\/\/fosfeminista.org\/?s={search_term_string}"},"query-input":{"@type":"PropertyValueSpecification","valueRequired":true,"valueName":"search_term_string"}}],"inLanguage":"pt-BR"}]}},"_links":{"self":[{"href":"https:\/\/fosfeminista.org\/pt\/wp-json\/wp\/v2\/pages\/2496","targetHints":{"allow":["GET"]}}],"collection":[{"href":"https:\/\/fosfeminista.org\/pt\/wp-json\/wp\/v2\/pages"}],"about":[{"href":"https:\/\/fosfeminista.org\/pt\/wp-json\/wp\/v2\/types\/page"}],"author":[{"embeddable":true,"href":"https:\/\/fosfeminista.org\/pt\/wp-json\/wp\/v2\/users\/2"}],"replies":[{"embeddable":true,"href":"https:\/\/fosfeminista.org\/pt\/wp-json\/wp\/v2\/comments?post=2496"}],"version-history":[{"count":40,"href":"https:\/\/fosfeminista.org\/pt\/wp-json\/wp\/v2\/pages\/2496\/revisions"}],"predecessor-version":[{"id":6148,"href":"https:\/\/fosfeminista.org\/pt\/wp-json\/wp\/v2\/pages\/2496\/revisions\/6148"}],"up":[{"embeddable":true,"href":"https:\/\/fosfeminista.org\/pt\/wp-json\/wp\/v2\/pages\/2487"}],"wp:featuredmedia":[{"embeddable":true,"href":"https:\/\/fosfeminista.org\/pt\/wp-json\/wp\/v2\/media\/5249"}],"wp:attachment":[{"href":"https:\/\/fosfeminista.org\/pt\/wp-json\/wp\/v2\/media?parent=2496"}],"curies":[{"name":"wp","href":"https:\/\/api.w.org\/{rel}","templated":true}]}}