{"id":2478,"date":"2025-09-08T13:10:01","date_gmt":"2025-09-08T17:10:01","guid":{"rendered":"https:\/\/fosfeminista.org\/?page_id=2478"},"modified":"2025-09-29T23:48:30","modified_gmt":"2025-09-30T03:48:30","slug":"transform-laws-policies","status":"publish","type":"page","link":"https:\/\/fosfeminista.org\/pt\/what-we-do\/transform-laws-policies\/","title":{"rendered":"Transformar leis e pol\u00edticas"},"content":{"rendered":"","protected":false},"excerpt":{"rendered":"<p>O F\u00f2s Feminista defende um mundo em que mulheres, meninas e pessoas com diversidade de g\u00eanero tenham o poder e a autonomia para participar sem barreiras na sociedade e tomar decis\u00f5es informadas sobre seus corpos, vidas e futuros.<\/p>","protected":false},"author":2,"featured_media":5652,"parent":2451,"menu_order":0,"comment_status":"closed","ping_status":"closed","template":"","meta":{"_acf_changed":false,"_relevanssi_hide_post":"","_relevanssi_hide_content":"","_relevanssi_pin_for_all":"","_relevanssi_pin_keywords":"","_relevanssi_unpin_keywords":"","_relevanssi_related_keywords":"","_relevanssi_related_include_ids":"","_relevanssi_related_exclude_ids":"","_relevanssi_related_no_append":"","_relevanssi_related_not_related":"","_relevanssi_related_posts":"","_relevanssi_noindex_reason":""},"class_list":["post-2478","page","type-page","status-publish","has-post-thumbnail","hentry"],"acf":{"page_layout":[{"acf_fc_layout":"layout_hero_basic","_acfe_flexible_toggle":"","component_hero_basic":{"":null,"kicker_text":"","title":"Transformando leis e pol\u00edticas para a justi\u00e7a reprodutiva","heading_size":"standard","description":"<span style=\"font-weight: 400;\">O F\u00f2s Feminista defende um mundo em que mulheres, meninas e pessoas com diversidade de g\u00eanero tenham o poder e a autonomia para participar sem barreiras na sociedade e tomar decis\u00f5es informadas sobre seus corpos, vidas e futuros.<\/span>","link":"","button":"","image":5652,"anchor_id":""}},{"acf_fc_layout":"layout_wysiwyg","_acfe_flexible_toggle":"","component_wysiwyg":{"content":"<h5><strong>Os direitos sexuais e reprodutivos s\u00e3o direitos humanos. No entanto, em todo o mundo, leis, pol\u00edticas e normas sociais prejudiciais amea\u00e7am esses direitos, restringindo a autonomia corporal de mulheres e meninas e violando sua liberdade, dignidade e seguran\u00e7a.\u00a0<\/strong><\/h5>\r\n<span style=\"font-weight: 400;\">O F\u00f2s Feminista est\u00e1 promovendo a justi\u00e7a reprodutiva e de g\u00eanero, trabalhando para mudar as estruturas de poder que moldam a vida das pessoas. Justi\u00e7a n\u00e3o \u00e9 apenas direitos legais. A verdadeira justi\u00e7a significa voz pol\u00edtica, apoio social e recursos econ\u00f4micos. Significa o poder de fazer escolhas reais.<\/span>\r\n\r\n<span style=\"font-weight: 400;\">Ao lado de ativistas, comunidades e movimentos, e trabalhando com homens e meninos como aliados, o F\u00f2s Feminista cria um impulso para transformar normas prejudiciais e responsabilizar os governos pela prote\u00e7\u00e3o dos direitos por meio de leis, pol\u00edticas e a\u00e7\u00f5es.<\/span>","":null,"anchor_id":""}},{"acf_fc_layout":"layout_pull_quote","_acfe_flexible_toggle":"","component_pull_quote":{"":null,"background_color":"cream","headline":"Lifting up the next generation of leaders ","quote":"\u201cThe Advocacy in Practice (AiP) training was a real opportunity to strengthen my advocacy skills. It allowed me to turn my ideas into concrete actions, while benefiting from the perspectives and energy of other committed young people. This exchange inspired me to defend my causes with greater impact and conviction.\u201d ","meta":{"name":"Mariama Mouminatou Bah, Guinea","work":"Participant in F\u00f2s Feminista\u2019s AiP training for Francophone Africa in September 2024"},"additional_promotion":{"heading":"","link":""},"image":2657,"anchor_id":""}},{"acf_fc_layout":"layout_statistics","_acfe_flexible_toggle":"","component_statistics":{"title":"Criando mudan\u00e7as positivas para mulheres e meninas","abstract":"<span style=\"font-weight: 400;\">Behind every policy win is the lived experience of someone whose rights, health, or future is impacted. Our advocacy is rooted in the voices and leadership of women, girls, and gender-diverse people pushing for change. Between 2023 and 2024, that collective power led to:<\/span>","statistics":[{"number":"197.5M","text_after":"women and girls of reproductive age whose sexual and reproductive rights are now better protected through new policies and laws","source":" We supported the advancement of national laws, policies, or judicial reforms that better protect sexual and reproductive health and rights in 14 countries. Our impact came through mobilizing communities, leading campaigns, media outreach, providing technical expertise, advising policymakers, building coalitions with civil society and activists, and producing research and social monitoring."},{"number":"190","text_after":"positive steps in legislative, policy, and judicial processes that advance sexual and reproductive health, rights and justice","source":"F\u00f2s Feminista engages at every stage of the advocacy process, supporting the introduction, advancement, and approval of new laws, policies, and judicial reforms. With our partners and allies, we hold governments accountable for implementing these commitments and defend rights against attacks. Our wins include 139 reforms to ensure and expand access to safe and legal abortion, 20 reforms to strengthen prevention of sexual and gender-based violence and support survivors, and others advancing gender equity, sex ed, and contraception access."},{"number":"21","text_after":"regional and global commitments secured to advance sexual and reproductive rights and justice","source":"F\u00f2s Feminista participates in regional and global advocacy forums, including in United Nations system, bringing a feminist and Global South perspective to the agenda. We lead strategy and convene civil society around shared goals for sexual and reproductive health and rights, ensuring that local experiences and priorities shape policies."}],"":null,"anchor_id":""}},{"acf_fc_layout":"layout_accordion_feature","_acfe_flexible_toggle":"","component_accordion_feature":{"":null,"kicker":"How We Make Change","title":"Cria\u00e7\u00e3o de movimentos feministas para a justi\u00e7a reprodutiva e de g\u00eanero","intro":"<span style=\"font-weight: 400;\">Through cross-movement organizing and direct advocacy, we advance law, policy, and judicial change at every level. This includes: <\/span>","image":5103,"items":[{"title":"Local and national advocacy and accountability","open":false,"html":"<span style=\"font-weight: 400;\">We review policies, monitor public services, and work directly with decision-makers to secure laws and policies rooted in evidence and the lived realities of women and girls. We also hold governments accountable to follow through on their commitments.<\/span>"},{"title":"Influencing global and regional agendas","open":false,"html":"<span style=\"font-weight: 400;\">With recognized leadership in the United Nations and other regional and global forums, F\u00f2s Feminista convenes feminist civil society and advocates for the recognition and advancement of sexual and reproductive health and rights in global health, gender, and development agendas.<\/span>"},{"title":"Evidence and storytelling","open":false,"html":"<span style=\"font-weight: 400;\">We gather testimonies, develop feminist research, and work with journalists and other storytellers to shape how sexual and reproductive health, rights, and justice are covered and inform our advocacy strategies. Through campaigns and evidence-based narratives, we counter misinformation and build public support.<\/span>"},{"title":"Strengthening the capacity of feminist leaders","open":false,"html":"<span style=\"font-weight: 400;\">F\u00f2s Feminista\u2019s Advocacy in Practice program<\/span> <span style=\"font-weight: 400;\">supports young and feminist leaders from the Global South with knowledge, analysis, and networks so they are in a stronger position to have a real impact in regional and global advocacy forums, particularly at the United Nations. <\/span>"}],"anchor_id":""}},{"acf_fc_layout":"layout_image","_acfe_flexible_toggle":"","component_image":{"image":5105,"caption":" In Mexico, GIRE, Cat\u00f3licas por el Derecho a Decidir \u2013 Mexico, and a network of local partners are working to align laws and policies across Mexico with the 2021 Supreme Court ruling that declared abortion criminalization unconstitutional. Together, they have helped secure reforms decriminalizating abortion in 24 states nationwide. \r\n\r\nPhoto Credit: Dafne Huerta - CDD Mexico, 2022","":null,"helper_width":"medium","anchor_id":""}},{"acf_fc_layout":"layout_column_feature","_acfe_flexible_toggle":"","component_column_feature":{"title":"Advocacia em a\u00e7\u00e3o","abstract":"","columns":[{"image":5106,"brow":"Global Families Campaign ","title":"Embracing Families to Advance Justice","abstract":"<span style=\"font-weight: 400;\">In 2024, F\u00f2s Feminista launched the <\/span><b>For All Families <\/b><span style=\"font-weight: 400;\">campaign to advocate at the United Nations and other global forums for policies that protect human rights, expand healthcare access, and ensure educational opportunities of all families.<\/span>","button":""},{"image":5647,"brow":"Gender-based violence, Bolivia","title":"New Law to Protect Orphans ","abstract":"<span class=\"TextRun Highlight SCXW57129590 BCX0\" lang=\"EN-US\" xml:lang=\"EN-US\" data-contrast=\"auto\"> <span class=\"NormalTextRun SCXW57129590 BCX0\">F\u00f2s<\/span> <span class=\"NormalTextRun SCXW57129590 BCX0\">Feminista<\/span><span class=\"NormalTextRun SCXW57129590 BCX0\"> partner CIES <\/span><span class=\"NormalTextRun SCXW57129590 BCX0\">contributed <\/span><span class=\"NormalTextRun SCXW57129590 BCX0\">to a new policy<\/span><span class=\"NormalTextRun SCXW57129590 BCX0\"> designed to support children orphaned by femicide<\/span><span class=\"NormalTextRun SCXW57129590 BCX0\"> In Bolivia<\/span><span class=\"NormalTextRun SCXW57129590 BCX0\">.<\/span><span class=\"NormalTextRun SCXW57129590 BCX0\"> Passed <\/span><span class=\"NormalTextRun SCXW57129590 BCX0\">by the Bolivian Congress in 2024, the<\/span><span class=\"NormalTextRun SCXW57129590 BCX0\"> bill <\/span><span class=\"NormalTextRun SCXW57129590 BCX0\">establishes<\/span><span class=\"NormalTextRun SCXW57129590 BCX0\"> monthly financial <\/span><span class=\"NormalTextRun SCXW57129590 BCX0\">assistance<\/span><span class=\"NormalTextRun SCXW57129590 BCX0\">,<\/span><span class=\"NormalTextRun SCXW57129590 BCX0\"> psychosocial <\/span><span class=\"NormalTextRun SCXW57129590 BCX0\">support<\/span><span class=\"NormalTextRun SCXW57129590 BCX0\"> and <\/span><span class=\"NormalTextRun SCXW57129590 BCX0\">access to public universities <\/span><span class=\"NormalTextRun SCXW57129590 BCX0\">for <\/span><span class=\"NormalTextRun SCXW57129590 BCX0\">children and adolescents who lost their mothers due to <\/span><span class=\"NormalTextRun SCXW57129590 BCX0\">gender-based violence.<\/span><\/span><span class=\"TextRun SCXW57129590 BCX0\" lang=\"EN-US\" xml:lang=\"EN-US\" data-contrast=\"auto\"><span class=\"NormalTextRun SCXW57129590 BCX0\">\u00a0<\/span><\/span>","button":""},{"image":5108,"brow":"Abortion Rights, Brazil","title":"Joining Our Voices for Justice","abstract":"<span style=\"font-weight: 400;\">In 2024, F\u00f2s Feminista\u2019s local partners mobilized the public against a national bill that sought to severely restrict legal abortion access, particularly impacting adolescent girls who are survivors of sexual violence. Rallying around the motto a \u201ca child is not a mother,\u201d the campaign successfully built public pressure against the bill, and the bill stalled in Congress.<\/span>","button":""}],"":null,"anchor_id":""}},{"acf_fc_layout":"layout_feed","_acfe_flexible_toggle":"","component_feed":{"heading":"Related News and Stories","link":"","manually_curate":true,"posts":[4965,4963,4951],"select_taxonomy_terms":["26","21"],"":null,"anchor_id":""}},{"acf_fc_layout":"layout_featured_initiative","_acfe_flexible_toggle":"","component_featured_initiative":{"title":"","link":"","post":[2307],"":null,"anchor_id":""}}]},"yoast_head":"<!-- This site is optimized with the Yoast SEO plugin v27.5 - https:\/\/yoast.com\/product\/yoast-seo-wordpress\/ -->\n<title>Transform Laws &amp; Policies - F\u00f2s Feminista<\/title>\n<meta name=\"robots\" content=\"index, follow, max-snippet:-1, max-image-preview:large, max-video-preview:-1\" \/>\n<link rel=\"canonical\" href=\"https:\/\/fosfeminista.org\/pt\/what-we-do\/transform-laws-policies\/\" \/>\n<meta property=\"og:locale\" content=\"pt_BR\" \/>\n<meta property=\"og:type\" content=\"article\" \/>\n<meta property=\"og:title\" content=\"Transform Laws &amp; Policies - F\u00f2s Feminista\" \/>\n<meta property=\"og:description\" content=\"F\u00f2s Feminista champions a world where women, girls, and gender-diverse people have the power and autonomy to participate without barriers in society and make informed decisions about their bodies, lives, and futures.\" \/>\n<meta property=\"og:url\" content=\"https:\/\/fosfeminista.org\/pt\/what-we-do\/transform-laws-policies\/\" \/>\n<meta property=\"og:site_name\" content=\"F\u00f2s Feminista\" \/>\n<meta property=\"article:modified_time\" content=\"2025-09-30T03:48:30+00:00\" \/>\n<meta property=\"og:image\" content=\"https:\/\/fosfeminista.org\/wp-content\/uploads\/2025\/09\/Redes-da-Mare.png\" \/>\n\t<meta property=\"og:image:width\" content=\"1280\" \/>\n\t<meta property=\"og:image:height\" content=\"894\" \/>\n\t<meta property=\"og:image:type\" content=\"image\/png\" \/>\n<meta name=\"twitter:card\" content=\"summary_large_image\" \/>\n<script type=\"application\/ld+json\" class=\"yoast-schema-graph\">{\"@context\":\"https:\\\/\\\/schema.org\",\"@graph\":[{\"@type\":\"WebPage\",\"@id\":\"https:\\\/\\\/fosfeminista.org\\\/es\\\/what-we-do\\\/transform-laws-policies\\\/\",\"url\":\"https:\\\/\\\/fosfeminista.org\\\/es\\\/what-we-do\\\/transform-laws-policies\\\/\",\"name\":\"Transform Laws & Policies - F\u00f2s Feminista\",\"isPartOf\":{\"@id\":\"https:\\\/\\\/fosfeminista.org\\\/#website\"},\"primaryImageOfPage\":{\"@id\":\"https:\\\/\\\/fosfeminista.org\\\/es\\\/what-we-do\\\/transform-laws-policies\\\/#primaryimage\"},\"image\":{\"@id\":\"https:\\\/\\\/fosfeminista.org\\\/es\\\/what-we-do\\\/transform-laws-policies\\\/#primaryimage\"},\"thumbnailUrl\":\"https:\\\/\\\/fosfeminista.org\\\/wp-content\\\/uploads\\\/2025\\\/09\\\/Redes-da-Mare.png\",\"datePublished\":\"2025-09-08T17:10:01+00:00\",\"dateModified\":\"2025-09-30T03:48:30+00:00\",\"breadcrumb\":{\"@id\":\"https:\\\/\\\/fosfeminista.org\\\/es\\\/what-we-do\\\/transform-laws-policies\\\/#breadcrumb\"},\"inLanguage\":\"pt-BR\",\"potentialAction\":[{\"@type\":\"ReadAction\",\"target\":[\"https:\\\/\\\/fosfeminista.org\\\/es\\\/what-we-do\\\/transform-laws-policies\\\/\"]}]},{\"@type\":\"ImageObject\",\"inLanguage\":\"pt-BR\",\"@id\":\"https:\\\/\\\/fosfeminista.org\\\/es\\\/what-we-do\\\/transform-laws-policies\\\/#primaryimage\",\"url\":\"https:\\\/\\\/fosfeminista.org\\\/wp-content\\\/uploads\\\/2025\\\/09\\\/Redes-da-Mare.png\",\"contentUrl\":\"https:\\\/\\\/fosfeminista.org\\\/wp-content\\\/uploads\\\/2025\\\/09\\\/Redes-da-Mare.png\",\"width\":1280,\"height\":894},{\"@type\":\"BreadcrumbList\",\"@id\":\"https:\\\/\\\/fosfeminista.org\\\/es\\\/what-we-do\\\/transform-laws-policies\\\/#breadcrumb\",\"itemListElement\":[{\"@type\":\"ListItem\",\"position\":1,\"name\":\"Home\",\"item\":\"https:\\\/\\\/fosfeminista.org\\\/\"},{\"@type\":\"ListItem\",\"position\":2,\"name\":\"What We Do\",\"item\":\"https:\\\/\\\/fosfeminista.org\\\/es\\\/what-we-do\\\/\"},{\"@type\":\"ListItem\",\"position\":3,\"name\":\"Transform Laws &#038; Policies\"}]},{\"@type\":\"WebSite\",\"@id\":\"https:\\\/\\\/fosfeminista.org\\\/#website\",\"url\":\"https:\\\/\\\/fosfeminista.org\\\/\",\"name\":\"F\u00f2s Feminista\",\"description\":\"\",\"potentialAction\":[{\"@type\":\"SearchAction\",\"target\":{\"@type\":\"EntryPoint\",\"urlTemplate\":\"https:\\\/\\\/fosfeminista.org\\\/?s={search_term_string}\"},\"query-input\":{\"@type\":\"PropertyValueSpecification\",\"valueRequired\":true,\"valueName\":\"search_term_string\"}}],\"inLanguage\":\"pt-BR\"}]}<\/script>\n<!-- \/ Yoast SEO plugin. -->","yoast_head_json":{"title":"Transform Laws & Policies - F\u00f2s Feminista","robots":{"index":"index","follow":"follow","max-snippet":"max-snippet:-1","max-image-preview":"max-image-preview:large","max-video-preview":"max-video-preview:-1"},"canonical":"https:\/\/fosfeminista.org\/pt\/what-we-do\/transform-laws-policies\/","og_locale":"pt_BR","og_type":"article","og_title":"Transform Laws & Policies - F\u00f2s Feminista","og_description":"F\u00f2s Feminista champions a world where women, girls, and gender-diverse people have the power and autonomy to participate without barriers in society and make informed decisions about their bodies, lives, and futures.","og_url":"https:\/\/fosfeminista.org\/pt\/what-we-do\/transform-laws-policies\/","og_site_name":"F\u00f2s Feminista","article_modified_time":"2025-09-30T03:48:30+00:00","og_image":[{"width":1280,"height":894,"url":"https:\/\/fosfeminista.org\/wp-content\/uploads\/2025\/09\/Redes-da-Mare.png","type":"image\/png"}],"twitter_card":"summary_large_image","schema":{"@context":"https:\/\/schema.org","@graph":[{"@type":"WebPage","@id":"https:\/\/fosfeminista.org\/es\/what-we-do\/transform-laws-policies\/","url":"https:\/\/fosfeminista.org\/es\/what-we-do\/transform-laws-policies\/","name":"Transform Laws & Policies - F\u00f2s Feminista","isPartOf":{"@id":"https:\/\/fosfeminista.org\/#website"},"primaryImageOfPage":{"@id":"https:\/\/fosfeminista.org\/es\/what-we-do\/transform-laws-policies\/#primaryimage"},"image":{"@id":"https:\/\/fosfeminista.org\/es\/what-we-do\/transform-laws-policies\/#primaryimage"},"thumbnailUrl":"https:\/\/fosfeminista.org\/wp-content\/uploads\/2025\/09\/Redes-da-Mare.png","datePublished":"2025-09-08T17:10:01+00:00","dateModified":"2025-09-30T03:48:30+00:00","breadcrumb":{"@id":"https:\/\/fosfeminista.org\/es\/what-we-do\/transform-laws-policies\/#breadcrumb"},"inLanguage":"pt-BR","potentialAction":[{"@type":"ReadAction","target":["https:\/\/fosfeminista.org\/es\/what-we-do\/transform-laws-policies\/"]}]},{"@type":"ImageObject","inLanguage":"pt-BR","@id":"https:\/\/fosfeminista.org\/es\/what-we-do\/transform-laws-policies\/#primaryimage","url":"https:\/\/fosfeminista.org\/wp-content\/uploads\/2025\/09\/Redes-da-Mare.png","contentUrl":"https:\/\/fosfeminista.org\/wp-content\/uploads\/2025\/09\/Redes-da-Mare.png","width":1280,"height":894},{"@type":"BreadcrumbList","@id":"https:\/\/fosfeminista.org\/es\/what-we-do\/transform-laws-policies\/#breadcrumb","itemListElement":[{"@type":"ListItem","position":1,"name":"Home","item":"https:\/\/fosfeminista.org\/"},{"@type":"ListItem","position":2,"name":"What We Do","item":"https:\/\/fosfeminista.org\/es\/what-we-do\/"},{"@type":"ListItem","position":3,"name":"Transform Laws &#038; Policies"}]},{"@type":"WebSite","@id":"https:\/\/fosfeminista.org\/#website","url":"https:\/\/fosfeminista.org\/","name":"F\u00f2s Feminista","description":"","potentialAction":[{"@type":"SearchAction","target":{"@type":"EntryPoint","urlTemplate":"https:\/\/fosfeminista.org\/?s={search_term_string}"},"query-input":{"@type":"PropertyValueSpecification","valueRequired":true,"valueName":"search_term_string"}}],"inLanguage":"pt-BR"}]}},"_links":{"self":[{"href":"https:\/\/fosfeminista.org\/pt\/wp-json\/wp\/v2\/pages\/2478","targetHints":{"allow":["GET"]}}],"collection":[{"href":"https:\/\/fosfeminista.org\/pt\/wp-json\/wp\/v2\/pages"}],"about":[{"href":"https:\/\/fosfeminista.org\/pt\/wp-json\/wp\/v2\/types\/page"}],"author":[{"embeddable":true,"href":"https:\/\/fosfeminista.org\/pt\/wp-json\/wp\/v2\/users\/2"}],"replies":[{"embeddable":true,"href":"https:\/\/fosfeminista.org\/pt\/wp-json\/wp\/v2\/comments?post=2478"}],"version-history":[{"count":15,"href":"https:\/\/fosfeminista.org\/pt\/wp-json\/wp\/v2\/pages\/2478\/revisions"}],"predecessor-version":[{"id":5712,"href":"https:\/\/fosfeminista.org\/pt\/wp-json\/wp\/v2\/pages\/2478\/revisions\/5712"}],"up":[{"embeddable":true,"href":"https:\/\/fosfeminista.org\/pt\/wp-json\/wp\/v2\/pages\/2451"}],"wp:featuredmedia":[{"embeddable":true,"href":"https:\/\/fosfeminista.org\/pt\/wp-json\/wp\/v2\/media\/5652"}],"wp:attachment":[{"href":"https:\/\/fosfeminista.org\/pt\/wp-json\/wp\/v2\/media?parent=2478"}],"curies":[{"name":"wp","href":"https:\/\/api.w.org\/{rel}","templated":true}]}}