{"id":2476,"date":"2025-09-08T13:09:43","date_gmt":"2025-09-08T17:09:43","guid":{"rendered":"https:\/\/fosfeminista.org\/?page_id=2476"},"modified":"2025-09-29T16:26:27","modified_gmt":"2025-09-29T20:26:27","slug":"expand-cares-services","status":"publish","type":"page","link":"https:\/\/fosfeminista.org\/pt\/what-we-do\/expand-cares-services\/","title":{"rendered":"Ampliar o acesso a cuidados e servi\u00e7os"},"content":{"rendered":"","protected":false},"excerpt":{"rendered":"<p>O F\u00f2s Feminista coloca a escolha nas m\u00e3os de mulheres e meninas, oferecendo atendimento de sa\u00fade sexual e reprodutiva onde elas vivem - por meio de cl\u00ednicas e atendimento comunit\u00e1rio.<\/p>","protected":false},"author":2,"featured_media":5706,"parent":2451,"menu_order":0,"comment_status":"closed","ping_status":"closed","template":"","meta":{"_acf_changed":false,"_relevanssi_hide_post":"","_relevanssi_hide_content":"","_relevanssi_pin_for_all":"","_relevanssi_pin_keywords":"","_relevanssi_unpin_keywords":"","_relevanssi_related_keywords":"","_relevanssi_related_include_ids":"","_relevanssi_related_exclude_ids":"","_relevanssi_related_no_append":"","_relevanssi_related_not_related":"","_relevanssi_related_posts":"","_relevanssi_noindex_reason":""},"class_list":["post-2476","page","type-page","status-publish","has-post-thumbnail","hentry"],"acf":{"page_layout":[{"acf_fc_layout":"layout_hero_basic","_acfe_flexible_toggle":"","component_hero_basic":{"":null,"kicker_text":"","title":"Amplia\u00e7\u00e3o do acesso a cuidados e servi\u00e7os","heading_size":"standard","description":"O F\u00f2s Feminista coloca a escolha nas m\u00e3os de mulheres e meninas, oferecendo atendimento de sa\u00fade sexual e reprodutiva onde elas vivem - por meio de cl\u00ednicas e atendimento comunit\u00e1rio.","link":"","button":"","image":5706,"anchor_id":""}},{"acf_fc_layout":"layout_wysiwyg","_acfe_flexible_toggle":"","component_wysiwyg":{"content":"<h5><span style=\"font-weight: 400;\"><strong>O atendimento \u00e0 sa\u00fade sexual e reprodutiva, incluindo a educa\u00e7\u00e3o sexual, n\u00e3o \u00e9 apenas um servi\u00e7o. \u00c9 um direito fundamental<\/strong><\/span> <span style=\"font-weight: 400;\"><strong>e uma base para a autonomia e a autodetermina\u00e7\u00e3o do corpo.<\/strong> <\/span><\/h5>\r\n<span style=\"font-weight: 400;\">O F\u00f2s Feminista promove esse direito para todos - especialmente para mulheres e meninas marginalizadas - para que possam exercer poder sobre seus corpos, sa\u00fade e futuro.\u00a0<\/span>\r\n\r\n<span style=\"font-weight: 400;\">Ao lado de nossos parceiros como prestadores de cuidados na linha de frente, priorizamos servi\u00e7os integrados que alcan\u00e7am aqueles que s\u00e3o negligenciados pelos sistemas formais de sa\u00fade, especialmente as meninas adolescentes. Juntos, n\u00f3s fornecemos:\u00a0<\/span>\r\n<ul>\r\n \t<li style=\"font-weight: 400;\" aria-level=\"1\"><span style=\"font-weight: 400;\">Aconselhamento contraceptivo e uma gama completa de m\u00e9todos contraceptivos<\/span><\/li>\r\n \t<li style=\"font-weight: 400;\" aria-level=\"1\"><span style=\"font-weight: 400;\">Atendimento ao aborto seguro e legal, incluindo apoio ao aborto autogerenciado e redu\u00e7\u00e3o de danos para apoiar a sa\u00fade e a seguran\u00e7a das mulheres<\/span><\/li>\r\n \t<li style=\"font-weight: 400;\" aria-level=\"1\"><span style=\"font-weight: 400;\">Cuidados centrados no sobrevivente para prevenir e responder \u00e0 viol\u00eancia sexual e de g\u00eanero<\/span><\/li>\r\n \t<li style=\"font-weight: 400;\" aria-level=\"1\"><span style=\"font-weight: 400;\">Educa\u00e7\u00e3o sexual para adolescentes e jovens com base em direitos e evid\u00eancias<\/span><\/li>\r\n \t<li style=\"font-weight: 400;\" aria-level=\"1\"><span style=\"font-weight: 400;\">Cuidados integrados para atender a outras necessidades de sa\u00fade, inclusive para homens e meninos<\/span><\/li>\r\n<\/ul>","":null,"anchor_id":""}},{"acf_fc_layout":"layout_video","_acfe_flexible_toggle":"","component_video":{"video":"https:\/\/youtu.be\/6Nqjm-VfBhs?feature=shared","thumbnail":"","caption":"<span style=\"font-weight: 400;\">In underserved rural communities in the Dominican Republic, where poverty, discrimination, and geography limit access to care, F\u00f2s Feminista partner Profamilia brings services directly to communities through a mobile unit\u2014offering Pap smears, contraceptives, referrals to clinics, and other sexual and reproductive health care.<\/span>\r\n\r\nVideo Credit: Profamilia, F\u00f2s Feminista, with support from the Virginia B. Toulmin Foundation","":null,"helper_width":"narrow","anchor_id":""}},{"acf_fc_layout":"layout_statistics","_acfe_flexible_toggle":"","component_statistics":{"title":"Tornando os direitos uma realidade","abstract":"<span style=\"font-weight: 400;\">Between 2023 and 2024, the F\u00f2s Feminista Alliance delivered essential sexual and reproductive health services and education to millions, transforming rights on paper into real access. This included:<\/span>","statistics":[{"number":"44.5M","text_after":"sexual and reproductive health services, including 8.1M contraceptive services, 1.3M safe abortion services, and 1.3M services for sexual and gender-based violence.","source":"F\u00f2s Feminista meets women and girls where they are - in clinics, communities, and digital spaces \u2013 providing care and services to respond to urgent and diverse health needs with compassion, accessibility, and a deep commitment to feminist values."},{"number":"1.24M","text_after":"unintended pregnancies prevented as a result of contraceptive products distributed","source":"This impact reflects the combined effect of contraceptive services delivered by F\u00f2s Feminista partners, including counseling, clinical care, and support for self-managed care. As part of these services, 13 million contraceptive products, such as pills, injectables, implants, IUDs, and condoms were distributed. "},{"number":"7.9M","text_after":"people reached with sexual and reproductive health care","source":"Around four in five people reached with care and services were women and girls, one in four were young people under 25 years old, and one in three were living in a situation of vulnerability. This reach reflects our unwavering commitment to ensuring sexual and reproductive health and rights for all. We also reached 1 million young people under 25 years old who participated in sex ed programs."}],"":null,"anchor_id":""}},{"acf_fc_layout":"layout_accordion_feature","_acfe_flexible_toggle":"","component_accordion_feature":{"":null,"kicker":"How We Make Change","title":"Colocando a escolha nas m\u00e3os de mulheres e meninas","intro":"<span style=\"font-weight: 400;\">We expand access to contraception, abortion, and sexual and gender-based violence services, as well as comprehensive sex ed. Alongside our partners as frontline providers and community leaders, we break down barriers for those most often excluded, including adolescent girls, rural and poor populations, and people in humanitarian crises, through: <\/span>","image":3700,"items":[{"title":"Community-based care","open":false,"html":"<span style=\"font-weight: 400;\">Community-based care is a lifeline for the most marginalized women and girls. Our partners reach people where they are through: mobile health clinics in remote areas; digital platforms and hotlines that offer information and counseling; community-based health promoters who provide counseling and contraceptives; and accompaniment (community-based support that offers information, reassurance, and follow-up) for self-managed care, including abortion.<\/span>"},{"title":"Clinics and other facilities","open":false,"html":"<span style=\"font-weight: 400;\">Our clinical facilities are essential to providing a full range of sexual and reproductive health services that address complex needs and extend access at scale. We also partner with public health systems, private providers, and schools to improve quality, referrals, and sex ed, expanding access across entire communities.<\/span>"},{"title":"Reproductive health supplies ","open":false,"html":"<span style=\"font-weight: 400;\">Access means little without reliable supplies. F\u00f2s Feminista secures contraceptives, abortion medications, menstrual products, and other essentials for women and girls, and works with governments to register, import, and distribute them so shelves never run empty.<\/span>"}],"anchor_id":""}},{"acf_fc_layout":"layout_pull_quote","_acfe_flexible_toggle":"","component_pull_quote":{"":null,"background_color":"cream","headline":"","quote":"\u201cIn communities where there are many times taboos or disinformation about these topics, an education like PODEROSXS empowers young people to express themselves freely, protect themselves, and to live their sexuality in a healthy and safe way.","meta":{"name":"17-year-old Jos\u00e9 Oquendo Cartagena","work":"Participant in sex ed program led by Poderosas, Colombia"},"additional_promotion":{"heading":"","link":""},"image":3708,"anchor_id":""}},{"acf_fc_layout":"layout_column_feature","_acfe_flexible_toggle":"","component_column_feature":{"title":"Cuidados em a\u00e7\u00e3o","abstract":"","columns":[{"image":5642,"brow":"Emergency Contraception, Honduras","title":"From Ban to Access, Fueled by Community","abstract":"<span style=\"font-weight: 400;\">When Honduras ended its 14-year ban on morning after pills in 2023, F\u00f2s Feminista partner ASHONPLAFA moved fast, educating communities, countering misinformation, and putting pills in people\u2019s hands.<\/span>","button":""},{"image":5643,"brow":"Cervical Cancer Screening, Guyana","title":"Expanding cancer screening through public-private partnerships ","abstract":"<span style=\"font-weight: 400;\">In a country where only 13% of women get regular Pap smears, F\u00f2s Feminista partner GRPA is working with the Ministry of Health and private sponsors to reach marginalized rural and Indigenous communities with information, testing and follow up. <\/span>","button":""},{"image":5644,"brow":"Abortion Access, Nigeria","title":"A hotline to support self-managed abortion","abstract":"<span style=\"font-weight: 400;\">The Ms. Rosy hotline operated by F\u00f2s Feminista partner GIWYN reaches more than 100,000 people each year with evidence-based information on contraception, self-managed abortion, post-abortion care, and other issues. <\/span>","button":""}],"":null,"anchor_id":""}},{"acf_fc_layout":"layout_feed","_acfe_flexible_toggle":"","component_feed":{"heading":"Related News and Stories","link":"","manually_curate":true,"posts":[4957,4955,4937],"select_taxonomy_terms":["21","26"],"":null,"anchor_id":""}},{"acf_fc_layout":"layout_featured_initiative","_acfe_flexible_toggle":"","component_featured_initiative":{"title":"","link":"","post":[2307],"":null,"anchor_id":""}}]},"yoast_head":"<!-- This site is optimized with the Yoast SEO plugin v27.5 - https:\/\/yoast.com\/product\/yoast-seo-wordpress\/ -->\n<title>Expand Access to Care and Services - F\u00f2s Feminista<\/title>\n<meta name=\"robots\" content=\"index, follow, max-snippet:-1, max-image-preview:large, max-video-preview:-1\" \/>\n<link rel=\"canonical\" href=\"https:\/\/fosfeminista.org\/pt\/what-we-do\/expand-cares-services\/\" \/>\n<meta property=\"og:locale\" content=\"pt_BR\" \/>\n<meta property=\"og:type\" content=\"article\" \/>\n<meta property=\"og:title\" content=\"Expand Access to Care and Services - F\u00f2s Feminista\" \/>\n<meta property=\"og:description\" content=\"F\u00f2s Feminista puts choice in the hands of women and girls by delivering sexual and reproductive health care where they live\u2014through clinics and community-based care.\" \/>\n<meta property=\"og:url\" content=\"https:\/\/fosfeminista.org\/pt\/what-we-do\/expand-cares-services\/\" \/>\n<meta property=\"og:site_name\" content=\"F\u00f2s Feminista\" \/>\n<meta property=\"article:modified_time\" content=\"2025-09-29T20:26:27+00:00\" \/>\n<meta property=\"og:image\" content=\"https:\/\/fosfeminista.org\/wp-content\/uploads\/2025\/09\/GRPA-1.png\" \/>\n\t<meta property=\"og:image:width\" content=\"1280\" \/>\n\t<meta property=\"og:image:height\" content=\"894\" \/>\n\t<meta property=\"og:image:type\" content=\"image\/png\" \/>\n<meta name=\"twitter:card\" content=\"summary_large_image\" \/>\n<script type=\"application\/ld+json\" class=\"yoast-schema-graph\">{\"@context\":\"https:\\\/\\\/schema.org\",\"@graph\":[{\"@type\":\"WebPage\",\"@id\":\"https:\\\/\\\/fosfeminista.org\\\/fr\\\/what-we-do\\\/expand-cares-services\\\/\",\"url\":\"https:\\\/\\\/fosfeminista.org\\\/fr\\\/what-we-do\\\/expand-cares-services\\\/\",\"name\":\"Expand Access to Care and Services - F\u00f2s Feminista\",\"isPartOf\":{\"@id\":\"https:\\\/\\\/fosfeminista.org\\\/#website\"},\"primaryImageOfPage\":{\"@id\":\"https:\\\/\\\/fosfeminista.org\\\/fr\\\/what-we-do\\\/expand-cares-services\\\/#primaryimage\"},\"image\":{\"@id\":\"https:\\\/\\\/fosfeminista.org\\\/fr\\\/what-we-do\\\/expand-cares-services\\\/#primaryimage\"},\"thumbnailUrl\":\"https:\\\/\\\/fosfeminista.org\\\/wp-content\\\/uploads\\\/2025\\\/09\\\/GRPA-1.png\",\"datePublished\":\"2025-09-08T17:09:43+00:00\",\"dateModified\":\"2025-09-29T20:26:27+00:00\",\"breadcrumb\":{\"@id\":\"https:\\\/\\\/fosfeminista.org\\\/fr\\\/what-we-do\\\/expand-cares-services\\\/#breadcrumb\"},\"inLanguage\":\"pt-BR\",\"potentialAction\":[{\"@type\":\"ReadAction\",\"target\":[\"https:\\\/\\\/fosfeminista.org\\\/fr\\\/what-we-do\\\/expand-cares-services\\\/\"]}]},{\"@type\":\"ImageObject\",\"inLanguage\":\"pt-BR\",\"@id\":\"https:\\\/\\\/fosfeminista.org\\\/fr\\\/what-we-do\\\/expand-cares-services\\\/#primaryimage\",\"url\":\"https:\\\/\\\/fosfeminista.org\\\/wp-content\\\/uploads\\\/2025\\\/09\\\/GRPA-1.png\",\"contentUrl\":\"https:\\\/\\\/fosfeminista.org\\\/wp-content\\\/uploads\\\/2025\\\/09\\\/GRPA-1.png\",\"width\":1280,\"height\":894},{\"@type\":\"BreadcrumbList\",\"@id\":\"https:\\\/\\\/fosfeminista.org\\\/fr\\\/what-we-do\\\/expand-cares-services\\\/#breadcrumb\",\"itemListElement\":[{\"@type\":\"ListItem\",\"position\":1,\"name\":\"Home\",\"item\":\"https:\\\/\\\/fosfeminista.org\\\/\"},{\"@type\":\"ListItem\",\"position\":2,\"name\":\"What We Do\",\"item\":\"https:\\\/\\\/fosfeminista.org\\\/es\\\/what-we-do\\\/\"},{\"@type\":\"ListItem\",\"position\":3,\"name\":\"Expand Access to Care and Services\"}]},{\"@type\":\"WebSite\",\"@id\":\"https:\\\/\\\/fosfeminista.org\\\/#website\",\"url\":\"https:\\\/\\\/fosfeminista.org\\\/\",\"name\":\"F\u00f2s Feminista\",\"description\":\"\",\"potentialAction\":[{\"@type\":\"SearchAction\",\"target\":{\"@type\":\"EntryPoint\",\"urlTemplate\":\"https:\\\/\\\/fosfeminista.org\\\/?s={search_term_string}\"},\"query-input\":{\"@type\":\"PropertyValueSpecification\",\"valueRequired\":true,\"valueName\":\"search_term_string\"}}],\"inLanguage\":\"pt-BR\"}]}<\/script>\n<!-- \/ Yoast SEO plugin. -->","yoast_head_json":{"title":"Expand Access to Care and Services - F\u00f2s Feminista","robots":{"index":"index","follow":"follow","max-snippet":"max-snippet:-1","max-image-preview":"max-image-preview:large","max-video-preview":"max-video-preview:-1"},"canonical":"https:\/\/fosfeminista.org\/pt\/what-we-do\/expand-cares-services\/","og_locale":"pt_BR","og_type":"article","og_title":"Expand Access to Care and Services - F\u00f2s Feminista","og_description":"F\u00f2s Feminista puts choice in the hands of women and girls by delivering sexual and reproductive health care where they live\u2014through clinics and community-based care.","og_url":"https:\/\/fosfeminista.org\/pt\/what-we-do\/expand-cares-services\/","og_site_name":"F\u00f2s Feminista","article_modified_time":"2025-09-29T20:26:27+00:00","og_image":[{"width":1280,"height":894,"url":"https:\/\/fosfeminista.org\/wp-content\/uploads\/2025\/09\/GRPA-1.png","type":"image\/png"}],"twitter_card":"summary_large_image","schema":{"@context":"https:\/\/schema.org","@graph":[{"@type":"WebPage","@id":"https:\/\/fosfeminista.org\/fr\/what-we-do\/expand-cares-services\/","url":"https:\/\/fosfeminista.org\/fr\/what-we-do\/expand-cares-services\/","name":"Expand Access to Care and Services - F\u00f2s Feminista","isPartOf":{"@id":"https:\/\/fosfeminista.org\/#website"},"primaryImageOfPage":{"@id":"https:\/\/fosfeminista.org\/fr\/what-we-do\/expand-cares-services\/#primaryimage"},"image":{"@id":"https:\/\/fosfeminista.org\/fr\/what-we-do\/expand-cares-services\/#primaryimage"},"thumbnailUrl":"https:\/\/fosfeminista.org\/wp-content\/uploads\/2025\/09\/GRPA-1.png","datePublished":"2025-09-08T17:09:43+00:00","dateModified":"2025-09-29T20:26:27+00:00","breadcrumb":{"@id":"https:\/\/fosfeminista.org\/fr\/what-we-do\/expand-cares-services\/#breadcrumb"},"inLanguage":"pt-BR","potentialAction":[{"@type":"ReadAction","target":["https:\/\/fosfeminista.org\/fr\/what-we-do\/expand-cares-services\/"]}]},{"@type":"ImageObject","inLanguage":"pt-BR","@id":"https:\/\/fosfeminista.org\/fr\/what-we-do\/expand-cares-services\/#primaryimage","url":"https:\/\/fosfeminista.org\/wp-content\/uploads\/2025\/09\/GRPA-1.png","contentUrl":"https:\/\/fosfeminista.org\/wp-content\/uploads\/2025\/09\/GRPA-1.png","width":1280,"height":894},{"@type":"BreadcrumbList","@id":"https:\/\/fosfeminista.org\/fr\/what-we-do\/expand-cares-services\/#breadcrumb","itemListElement":[{"@type":"ListItem","position":1,"name":"Home","item":"https:\/\/fosfeminista.org\/"},{"@type":"ListItem","position":2,"name":"What We Do","item":"https:\/\/fosfeminista.org\/es\/what-we-do\/"},{"@type":"ListItem","position":3,"name":"Expand Access to Care and Services"}]},{"@type":"WebSite","@id":"https:\/\/fosfeminista.org\/#website","url":"https:\/\/fosfeminista.org\/","name":"F\u00f2s Feminista","description":"","potentialAction":[{"@type":"SearchAction","target":{"@type":"EntryPoint","urlTemplate":"https:\/\/fosfeminista.org\/?s={search_term_string}"},"query-input":{"@type":"PropertyValueSpecification","valueRequired":true,"valueName":"search_term_string"}}],"inLanguage":"pt-BR"}]}},"_links":{"self":[{"href":"https:\/\/fosfeminista.org\/pt\/wp-json\/wp\/v2\/pages\/2476","targetHints":{"allow":["GET"]}}],"collection":[{"href":"https:\/\/fosfeminista.org\/pt\/wp-json\/wp\/v2\/pages"}],"about":[{"href":"https:\/\/fosfeminista.org\/pt\/wp-json\/wp\/v2\/types\/page"}],"author":[{"embeddable":true,"href":"https:\/\/fosfeminista.org\/pt\/wp-json\/wp\/v2\/users\/2"}],"replies":[{"embeddable":true,"href":"https:\/\/fosfeminista.org\/pt\/wp-json\/wp\/v2\/comments?post=2476"}],"version-history":[{"count":22,"href":"https:\/\/fosfeminista.org\/pt\/wp-json\/wp\/v2\/pages\/2476\/revisions"}],"predecessor-version":[{"id":5710,"href":"https:\/\/fosfeminista.org\/pt\/wp-json\/wp\/v2\/pages\/2476\/revisions\/5710"}],"up":[{"embeddable":true,"href":"https:\/\/fosfeminista.org\/pt\/wp-json\/wp\/v2\/pages\/2451"}],"wp:featuredmedia":[{"embeddable":true,"href":"https:\/\/fosfeminista.org\/pt\/wp-json\/wp\/v2\/media\/5706"}],"wp:attachment":[{"href":"https:\/\/fosfeminista.org\/pt\/wp-json\/wp\/v2\/media?parent=2476"}],"curies":[{"name":"wp","href":"https:\/\/api.w.org\/{rel}","templated":true}]}}