{"id":2451,"date":"2025-08-29T11:51:48","date_gmt":"2025-08-29T15:51:48","guid":{"rendered":"https:\/\/fosfeminista.org\/?page_id=2451"},"modified":"2025-09-29T15:10:12","modified_gmt":"2025-09-29T19:10:12","slug":"what-we-do","status":"publish","type":"page","link":"https:\/\/fosfeminista.org\/pt\/what-we-do\/","title":{"rendered":"O que fazemos"},"content":{"rendered":"","protected":false},"excerpt":{"rendered":"<p>Fornecemos contracep\u00e7\u00e3o, assist\u00eancia ao aborto e educa\u00e7\u00e3o sexual para as mulheres e meninas mais marginalizadas, ao mesmo tempo em que defendemos o desmantelamento das barreiras que as impedem de ter acesso ao atendimento.<\/p>","protected":false},"author":7,"featured_media":2922,"parent":0,"menu_order":0,"comment_status":"closed","ping_status":"closed","template":"","meta":{"_acf_changed":false,"_relevanssi_hide_post":"","_relevanssi_hide_content":"","_relevanssi_pin_for_all":"","_relevanssi_pin_keywords":"","_relevanssi_unpin_keywords":"","_relevanssi_related_keywords":"","_relevanssi_related_include_ids":"","_relevanssi_related_exclude_ids":"","_relevanssi_related_no_append":"","_relevanssi_related_not_related":"","_relevanssi_related_posts":"","_relevanssi_noindex_reason":""},"class_list":["post-2451","page","type-page","status-publish","has-post-thumbnail","hentry"],"acf":{"page_layout":[{"acf_fc_layout":"layout_hero_basic","_acfe_flexible_toggle":"","component_hero_basic":{"":null,"kicker_text":"","title":"","heading_size":"standard","description":"<span style=\"font-weight: 400;\">Fornecemos contracep\u00e7\u00e3o, assist\u00eancia ao aborto e educa\u00e7\u00e3o sexual para as mulheres e meninas mais marginalizadas, ao mesmo tempo em que defendemos o desmantelamento das barreiras que as impedem de ter acesso ao atendimento.<\/span>","link":"","button":"","image":2922,"anchor_id":""}},{"acf_fc_layout":"layout_infographic","_acfe_flexible_toggle":"","component_infographic":{"title":"Uma alian\u00e7a feminista em a\u00e7\u00e3o","abstract":"<span style=\"font-weight: 400;\">The F\u00f2s Feminista Alliance embraces around 180 grassroots partners in 35 countries. <\/span>","texture_1":2634,"texture_2":2633,"image_1":2632,"image_2":2631,"details":[{"title":"F\u00f2s Feminista ","subtitle":"As the connecting fabric of an international feminist alliance, F\u00f2s Feminista:","image_1":2631,"image_2":2632,"items":[{"copy":"Creates solutions to gaps in the field"},{"copy":"Provides funding to sustain partners\u2019 work"},{"copy":"Enables partners\u2019 collaboration and capacity-sharing"},{"copy":"Convenes feminist civil society for joint action and advocacy"},{"copy":"Supports partners to build their capacities"}]},{"title":"Women, Girls, and Gender-Diverse People","subtitle":"With a focus on reaching people most impacted by inequalities, we engage...","image_1":2632,"image_2":2631,"items":[{"copy":"Poor and rural women and girls using community-based care models"},{"copy":"Adolescents and young people, in particular adolescent girls"},{"copy":"LGBTIQ+, Afro-descendant, and Indigenous communities"},{"copy":"Migrants and other people in humanitarian situations"},{"copy":"Men and boys as allies for gender equity"}]},{"title":"Our Alliance","subtitle":"Our partners work directly in their communities to:","image_1":2631,"image_2":2632,"items":[{"copy":"Provide sexual and reproductive health care and services"},{"copy":"Reach young people with sex ed and friendly services"},{"copy":"Advocate at the local level to improve laws and policies "},{"copy":"Engage communities to shift attitudes and social norms "},{"copy":"Participate in cross-movement organizing for protecting rights"}]}],"":null,"anchor_id":""}},{"acf_fc_layout":"layout_media_duo","_acfe_flexible_toggle":"","component_media_duo":{"title":"Como fazemos mudan\u00e7as","slides":[{"image":2924,"heading":"Provide Sexual and Reproductive Health Care and Services","copy":"<span style=\"font-weight: 400;\">We put choice in the hands of women and girls by ensuring access to sexual and reproductive health information, care, and services in clinics and in their communities. Together with our partners, we provide contraception, safe abortion, sex ed, and support for survivors of sexual and gender-based violence<\/span><span style=\"font-weight: 400;\">\u2014<\/span><span style=\"font-weight: 400;\">breaking barriers so every woman and girl can live with dignity and power. <\/span>","cta":{"title":"Learn More","url":"https:\/\/fosfeminista.org\/what-we-do\/expand-cares-services\/","target":""}},{"image":2925,"heading":" Transform Laws and Policies to Advance Sexual and Reproductive Rights","copy":"<span style=\"font-weight: 400;\">We call on governments to safeguard sexual and reproductive health and rights. Through advocacy at all levels, we champion laws that change lives and amplify local voices at the UN and in global and regional forums. <\/span>","cta":{"title":"Learn More","url":"https:\/\/fosfeminista.org\/what-we-do\/transform-laws-policies\/","target":""}},{"image":2926,"heading":"Invest in Local Partners to Build Their Long-Term Sustainability","copy":"<span style=\"font-weight: 400;\">We provide the funding, tools, and training our local partners need to build lasting impact in their communities. Along with grantmaking, we work with partners to create and sustain income-generating initiatives that fuel their mission. We also connect organizations and strengthen their capacity to amplify impact.<\/span>","cta":{"title":"Learn More","url":"https:\/\/fosfeminista.org\/what-we-do\/invest-in-local-partners\/","target":""}}],"":null,"anchor_id":""}},{"acf_fc_layout":"layout_accordion_feature","_acfe_flexible_toggle":"","component_accordion_feature":{"":null,"kicker":"FIELD CATALYST","title":"Construindo o campo para a justi\u00e7a reprodutiva","intro":"<span style=\"font-weight: 400;\">We champion sexual and reproductive health, rights, and justice by changing laws, funding movements, and strengthening local leadership.<\/span>","image":2927,"items":[{"title":"Influencing systems change","open":false,"html":"<span style=\"font-weight: 400;\">We work with decision-makers at every level to ensure laws and policies protect the sexual and reproductive health needs and rights of women and girls, while mobilizing communities to demand accountability.<\/span>"},{"title":"Funding the movement for the long term","open":false,"html":"<span style=\"font-weight: 400;\">We provide flexible and project-based grants to partners worldwide and support them in building financial independence, resilience, and sustainability through innovation and social enterprise.<\/span>"},{"title":"Creating a shared platform for change ","open":false,"html":"<span style=\"font-weight: 400;\">We bring partners together across regions and movements to exchange experiences, learn from each other, and co-create solutions to common challenges. <\/span>"},{"title":"Capacity Building for Sexual and Reproductive Health Partners","open":false,"html":"<span style=\"font-weight: 400;\">We work side-by-side with partners to design and implement stronger programs, improve data collection and evaluation, strengthen financial leadership and governance, and protect their organizations from risk.<\/span>"}],"anchor_id":""}},{"acf_fc_layout":"layout_cards_initiatives","_acfe_flexible_toggle":"","component_cards_initiatives":{"heading":"Initiatives","intro":"<span style=\"font-weight: 400;\">F\u00f2s Feminista drives change by closing gaps in sexual and reproductive health, rights, and justice. We back visionary change and lead multi-year initiatives that safeguard rights and expand care.<\/span>","link":{"title":"SEE ALL","url":"https:\/\/fosfeminista.org\/what-we-do\/initiatives\/","target":""},"posts":[2307,2667,2669],"":null,"anchor_id":""}}]},"yoast_head":"<!-- This site is optimized with the Yoast SEO plugin v27.5 - https:\/\/yoast.com\/product\/yoast-seo-wordpress\/ -->\n<title>What We Do - F\u00f2s Feminista<\/title>\n<meta name=\"robots\" content=\"index, follow, max-snippet:-1, max-image-preview:large, max-video-preview:-1\" \/>\n<link rel=\"canonical\" href=\"https:\/\/fosfeminista.org\/pt\/what-we-do\/\" \/>\n<meta property=\"og:locale\" content=\"pt_BR\" \/>\n<meta property=\"og:type\" content=\"article\" \/>\n<meta property=\"og:title\" content=\"What We Do - F\u00f2s Feminista\" \/>\n<meta property=\"og:description\" content=\"We provide contraception, abortion care, and sex ed to the most marginalized women and girls, while advocating to dismantle the barriers that keep them from accessing care.\" \/>\n<meta property=\"og:url\" content=\"https:\/\/fosfeminista.org\/pt\/what-we-do\/\" \/>\n<meta property=\"og:site_name\" content=\"F\u00f2s Feminista\" \/>\n<meta property=\"article:modified_time\" content=\"2025-09-29T19:10:12+00:00\" \/>\n<meta property=\"og:image\" content=\"https:\/\/fosfeminista.org\/wp-content\/uploads\/2025\/09\/Mexico_cGrisselLorenzo-ManoVuelta.png\" \/>\n\t<meta property=\"og:image:width\" content=\"1280\" \/>\n\t<meta property=\"og:image:height\" content=\"894\" \/>\n\t<meta property=\"og:image:type\" content=\"image\/png\" \/>\n<meta name=\"twitter:card\" content=\"summary_large_image\" \/>\n<script type=\"application\/ld+json\" class=\"yoast-schema-graph\">{\"@context\":\"https:\\\/\\\/schema.org\",\"@graph\":[{\"@type\":\"WebPage\",\"@id\":\"https:\\\/\\\/fosfeminista.org\\\/es\\\/what-we-do\\\/\",\"url\":\"https:\\\/\\\/fosfeminista.org\\\/es\\\/what-we-do\\\/\",\"name\":\"What We Do - F\u00f2s Feminista\",\"isPartOf\":{\"@id\":\"https:\\\/\\\/fosfeminista.org\\\/#website\"},\"primaryImageOfPage\":{\"@id\":\"https:\\\/\\\/fosfeminista.org\\\/es\\\/what-we-do\\\/#primaryimage\"},\"image\":{\"@id\":\"https:\\\/\\\/fosfeminista.org\\\/es\\\/what-we-do\\\/#primaryimage\"},\"thumbnailUrl\":\"https:\\\/\\\/fosfeminista.org\\\/wp-content\\\/uploads\\\/2025\\\/09\\\/Mexico_cGrisselLorenzo-ManoVuelta.png\",\"datePublished\":\"2025-08-29T15:51:48+00:00\",\"dateModified\":\"2025-09-29T19:10:12+00:00\",\"breadcrumb\":{\"@id\":\"https:\\\/\\\/fosfeminista.org\\\/es\\\/what-we-do\\\/#breadcrumb\"},\"inLanguage\":\"pt-BR\",\"potentialAction\":[{\"@type\":\"ReadAction\",\"target\":[\"https:\\\/\\\/fosfeminista.org\\\/es\\\/what-we-do\\\/\"]}]},{\"@type\":\"ImageObject\",\"inLanguage\":\"pt-BR\",\"@id\":\"https:\\\/\\\/fosfeminista.org\\\/es\\\/what-we-do\\\/#primaryimage\",\"url\":\"https:\\\/\\\/fosfeminista.org\\\/wp-content\\\/uploads\\\/2025\\\/09\\\/Mexico_cGrisselLorenzo-ManoVuelta.png\",\"contentUrl\":\"https:\\\/\\\/fosfeminista.org\\\/wp-content\\\/uploads\\\/2025\\\/09\\\/Mexico_cGrisselLorenzo-ManoVuelta.png\",\"width\":1280,\"height\":894},{\"@type\":\"BreadcrumbList\",\"@id\":\"https:\\\/\\\/fosfeminista.org\\\/es\\\/what-we-do\\\/#breadcrumb\",\"itemListElement\":[{\"@type\":\"ListItem\",\"position\":1,\"name\":\"Home\",\"item\":\"https:\\\/\\\/fosfeminista.org\\\/\"},{\"@type\":\"ListItem\",\"position\":2,\"name\":\"What We Do\"}]},{\"@type\":\"WebSite\",\"@id\":\"https:\\\/\\\/fosfeminista.org\\\/#website\",\"url\":\"https:\\\/\\\/fosfeminista.org\\\/\",\"name\":\"F\u00f2s Feminista\",\"description\":\"\",\"potentialAction\":[{\"@type\":\"SearchAction\",\"target\":{\"@type\":\"EntryPoint\",\"urlTemplate\":\"https:\\\/\\\/fosfeminista.org\\\/?s={search_term_string}\"},\"query-input\":{\"@type\":\"PropertyValueSpecification\",\"valueRequired\":true,\"valueName\":\"search_term_string\"}}],\"inLanguage\":\"pt-BR\"}]}<\/script>\n<!-- \/ Yoast SEO plugin. -->","yoast_head_json":{"title":"What We Do - F\u00f2s Feminista","robots":{"index":"index","follow":"follow","max-snippet":"max-snippet:-1","max-image-preview":"max-image-preview:large","max-video-preview":"max-video-preview:-1"},"canonical":"https:\/\/fosfeminista.org\/pt\/what-we-do\/","og_locale":"pt_BR","og_type":"article","og_title":"What We Do - F\u00f2s Feminista","og_description":"We provide contraception, abortion care, and sex ed to the most marginalized women and girls, while advocating to dismantle the barriers that keep them from accessing care.","og_url":"https:\/\/fosfeminista.org\/pt\/what-we-do\/","og_site_name":"F\u00f2s Feminista","article_modified_time":"2025-09-29T19:10:12+00:00","og_image":[{"width":1280,"height":894,"url":"https:\/\/fosfeminista.org\/wp-content\/uploads\/2025\/09\/Mexico_cGrisselLorenzo-ManoVuelta.png","type":"image\/png"}],"twitter_card":"summary_large_image","schema":{"@context":"https:\/\/schema.org","@graph":[{"@type":"WebPage","@id":"https:\/\/fosfeminista.org\/es\/what-we-do\/","url":"https:\/\/fosfeminista.org\/es\/what-we-do\/","name":"What We Do - F\u00f2s Feminista","isPartOf":{"@id":"https:\/\/fosfeminista.org\/#website"},"primaryImageOfPage":{"@id":"https:\/\/fosfeminista.org\/es\/what-we-do\/#primaryimage"},"image":{"@id":"https:\/\/fosfeminista.org\/es\/what-we-do\/#primaryimage"},"thumbnailUrl":"https:\/\/fosfeminista.org\/wp-content\/uploads\/2025\/09\/Mexico_cGrisselLorenzo-ManoVuelta.png","datePublished":"2025-08-29T15:51:48+00:00","dateModified":"2025-09-29T19:10:12+00:00","breadcrumb":{"@id":"https:\/\/fosfeminista.org\/es\/what-we-do\/#breadcrumb"},"inLanguage":"pt-BR","potentialAction":[{"@type":"ReadAction","target":["https:\/\/fosfeminista.org\/es\/what-we-do\/"]}]},{"@type":"ImageObject","inLanguage":"pt-BR","@id":"https:\/\/fosfeminista.org\/es\/what-we-do\/#primaryimage","url":"https:\/\/fosfeminista.org\/wp-content\/uploads\/2025\/09\/Mexico_cGrisselLorenzo-ManoVuelta.png","contentUrl":"https:\/\/fosfeminista.org\/wp-content\/uploads\/2025\/09\/Mexico_cGrisselLorenzo-ManoVuelta.png","width":1280,"height":894},{"@type":"BreadcrumbList","@id":"https:\/\/fosfeminista.org\/es\/what-we-do\/#breadcrumb","itemListElement":[{"@type":"ListItem","position":1,"name":"Home","item":"https:\/\/fosfeminista.org\/"},{"@type":"ListItem","position":2,"name":"What We Do"}]},{"@type":"WebSite","@id":"https:\/\/fosfeminista.org\/#website","url":"https:\/\/fosfeminista.org\/","name":"F\u00f2s Feminista","description":"","potentialAction":[{"@type":"SearchAction","target":{"@type":"EntryPoint","urlTemplate":"https:\/\/fosfeminista.org\/?s={search_term_string}"},"query-input":{"@type":"PropertyValueSpecification","valueRequired":true,"valueName":"search_term_string"}}],"inLanguage":"pt-BR"}]}},"_links":{"self":[{"href":"https:\/\/fosfeminista.org\/pt\/wp-json\/wp\/v2\/pages\/2451","targetHints":{"allow":["GET"]}}],"collection":[{"href":"https:\/\/fosfeminista.org\/pt\/wp-json\/wp\/v2\/pages"}],"about":[{"href":"https:\/\/fosfeminista.org\/pt\/wp-json\/wp\/v2\/types\/page"}],"author":[{"embeddable":true,"href":"https:\/\/fosfeminista.org\/pt\/wp-json\/wp\/v2\/users\/7"}],"replies":[{"embeddable":true,"href":"https:\/\/fosfeminista.org\/pt\/wp-json\/wp\/v2\/comments?post=2451"}],"version-history":[{"count":15,"href":"https:\/\/fosfeminista.org\/pt\/wp-json\/wp\/v2\/pages\/2451\/revisions"}],"predecessor-version":[{"id":5683,"href":"https:\/\/fosfeminista.org\/pt\/wp-json\/wp\/v2\/pages\/2451\/revisions\/5683"}],"wp:featuredmedia":[{"embeddable":true,"href":"https:\/\/fosfeminista.org\/pt\/wp-json\/wp\/v2\/media\/2922"}],"wp:attachment":[{"href":"https:\/\/fosfeminista.org\/pt\/wp-json\/wp\/v2\/media?parent=2451"}],"curies":[{"name":"wp","href":"https:\/\/api.w.org\/{rel}","templated":true}]}}