{"id":2832,"date":"2025-09-12T12:28:58","date_gmt":"2025-09-12T16:28:58","guid":{"rendered":"https:\/\/fosfeminista.org\/?page_id=2832"},"modified":"2025-09-28T11:57:34","modified_gmt":"2025-09-28T15:57:34","slug":"workplace-giving","status":"publish","type":"page","link":"https:\/\/fosfeminista.org\/fr\/give\/workplace-giving\/","title":{"rendered":"Workplace Giving"},"content":{"rendered":"","protected":false},"excerpt":{"rendered":"<p>De nombreux employeurs verseront une somme \u00e9quivalente \u00e0 votre don \u00e0 F\u00f2s Feminista, ce qui doublera, voire triplera l'impact de votre don qui sauve des vies. Rejoignez-nous pour faire en sorte que les femmes et les jeunes filles du monde entier aient acc\u00e8s aux soins reproductifs dont elles ont besoin.<\/p>","protected":false},"author":12,"featured_media":2957,"parent":2504,"menu_order":0,"comment_status":"closed","ping_status":"closed","template":"","meta":{"_acf_changed":false,"_relevanssi_hide_post":"","_relevanssi_hide_content":"","_relevanssi_pin_for_all":"","_relevanssi_pin_keywords":"","_relevanssi_unpin_keywords":"","_relevanssi_related_keywords":"","_relevanssi_related_include_ids":"","_relevanssi_related_exclude_ids":"","_relevanssi_related_no_append":"","_relevanssi_related_not_related":"","_relevanssi_related_posts":"","_relevanssi_noindex_reason":""},"class_list":["post-2832","page","type-page","status-publish","has-post-thumbnail","hentry"],"acf":{"page_layout":[{"acf_fc_layout":"layout_hero_basic","_acfe_flexible_toggle":"","component_hero_basic":{"":null,"kicker_text":"","title":"Doublez votre impact gr\u00e2ce aux dons sur le lieu de travail","heading_size":"standard","description":"<span style=\"font-weight: 400;\">De nombreux employeurs verseront une somme \u00e9quivalente \u00e0 votre don \u00e0 F\u00f2s Feminista, ce qui doublera, voire triplera l'impact de votre don qui sauve des vies. Rejoignez-nous pour faire en sorte que les femmes et les jeunes filles du monde entier aient acc\u00e8s aux soins reproductifs dont elles ont besoin.<\/span>","link":"","button":"","image":2957,"anchor_id":""}},{"acf_fc_layout":"layout_wysiwyg","_acfe_flexible_toggle":"","component_wysiwyg":{"content":"<span style=\"font-weight: 400;\">F\u00f2s Feminista est fi\u00e8re de participer \u00e0 de nombreuses campagnes de dons sur le lieu de travail dans tout le pays.\u00a0<\/span>\r\n\r\n<span style=\"font-weight: 400;\">Il s'agit d'un moyen simple et pratique de faire des dons r\u00e9currents, souvent assortis d'une contrepartie de la part de votre employeur, ce qui multiplie votre impact.<\/span>\r\n<h3>Retenue sur salaire<\/h3>\r\n<span style=\"font-weight: 400;\">Si votre employeur propose un programme de dons sur le lieu de travail, vous pouvez d\u00e9duire automatiquement les dons de charit\u00e9 de votre salaire tous les mois, tous les deux mois ou toutes les semaines. Ces contributions \u00e0 F\u00f2s Feminista sont d\u00e9ductibles des imp\u00f4ts. Pour participer, renseignez-vous aupr\u00e8s de votre service du personnel ou des ressources humaines sur le programme de dons sur le lieu de travail de votre entreprise.<\/span>\r\n\r\n<span>Si votre entreprise n'a pas de programme de dons sur le lieu de travail ou si F\u00f2s Feminista ne figure pas sur sa liste d'organisations caritatives, faites-le nous savoir et nous nous ferons un plaisir de les contacter en votre nom. Contact\u00a0<\/span><b>Lloyd Alexander : lalexander@fosfeminista.org ou 212-214-0278<\/b><span>\u00a0pour obtenir de l'aide.<\/span>\r\n<h3>Campagne f\u00e9d\u00e9rale combin\u00e9e (CFC)<\/h3>\r\nSi vous \u00eates un employ\u00e9 ou un retrait\u00e9 de l'administration f\u00e9d\u00e9rale am\u00e9ricaine, vous pouvez faire un don \u00e0 F\u00f2s Feminista par le biais de la Combined Federal Campaign. F\u00f2s Feminista's <strong>CFC # est 12006<\/strong>.\r\n<h3>Don jumel\u00e9 de l'employ\u00e9<\/h3>\r\n<span style=\"font-weight: 400;\">Si votre employeur a mis en place un programme d'abondement, votre don \u00e0 F\u00f2s Feminista peut \u00eatre doubl\u00e9, voire tripl\u00e9.<\/span>\r\n\r\n<span style=\"font-weight: 400;\">De nombreux employeurs versent une somme \u00e9quivalente aux contributions caritatives d\u00e9ductibles d'imp\u00f4t vers\u00e9es par leurs employ\u00e9s, et certains \u00e9tendent cet avantage aux retrait\u00e9s et \u00e0 leurs conjoints. Utilisez notre outil ci-dessous pour savoir si votre employeur participe \u00e0 ce programme. Pour obtenir de l'aide, contactez Lloyd Alexander, directeur associ\u00e9, dons individuels.<\/span><b> \u00e0 l'adresse lalexander@fosfeminista.org ou au (212) 214-0278<\/b><span style=\"font-weight: 400;\">.<\/span>","":null,"anchor_id":""}},{"acf_fc_layout":"layout_basic_html","_acfe_flexible_toggle":"","component_basic_html":{"content":"<script>var DDCONF = { API_KEY: \"qyEvCrlW40B5tNA4\" };<\/script> <script src=\"https:\/\/doublethedonation.com\/api\/js\/ddplugin.js\"><\/script> <link href=\"https:\/\/doublethedonation.com\/api\/css\/ddplugin.css\" rel=\"stylesheet\"> <div id=\"dd-container\"><a href=\"https:\/\/doublethedonation.com\/matching-grant-resources\/matching-gift-basics\/\">Don jumel\u00e9<\/a> et <a href=\"https:\/\/doublethedonation.com\/matching-grant-resources\/volunteer-grant-basics\/\">Bourse du b\u00e9n\u00e9volat<\/a> les informations fournies par <br><a href=\"https:\/\/doublethedonation.com\"><img alt=\"Powered by Double the Donation\" src=\"https:\/\/doublethedonation.com\/api\/img\/powered-by.png\" \/><\/a><\/div>","styled_display":false,"":null,"anchor_id":""}},{"acf_fc_layout":"layout_wysiwyg","_acfe_flexible_toggle":"","component_wysiwyg":{"content":"<h3>Give Through Benevity<\/h3>\r\nY<span style=\"font-weight: 400;\">ou can give to F\u00f2s Feminista directly through your employer\u2019s workplace giving program on Benevity\u2014many companies will even match your gift.<\/span>\r\n\r\n<span style=\"font-weight: 400;\">Find us by searching our EIN: 13-1845455.<\/span>\r\n\r\n[tm_button url=\"https:\/\/causes.benevity.org\/causes\/840-131845455\" label=\"Give through Benevity\" target=\"true\"]\r\n\r\n<span style=\"font-weight: 400;\">Not sure if your employer uses this platform? Check with your HR or benefits team.<\/span>\r\n<h3>Address + Tax ID<\/h3>\r\n<span style=\"font-weight: 400;\">Many supporters ask for our tax ID and address when setting up workplace giving\u2014you can find them here:<\/span>\r\n\r\n<span style=\"font-weight: 400;\">F\u00f2s Feminista<\/span><span style=\"font-weight: 400;\">\r\n<\/span><span style=\"font-weight: 400;\">125 Maiden Lane, 9th Floor<\/span><span style=\"font-weight: 400;\">\r\n<\/span><span style=\"font-weight: 400;\">New York, NY 10038-4730<\/span>\r\n\r\n<b>Tax ID<\/b><span style=\"font-weight: 400;\">: 13-1845455<\/span>\r\n<h3><b>Contact Us<\/b><\/h3>\r\n<span style=\"font-weight: 400;\">Questions? Reach out to <\/span><a href=\"mailto:lalexander@fosfeminista.org\"><span style=\"font-weight: 400;\">lalexander@fosfeminista.org<\/span><\/a><span style=\"font-weight: 400;\"> or (212) 214-0278 for personalized support.<\/span>","":null,"anchor_id":""}}]},"yoast_head":"<!-- This site is optimized with the Yoast SEO plugin v27.5 - https:\/\/yoast.com\/product\/yoast-seo-wordpress\/ -->\n<title>Workplace Giving - F\u00f2s Feminista<\/title>\n<meta name=\"robots\" content=\"index, follow, max-snippet:-1, max-image-preview:large, max-video-preview:-1\" \/>\n<link rel=\"canonical\" href=\"https:\/\/fosfeminista.org\/fr\/give\/workplace-giving\/\" \/>\n<meta property=\"og:locale\" content=\"fr_FR\" \/>\n<meta property=\"og:type\" content=\"article\" \/>\n<meta property=\"og:title\" content=\"Workplace Giving - F\u00f2s Feminista\" \/>\n<meta property=\"og:description\" content=\"Many employers will match your donation to F\u00f2s Feminista\u2014doubling or even tripling the impact of your lifesaving gift. Join us in ensuring women and girls worldwide have access to the reproductive care they need.\" \/>\n<meta property=\"og:url\" content=\"https:\/\/fosfeminista.org\/fr\/give\/workplace-giving\/\" \/>\n<meta property=\"og:site_name\" content=\"F\u00f2s Feminista\" \/>\n<meta property=\"article:modified_time\" content=\"2025-09-28T15:57:34+00:00\" \/>\n<meta property=\"og:image\" content=\"https:\/\/fosfeminista.org\/wp-content\/uploads\/2025\/09\/8-Workplace-Giving.png\" \/>\n\t<meta property=\"og:image:width\" content=\"1280\" \/>\n\t<meta property=\"og:image:height\" content=\"894\" \/>\n\t<meta property=\"og:image:type\" content=\"image\/png\" \/>\n<meta name=\"twitter:card\" content=\"summary_large_image\" \/>\n<script type=\"application\/ld+json\" class=\"yoast-schema-graph\">{\"@context\":\"https:\\\/\\\/schema.org\",\"@graph\":[{\"@type\":\"WebPage\",\"@id\":\"https:\\\/\\\/fosfeminista.org\\\/give\\\/workplace-giving\\\/\",\"url\":\"https:\\\/\\\/fosfeminista.org\\\/give\\\/workplace-giving\\\/\",\"name\":\"Workplace Giving - F\u00f2s Feminista\",\"isPartOf\":{\"@id\":\"https:\\\/\\\/fosfeminista.org\\\/#website\"},\"primaryImageOfPage\":{\"@id\":\"https:\\\/\\\/fosfeminista.org\\\/give\\\/workplace-giving\\\/#primaryimage\"},\"image\":{\"@id\":\"https:\\\/\\\/fosfeminista.org\\\/give\\\/workplace-giving\\\/#primaryimage\"},\"thumbnailUrl\":\"https:\\\/\\\/fosfeminista.org\\\/wp-content\\\/uploads\\\/2025\\\/09\\\/8-Workplace-Giving.png\",\"datePublished\":\"2025-09-12T16:28:58+00:00\",\"dateModified\":\"2025-09-28T15:57:34+00:00\",\"breadcrumb\":{\"@id\":\"https:\\\/\\\/fosfeminista.org\\\/give\\\/workplace-giving\\\/#breadcrumb\"},\"inLanguage\":\"fr-FR\",\"potentialAction\":[{\"@type\":\"ReadAction\",\"target\":[\"https:\\\/\\\/fosfeminista.org\\\/give\\\/workplace-giving\\\/\"]}]},{\"@type\":\"ImageObject\",\"inLanguage\":\"fr-FR\",\"@id\":\"https:\\\/\\\/fosfeminista.org\\\/give\\\/workplace-giving\\\/#primaryimage\",\"url\":\"https:\\\/\\\/fosfeminista.org\\\/wp-content\\\/uploads\\\/2025\\\/09\\\/8-Workplace-Giving.png\",\"contentUrl\":\"https:\\\/\\\/fosfeminista.org\\\/wp-content\\\/uploads\\\/2025\\\/09\\\/8-Workplace-Giving.png\",\"width\":1280,\"height\":894,\"caption\":\"Person holding two large coins with stars on them.\"},{\"@type\":\"BreadcrumbList\",\"@id\":\"https:\\\/\\\/fosfeminista.org\\\/give\\\/workplace-giving\\\/#breadcrumb\",\"itemListElement\":[{\"@type\":\"ListItem\",\"position\":1,\"name\":\"Home\",\"item\":\"https:\\\/\\\/fosfeminista.org\\\/\"},{\"@type\":\"ListItem\",\"position\":2,\"name\":\"Ways to Give\",\"item\":\"https:\\\/\\\/fosfeminista.org\\\/give\\\/\"},{\"@type\":\"ListItem\",\"position\":3,\"name\":\"Workplace Giving\"}]},{\"@type\":\"WebSite\",\"@id\":\"https:\\\/\\\/fosfeminista.org\\\/#website\",\"url\":\"https:\\\/\\\/fosfeminista.org\\\/\",\"name\":\"F\u00f2s Feminista\",\"description\":\"\",\"potentialAction\":[{\"@type\":\"SearchAction\",\"target\":{\"@type\":\"EntryPoint\",\"urlTemplate\":\"https:\\\/\\\/fosfeminista.org\\\/?s={search_term_string}\"},\"query-input\":{\"@type\":\"PropertyValueSpecification\",\"valueRequired\":true,\"valueName\":\"search_term_string\"}}],\"inLanguage\":\"fr-FR\"}]}<\/script>\n<!-- \/ Yoast SEO plugin. -->","yoast_head_json":{"title":"Workplace Giving - F\u00f2s Feminista","robots":{"index":"index","follow":"follow","max-snippet":"max-snippet:-1","max-image-preview":"max-image-preview:large","max-video-preview":"max-video-preview:-1"},"canonical":"https:\/\/fosfeminista.org\/fr\/give\/workplace-giving\/","og_locale":"fr_FR","og_type":"article","og_title":"Workplace Giving - F\u00f2s Feminista","og_description":"Many employers will match your donation to F\u00f2s Feminista\u2014doubling or even tripling the impact of your lifesaving gift. Join us in ensuring women and girls worldwide have access to the reproductive care they need.","og_url":"https:\/\/fosfeminista.org\/fr\/give\/workplace-giving\/","og_site_name":"F\u00f2s Feminista","article_modified_time":"2025-09-28T15:57:34+00:00","og_image":[{"width":1280,"height":894,"url":"https:\/\/fosfeminista.org\/wp-content\/uploads\/2025\/09\/8-Workplace-Giving.png","type":"image\/png"}],"twitter_card":"summary_large_image","schema":{"@context":"https:\/\/schema.org","@graph":[{"@type":"WebPage","@id":"https:\/\/fosfeminista.org\/give\/workplace-giving\/","url":"https:\/\/fosfeminista.org\/give\/workplace-giving\/","name":"Workplace Giving - F\u00f2s Feminista","isPartOf":{"@id":"https:\/\/fosfeminista.org\/#website"},"primaryImageOfPage":{"@id":"https:\/\/fosfeminista.org\/give\/workplace-giving\/#primaryimage"},"image":{"@id":"https:\/\/fosfeminista.org\/give\/workplace-giving\/#primaryimage"},"thumbnailUrl":"https:\/\/fosfeminista.org\/wp-content\/uploads\/2025\/09\/8-Workplace-Giving.png","datePublished":"2025-09-12T16:28:58+00:00","dateModified":"2025-09-28T15:57:34+00:00","breadcrumb":{"@id":"https:\/\/fosfeminista.org\/give\/workplace-giving\/#breadcrumb"},"inLanguage":"fr-FR","potentialAction":[{"@type":"ReadAction","target":["https:\/\/fosfeminista.org\/give\/workplace-giving\/"]}]},{"@type":"ImageObject","inLanguage":"fr-FR","@id":"https:\/\/fosfeminista.org\/give\/workplace-giving\/#primaryimage","url":"https:\/\/fosfeminista.org\/wp-content\/uploads\/2025\/09\/8-Workplace-Giving.png","contentUrl":"https:\/\/fosfeminista.org\/wp-content\/uploads\/2025\/09\/8-Workplace-Giving.png","width":1280,"height":894,"caption":"Person holding two large coins with stars on them."},{"@type":"BreadcrumbList","@id":"https:\/\/fosfeminista.org\/give\/workplace-giving\/#breadcrumb","itemListElement":[{"@type":"ListItem","position":1,"name":"Home","item":"https:\/\/fosfeminista.org\/"},{"@type":"ListItem","position":2,"name":"Ways to Give","item":"https:\/\/fosfeminista.org\/give\/"},{"@type":"ListItem","position":3,"name":"Workplace Giving"}]},{"@type":"WebSite","@id":"https:\/\/fosfeminista.org\/#website","url":"https:\/\/fosfeminista.org\/","name":"F\u00f2s Feminista","description":"","potentialAction":[{"@type":"SearchAction","target":{"@type":"EntryPoint","urlTemplate":"https:\/\/fosfeminista.org\/?s={search_term_string}"},"query-input":{"@type":"PropertyValueSpecification","valueRequired":true,"valueName":"search_term_string"}}],"inLanguage":"fr-FR"}]}},"_links":{"self":[{"href":"https:\/\/fosfeminista.org\/fr\/wp-json\/wp\/v2\/pages\/2832","targetHints":{"allow":["GET"]}}],"collection":[{"href":"https:\/\/fosfeminista.org\/fr\/wp-json\/wp\/v2\/pages"}],"about":[{"href":"https:\/\/fosfeminista.org\/fr\/wp-json\/wp\/v2\/types\/page"}],"author":[{"embeddable":true,"href":"https:\/\/fosfeminista.org\/fr\/wp-json\/wp\/v2\/users\/12"}],"replies":[{"embeddable":true,"href":"https:\/\/fosfeminista.org\/fr\/wp-json\/wp\/v2\/comments?post=2832"}],"version-history":[{"count":7,"href":"https:\/\/fosfeminista.org\/fr\/wp-json\/wp\/v2\/pages\/2832\/revisions"}],"predecessor-version":[{"id":5538,"href":"https:\/\/fosfeminista.org\/fr\/wp-json\/wp\/v2\/pages\/2832\/revisions\/5538"}],"up":[{"embeddable":true,"href":"https:\/\/fosfeminista.org\/fr\/wp-json\/wp\/v2\/pages\/2504"}],"wp:featuredmedia":[{"embeddable":true,"href":"https:\/\/fosfeminista.org\/fr\/wp-json\/wp\/v2\/media\/2957"}],"wp:attachment":[{"href":"https:\/\/fosfeminista.org\/fr\/wp-json\/wp\/v2\/media?parent=2832"}],"curies":[{"name":"wp","href":"https:\/\/api.w.org\/{rel}","templated":true}]}}