{"id":2815,"date":"2025-09-12T11:18:05","date_gmt":"2025-09-12T15:18:05","guid":{"rendered":"https:\/\/fosfeminista.org\/?page_id=2815"},"modified":"2025-09-24T07:26:12","modified_gmt":"2025-09-24T11:26:12","slug":"make-a-gift-from-your-ira","status":"publish","type":"page","link":"https:\/\/fosfeminista.org\/fr\/give\/make-a-gift-from-your-ira\/","title":{"rendered":"Faire un don \u00e0 partir de votre IRA"},"content":{"rendered":"","protected":false},"excerpt":{"rendered":"<p>Si vous avez 70\u00bd ans ou plus, vous pouvez satisfaire \u00e0 votre obligation de distribution minimale (RMD) en effectuant une distribution caritative qualifi\u00e9e (QCD) \u00e0 F\u00f2s Feminista. Votre don peut r\u00e9duire votre revenu imposable et contribuer \u00e0 faire progresser la sant\u00e9, les droits et la justice en mati\u00e8re de procr\u00e9ation dans le monde entier.<\/p>","protected":false},"author":12,"featured_media":2952,"parent":2504,"menu_order":0,"comment_status":"closed","ping_status":"closed","template":"","meta":{"_acf_changed":false,"_relevanssi_hide_post":"","_relevanssi_hide_content":"","_relevanssi_pin_for_all":"","_relevanssi_pin_keywords":"","_relevanssi_unpin_keywords":"","_relevanssi_related_keywords":"","_relevanssi_related_include_ids":"","_relevanssi_related_exclude_ids":"","_relevanssi_related_no_append":"","_relevanssi_related_not_related":"","_relevanssi_related_posts":"","_relevanssi_noindex_reason":""},"class_list":["post-2815","page","type-page","status-publish","has-post-thumbnail","hentry"],"acf":{"page_layout":[{"acf_fc_layout":"layout_hero_basic","_acfe_flexible_toggle":"","component_hero_basic":{"":null,"kicker_text":"","title":"Faire un don \u00e0 partir de votre IRA","heading_size":"standard","description":"Si vous avez 70\u00bd ans ou plus, vous pouvez satisfaire \u00e0 votre obligation de distribution minimale (RMD) en effectuant une distribution caritative qualifi\u00e9e (QCD) \u00e0 F\u00f2s Feminista. Votre don peut r\u00e9duire votre revenu imposable et contribuer \u00e0 faire progresser la sant\u00e9, les droits et la justice en mati\u00e8re de procr\u00e9ation dans le monde entier.","link":"","button":"","image":2952,"anchor_id":""}},{"acf_fc_layout":"layout_wysiwyg","_acfe_flexible_toggle":"","component_wysiwyg":{"content":"If you are age 70\u00bd or older, you can make a Qualified Charitable Distribution (QCD) from your IRA directly to F\u00f2s Feminista. This gift can help you satisfy your Required Minimum Distribution (RMD) while reducing your taxable income\u2014even if you don\u2019t itemize deductions.\r\n\r\nFederal law allows individuals to transfer up to $108,000 per year (or $216,000 for married couples) directly from an IRA to qualified charitable organizations without the withdrawal being treated as taxable income.","":null,"anchor_id":""}},{"acf_fc_layout":"layout_accordion","_acfe_flexible_toggle":"","component_accordion":{"title":"","items":[{"title":"Which accounts qualify?","open":true,"html":"<span style=\"font-weight: 400;\">QCDs must come from an IRA and be made payable directly to F\u00f2s Feminista. 401(k), 403(b), and other retirement plans are not eligible, but you may be able to transfer funds from those accounts into an IRA first\u2014speak with your financial advisor to learn more.<\/span>"},{"title":"How to make your gift","open":false,"html":"<span style=\"font-weight: 400;\">Contact your IRA custodian and request a \u201cQualified Charitable Distribution\u201d payable to:<\/span>\r\n\r\n<span style=\"font-weight: 400;\">F\u00f2s Feminista<\/span><span style=\"font-weight: 400;\">\r\n<\/span><span style=\"font-weight: 400;\">125 Maiden Lane, 9th Floor<\/span><span style=\"font-weight: 400;\">\r\n<\/span><span style=\"font-weight: 400;\">New York, NY 10038-4730<\/span><span style=\"font-weight: 400;\">\r\n<\/span><span style=\"font-weight: 400;\">Tax ID: 13-1845455<\/span>\r\n\r\n<span style=\"font-weight: 400;\">If your custodian mails the check directly to us, please instruct them to include your name and address so we can send you a written acknowledgment (while this acknowledgment cannot be used for a charitable deduction, it is important for your records).<\/span>\r\n\r\n<b>Important:<\/b><span style=\"font-weight: 400;\"> Funds must be transferred directly from your IRA to F\u00f2s Feminista. If you withdraw the funds and then write a personal check, the amount will be treated as taxable income.<\/span>\r\n\r\n<b>Let us know your gift is on the way<\/b><span style=\"font-weight: 400;\">\r\n<\/span><span style=\"font-weight: 400;\">To ensure we can thank you promptly and provide the proper receipt, please contact Lloyd Alexander, Associate Director for Individual Giving, at <strong>lalexander@fosfeminista.org<\/strong><\/span><span style=\"font-weight: 400;\">\u00a0or <\/span><b>(212) 214-0278<\/b><span style=\"font-weight: 400;\"> with:<\/span>\r\n<ul>\r\n \t<li style=\"font-weight: 400;\" aria-level=\"1\"><span style=\"font-weight: 400;\">Your name and address<\/span><\/li>\r\n \t<li style=\"font-weight: 400;\" aria-level=\"1\"><span style=\"font-weight: 400;\">The gift amount<\/span><\/li>\r\n \t<li style=\"font-weight: 400;\" aria-level=\"1\"><span style=\"font-weight: 400;\">The name of the financial institution sending your gift<\/span><\/li>\r\n<\/ul>"},{"title":"Tax considerations","open":false,"html":"<span style=\"font-weight: 400;\">The transfer is excluded from federal taxable income and may satisfy all or part of your annual RMD if you are 73 or older. State tax rules vary\u2014consult your tax advisor to understand how a QCD may affect your state income taxes.<\/span>"},{"title":"Questions?","open":false,"html":"<span style=\"font-weight: 400;\">We recommend speaking with your financial advisor to determine whether a QCD is right for you and to ensure all requirements are met. For personalized assistance from our team, contact Lloyd Alexander at the email or phone number above.<\/span>"}],"":null,"anchor_id":""}}]},"yoast_head":"<!-- This site is optimized with the Yoast SEO plugin v27.5 - https:\/\/yoast.com\/product\/yoast-seo-wordpress\/ -->\n<title>Make a Gift from Your IRA - F\u00f2s Feminista<\/title>\n<meta name=\"description\" content=\"Make a Qualified Charitable Distribution to F\u00f2s Feminista.\" \/>\n<meta name=\"robots\" content=\"index, follow, max-snippet:-1, max-image-preview:large, max-video-preview:-1\" \/>\n<link rel=\"canonical\" href=\"https:\/\/fosfeminista.org\/fr\/give\/make-a-gift-from-your-ira\/\" \/>\n<meta property=\"og:locale\" content=\"fr_FR\" \/>\n<meta property=\"og:type\" content=\"article\" \/>\n<meta property=\"og:title\" content=\"Make a Gift from Your IRA - F\u00f2s Feminista\" \/>\n<meta property=\"og:description\" content=\"Make a Qualified Charitable Distribution to F\u00f2s Feminista.\" \/>\n<meta property=\"og:url\" content=\"https:\/\/fosfeminista.org\/fr\/give\/make-a-gift-from-your-ira\/\" \/>\n<meta property=\"og:site_name\" content=\"F\u00f2s Feminista\" \/>\n<meta property=\"article:modified_time\" content=\"2025-09-24T11:26:12+00:00\" \/>\n<meta property=\"og:image\" content=\"https:\/\/fosfeminista.org\/wp-content\/uploads\/2025\/09\/3a-Give-from-your-IRA.png\" \/>\n\t<meta property=\"og:image:width\" content=\"1280\" \/>\n\t<meta property=\"og:image:height\" content=\"894\" \/>\n\t<meta property=\"og:image:type\" content=\"image\/png\" \/>\n<meta name=\"twitter:card\" content=\"summary_large_image\" \/>\n<script type=\"application\/ld+json\" class=\"yoast-schema-graph\">{\"@context\":\"https:\\\/\\\/schema.org\",\"@graph\":[{\"@type\":\"WebPage\",\"@id\":\"https:\\\/\\\/fosfeminista.org\\\/es\\\/give\\\/make-a-gift-from-your-ira\\\/\",\"url\":\"https:\\\/\\\/fosfeminista.org\\\/es\\\/give\\\/make-a-gift-from-your-ira\\\/\",\"name\":\"Make a Gift from Your IRA - F\u00f2s Feminista\",\"isPartOf\":{\"@id\":\"https:\\\/\\\/fosfeminista.org\\\/#website\"},\"primaryImageOfPage\":{\"@id\":\"https:\\\/\\\/fosfeminista.org\\\/es\\\/give\\\/make-a-gift-from-your-ira\\\/#primaryimage\"},\"image\":{\"@id\":\"https:\\\/\\\/fosfeminista.org\\\/es\\\/give\\\/make-a-gift-from-your-ira\\\/#primaryimage\"},\"thumbnailUrl\":\"https:\\\/\\\/fosfeminista.org\\\/wp-content\\\/uploads\\\/2025\\\/09\\\/3a-Give-from-your-IRA.png\",\"datePublished\":\"2025-09-12T15:18:05+00:00\",\"dateModified\":\"2025-09-24T11:26:12+00:00\",\"description\":\"Make a Qualified Charitable Distribution to F\u00f2s Feminista.\",\"breadcrumb\":{\"@id\":\"https:\\\/\\\/fosfeminista.org\\\/es\\\/give\\\/make-a-gift-from-your-ira\\\/#breadcrumb\"},\"inLanguage\":\"fr-FR\",\"potentialAction\":[{\"@type\":\"ReadAction\",\"target\":[\"https:\\\/\\\/fosfeminista.org\\\/es\\\/give\\\/make-a-gift-from-your-ira\\\/\"]}]},{\"@type\":\"ImageObject\",\"inLanguage\":\"fr-FR\",\"@id\":\"https:\\\/\\\/fosfeminista.org\\\/es\\\/give\\\/make-a-gift-from-your-ira\\\/#primaryimage\",\"url\":\"https:\\\/\\\/fosfeminista.org\\\/wp-content\\\/uploads\\\/2025\\\/09\\\/3a-Give-from-your-IRA.png\",\"contentUrl\":\"https:\\\/\\\/fosfeminista.org\\\/wp-content\\\/uploads\\\/2025\\\/09\\\/3a-Give-from-your-IRA.png\",\"width\":1280,\"height\":894,\"caption\":\"Prancing piggy bank with stars.\"},{\"@type\":\"BreadcrumbList\",\"@id\":\"https:\\\/\\\/fosfeminista.org\\\/es\\\/give\\\/make-a-gift-from-your-ira\\\/#breadcrumb\",\"itemListElement\":[{\"@type\":\"ListItem\",\"position\":1,\"name\":\"Home\",\"item\":\"https:\\\/\\\/fosfeminista.org\\\/\"},{\"@type\":\"ListItem\",\"position\":2,\"name\":\"Ways to Give\",\"item\":\"https:\\\/\\\/fosfeminista.org\\\/give\\\/\"},{\"@type\":\"ListItem\",\"position\":3,\"name\":\"Make a Gift from Your IRA\"}]},{\"@type\":\"WebSite\",\"@id\":\"https:\\\/\\\/fosfeminista.org\\\/#website\",\"url\":\"https:\\\/\\\/fosfeminista.org\\\/\",\"name\":\"F\u00f2s Feminista\",\"description\":\"\",\"potentialAction\":[{\"@type\":\"SearchAction\",\"target\":{\"@type\":\"EntryPoint\",\"urlTemplate\":\"https:\\\/\\\/fosfeminista.org\\\/?s={search_term_string}\"},\"query-input\":{\"@type\":\"PropertyValueSpecification\",\"valueRequired\":true,\"valueName\":\"search_term_string\"}}],\"inLanguage\":\"fr-FR\"}]}<\/script>\n<!-- \/ Yoast SEO plugin. -->","yoast_head_json":{"title":"Make a Gift from Your IRA - F\u00f2s Feminista","description":"Make a Qualified Charitable Distribution to F\u00f2s Feminista.","robots":{"index":"index","follow":"follow","max-snippet":"max-snippet:-1","max-image-preview":"max-image-preview:large","max-video-preview":"max-video-preview:-1"},"canonical":"https:\/\/fosfeminista.org\/fr\/give\/make-a-gift-from-your-ira\/","og_locale":"fr_FR","og_type":"article","og_title":"Make a Gift from Your IRA - F\u00f2s Feminista","og_description":"Make a Qualified Charitable Distribution to F\u00f2s Feminista.","og_url":"https:\/\/fosfeminista.org\/fr\/give\/make-a-gift-from-your-ira\/","og_site_name":"F\u00f2s Feminista","article_modified_time":"2025-09-24T11:26:12+00:00","og_image":[{"width":1280,"height":894,"url":"https:\/\/fosfeminista.org\/wp-content\/uploads\/2025\/09\/3a-Give-from-your-IRA.png","type":"image\/png"}],"twitter_card":"summary_large_image","schema":{"@context":"https:\/\/schema.org","@graph":[{"@type":"WebPage","@id":"https:\/\/fosfeminista.org\/es\/give\/make-a-gift-from-your-ira\/","url":"https:\/\/fosfeminista.org\/es\/give\/make-a-gift-from-your-ira\/","name":"Make a Gift from Your IRA - F\u00f2s Feminista","isPartOf":{"@id":"https:\/\/fosfeminista.org\/#website"},"primaryImageOfPage":{"@id":"https:\/\/fosfeminista.org\/es\/give\/make-a-gift-from-your-ira\/#primaryimage"},"image":{"@id":"https:\/\/fosfeminista.org\/es\/give\/make-a-gift-from-your-ira\/#primaryimage"},"thumbnailUrl":"https:\/\/fosfeminista.org\/wp-content\/uploads\/2025\/09\/3a-Give-from-your-IRA.png","datePublished":"2025-09-12T15:18:05+00:00","dateModified":"2025-09-24T11:26:12+00:00","description":"Make a Qualified Charitable Distribution to F\u00f2s Feminista.","breadcrumb":{"@id":"https:\/\/fosfeminista.org\/es\/give\/make-a-gift-from-your-ira\/#breadcrumb"},"inLanguage":"fr-FR","potentialAction":[{"@type":"ReadAction","target":["https:\/\/fosfeminista.org\/es\/give\/make-a-gift-from-your-ira\/"]}]},{"@type":"ImageObject","inLanguage":"fr-FR","@id":"https:\/\/fosfeminista.org\/es\/give\/make-a-gift-from-your-ira\/#primaryimage","url":"https:\/\/fosfeminista.org\/wp-content\/uploads\/2025\/09\/3a-Give-from-your-IRA.png","contentUrl":"https:\/\/fosfeminista.org\/wp-content\/uploads\/2025\/09\/3a-Give-from-your-IRA.png","width":1280,"height":894,"caption":"Prancing piggy bank with stars."},{"@type":"BreadcrumbList","@id":"https:\/\/fosfeminista.org\/es\/give\/make-a-gift-from-your-ira\/#breadcrumb","itemListElement":[{"@type":"ListItem","position":1,"name":"Home","item":"https:\/\/fosfeminista.org\/"},{"@type":"ListItem","position":2,"name":"Ways to Give","item":"https:\/\/fosfeminista.org\/give\/"},{"@type":"ListItem","position":3,"name":"Make a Gift from Your IRA"}]},{"@type":"WebSite","@id":"https:\/\/fosfeminista.org\/#website","url":"https:\/\/fosfeminista.org\/","name":"F\u00f2s Feminista","description":"","potentialAction":[{"@type":"SearchAction","target":{"@type":"EntryPoint","urlTemplate":"https:\/\/fosfeminista.org\/?s={search_term_string}"},"query-input":{"@type":"PropertyValueSpecification","valueRequired":true,"valueName":"search_term_string"}}],"inLanguage":"fr-FR"}]}},"_links":{"self":[{"href":"https:\/\/fosfeminista.org\/fr\/wp-json\/wp\/v2\/pages\/2815","targetHints":{"allow":["GET"]}}],"collection":[{"href":"https:\/\/fosfeminista.org\/fr\/wp-json\/wp\/v2\/pages"}],"about":[{"href":"https:\/\/fosfeminista.org\/fr\/wp-json\/wp\/v2\/types\/page"}],"author":[{"embeddable":true,"href":"https:\/\/fosfeminista.org\/fr\/wp-json\/wp\/v2\/users\/12"}],"replies":[{"embeddable":true,"href":"https:\/\/fosfeminista.org\/fr\/wp-json\/wp\/v2\/comments?post=2815"}],"version-history":[{"count":7,"href":"https:\/\/fosfeminista.org\/fr\/wp-json\/wp\/v2\/pages\/2815\/revisions"}],"predecessor-version":[{"id":5323,"href":"https:\/\/fosfeminista.org\/fr\/wp-json\/wp\/v2\/pages\/2815\/revisions\/5323"}],"up":[{"embeddable":true,"href":"https:\/\/fosfeminista.org\/fr\/wp-json\/wp\/v2\/pages\/2504"}],"wp:featuredmedia":[{"embeddable":true,"href":"https:\/\/fosfeminista.org\/fr\/wp-json\/wp\/v2\/media\/2952"}],"wp:attachment":[{"href":"https:\/\/fosfeminista.org\/fr\/wp-json\/wp\/v2\/media?parent=2815"}],"curies":[{"name":"wp","href":"https:\/\/api.w.org\/{rel}","templated":true}]}}