{"id":2807,"date":"2025-09-12T09:53:14","date_gmt":"2025-09-12T13:53:14","guid":{"rendered":"https:\/\/fosfeminista.org\/?page_id=2807"},"modified":"2025-09-24T07:21:45","modified_gmt":"2025-09-24T11:21:45","slug":"gifts-of-stock","status":"publish","type":"page","link":"https:\/\/fosfeminista.org\/fr\/give\/gifts-of-stock\/","title":{"rendered":"Faire un don d'actions"},"content":{"rendered":"","protected":false},"excerpt":{"rendered":"<p>Le don d'actions \u00e0 valeur ajout\u00e9e est un moyen fiscalement intelligent de soutenir la mission de F\u00f2s Feminista. Vous pouvez maximiser votre contribution tout en \u00e9vitant l'imp\u00f4t sur les plus-values. Consultez votre conseiller financier pour en savoir plus.<\/p>","protected":false},"author":12,"featured_media":2953,"parent":2504,"menu_order":0,"comment_status":"closed","ping_status":"closed","template":"","meta":{"_acf_changed":false,"_relevanssi_hide_post":"","_relevanssi_hide_content":"","_relevanssi_pin_for_all":"","_relevanssi_pin_keywords":"","_relevanssi_unpin_keywords":"","_relevanssi_related_keywords":"","_relevanssi_related_include_ids":"","_relevanssi_related_exclude_ids":"","_relevanssi_related_no_append":"","_relevanssi_related_not_related":"","_relevanssi_related_posts":"","_relevanssi_noindex_reason":""},"class_list":["post-2807","page","type-page","status-publish","has-post-thumbnail","hentry"],"acf":{"page_layout":[{"acf_fc_layout":"layout_hero_basic","_acfe_flexible_toggle":"","component_hero_basic":{"":null,"kicker_text":"","title":"Faire un don d'actions","heading_size":"standard","description":"Le don d'actions \u00e0 valeur ajout\u00e9e est un moyen fiscalement intelligent de soutenir la mission de F\u00f2s Feminista. Vous pouvez maximiser votre contribution tout en \u00e9vitant l'imp\u00f4t sur les plus-values. Consultez votre conseiller financier pour en savoir plus.","link":"","button":"","image":2953,"anchor_id":""}},{"acf_fc_layout":"layout_wysiwyg","_acfe_flexible_toggle":"","component_wysiwyg":{"content":"Making a gift of appreciated stock or mutual funds is a tax-smart way to support F\u00f2s Feminista\u2019s mission. Your contribution will help advance access to abortion, contraception, and reproductive healthcare worldwide\u2014while offering potential tax advantages for you.\r\n\r\nWhen you donate stock directly, you may be able to avoid capital gains taxes on the increase in value and receive a charitable deduction for the full market value of the stock. This means you can make a bigger impact at no additional cost to you. We recommend consulting your financial advisor to determine how a stock gift can best support your goals.\r\n<h3><b>Comment faire un don d'actions<\/b><\/h3>\r\n<h5><b>Premi\u00e8re \u00e9tape : faire un don d'actions<\/b><\/h5>\r\nLes dons d'actions peuvent offrir d'importants avantages fiscaux et permettre d'accro\u00eetre la port\u00e9e de votre soutien. Pour commencer, contactez-nous pour obtenir les instructions de transfert dont votre courtier aura besoin (voir les coordonn\u00e9es ci-dessous).\r\n<h5><b>Deuxi\u00e8me \u00e9tape : nous informer<\/b><\/h5>\r\n<span style=\"font-weight: 400;\">Lorsque vos actions ou vos fonds communs de placement sont transf\u00e9r\u00e9s sur notre compte, nous ne recevons pas automatiquement d'informations permettant de vous identifier en tant que donateur. Pour vous assurer que votre don est correctement re\u00e7u et reconnu, veuillez nous envoyer un courriel ou nous appeler avec les d\u00e9tails suivants :<\/span>\r\n<ul>\r\n \t<li style=\"font-weight: 400;\" aria-level=\"1\"><span style=\"font-weight: 400;\">Nom de l'action<\/span><\/li>\r\n \t<li style=\"font-weight: 400;\" aria-level=\"1\"><span style=\"font-weight: 400;\">Nombre d'actions<\/span><\/li>\r\n \t<li style=\"font-weight: 400;\" aria-level=\"1\"><span style=\"font-weight: 400;\">Votre nom et votre adresse<\/span><\/li>\r\n<\/ul>\r\n<h5><b>Contact pour les dons de titres :<\/b><\/h5>\r\n<span style=\"font-weight: 400;\">Lloyd Alexander, directeur associ\u00e9 pour les dons individuels<\/span><span style=\"font-weight: 400;\">\r\n<\/span><span style=\"font-weight: 400;\">Courriel : lalexander@fosfeminista.org<\/span><span style=\"font-weight: 400;\">\r\n<\/span><span style=\"font-weight: 400;\">T\u00e9l\u00e9phone : (212) 214-0278<\/span>","":null,"anchor_id":""}}]},"yoast_head":"<!-- This site is optimized with the Yoast SEO plugin v27.5 - https:\/\/yoast.com\/product\/yoast-seo-wordpress\/ -->\n<title>Make a Gift of Stock - F\u00f2s Feminista<\/title>\n<meta name=\"robots\" content=\"index, follow, max-snippet:-1, max-image-preview:large, max-video-preview:-1\" \/>\n<link rel=\"canonical\" href=\"https:\/\/fosfeminista.org\/fr\/give\/gifts-of-stock\/\" \/>\n<meta property=\"og:locale\" content=\"fr_FR\" \/>\n<meta property=\"og:type\" content=\"article\" \/>\n<meta property=\"og:title\" content=\"Make a Gift of Stock - F\u00f2s Feminista\" \/>\n<meta property=\"og:description\" content=\"Giving appreciated stock is a tax-smart way to support F\u00f2s Feminista\u2019s mission. You can maximize your contribution while potentially avoiding capital gains taxes. Consult your financial advisor to learn more.\" \/>\n<meta property=\"og:url\" content=\"https:\/\/fosfeminista.org\/fr\/give\/gifts-of-stock\/\" \/>\n<meta property=\"og:site_name\" content=\"F\u00f2s Feminista\" \/>\n<meta property=\"article:modified_time\" content=\"2025-09-24T11:21:45+00:00\" \/>\n<meta property=\"og:image\" content=\"https:\/\/fosfeminista.org\/wp-content\/uploads\/2025\/09\/4-Stocks-Securities.png\" \/>\n\t<meta property=\"og:image:width\" content=\"1280\" \/>\n\t<meta property=\"og:image:height\" content=\"894\" \/>\n\t<meta property=\"og:image:type\" content=\"image\/png\" \/>\n<meta name=\"twitter:card\" content=\"summary_large_image\" \/>\n<script type=\"application\/ld+json\" class=\"yoast-schema-graph\">{\"@context\":\"https:\\\/\\\/schema.org\",\"@graph\":[{\"@type\":\"WebPage\",\"@id\":\"https:\\\/\\\/fosfeminista.org\\\/es\\\/give\\\/gifts-of-stock\\\/\",\"url\":\"https:\\\/\\\/fosfeminista.org\\\/es\\\/give\\\/gifts-of-stock\\\/\",\"name\":\"Make a Gift of Stock - F\u00f2s Feminista\",\"isPartOf\":{\"@id\":\"https:\\\/\\\/fosfeminista.org\\\/#website\"},\"primaryImageOfPage\":{\"@id\":\"https:\\\/\\\/fosfeminista.org\\\/es\\\/give\\\/gifts-of-stock\\\/#primaryimage\"},\"image\":{\"@id\":\"https:\\\/\\\/fosfeminista.org\\\/es\\\/give\\\/gifts-of-stock\\\/#primaryimage\"},\"thumbnailUrl\":\"https:\\\/\\\/fosfeminista.org\\\/wp-content\\\/uploads\\\/2025\\\/09\\\/4-Stocks-Securities.png\",\"datePublished\":\"2025-09-12T13:53:14+00:00\",\"dateModified\":\"2025-09-24T11:21:45+00:00\",\"breadcrumb\":{\"@id\":\"https:\\\/\\\/fosfeminista.org\\\/es\\\/give\\\/gifts-of-stock\\\/#breadcrumb\"},\"inLanguage\":\"fr-FR\",\"potentialAction\":[{\"@type\":\"ReadAction\",\"target\":[\"https:\\\/\\\/fosfeminista.org\\\/es\\\/give\\\/gifts-of-stock\\\/\"]}]},{\"@type\":\"ImageObject\",\"inLanguage\":\"fr-FR\",\"@id\":\"https:\\\/\\\/fosfeminista.org\\\/es\\\/give\\\/gifts-of-stock\\\/#primaryimage\",\"url\":\"https:\\\/\\\/fosfeminista.org\\\/wp-content\\\/uploads\\\/2025\\\/09\\\/4-Stocks-Securities.png\",\"contentUrl\":\"https:\\\/\\\/fosfeminista.org\\\/wp-content\\\/uploads\\\/2025\\\/09\\\/4-Stocks-Securities.png\",\"width\":1280,\"height\":894,\"caption\":\"Upward-pointing stock chart with dollar signs.\"},{\"@type\":\"BreadcrumbList\",\"@id\":\"https:\\\/\\\/fosfeminista.org\\\/es\\\/give\\\/gifts-of-stock\\\/#breadcrumb\",\"itemListElement\":[{\"@type\":\"ListItem\",\"position\":1,\"name\":\"Home\",\"item\":\"https:\\\/\\\/fosfeminista.org\\\/\"},{\"@type\":\"ListItem\",\"position\":2,\"name\":\"Ways to Give\",\"item\":\"https:\\\/\\\/fosfeminista.org\\\/give\\\/\"},{\"@type\":\"ListItem\",\"position\":3,\"name\":\"Make a Gift of Stock\"}]},{\"@type\":\"WebSite\",\"@id\":\"https:\\\/\\\/fosfeminista.org\\\/#website\",\"url\":\"https:\\\/\\\/fosfeminista.org\\\/\",\"name\":\"F\u00f2s Feminista\",\"description\":\"\",\"potentialAction\":[{\"@type\":\"SearchAction\",\"target\":{\"@type\":\"EntryPoint\",\"urlTemplate\":\"https:\\\/\\\/fosfeminista.org\\\/?s={search_term_string}\"},\"query-input\":{\"@type\":\"PropertyValueSpecification\",\"valueRequired\":true,\"valueName\":\"search_term_string\"}}],\"inLanguage\":\"fr-FR\"}]}<\/script>\n<!-- \/ Yoast SEO plugin. -->","yoast_head_json":{"title":"Make a Gift of Stock - F\u00f2s Feminista","robots":{"index":"index","follow":"follow","max-snippet":"max-snippet:-1","max-image-preview":"max-image-preview:large","max-video-preview":"max-video-preview:-1"},"canonical":"https:\/\/fosfeminista.org\/fr\/give\/gifts-of-stock\/","og_locale":"fr_FR","og_type":"article","og_title":"Make a Gift of Stock - F\u00f2s Feminista","og_description":"Giving appreciated stock is a tax-smart way to support F\u00f2s Feminista\u2019s mission. You can maximize your contribution while potentially avoiding capital gains taxes. Consult your financial advisor to learn more.","og_url":"https:\/\/fosfeminista.org\/fr\/give\/gifts-of-stock\/","og_site_name":"F\u00f2s Feminista","article_modified_time":"2025-09-24T11:21:45+00:00","og_image":[{"width":1280,"height":894,"url":"https:\/\/fosfeminista.org\/wp-content\/uploads\/2025\/09\/4-Stocks-Securities.png","type":"image\/png"}],"twitter_card":"summary_large_image","schema":{"@context":"https:\/\/schema.org","@graph":[{"@type":"WebPage","@id":"https:\/\/fosfeminista.org\/es\/give\/gifts-of-stock\/","url":"https:\/\/fosfeminista.org\/es\/give\/gifts-of-stock\/","name":"Make a Gift of Stock - F\u00f2s Feminista","isPartOf":{"@id":"https:\/\/fosfeminista.org\/#website"},"primaryImageOfPage":{"@id":"https:\/\/fosfeminista.org\/es\/give\/gifts-of-stock\/#primaryimage"},"image":{"@id":"https:\/\/fosfeminista.org\/es\/give\/gifts-of-stock\/#primaryimage"},"thumbnailUrl":"https:\/\/fosfeminista.org\/wp-content\/uploads\/2025\/09\/4-Stocks-Securities.png","datePublished":"2025-09-12T13:53:14+00:00","dateModified":"2025-09-24T11:21:45+00:00","breadcrumb":{"@id":"https:\/\/fosfeminista.org\/es\/give\/gifts-of-stock\/#breadcrumb"},"inLanguage":"fr-FR","potentialAction":[{"@type":"ReadAction","target":["https:\/\/fosfeminista.org\/es\/give\/gifts-of-stock\/"]}]},{"@type":"ImageObject","inLanguage":"fr-FR","@id":"https:\/\/fosfeminista.org\/es\/give\/gifts-of-stock\/#primaryimage","url":"https:\/\/fosfeminista.org\/wp-content\/uploads\/2025\/09\/4-Stocks-Securities.png","contentUrl":"https:\/\/fosfeminista.org\/wp-content\/uploads\/2025\/09\/4-Stocks-Securities.png","width":1280,"height":894,"caption":"Upward-pointing stock chart with dollar signs."},{"@type":"BreadcrumbList","@id":"https:\/\/fosfeminista.org\/es\/give\/gifts-of-stock\/#breadcrumb","itemListElement":[{"@type":"ListItem","position":1,"name":"Home","item":"https:\/\/fosfeminista.org\/"},{"@type":"ListItem","position":2,"name":"Ways to Give","item":"https:\/\/fosfeminista.org\/give\/"},{"@type":"ListItem","position":3,"name":"Make a Gift of Stock"}]},{"@type":"WebSite","@id":"https:\/\/fosfeminista.org\/#website","url":"https:\/\/fosfeminista.org\/","name":"F\u00f2s Feminista","description":"","potentialAction":[{"@type":"SearchAction","target":{"@type":"EntryPoint","urlTemplate":"https:\/\/fosfeminista.org\/?s={search_term_string}"},"query-input":{"@type":"PropertyValueSpecification","valueRequired":true,"valueName":"search_term_string"}}],"inLanguage":"fr-FR"}]}},"_links":{"self":[{"href":"https:\/\/fosfeminista.org\/fr\/wp-json\/wp\/v2\/pages\/2807","targetHints":{"allow":["GET"]}}],"collection":[{"href":"https:\/\/fosfeminista.org\/fr\/wp-json\/wp\/v2\/pages"}],"about":[{"href":"https:\/\/fosfeminista.org\/fr\/wp-json\/wp\/v2\/types\/page"}],"author":[{"embeddable":true,"href":"https:\/\/fosfeminista.org\/fr\/wp-json\/wp\/v2\/users\/12"}],"replies":[{"embeddable":true,"href":"https:\/\/fosfeminista.org\/fr\/wp-json\/wp\/v2\/comments?post=2807"}],"version-history":[{"count":7,"href":"https:\/\/fosfeminista.org\/fr\/wp-json\/wp\/v2\/pages\/2807\/revisions"}],"predecessor-version":[{"id":5322,"href":"https:\/\/fosfeminista.org\/fr\/wp-json\/wp\/v2\/pages\/2807\/revisions\/5322"}],"up":[{"embeddable":true,"href":"https:\/\/fosfeminista.org\/fr\/wp-json\/wp\/v2\/pages\/2504"}],"wp:featuredmedia":[{"embeddable":true,"href":"https:\/\/fosfeminista.org\/fr\/wp-json\/wp\/v2\/media\/2953"}],"wp:attachment":[{"href":"https:\/\/fosfeminista.org\/fr\/wp-json\/wp\/v2\/media?parent=2807"}],"curies":[{"name":"wp","href":"https:\/\/api.w.org\/{rel}","templated":true}]}}