{"id":2796,"date":"2025-09-11T16:47:51","date_gmt":"2025-09-11T20:47:51","guid":{"rendered":"https:\/\/fosfeminista.org\/?page_id=2796"},"modified":"2026-01-29T12:47:23","modified_gmt":"2026-01-29T17:47:23","slug":"privacy-policy","status":"publish","type":"page","link":"https:\/\/fosfeminista.org\/fr\/privacy-policy\/","title":{"rendered":"Politique de confidentialit\u00e9"},"content":{"rendered":"","protected":false},"excerpt":{"rendered":"<p>F\u00f2s Feminista is committed to protecting the privacy of its supporters and online visitors. We have instituted this Privacy Policy to ensure that your personal information is handled in a safe and responsible manner. This Privacy Policy is incorporated into our Terms of Use.<\/p>","protected":false},"author":11,"featured_media":2949,"parent":0,"menu_order":0,"comment_status":"closed","ping_status":"closed","template":"","meta":{"_acf_changed":false,"_relevanssi_hide_post":"","_relevanssi_hide_content":"","_relevanssi_pin_for_all":"","_relevanssi_pin_keywords":"","_relevanssi_unpin_keywords":"","_relevanssi_related_keywords":"","_relevanssi_related_include_ids":"","_relevanssi_related_exclude_ids":"","_relevanssi_related_no_append":"","_relevanssi_related_not_related":"","_relevanssi_related_posts":"","_relevanssi_noindex_reason":""},"class_list":["post-2796","page","type-page","status-publish","has-post-thumbnail","hentry"],"acf":{"page_layout":[{"acf_fc_layout":"layout_hero_basic","_acfe_flexible_toggle":null,"component_hero_basic":{"":null,"kicker_text":"","title":"","heading_size":"standard","description":"F\u00f2s Feminista s'engage \u00e0 prot\u00e9ger la vie priv\u00e9e de ses sympathisants et de ses visiteurs en ligne. Nous avons mis en place cette politique de confidentialit\u00e9 afin de garantir que vos informations personnelles sont trait\u00e9es de mani\u00e8re s\u00fbre et responsable. Cette politique de confidentialit\u00e9 est incorpor\u00e9e dans notre <a href=\"https:\/\/fosfeminista.org\/fr\/terms-of-use\/\">Conditions d'utilisation<\/a>.","link":"","button":"","image":2949,"anchor_id":""}},{"acf_fc_layout":"layout_wysiwyg","_acfe_flexible_toggle":null,"component_wysiwyg":{"content":"<h3>Champ d'application de la pr\u00e9sente politique<\/h3>\r\n\r\nThis Privacy Policy applies to all personal information that F\u00f2s Feminista collects, both online (through our website, email communications, digital donation platforms, and other F\u00f2s Feminista-managed platforms) and offline (such as through mail, phone, or in-person interactions). F\u00f2s Feminista applies the same privacy, security, and confidentiality standards to information collected in both settings. F\u00f2s Feminista does not sell, share, or exchange donor or user information for third-party fundraising or marketing purposes, whether collected online or offline.\r\n\r\nIf you do not agree to the terms of this Privacy Policy or our Terms of Use in their entirety, please refrain from any use of any Platform.\r\n\r\n<h3>Acc\u00e8s, correction et suppression de vos informations<\/h3>\r\nIf you would like to access, modify, correct, or delete your personal information, please contact us. When you contact us, you may be required to provide us some details to verify your identity in this case. We may not accommodate a request to change or delete information if we believe the change would violate any law or legal requirement, cause the information to be incorrect, or we are unable to verify your identity.\r\n\r\nFor any questions or concerns about our Privacy Policy, our data practices, or if you wish to review the information we have on file for you, correct your information, or inform us how you wish your information to be used, please contact us at:\r\n<blockquote>F\u00f2s Feminista\r\n125 Maiden Lane, 9th Floor\r\nNew York, NY 10038\r\n<a href=\"mailto:info@fosfeminista.org\">info@fosfeminista.org<\/a>\r\n212-248-6400<\/blockquote>\r\n<h3>Comment nous recueillons des informations en ligne aupr\u00e8s de vous ou \u00e0 votre sujet<\/h3>\r\nNous recueillons les informations que vous fournissez lorsque vous utilisez nos plateformes pour :\r\n<ul>\r\n \t<li>Faire un don<\/li>\r\n \t<li>Contribuer au contenu<\/li>\r\n \t<li>Utiliser des fonctions interactives (par exemple, une plate-forme d'apprentissage, une fonction de chat).<\/li>\r\n \t<li>Signer une p\u00e9tition en ligne<\/li>\r\n \t<li>Postuler \u00e0 un emploi ou \u00e0 un stage<\/li>\r\n \t<li>S'inscrire pour recevoir des communications de F\u00f2s Feminista<\/li>\r\n \t<li>Participer \u00e0 des sondages, des enqu\u00eates ou des quiz<\/li>\r\n \t<li>Contactez-nous pour poser une question, faire un commentaire ou demander plus d'informations<\/li>\r\n \t<li>L'utilisation de cookies et le traitement des transactions financi\u00e8res sont deux des moyens les plus courants par lesquels nous collectons des informations aupr\u00e8s de vous ou \u00e0 votre sujet.<\/li>\r\n<\/ul>\r\n<h3>Cookies<\/h3>\r\nWe may use cookies to collect your personal information. Cookies are unique identifiers which are used to customize a website, mobile application or social media site experience. We may automatically collect certain information from your computer or mobile device such as your Internet Protocol (IP) address, your browser type, your operating system, and the F\u00f2s Feminista webpages you view online.\r\n\r\nCertain services provided in connection with our Platforms, such as the e-mail signups or online donations are handled by third parties that may or may not use cookies or other similar tracking technologies. Although we have chosen vendors with a reputation for security, F\u00f2s Feminista cannot control the personal information collected by those vendors and you should become familiar with their specific terms of use and privacy policies.\r\n\r\nIf you do not want F\u00f2s Feminista to collect information through the use of cookies, you can set your web browser to reject cookies. If you reject or block cookies from F\u00f2s Feminista, however, some services may not function as intended.\r\n<h3>Transactions financi\u00e8res<\/h3>\r\nTo process a donation, it is necessary for F\u00f2s Feminista \u2013 or one of its third-party vendors \u2013 to gather the visitor\u2019s name, email address, mailing address, phone, and credit card information. This data is used to verify identity and execute the financial transaction. Additionally, phone number and email address information may be used to contact visitors if there is a problem with the transaction.\r\n\r\nPersonal information collected to conduct financial transactions is kept private and secure and is not sold, rented, or traded to third parties. It is important to note that credit card numbers are used only at the time of the transaction and are not stored following the conclusion of the transaction unless a transaction is selected that occurs on a regular basis. For transactions that recur, credit card information is stored in an encrypted format.\r\n<h3>Quelles sont les informations que nous recueillons en ligne aupr\u00e8s de vous ou \u00e0 votre sujet ?<\/h3>\r\nEn utilisant nos plateformes, vous pouvez nous fournir des informations, y compris, mais sans s'y limiter :\r\n<ul>\r\n \t<li>Votre nom<\/li>\r\n \t<li>Votre photographie<\/li>\r\n \t<li>Vos coordonn\u00e9es<\/li>\r\n \t<li>Vos donn\u00e9es d\u00e9mographiques<\/li>\r\n \t<li>Les informations relatives \u00e0 votre carte de cr\u00e9dit pour les dons<\/li>\r\n \t<li>Votre domaine d'int\u00e9r\u00eat pour nos programmes<\/li>\r\n \t<li>les informations que vous fournissez lorsque vous soumettez une demande d'emploi ou de b\u00e9n\u00e9volat<\/li>\r\n \t<li>Les informations que vous nous fournissez lorsque vous nous contactez<\/li>\r\n<\/ul>\r\n&nbsp;\r\n<h3>Comment nous utilisons vos informations<\/h3>\r\nF\u00f2s Feminista peut utiliser vos informations personnelles \u00e0 plusieurs fins, y compris mais sans s'y limiter :\r\n<ul>\r\n \t<li>vous fournir les mises \u00e0 jour et les informations que vous demandez ;<\/li>\r\n \t<li>le traitement des transactions financi\u00e8res que vous avez autoris\u00e9es, y compris les dons uniques et r\u00e9currents ;<\/li>\r\n \t<li>Partager des campagnes de collecte de fonds ou des p\u00e9titions ;<\/li>\r\n \t<li>vous envoyer des communications publicitaires par l'interm\u00e9diaire de canaux tiers, des communications marketing, du mat\u00e9riel promotionnel, des invitations \u00e0 des \u00e9v\u00e9nements et \u00e0 des r\u00e9unions, ou d'autres communications susceptibles de vous int\u00e9resser ;<\/li>\r\n \t<li>Effectuer des recherches et des analyses statistiques ;<\/li>\r\n \t<li>r\u00e9pondre \u00e0 toute loi, r\u00e9glementation, proc\u00e9dure judiciaire ou demande gouvernementale applicable ;<\/li>\r\n \t<li>Faire respecter nos conditions d'utilisation, notamment en enqu\u00eatant sur les violations potentielles ;<\/li>\r\n \t<li>D\u00e9tecter, pr\u00e9venir ou traiter de toute autre mani\u00e8re les probl\u00e8mes de fraude, de s\u00e9curit\u00e9 ou techniques ; ou<\/li>\r\n \t<li>Prot\u00e9ger les droits, la propri\u00e9t\u00e9 ou la s\u00e9curit\u00e9 de F\u00f2s Feminista, de nos utilisateurs ou du public, comme l'exige ou l'autorise la loi.<\/li>\r\n<\/ul>\r\nEn outre, F\u00f2s Feminista peut utiliser les informations relatives \u00e0 vos donateurs \u00e0 plusieurs fins, y compris mais sans s'y limiter :\r\n<ul>\r\n \t<li>Si vous nous fournissez vos coordonn\u00e9es, vous pourrez recevoir des courriers p\u00e9riodiques contenant des informations sur nos programmes et services. Si vous ne souhaitez plus recevoir de courrier postal et\/ou \u00e9lectronique de notre part \u00e0 l'avenir, veuillez nous en informer en envoyant votre demande par courrier \u00e9lectronique \u00e0 info@fosfeminista.org ou en nous appelant au 212-248-6400.<\/li>\r\n \t<li>F\u00f2s Feminista effectue des recherches sur les donateurs existants et potentiels en utilisant uniquement des informations accessibles au public, afin d'\u00e9clairer ses strat\u00e9gies de collecte de fonds. F\u00f2s Feminista affirme qu'elle ne demande pas d'informations qui ne sont pas d\u00e9j\u00e0 accessibles au public. L'utilisation des informations relatives aux donateurs est limit\u00e9e \u00e0 des fins internes, par des personnes autoris\u00e9es, afin de mieux servir les donateurs existants, les donateurs potentiels ou les relations avec les partenaires ;<\/li>\r\n \t<li>Le directeur du d\u00e9veloppement peut, \u00e0 sa discr\u00e9tion, mettre tout ou partie d'un dossier de donateur \u00e0 la disposition des membres du personnel ou des b\u00e9n\u00e9voles si cela est indispensable \u00e0 l'exercice de leurs responsabilit\u00e9s ;<\/li>\r\n \t<li>Pour s'acquitter de ses responsabilit\u00e9s, le conseil d'administration peut avoir besoin d'examiner les dossiers des donateurs et des prospects. Tous les administrateurs doivent respecter l'int\u00e9r\u00eat significatif de F\u00f2s Feminista \u00e0 prot\u00e9ger la nature sensible de ces dossiers et doivent appliquer les pr\u00e9sentes politiques de confidentialit\u00e9 des donateurs ;<\/li>\r\n \t<li>les auditeurs de F\u00f2s Feminista sont autoris\u00e9s \u00e0 examiner de mani\u00e8re confidentielle les dossiers des donateurs et des prospects, dans la mesure o\u00f9 cela est n\u00e9cessaire aux fins pour lesquelles ils ont \u00e9t\u00e9 engag\u00e9s ; ou<\/li>\r\n \t<li>F\u00f2s Feminista peut citer les noms des donateurs dans son rapport annuel imprim\u00e9 et num\u00e9rique, ainsi que dans d'autres publications destin\u00e9es aux donateurs, \u00e0 moins qu'un donateur ne demande que son don soit r\u00e9pertori\u00e9 comme \u201canonyme\u201d. Veuillez faire cette demande par courriel \u00e0 info@fosfeminista.org.<\/li>\r\n<\/ul>\r\n<h3>Publicit\u00e9 en ligne<\/h3>\r\nF\u00f2s Feminista does not knowingly sell or trade your information online with third-party advertisers. Our third-party advertising partners, however, may use cookies and similar technologies on third-party websites on which our ads appear. F\u00f2s Feminista is not associated with the information gathering practices of these advertising partners and such practices are not governed by this Privacy Policy.\r\n\r\nA note about Facebook Advertising: Like many nonprofits, F\u00f2s Feminista may use Facebook Advertising to target our supporters and prospective supporters with relevant content related to sexual and reproductive health and rights. F\u00f2s Feminista uses an encrypted contact list for such advertising and does not trade or sell your information with third-party advertising partners.\r\n\r\n<h3>Comment nous s\u00e9curisons vos informations personnelles<\/h3>\r\nWe understand your concerns about safety and security and want to assure you that we make every effort to safeguard your information and privacy when you use our Platforms. F\u00f2s Feminista further recognizes that the operation of the organization requires the maintenance and management of extensive donor and prospect records. Donor records often contain sensitive information that has been shared with or developed by F\u00f2s Feminista staff on a confidential basis.\r\n\r\nF\u00f2s Feminista endeavors to protect your information through established and implemented physical, electronic, and managerial procedures and engaging third-party vendors that provide a secure and safe environment for the storage and processing of your credit card and personal information. For example, F\u00f2s Feminista uses Secure Sockets Layer (SSL) technology to protect against the loss, misuse, and unauthorized alteration of the information under our control. To the extent any donations are processed through a third-party service provider, those providers are required to sign a confidentiality and privacy agreement, and our donors\u2019 personal information will only be used for purposes necessary to process the donation. In addition, all staff are required to sign an employee confidentiality agreement which includes all donor-related information.\r\n\r\nPlease remember that the safety and security of your information also depends on you. Unfortunately, the transmission of information via the internet is not completely secure. Although we do our best to protect your personal information, we cannot guarantee the security of your personal or sensitive information transmitted to us and F\u00f2s Feminista makes no representation or warranty that the Platforms are protected from viruses, security threats or other vulnerabilities. Any transmission of personal or sensitive information is at your own risk. We are not responsible for circumvention of any privacy settings or security measures we put in place for your protection. If you have concerns about the security of sensitive information, do not send it electronically.\r\n\r\nSharing excludes text messaging originator opt-in data and consent; this information will not be shared with any third parties.\r\n<h3>Modifications de la pr\u00e9sente politique<\/h3>\r\nF\u00f2s Feminista se r\u00e9serve le droit, \u00e0 sa seule discr\u00e9tion et sans aucune obligation, de modifier ou de corriger toute erreur ou omission dans toute partie de cette politique de confidentialit\u00e9. Si nos pratiques en mati\u00e8re d'information changent \u00e0 l'avenir, nous publierons les changements de politique sur notre site web afin de vous informer de ces changements et de vous donner la possibilit\u00e9 de refuser ces nouvelles utilisations. Si vous \u00eates pr\u00e9occup\u00e9 par la mani\u00e8re dont vos informations sont utilis\u00e9es, nous vous conseillons de consulter r\u00e9guli\u00e8rement notre site web.\r\n\r\n<i><b>Cette politique a \u00e9t\u00e9 mise \u00e0 jour le 29 janvier 2026<\/b><\/i>","":null,"anchor_id":""}}]},"yoast_head":"<!-- This site is optimized with the Yoast SEO plugin v27.5 - https:\/\/yoast.com\/product\/yoast-seo-wordpress\/ -->\n<title>Privacy Policy - F\u00f2s Feminista<\/title>\n<meta name=\"robots\" content=\"index, follow, max-snippet:-1, max-image-preview:large, max-video-preview:-1\" \/>\n<link rel=\"canonical\" href=\"https:\/\/fosfeminista.org\/fr\/privacy-policy\/\" \/>\n<meta property=\"og:locale\" content=\"fr_FR\" \/>\n<meta property=\"og:type\" content=\"article\" \/>\n<meta property=\"og:title\" content=\"Privacy Policy - F\u00f2s Feminista\" \/>\n<meta property=\"og:description\" content=\"F\u00f2s Feminista is committed to protecting the privacy of its supporters and online visitors. We have instituted this Privacy Policy to ensure that your personal information is handled in a safe and responsible manner. This Privacy Policy is incorporated into our Terms of Use.\" \/>\n<meta property=\"og:url\" content=\"https:\/\/fosfeminista.org\/fr\/privacy-policy\/\" \/>\n<meta property=\"og:site_name\" content=\"F\u00f2s Feminista\" \/>\n<meta property=\"article:modified_time\" content=\"2026-01-29T17:47:23+00:00\" \/>\n<meta property=\"og:image\" content=\"https:\/\/fosfeminista.org\/wp-content\/uploads\/2025\/09\/1a-Tax-Deduction-Donation.png\" \/>\n\t<meta property=\"og:image:width\" content=\"1280\" \/>\n\t<meta property=\"og:image:height\" content=\"894\" \/>\n\t<meta property=\"og:image:type\" content=\"image\/png\" \/>\n<meta name=\"twitter:card\" content=\"summary_large_image\" \/>\n<script type=\"application\/ld+json\" class=\"yoast-schema-graph\">{\"@context\":\"https:\\\/\\\/schema.org\",\"@graph\":[{\"@type\":\"WebPage\",\"@id\":\"https:\\\/\\\/fosfeminista.org\\\/privacy-policy\\\/\",\"url\":\"https:\\\/\\\/fosfeminista.org\\\/privacy-policy\\\/\",\"name\":\"Privacy Policy - F\u00f2s Feminista\",\"isPartOf\":{\"@id\":\"https:\\\/\\\/fosfeminista.org\\\/#website\"},\"primaryImageOfPage\":{\"@id\":\"https:\\\/\\\/fosfeminista.org\\\/privacy-policy\\\/#primaryimage\"},\"image\":{\"@id\":\"https:\\\/\\\/fosfeminista.org\\\/privacy-policy\\\/#primaryimage\"},\"thumbnailUrl\":\"https:\\\/\\\/fosfeminista.org\\\/wp-content\\\/uploads\\\/2025\\\/09\\\/1a-Tax-Deduction-Donation.png\",\"datePublished\":\"2025-09-11T20:47:51+00:00\",\"dateModified\":\"2026-01-29T17:47:23+00:00\",\"breadcrumb\":{\"@id\":\"https:\\\/\\\/fosfeminista.org\\\/privacy-policy\\\/#breadcrumb\"},\"inLanguage\":\"fr-FR\",\"potentialAction\":[{\"@type\":\"ReadAction\",\"target\":[\"https:\\\/\\\/fosfeminista.org\\\/privacy-policy\\\/\"]}]},{\"@type\":\"ImageObject\",\"inLanguage\":\"fr-FR\",\"@id\":\"https:\\\/\\\/fosfeminista.org\\\/privacy-policy\\\/#primaryimage\",\"url\":\"https:\\\/\\\/fosfeminista.org\\\/wp-content\\\/uploads\\\/2025\\\/09\\\/1a-Tax-Deduction-Donation.png\",\"contentUrl\":\"https:\\\/\\\/fosfeminista.org\\\/wp-content\\\/uploads\\\/2025\\\/09\\\/1a-Tax-Deduction-Donation.png\",\"width\":1280,\"height\":894,\"caption\":\"Two hands cradle a globe.\"},{\"@type\":\"BreadcrumbList\",\"@id\":\"https:\\\/\\\/fosfeminista.org\\\/privacy-policy\\\/#breadcrumb\",\"itemListElement\":[{\"@type\":\"ListItem\",\"position\":1,\"name\":\"Home\",\"item\":\"https:\\\/\\\/fosfeminista.org\\\/\"},{\"@type\":\"ListItem\",\"position\":2,\"name\":\"Privacy Policy\"}]},{\"@type\":\"WebSite\",\"@id\":\"https:\\\/\\\/fosfeminista.org\\\/#website\",\"url\":\"https:\\\/\\\/fosfeminista.org\\\/\",\"name\":\"F\u00f2s Feminista\",\"description\":\"\",\"potentialAction\":[{\"@type\":\"SearchAction\",\"target\":{\"@type\":\"EntryPoint\",\"urlTemplate\":\"https:\\\/\\\/fosfeminista.org\\\/?s={search_term_string}\"},\"query-input\":{\"@type\":\"PropertyValueSpecification\",\"valueRequired\":true,\"valueName\":\"search_term_string\"}}],\"inLanguage\":\"fr-FR\"}]}<\/script>\n<!-- \/ Yoast SEO plugin. -->","yoast_head_json":{"title":"Privacy Policy - F\u00f2s Feminista","robots":{"index":"index","follow":"follow","max-snippet":"max-snippet:-1","max-image-preview":"max-image-preview:large","max-video-preview":"max-video-preview:-1"},"canonical":"https:\/\/fosfeminista.org\/fr\/privacy-policy\/","og_locale":"fr_FR","og_type":"article","og_title":"Privacy Policy - F\u00f2s Feminista","og_description":"F\u00f2s Feminista is committed to protecting the privacy of its supporters and online visitors. We have instituted this Privacy Policy to ensure that your personal information is handled in a safe and responsible manner. This Privacy Policy is incorporated into our Terms of Use.","og_url":"https:\/\/fosfeminista.org\/fr\/privacy-policy\/","og_site_name":"F\u00f2s Feminista","article_modified_time":"2026-01-29T17:47:23+00:00","og_image":[{"width":1280,"height":894,"url":"https:\/\/fosfeminista.org\/wp-content\/uploads\/2025\/09\/1a-Tax-Deduction-Donation.png","type":"image\/png"}],"twitter_card":"summary_large_image","schema":{"@context":"https:\/\/schema.org","@graph":[{"@type":"WebPage","@id":"https:\/\/fosfeminista.org\/privacy-policy\/","url":"https:\/\/fosfeminista.org\/privacy-policy\/","name":"Privacy Policy - F\u00f2s Feminista","isPartOf":{"@id":"https:\/\/fosfeminista.org\/#website"},"primaryImageOfPage":{"@id":"https:\/\/fosfeminista.org\/privacy-policy\/#primaryimage"},"image":{"@id":"https:\/\/fosfeminista.org\/privacy-policy\/#primaryimage"},"thumbnailUrl":"https:\/\/fosfeminista.org\/wp-content\/uploads\/2025\/09\/1a-Tax-Deduction-Donation.png","datePublished":"2025-09-11T20:47:51+00:00","dateModified":"2026-01-29T17:47:23+00:00","breadcrumb":{"@id":"https:\/\/fosfeminista.org\/privacy-policy\/#breadcrumb"},"inLanguage":"fr-FR","potentialAction":[{"@type":"ReadAction","target":["https:\/\/fosfeminista.org\/privacy-policy\/"]}]},{"@type":"ImageObject","inLanguage":"fr-FR","@id":"https:\/\/fosfeminista.org\/privacy-policy\/#primaryimage","url":"https:\/\/fosfeminista.org\/wp-content\/uploads\/2025\/09\/1a-Tax-Deduction-Donation.png","contentUrl":"https:\/\/fosfeminista.org\/wp-content\/uploads\/2025\/09\/1a-Tax-Deduction-Donation.png","width":1280,"height":894,"caption":"Two hands cradle a globe."},{"@type":"BreadcrumbList","@id":"https:\/\/fosfeminista.org\/privacy-policy\/#breadcrumb","itemListElement":[{"@type":"ListItem","position":1,"name":"Home","item":"https:\/\/fosfeminista.org\/"},{"@type":"ListItem","position":2,"name":"Privacy Policy"}]},{"@type":"WebSite","@id":"https:\/\/fosfeminista.org\/#website","url":"https:\/\/fosfeminista.org\/","name":"F\u00f2s Feminista","description":"","potentialAction":[{"@type":"SearchAction","target":{"@type":"EntryPoint","urlTemplate":"https:\/\/fosfeminista.org\/?s={search_term_string}"},"query-input":{"@type":"PropertyValueSpecification","valueRequired":true,"valueName":"search_term_string"}}],"inLanguage":"fr-FR"}]}},"_links":{"self":[{"href":"https:\/\/fosfeminista.org\/fr\/wp-json\/wp\/v2\/pages\/2796","targetHints":{"allow":["GET"]}}],"collection":[{"href":"https:\/\/fosfeminista.org\/fr\/wp-json\/wp\/v2\/pages"}],"about":[{"href":"https:\/\/fosfeminista.org\/fr\/wp-json\/wp\/v2\/types\/page"}],"author":[{"embeddable":true,"href":"https:\/\/fosfeminista.org\/fr\/wp-json\/wp\/v2\/users\/11"}],"replies":[{"embeddable":true,"href":"https:\/\/fosfeminista.org\/fr\/wp-json\/wp\/v2\/comments?post=2796"}],"version-history":[{"count":12,"href":"https:\/\/fosfeminista.org\/fr\/wp-json\/wp\/v2\/pages\/2796\/revisions"}],"predecessor-version":[{"id":6226,"href":"https:\/\/fosfeminista.org\/fr\/wp-json\/wp\/v2\/pages\/2796\/revisions\/6226"}],"wp:featuredmedia":[{"embeddable":true,"href":"https:\/\/fosfeminista.org\/fr\/wp-json\/wp\/v2\/media\/2949"}],"wp:attachment":[{"href":"https:\/\/fosfeminista.org\/fr\/wp-json\/wp\/v2\/media?parent=2796"}],"curies":[{"name":"wp","href":"https:\/\/api.w.org\/{rel}","templated":true}]}}