{"id":2500,"date":"2025-09-08T13:12:37","date_gmt":"2025-09-08T17:12:37","guid":{"rendered":"https:\/\/fosfeminista.org\/?page_id=2500"},"modified":"2025-09-29T14:22:37","modified_gmt":"2025-09-29T18:22:37","slug":"contact","status":"publish","type":"page","link":"https:\/\/fosfeminista.org\/fr\/about\/contact\/","title":{"rendered":"Contact"},"content":{"rendered":"","protected":false},"excerpt":{"rendered":"<p>F\u00f2s Feminista works in alliance with partners and communities around the world to advance sexual and reproductive health, rights, and justice. Use the form below to get in touch with our team. We welcome your questions, ideas, and collaborations.<\/p>","protected":false},"author":2,"featured_media":0,"parent":2487,"menu_order":0,"comment_status":"closed","ping_status":"closed","template":"","meta":{"_acf_changed":false,"_relevanssi_hide_post":"","_relevanssi_hide_content":"","_relevanssi_pin_for_all":"","_relevanssi_pin_keywords":"","_relevanssi_unpin_keywords":"","_relevanssi_related_keywords":"","_relevanssi_related_include_ids":"","_relevanssi_related_exclude_ids":"","_relevanssi_related_no_append":"","_relevanssi_related_not_related":"","_relevanssi_related_posts":"","_relevanssi_noindex_reason":""},"class_list":["post-2500","page","type-page","status-publish","hentry"],"acf":{"page_layout":[{"acf_fc_layout":"layout_hero_basic","_acfe_flexible_toggle":"","component_hero_basic":{"":null,"kicker_text":"","title":"","heading_size":"standard","description":"<p class=\"p1\">F\u00f2s Feminista travaille en alliance avec des partenaires et des communaut\u00e9s du monde entier pour faire progresser la sant\u00e9, les droits et la justice en mati\u00e8re de sexualit\u00e9 et de procr\u00e9ation.<\/p>\r\n<p class=\"p1\">Utilisez le formulaire ci-dessous pour prendre contact avec notre \u00e9quipe. Vos questions, vos id\u00e9es et vos collaborations sont les bienvenues.<\/p>","link":"","button":"","image":"","anchor_id":""}},{"acf_fc_layout":"layout_basic_html","_acfe_flexible_toggle":"","component_basic_html":{"content":"<script src=\"https:\/\/fosfeminista.tfaforms.net\/publish\/7\" data-qp-target-id=\"form\" defer><\/script>\r\n<div id=\"form\"><\/div>","styled_display":false,"":null,"anchor_id":""}}]},"yoast_head":"<!-- This site is optimized with the Yoast SEO plugin v27.5 - https:\/\/yoast.com\/product\/yoast-seo-wordpress\/ -->\n<title>Contact - F\u00f2s Feminista<\/title>\n<meta name=\"robots\" content=\"index, follow, max-snippet:-1, max-image-preview:large, max-video-preview:-1\" \/>\n<link rel=\"canonical\" href=\"https:\/\/fosfeminista.org\/fr\/about\/contact\/\" \/>\n<meta property=\"og:locale\" content=\"fr_FR\" \/>\n<meta property=\"og:type\" content=\"article\" \/>\n<meta property=\"og:title\" content=\"Contact - F\u00f2s Feminista\" \/>\n<meta property=\"og:description\" content=\"F\u00f2s Feminista works in alliance with partners and communities around the world to advance sexual and reproductive health, rights, and justice. Use the form below to get in touch with our team. We welcome your questions, ideas, and collaborations.\" \/>\n<meta property=\"og:url\" content=\"https:\/\/fosfeminista.org\/fr\/about\/contact\/\" \/>\n<meta property=\"og:site_name\" content=\"F\u00f2s Feminista\" \/>\n<meta property=\"article:modified_time\" content=\"2025-09-29T18:22:37+00:00\" \/>\n<meta property=\"og:image\" content=\"https:\/\/fosfeminista.org\/wp-content\/uploads\/2025\/09\/share-image.png\" \/>\n\t<meta property=\"og:image:width\" content=\"2280\" \/>\n\t<meta property=\"og:image:height\" content=\"1192\" \/>\n\t<meta property=\"og:image:type\" content=\"image\/png\" \/>\n<meta name=\"twitter:card\" content=\"summary_large_image\" \/>\n<script type=\"application\/ld+json\" class=\"yoast-schema-graph\">{\"@context\":\"https:\\\/\\\/schema.org\",\"@graph\":[{\"@type\":\"WebPage\",\"@id\":\"https:\\\/\\\/fosfeminista.org\\\/es\\\/about\\\/contact\\\/\",\"url\":\"https:\\\/\\\/fosfeminista.org\\\/es\\\/about\\\/contact\\\/\",\"name\":\"Contact - F\u00f2s Feminista\",\"isPartOf\":{\"@id\":\"https:\\\/\\\/fosfeminista.org\\\/#website\"},\"datePublished\":\"2025-09-08T17:12:37+00:00\",\"dateModified\":\"2025-09-29T18:22:37+00:00\",\"breadcrumb\":{\"@id\":\"https:\\\/\\\/fosfeminista.org\\\/es\\\/about\\\/contact\\\/#breadcrumb\"},\"inLanguage\":\"fr-FR\",\"potentialAction\":[{\"@type\":\"ReadAction\",\"target\":[\"https:\\\/\\\/fosfeminista.org\\\/es\\\/about\\\/contact\\\/\"]}]},{\"@type\":\"BreadcrumbList\",\"@id\":\"https:\\\/\\\/fosfeminista.org\\\/es\\\/about\\\/contact\\\/#breadcrumb\",\"itemListElement\":[{\"@type\":\"ListItem\",\"position\":1,\"name\":\"Home\",\"item\":\"https:\\\/\\\/fosfeminista.org\\\/\"},{\"@type\":\"ListItem\",\"position\":2,\"name\":\"About\",\"item\":\"https:\\\/\\\/fosfeminista.org\\\/about\\\/\"},{\"@type\":\"ListItem\",\"position\":3,\"name\":\"Contact\"}]},{\"@type\":\"WebSite\",\"@id\":\"https:\\\/\\\/fosfeminista.org\\\/#website\",\"url\":\"https:\\\/\\\/fosfeminista.org\\\/\",\"name\":\"F\u00f2s Feminista\",\"description\":\"\",\"potentialAction\":[{\"@type\":\"SearchAction\",\"target\":{\"@type\":\"EntryPoint\",\"urlTemplate\":\"https:\\\/\\\/fosfeminista.org\\\/?s={search_term_string}\"},\"query-input\":{\"@type\":\"PropertyValueSpecification\",\"valueRequired\":true,\"valueName\":\"search_term_string\"}}],\"inLanguage\":\"fr-FR\"}]}<\/script>\n<!-- \/ Yoast SEO plugin. -->","yoast_head_json":{"title":"Contact - F\u00f2s Feminista","robots":{"index":"index","follow":"follow","max-snippet":"max-snippet:-1","max-image-preview":"max-image-preview:large","max-video-preview":"max-video-preview:-1"},"canonical":"https:\/\/fosfeminista.org\/fr\/about\/contact\/","og_locale":"fr_FR","og_type":"article","og_title":"Contact - F\u00f2s Feminista","og_description":"F\u00f2s Feminista works in alliance with partners and communities around the world to advance sexual and reproductive health, rights, and justice. Use the form below to get in touch with our team. We welcome your questions, ideas, and collaborations.","og_url":"https:\/\/fosfeminista.org\/fr\/about\/contact\/","og_site_name":"F\u00f2s Feminista","article_modified_time":"2025-09-29T18:22:37+00:00","og_image":[{"width":2280,"height":1192,"url":"https:\/\/fosfeminista.org\/wp-content\/uploads\/2025\/09\/share-image.png","type":"image\/png"}],"twitter_card":"summary_large_image","schema":{"@context":"https:\/\/schema.org","@graph":[{"@type":"WebPage","@id":"https:\/\/fosfeminista.org\/es\/about\/contact\/","url":"https:\/\/fosfeminista.org\/es\/about\/contact\/","name":"Contact - F\u00f2s Feminista","isPartOf":{"@id":"https:\/\/fosfeminista.org\/#website"},"datePublished":"2025-09-08T17:12:37+00:00","dateModified":"2025-09-29T18:22:37+00:00","breadcrumb":{"@id":"https:\/\/fosfeminista.org\/es\/about\/contact\/#breadcrumb"},"inLanguage":"fr-FR","potentialAction":[{"@type":"ReadAction","target":["https:\/\/fosfeminista.org\/es\/about\/contact\/"]}]},{"@type":"BreadcrumbList","@id":"https:\/\/fosfeminista.org\/es\/about\/contact\/#breadcrumb","itemListElement":[{"@type":"ListItem","position":1,"name":"Home","item":"https:\/\/fosfeminista.org\/"},{"@type":"ListItem","position":2,"name":"About","item":"https:\/\/fosfeminista.org\/about\/"},{"@type":"ListItem","position":3,"name":"Contact"}]},{"@type":"WebSite","@id":"https:\/\/fosfeminista.org\/#website","url":"https:\/\/fosfeminista.org\/","name":"F\u00f2s Feminista","description":"","potentialAction":[{"@type":"SearchAction","target":{"@type":"EntryPoint","urlTemplate":"https:\/\/fosfeminista.org\/?s={search_term_string}"},"query-input":{"@type":"PropertyValueSpecification","valueRequired":true,"valueName":"search_term_string"}}],"inLanguage":"fr-FR"}]}},"_links":{"self":[{"href":"https:\/\/fosfeminista.org\/fr\/wp-json\/wp\/v2\/pages\/2500","targetHints":{"allow":["GET"]}}],"collection":[{"href":"https:\/\/fosfeminista.org\/fr\/wp-json\/wp\/v2\/pages"}],"about":[{"href":"https:\/\/fosfeminista.org\/fr\/wp-json\/wp\/v2\/types\/page"}],"author":[{"embeddable":true,"href":"https:\/\/fosfeminista.org\/fr\/wp-json\/wp\/v2\/users\/2"}],"replies":[{"embeddable":true,"href":"https:\/\/fosfeminista.org\/fr\/wp-json\/wp\/v2\/comments?post=2500"}],"version-history":[{"count":10,"href":"https:\/\/fosfeminista.org\/fr\/wp-json\/wp\/v2\/pages\/2500\/revisions"}],"predecessor-version":[{"id":5667,"href":"https:\/\/fosfeminista.org\/fr\/wp-json\/wp\/v2\/pages\/2500\/revisions\/5667"}],"up":[{"embeddable":true,"href":"https:\/\/fosfeminista.org\/fr\/wp-json\/wp\/v2\/pages\/2487"}],"wp:attachment":[{"href":"https:\/\/fosfeminista.org\/fr\/wp-json\/wp\/v2\/media?parent=2500"}],"curies":[{"name":"wp","href":"https:\/\/api.w.org\/{rel}","templated":true}]}}