{"id":2498,"date":"2025-09-08T13:12:27","date_gmt":"2025-09-08T17:12:27","guid":{"rendered":"https:\/\/fosfeminista.org\/?page_id=2498"},"modified":"2025-10-07T11:41:13","modified_gmt":"2025-10-07T15:41:13","slug":"careers","status":"publish","type":"page","link":"https:\/\/fosfeminista.org\/fr\/about\/careers\/","title":{"rendered":"Carri\u00e8res"},"content":{"rendered":"","protected":false},"excerpt":{"rendered":"<p>Nous sommes une alliance mondiale de d\u00e9fenseurs, de prestataires de soins de sant\u00e9 et d'acteurs du changement. Chez F\u00f2s Feminista, votre travail favorise l'acc\u00e8s aux soins, d\u00e9fend les droits et renforce le mouvement f\u00e9ministe.<\/p>","protected":false},"author":2,"featured_media":2782,"parent":2487,"menu_order":0,"comment_status":"closed","ping_status":"closed","template":"","meta":{"_acf_changed":false,"_relevanssi_hide_post":"","_relevanssi_hide_content":"","_relevanssi_pin_for_all":"","_relevanssi_pin_keywords":"","_relevanssi_unpin_keywords":"","_relevanssi_related_keywords":"","_relevanssi_related_include_ids":"","_relevanssi_related_exclude_ids":"","_relevanssi_related_no_append":"","_relevanssi_related_not_related":"","_relevanssi_related_posts":"","_relevanssi_noindex_reason":""},"class_list":["post-2498","page","type-page","status-publish","has-post-thumbnail","hentry"],"acf":{"page_layout":[{"acf_fc_layout":"layout_hero_basic","_acfe_flexible_toggle":"","component_hero_basic":{"":null,"kicker_text":"","title":"Travailler avec nous","heading_size":"standard","description":"<span style=\"font-weight: 400;\">Nous sommes une alliance mondiale de d\u00e9fenseurs, de prestataires de soins de sant\u00e9 et d'acteurs du changement. Chez F\u00f2s Feminista, votre travail favorise l'acc\u00e8s aux soins, d\u00e9fend les droits et renforce le mouvement f\u00e9ministe.<\/span>","link":"","button":{"title":"Search jobs","url":"https:\/\/fosfeminista.org\/about\/careers#jobs","target":""},"image":2782,"anchor_id":""}},{"acf_fc_layout":"layout_wysiwyg","_acfe_flexible_toggle":"","component_wysiwyg":{"content":"Our culture is rooted in feminist values: care, equity, intersectionality, and transparency. They shape how we work with partners, how we communicate, and how we support our team.\r\n\r\nPeople join F\u00f2s Feminista to fight for sexual and reproductive health and rights alongside committed colleagues worldwide.\r\n\r\nIf this drives you too, join us.","":null,"anchor_id":""}},{"acf_fc_layout":"layout_pull_quote","_acfe_flexible_toggle":"","component_pull_quote":{"":null,"background_color":"cream","headline":"A healthy work-life balance","quote":"Working with F\u00f2s Feminista has allowed me to connect with the organizations we work with worldwide. At an individual level, this experience has helped me learn about myself and build my capacity. Also, I like that, beyond the policies, there is a genuine concern for a healthy work life balance.","meta":{"name":"Josephine Mugishagwe, Senior Program Officer","work":"F\u00f2s Feminista"},"additional_promotion":{"heading":"","link":""},"image":5266,"anchor_id":""}},{"acf_fc_layout":"layout_basic_html","_acfe_flexible_toggle":"","component_basic_html":{"content":"<div id=\"BambooHR\" data-domain=\"fosfeminista.bamboohr.com\" data-version=\"1.0.0\" data-departmentid=\"\"><\/div><script src=\"https:\/\/fosfeminista.bamboohr.com\/js\/embed.js\"     type=\"text\/javascript\" async defer><\/script>","styled_display":false,"":null,"anchor_id":"jobs"}},{"acf_fc_layout":"layout_wysiwyg","_acfe_flexible_toggle":"","component_wysiwyg":{"content":"<h2><strong>Notre engagement en mati\u00e8re de soins<\/strong><\/h2>\r\n<h3><span style=\"font-weight: 400;\">Prendre soin les uns des autres est au centre de tout ce que nous faisons\u00a0<\/span><\/h3>\r\n<span style=\"font-weight: 400;\">F\u00f2s Feminista s'engage \u00e0 fournir un ensemble holistique d'avantages et \u00e0 cr\u00e9er une culture organisationnelle qui donne la priorit\u00e9 \u00e0 l'\u00e9quilibre entre vie professionnelle et vie priv\u00e9e, au bien-\u00eatre, \u00e0 l'appartenance et \u00e0 l'engagement. Notre programme complet de r\u00e9mun\u00e9ration pour chacun de nos sites d'embauche est comp\u00e9titif par rapport aux march\u00e9s locaux pour les ONG internationales et promeut l'\u00e9quit\u00e9 interne en mati\u00e8re d'avantages sociaux.<\/span>","":null,"anchor_id":""}},{"acf_fc_layout":"layout_accordion","_acfe_flexible_toggle":"","component_accordion":{"title":"","items":[{"title":"Salaries","open":false,"html":"<span style=\"font-weight: 400;\">F\u00f2s Feminista provides salaries that are internally equitable and locally competitive, alongside other monetary benefits, to support Team Members to have financial security. Recognizing that salary negotiations disproportionately benefit people with privileges, we have eliminated them at hiring. All new positions will be hired at the salary posted for the position.<\/span>"},{"title":"Paid time off","open":false,"html":"<span style=\"font-weight: 400;\">All Team Members are entitled to at least 23 vacation days and 12 days of sick and care leave per year, plus the nationally recognized public holidays in their hiring location. New parents are also entitled to at least 12 weeks paid leave, and F\u00f2s Feminista also accommodates Team Members using accrued paid leave to supplement parental leave.<\/span>"},{"title":"Comprehensive medical insurance and other benefits","open":false,"html":"<span style=\"font-weight: 400;\">F\u00f2s Feminista ensures that all Team Members, and their life partner and\/or eligible family members, have access to quality private health insurance, including medical, dental, and vision benefits at no cost or minimal cost for employees and their eligible family members. F\u00f2s Feminista also provides life insurance for all Team Members and covers disability insurance premiums as required by applicable laws.<\/span>"},{"title":"Flexible work environment","open":false,"html":"<span style=\"font-weight: 400;\">Building from mutual trust, F\u00f2s Feminista supports all Team Members to work virtually from their hiring location with the flexibility to create a schedule that accommodates their personal needs and care responsibilities.<\/span>"}],"":null,"anchor_id":""}},{"acf_fc_layout":"layout_statistic","_acfe_flexible_toggle":"","component_statistic":{"number":"54%","text":"of F\u00f2s Feminista team members are based in the Global South","source":"Our team is based in 17 countries worldwide, reflecting our commitments as a feminist, Global South-led organization to anchor our work and operations close to the communities at the center of our mission.","":null,"anchor_id":""}},{"acf_fc_layout":"layout_wysiwyg","_acfe_flexible_toggle":"","component_wysiwyg":{"content":"<h2><b>Notre engagement en faveur de l'\u00e9quit\u00e9<\/b><\/h2>\r\n<span style=\"font-weight: 400;\">F\u00f2s Feminista est un employeur qui souscrit au principe de l'\u00e9galit\u00e9 des chances et qui se consacre \u00e0 la promotion des droits et de la sant\u00e9 en mati\u00e8re de sexualit\u00e9 et de procr\u00e9ation et au d\u00e9mant\u00e8lement des in\u00e9galit\u00e9s dans une optique f\u00e9ministe intersectionnelle.\u00a0\u00a0<\/span>\r\n\r\n<span style=\"font-weight: 400;\">F\u00f2s Feminista offre l'\u00e9galit\u00e9 des chances \u00e0 tous les employ\u00e9s et candidats \u00e0 l'emploi, sans distinction d'\u00e2ge, de race, de couleur, de handicap, d'origine nationale, de religion, de croyance, de genre, de sexe, d'orientation sexuelle, d'identit\u00e9 de genre, de statut matrimonial et de partenariat, d'information g\u00e9n\u00e9tique, de statut d'ancien combattant ou de toute autre cat\u00e9gorie prot\u00e9g\u00e9e en vertu de la l\u00e9gislation f\u00e9d\u00e9rale, \u00e9tatique et locale.\u00a0<\/span>\r\n\r\n<span style=\"font-weight: 400;\">Chez F\u00f2s Feminista, nous continuons \u00e0 construire une culture inclusive qui encourage, soutient et c\u00e9l\u00e8bre les diverses voix et exp\u00e9riences de nos employ\u00e9s. Nous accueillons les candidatures de personnes de toutes origines, identit\u00e9s et exp\u00e9riences de vie, en veillant \u00e0 ce que chaque candidat soit consid\u00e9r\u00e9 de mani\u00e8re \u00e9quitable.\u00a0<\/span>\r\n<h2><b>Notre engagement en mati\u00e8re de protection<\/b><\/h2>\r\n<span style=\"font-weight: 400;\">F\u00f2s Feminista affirme le droit de toute personne avec laquelle elle travaille ou s'engage \u00e0 \u00eatre prot\u00e9g\u00e9e contre toute forme d'abus \u00e9motionnel, physique ou sexuel, d'exploitation, de harc\u00e8lement, de n\u00e9gligence ou de toute autre forme de pr\u00e9judice.\u00a0<\/span>\r\n\r\n<span style=\"font-weight: 400;\">Les probl\u00e8mes de sauvegarde peuvent \u00eatre soulev\u00e9s par le biais de notre plateforme de signalement anonyme, <\/span><a href=\"https:\/\/fosfeminista.ethicspoint.com\/\"><span style=\"font-weight: 400;\">EthicsPoint<\/span><\/a><span style=\"font-weight: 400;\">.<\/span>","":null,"anchor_id":""}}]},"yoast_head":"<!-- This site is optimized with the Yoast SEO plugin v27.5 - https:\/\/yoast.com\/product\/yoast-seo-wordpress\/ -->\n<title>Careers - F\u00f2s Feminista<\/title>\n<meta name=\"robots\" content=\"index, follow, max-snippet:-1, max-image-preview:large, max-video-preview:-1\" \/>\n<link rel=\"canonical\" href=\"https:\/\/fosfeminista.org\/fr\/about\/careers\/\" \/>\n<meta property=\"og:locale\" content=\"fr_FR\" \/>\n<meta property=\"og:type\" content=\"article\" \/>\n<meta property=\"og:title\" content=\"Careers - F\u00f2s Feminista\" \/>\n<meta property=\"og:description\" content=\"We\u2019re a global alliance of advocates, health providers, and changemakers. At F\u00f2s Feminista, your work fuels access to care, defends rights, and powers a stronger feminist movement.\" \/>\n<meta property=\"og:url\" content=\"https:\/\/fosfeminista.org\/fr\/about\/careers\/\" \/>\n<meta property=\"og:site_name\" content=\"F\u00f2s Feminista\" \/>\n<meta property=\"article:modified_time\" content=\"2025-10-07T15:41:13+00:00\" \/>\n<meta property=\"og:image\" content=\"https:\/\/fosfeminista.org\/wp-content\/uploads\/2025\/09\/Colombia_cDavidEstradaLarraneta-FosFeminista.png\" \/>\n\t<meta property=\"og:image:width\" content=\"720\" \/>\n\t<meta property=\"og:image:height\" content=\"503\" \/>\n\t<meta property=\"og:image:type\" content=\"image\/png\" \/>\n<meta name=\"twitter:card\" content=\"summary_large_image\" \/>\n<script type=\"application\/ld+json\" class=\"yoast-schema-graph\">{\"@context\":\"https:\\\/\\\/schema.org\",\"@graph\":[{\"@type\":\"WebPage\",\"@id\":\"https:\\\/\\\/fosfeminista.org\\\/about\\\/careers\\\/\",\"url\":\"https:\\\/\\\/fosfeminista.org\\\/about\\\/careers\\\/\",\"name\":\"Careers - F\u00f2s Feminista\",\"isPartOf\":{\"@id\":\"https:\\\/\\\/fosfeminista.org\\\/#website\"},\"primaryImageOfPage\":{\"@id\":\"https:\\\/\\\/fosfeminista.org\\\/about\\\/careers\\\/#primaryimage\"},\"image\":{\"@id\":\"https:\\\/\\\/fosfeminista.org\\\/about\\\/careers\\\/#primaryimage\"},\"thumbnailUrl\":\"https:\\\/\\\/fosfeminista.org\\\/wp-content\\\/uploads\\\/2025\\\/09\\\/Colombia_cDavidEstradaLarraneta-FosFeminista.png\",\"datePublished\":\"2025-09-08T17:12:27+00:00\",\"dateModified\":\"2025-10-07T15:41:13+00:00\",\"breadcrumb\":{\"@id\":\"https:\\\/\\\/fosfeminista.org\\\/about\\\/careers\\\/#breadcrumb\"},\"inLanguage\":\"fr-FR\",\"potentialAction\":[{\"@type\":\"ReadAction\",\"target\":[\"https:\\\/\\\/fosfeminista.org\\\/about\\\/careers\\\/\"]}]},{\"@type\":\"ImageObject\",\"inLanguage\":\"fr-FR\",\"@id\":\"https:\\\/\\\/fosfeminista.org\\\/about\\\/careers\\\/#primaryimage\",\"url\":\"https:\\\/\\\/fosfeminista.org\\\/wp-content\\\/uploads\\\/2025\\\/09\\\/Colombia_cDavidEstradaLarraneta-FosFeminista.png\",\"contentUrl\":\"https:\\\/\\\/fosfeminista.org\\\/wp-content\\\/uploads\\\/2025\\\/09\\\/Colombia_cDavidEstradaLarraneta-FosFeminista.png\",\"width\":720,\"height\":503},{\"@type\":\"BreadcrumbList\",\"@id\":\"https:\\\/\\\/fosfeminista.org\\\/about\\\/careers\\\/#breadcrumb\",\"itemListElement\":[{\"@type\":\"ListItem\",\"position\":1,\"name\":\"Home\",\"item\":\"https:\\\/\\\/fosfeminista.org\\\/\"},{\"@type\":\"ListItem\",\"position\":2,\"name\":\"About\",\"item\":\"https:\\\/\\\/fosfeminista.org\\\/about\\\/\"},{\"@type\":\"ListItem\",\"position\":3,\"name\":\"Careers\"}]},{\"@type\":\"WebSite\",\"@id\":\"https:\\\/\\\/fosfeminista.org\\\/#website\",\"url\":\"https:\\\/\\\/fosfeminista.org\\\/\",\"name\":\"F\u00f2s Feminista\",\"description\":\"\",\"potentialAction\":[{\"@type\":\"SearchAction\",\"target\":{\"@type\":\"EntryPoint\",\"urlTemplate\":\"https:\\\/\\\/fosfeminista.org\\\/?s={search_term_string}\"},\"query-input\":{\"@type\":\"PropertyValueSpecification\",\"valueRequired\":true,\"valueName\":\"search_term_string\"}}],\"inLanguage\":\"fr-FR\"}]}<\/script>\n<!-- \/ Yoast SEO plugin. -->","yoast_head_json":{"title":"Careers - F\u00f2s Feminista","robots":{"index":"index","follow":"follow","max-snippet":"max-snippet:-1","max-image-preview":"max-image-preview:large","max-video-preview":"max-video-preview:-1"},"canonical":"https:\/\/fosfeminista.org\/fr\/about\/careers\/","og_locale":"fr_FR","og_type":"article","og_title":"Careers - F\u00f2s Feminista","og_description":"We\u2019re a global alliance of advocates, health providers, and changemakers. At F\u00f2s Feminista, your work fuels access to care, defends rights, and powers a stronger feminist movement.","og_url":"https:\/\/fosfeminista.org\/fr\/about\/careers\/","og_site_name":"F\u00f2s Feminista","article_modified_time":"2025-10-07T15:41:13+00:00","og_image":[{"width":720,"height":503,"url":"https:\/\/fosfeminista.org\/wp-content\/uploads\/2025\/09\/Colombia_cDavidEstradaLarraneta-FosFeminista.png","type":"image\/png"}],"twitter_card":"summary_large_image","schema":{"@context":"https:\/\/schema.org","@graph":[{"@type":"WebPage","@id":"https:\/\/fosfeminista.org\/about\/careers\/","url":"https:\/\/fosfeminista.org\/about\/careers\/","name":"Careers - F\u00f2s Feminista","isPartOf":{"@id":"https:\/\/fosfeminista.org\/#website"},"primaryImageOfPage":{"@id":"https:\/\/fosfeminista.org\/about\/careers\/#primaryimage"},"image":{"@id":"https:\/\/fosfeminista.org\/about\/careers\/#primaryimage"},"thumbnailUrl":"https:\/\/fosfeminista.org\/wp-content\/uploads\/2025\/09\/Colombia_cDavidEstradaLarraneta-FosFeminista.png","datePublished":"2025-09-08T17:12:27+00:00","dateModified":"2025-10-07T15:41:13+00:00","breadcrumb":{"@id":"https:\/\/fosfeminista.org\/about\/careers\/#breadcrumb"},"inLanguage":"fr-FR","potentialAction":[{"@type":"ReadAction","target":["https:\/\/fosfeminista.org\/about\/careers\/"]}]},{"@type":"ImageObject","inLanguage":"fr-FR","@id":"https:\/\/fosfeminista.org\/about\/careers\/#primaryimage","url":"https:\/\/fosfeminista.org\/wp-content\/uploads\/2025\/09\/Colombia_cDavidEstradaLarraneta-FosFeminista.png","contentUrl":"https:\/\/fosfeminista.org\/wp-content\/uploads\/2025\/09\/Colombia_cDavidEstradaLarraneta-FosFeminista.png","width":720,"height":503},{"@type":"BreadcrumbList","@id":"https:\/\/fosfeminista.org\/about\/careers\/#breadcrumb","itemListElement":[{"@type":"ListItem","position":1,"name":"Home","item":"https:\/\/fosfeminista.org\/"},{"@type":"ListItem","position":2,"name":"About","item":"https:\/\/fosfeminista.org\/about\/"},{"@type":"ListItem","position":3,"name":"Careers"}]},{"@type":"WebSite","@id":"https:\/\/fosfeminista.org\/#website","url":"https:\/\/fosfeminista.org\/","name":"F\u00f2s Feminista","description":"","potentialAction":[{"@type":"SearchAction","target":{"@type":"EntryPoint","urlTemplate":"https:\/\/fosfeminista.org\/?s={search_term_string}"},"query-input":{"@type":"PropertyValueSpecification","valueRequired":true,"valueName":"search_term_string"}}],"inLanguage":"fr-FR"}]}},"_links":{"self":[{"href":"https:\/\/fosfeminista.org\/fr\/wp-json\/wp\/v2\/pages\/2498","targetHints":{"allow":["GET"]}}],"collection":[{"href":"https:\/\/fosfeminista.org\/fr\/wp-json\/wp\/v2\/pages"}],"about":[{"href":"https:\/\/fosfeminista.org\/fr\/wp-json\/wp\/v2\/types\/page"}],"author":[{"embeddable":true,"href":"https:\/\/fosfeminista.org\/fr\/wp-json\/wp\/v2\/users\/2"}],"replies":[{"embeddable":true,"href":"https:\/\/fosfeminista.org\/fr\/wp-json\/wp\/v2\/comments?post=2498"}],"version-history":[{"count":24,"href":"https:\/\/fosfeminista.org\/fr\/wp-json\/wp\/v2\/pages\/2498\/revisions"}],"predecessor-version":[{"id":5824,"href":"https:\/\/fosfeminista.org\/fr\/wp-json\/wp\/v2\/pages\/2498\/revisions\/5824"}],"up":[{"embeddable":true,"href":"https:\/\/fosfeminista.org\/fr\/wp-json\/wp\/v2\/pages\/2487"}],"wp:featuredmedia":[{"embeddable":true,"href":"https:\/\/fosfeminista.org\/fr\/wp-json\/wp\/v2\/media\/2782"}],"wp:attachment":[{"href":"https:\/\/fosfeminista.org\/fr\/wp-json\/wp\/v2\/media?parent=2498"}],"curies":[{"name":"wp","href":"https:\/\/api.w.org\/{rel}","templated":true}]}}