{"id":2973,"date":"2025-09-18T13:45:35","date_gmt":"2025-09-18T17:45:35","guid":{"rendered":"https:\/\/fosfeminista.org\/?page_id=2973"},"modified":"2025-10-24T10:38:38","modified_gmt":"2025-10-24T14:38:38","slug":"annual-report-2024-2025","status":"publish","type":"page","link":"https:\/\/fosfeminista.org\/es\/annual-report-2024-2025\/","title":{"rendered":"Informe anual"},"content":{"rendered":"","protected":false},"excerpt":{"rendered":"<p>Al tender puentes entre diferentes cuestiones, organizaciones y sectores, estamos mejorando el acceso a una atenci\u00f3n integral de la salud sexual y reproductiva y ampliando el n\u00famero de actores que se comprometen a exigir la protecci\u00f3n de los derechos sexuales y reproductivos.<\/p>","protected":false},"author":14,"featured_media":5987,"parent":0,"menu_order":0,"comment_status":"closed","ping_status":"closed","template":"","meta":{"_acf_changed":false,"_relevanssi_hide_post":"","_relevanssi_hide_content":"","_relevanssi_pin_for_all":"","_relevanssi_pin_keywords":"","_relevanssi_unpin_keywords":"","_relevanssi_related_keywords":"","_relevanssi_related_include_ids":"","_relevanssi_related_exclude_ids":"","_relevanssi_related_no_append":"","_relevanssi_related_not_related":"","_relevanssi_related_posts":"","_relevanssi_noindex_reason":""},"class_list":["post-2973","page","type-page","status-publish","has-post-thumbnail","hentry"],"acf":{"page_layout":[{"acf_fc_layout":"layout_hero_basic","_acfe_flexible_toggle":"","component_hero_basic":{"":null,"kicker_text":"2024-2025","title":"","heading_size":"standard","description":"Al tender puentes entre diferentes cuestiones, organizaciones y sectores, estamos mejorando el acceso a una atenci\u00f3n integral de la salud sexual y reproductiva y ampliando el n\u00famero de actores que se comprometen a exigir la protecci\u00f3n de los derechos sexuales y reproductivos.","link":"","button":{"title":"Download PDF","url":"https:\/\/fosfeminista.org\/wp-content\/uploads\/2025\/10\/Fos-Feminista-Annual-Report-2024-2025.pdf","target":"_blank"},"image":5987,"anchor_id":""}},{"acf_fc_layout":"layout_wysiwyg","_acfe_flexible_toggle":"","component_wysiwyg":{"content":"<h4>Letter from the CEO<\/h4>\r\nAround the world, sexual and reproductive health and rights are under threat \u2013 yet philanthropic funding is not keeping pace with the scale of the challenges. The needs of women and girls are urgent, immediate, and undeniable.\r\n\r\nThis is not a moment to step back or narrow our scope. Instead, we are doubling down on our commitments.\r\n\r\nWe are expanding access to sexual and reproductive health care. We are raising our voices for reproductive justice. We are investing in the long-term sustainability of the feminist movement. Because we know this truth: <strong>without a movement, there can be no progress.<\/strong>\r\n\r\n[tm_button url=\"https:\/\/fosfeminista.org\/wp-content\/uploads\/2025\/10\/Fos-Feminista-Annual-Report-2024-2025.pdf\" label=\"Read More\" target=\"true\"]","":null,"anchor_id":""}},{"acf_fc_layout":"layout_pull_quote","_acfe_flexible_toggle":"","component_pull_quote":{"":null,"background_color":"cream","headline":"Building Bridges","quote":"Throughout this report, you will see what our commitments look like in action. You will see bridges being built \u2014 bridges that connect communities, causes, and ideas; bridges that dismantle silos and open new pathways for solidarity. You will see a field of actors that is wider and stronger because of our collective effort.","meta":{"name":"Giselle Carino","work":"CEO \u2013\u00a0F\u00f2s Feminista"},"additional_promotion":{"heading":"","link":""},"image":2920,"anchor_id":""}},{"acf_fc_layout":"layout_wysiwyg","_acfe_flexible_toggle":"","component_wysiwyg":{"content":"<h4 style=\"text-align: center;\"><strong>[tm_button url=\"<a href=\"https:\/\/fosfeminista.org\/wp-content\/uploads\/2025\/10\/Fos-Feminista-Annual-Report-2024-2025.pdf\">https:\/\/fosfeminista.org\/wp-content\/uploads\/2025\/10\/Fos-Feminista-Annual-Report-24-25-low.pdf<\/a>\" label=\"READ MORE\" target=\"true\"]<\/strong><\/h4>","":null,"anchor_id":""}},{"acf_fc_layout":"layout_media_duo","_acfe_flexible_toggle":"","component_media_duo":{"title":"","slides":[{"image":5555,"heading":"Creating cross-sector solutions","copy":"<p class=\"p1\"><span class=\"s1\"><b>Cervical cancer prevention, Guyana<\/b><\/span><\/p>\r\n<p class=\"p3\"><span class=\"s4\">Cervical cancer is the second leading cause of cancer deaths among women in Guyana, yet only one in ten women have access to screening for this preventable and treatable disease. When the government launched an ambitious national program to end cervical cancer, in 2024, F\u00f2s Feminista partner <b>GRPA<\/b> stepped up to help fill the critical gap in screening for women. <\/span><\/p>\r\n<p class=\"p3\"><span class=\"s4\">Photo: GRPA, 2025.<\/span><\/p>","cta":""},{"image":5940,"heading":"Bringing care to migrants","copy":"<strong>Contraceptive access, Colombia<\/strong>\r\n<p class=\"p1\">Jersiuska (left) and Yeriuska (right) Aguilar, sisters from Venezuela, migrated to Colombia seeking a better life, but accessing basic health care proved difficult.<\/p>\r\n<p class=\"p1\"><span class=\"s2\">For more than a year, they struggled to find the right contraceptive method\u2014until they met F\u00f2s Feminista partner <b>Fundaci\u00f3n Mujer y Futuro<\/b>, which provided access to free contraceptive pills. This gave them the peace of mind and confidence to make their own choices about their future, including deciding not to have more children. <\/span><\/p>\r\n<p class=\"p1\"><i>\u201cI feel like I have my life back. Fundaci\u00f3n Mujer y Futuro even covered transportation costs for us to get to their clinic. I\u2019m very grateful for their work,\u201d <\/i>says Jersiuska.<\/p>\r\n<p class=\"p1\">Photo: <span data-teams=\"true\">David Estrada Larra\u00f1eta - Fundaci\u00f3n Mujer y Futuro, 2025<\/span><\/p>","cta":""},{"image":5954,"heading":"Safe spaces for young people","copy":"<strong>Youth network, Bolivia<\/strong>\r\n21-year-old Mel Guachalla (left) and 16-year-old Gabriela Silvestre (right) are members of Red T\u00fa Decides, a national network of youth leaders that is supported by F\u00f2s Feminista\u2019s Bolivian partner CIES. Through comprehensive sexuality peer education, Mel and Gabriela help create safe spaces where other young people can share their experiences and access information and care. This includes access to contraceptive methods and information on the prevention of unwanted pregnancies and sexually transmitted infections, as well as support for gender-based violence.\r\n\r\nPhoto: Ariana Zabalaga - CIES, 2025.","cta":""}],"":null,"anchor_id":""}},{"acf_fc_layout":"layout_slideshow","_acfe_flexible_toggle":"","component_slideshow":{"heading":"Building bridges to achieve reproductive justice  ","items":[{"image":5939,"override_caption":true,"caption":"COLOMBIA: Julieth Prado is a community leader whose life was disrupted by the armed conflict that displaced over 50,000 people in the Colombian region of Catatumbo. While staying at a temporary shelter, she accessed services provided by F\u00f2s Feminista\u2019s partner, Fundaci\u00f3n Mujer y Futuro, which offers STI testing, contraceptive implants, psychosocial support, support for victims of gender-based violence, and menstrual health products. Photo: David Estrada Larra\u00f1eta - Fundaci\u00f3n Mujer y Futuro, 2025."},{"image":5938,"override_caption":false,"caption":""},{"image":5942,"override_caption":true,"caption":"MEXICO:\u00a0In Mexico, F\u00f2s Feminista partner INCODESI trained traditional midwives serving Indigenous Tseltal and Tsotsil women to provide support for legal abortion. Their inclusion into public health channels contributes to overcoming longstanding barriers such as language, cultural misunderstanding, and geographic isolation. Photo: INCODESI, 2024"},{"image":5552,"override_caption":false,"caption":""},{"image":5973,"override_caption":true,"caption":"HONDURAS: Anneth Cruz (wearing a black vest) is a volunteer in ASHONPLAFA's network of community health promoters who are raising awareness about emergency contraception and working to reduce stigma after Honduras lifted its 14-year ban on emergency contraception, in 2023. In 2024, their work supported the distribution of more than 15,000 emergency contraception pills. Photo: ASHONPLAFA, 2025."},{"image":"","override_caption":false,"caption":""}],"":null,"anchor_id":""}},{"acf_fc_layout":"layout_statistics","_acfe_flexible_toggle":"","component_statistics":{"title":"Impacto de nuestra prestaci\u00f3n de servicios en 2024","abstract":"In 2024, the F\u00f2s Feminista Alliance delivered essential sexual and reproductive health services and education to millions, transforming rights on paper into real access.","statistics":[{"number":"21.3M","text_after":"sexual and reproductive health services provided","source":""},{"number":"6.3M","text_after":"Contraceptives distributed  ","source":""},{"number":"585K","text_after":"unintended pregnancies prevented","source":""}],"":null,"anchor_id":""}},{"acf_fc_layout":"layout_wysiwyg","_acfe_flexible_toggle":"","component_wysiwyg":{"content":"<h3 style=\"text-align: center;\">El impacto de nuestra labor de incidencia pol\u00edtica<\/h3>","":null,"anchor_id":""}},{"acf_fc_layout":"layout_accordion_feature","_acfe_flexible_toggle":"","component_accordion_feature":{"":null,"kicker":"Advocacy Outcomes","title":"","intro":"In 2024, our advocacy efforts contributed to stronger sexual and reproductive health laws and policies for 151 million women and girls of reproductive age.","image":5941,"items":[{"title":"12 Reforms Introduced","open":false,"html":"<p class=\"p1\">New laws, policies, or\u00a0court cases proposed by\u00a0public decision makers<\/p>"},{"title":"10 Reforms Advanced","open":false,"html":"<p class=\"p1\">Key reforms formally\u00a0progressed through\u00a0legislative or judicial action<\/p>"},{"title":"36 Reforms  Approved","open":false,"html":"<p class=\"p1\">Policies, laws, or rulings officially enacted<\/p>"},{"title":"14 Reforms Implemented","open":false,"html":"<p class=\"p1\">Approved measures put\u00a0into practice, such as\u00a0budgets allocated or care\u00a0guidelines approved<\/p>"},{"title":"16 Laws and Policies Defended","open":false,"html":"<p class=\"p1\">Efforts that successfully\u00a0blocked rollbacks to sexual\u00a0and reproductive health,\u00a0rights, and justice<\/p>"}],"anchor_id":""}},{"acf_fc_layout":"layout_column_feature","_acfe_flexible_toggle":"","component_column_feature":{"title":"La defensa en acci\u00f3n","abstract":"","columns":[{"image":5958,"brow":"Abortion rights, Poland","title":"Advancing reproductive autonomy","abstract":"In a highly restrictive legal context for sexual and reproductive health and rights, F\u00f2s Feminista partner <strong>FEDERA<\/strong> has been leading a multi-pronged approach to affirming reproductive autonomy and removing barriers to abortion access. FEDERA supported the Parliament to draft a new bill to liberalize the abortion law, which was endorsed by a parliamentary commission \u2013 a first in Poland. FEDERA also partnered with the Ministry of Health to develop new technical guidelines on the provision of legal abortion and to mandate medical training based on WHO standards.","button":""},{"image":5686,"brow":"UN Advocacy, International","title":"F\u00f2s Feminista at the Commission on the Status of Women","abstract":"We partnered with <strong>UN Women<\/strong> to prepare more than 85 young feminist activists from the Global South for advocacy during the 2024 Commission on the Status of Women, and we strengthened collective advocacy as co-convener of the <strong>Women\u2019s Rights Caucus<\/strong>. These efforts resulted in stronger outcomes on gender-based violence, sexual and reproductive health, and recognizing the contributions of women and girls of African descent to sustainable development.","button":""},{"image":5125,"brow":"Policy Change, Nigeria","title":"Shaping Nigeria's first menstrual health policy","abstract":"In August 2025, Nigeria approved a new policy that recognizes menstrual health as a matter of dignity, equity, and rights \u2013 a first for the country. This milestone is the result of the leadership and tenacity of F\u00f2s Feminista partner <strong>EVA<\/strong>, which successfully advocated with the Federal Ministry of Women Affairs to revitalize and expand the Technical Working Group on menstrual dignity. By broadening its scope to include cross-sectoral ministries and bringing other F\u00f2s Feminista partners into the process, EVA ensured that diverse perspectives shaped the discussions and built strong political support for a comprehensive national approach to menstrual health. Among these partners was <strong>ASVIOL<\/strong> (photo), which contributed its expertise on menstrual health in the workplace during the Technical Working Group sessions.","button":""}],"":null,"anchor_id":""}},{"acf_fc_layout":"layout_image","_acfe_flexible_toggle":"","component_image":{"image":"","caption":"Jersiuska (left) and Yeriuska (right) Aguilar, sisters from\r\nVenezuela, migrated to Colombia seeking a better life,\r\nbut accessing basic health care proved difficult.\r\nFor more than a year, they struggled to find the right\r\ncontraceptive method\u2014until they met F\u00f2s Feminista\r\npartner Fundaci\u00f3n Mujer y Futuro, which provided\r\naccess to free contraceptive pills. This gave them the\r\npeace of mind and confidence to make their own\r\nchoices about their future, including deciding not to\r\nhave more children.\r\n\r\n\u201cI feel like I have my life back. Fundaci\u00f3n Mujer y Futuro\r\neven covered transportation costs for us to get to their\r\nclinic. I\u2019m very grateful for their work,\u201d says Jersiuska.","":null,"helper_width":"medium","anchor_id":""}},{"acf_fc_layout":"layout_wysiwyg","_acfe_flexible_toggle":"","component_wysiwyg":{"content":"<h3><\/h3>\r\n<h3 style=\"text-align: center;\"><strong>Audited Financial Statements<\/strong><\/h3>\r\n<h3 style=\"text-align: center;\"><strong>\r\n<\/strong>[tm_button url=\"https:\/\/fosfeminista.org\/wp-content\/uploads\/2025\/09\/Fos-Feminista-2024-fst-1231-EV-Final_SECURED.pdf\" label=\"Download 2024 Financials\" target=\"true\"]<\/h3>\r\n&nbsp;\r\n\r\n&nbsp;\r\n\r\n&nbsp;","":null,"anchor_id":""}}]},"yoast_head":"<!-- This site is optimized with the Yoast SEO plugin v27.5 - https:\/\/yoast.com\/product\/yoast-seo-wordpress\/ -->\n<title>Annual Report - F\u00f2s Feminista<\/title>\n<meta name=\"robots\" content=\"index, follow, max-snippet:-1, max-image-preview:large, max-video-preview:-1\" \/>\n<link rel=\"canonical\" href=\"https:\/\/fosfeminista.org\/es\/annual-report-2024-2025\/\" \/>\n<meta property=\"og:locale\" content=\"es_MX\" \/>\n<meta property=\"og:type\" content=\"article\" \/>\n<meta property=\"og:title\" content=\"Annual Report - F\u00f2s Feminista\" \/>\n<meta property=\"og:description\" content=\"By building bridges across issues, organizations, and sectors, we are improving access to comprehensive sexual and reproductive health care and expanding the field of actors that are engaged in demanding that sexual and reproductive rights be protected.\" \/>\n<meta property=\"og:url\" content=\"https:\/\/fosfeminista.org\/es\/annual-report-2024-2025\/\" \/>\n<meta property=\"og:site_name\" content=\"F\u00f2s Feminista\" \/>\n<meta property=\"article:modified_time\" content=\"2025-10-24T14:38:38+00:00\" \/>\n<meta property=\"og:image\" content=\"https:\/\/fosfeminista.org\/wp-content\/uploads\/2025\/10\/BLFA-Belize-c-EsperancDias.jpg\" \/>\n\t<meta property=\"og:image:width\" content=\"1500\" \/>\n\t<meta property=\"og:image:height\" content=\"1000\" \/>\n\t<meta property=\"og:image:type\" content=\"image\/jpeg\" \/>\n<meta name=\"twitter:card\" content=\"summary_large_image\" \/>\n<script type=\"application\/ld+json\" class=\"yoast-schema-graph\">{\"@context\":\"https:\\\/\\\/schema.org\",\"@graph\":[{\"@type\":\"WebPage\",\"@id\":\"https:\\\/\\\/fosfeminista.org\\\/annual-report-2024-2025\\\/\",\"url\":\"https:\\\/\\\/fosfeminista.org\\\/annual-report-2024-2025\\\/\",\"name\":\"Annual Report - F\u00f2s Feminista\",\"isPartOf\":{\"@id\":\"https:\\\/\\\/fosfeminista.org\\\/#website\"},\"primaryImageOfPage\":{\"@id\":\"https:\\\/\\\/fosfeminista.org\\\/annual-report-2024-2025\\\/#primaryimage\"},\"image\":{\"@id\":\"https:\\\/\\\/fosfeminista.org\\\/annual-report-2024-2025\\\/#primaryimage\"},\"thumbnailUrl\":\"https:\\\/\\\/fosfeminista.org\\\/wp-content\\\/uploads\\\/2025\\\/10\\\/BLFA-Belize-c-EsperancDias.jpg\",\"datePublished\":\"2025-09-18T17:45:35+00:00\",\"dateModified\":\"2025-10-24T14:38:38+00:00\",\"breadcrumb\":{\"@id\":\"https:\\\/\\\/fosfeminista.org\\\/annual-report-2024-2025\\\/#breadcrumb\"},\"inLanguage\":\"es\",\"potentialAction\":[{\"@type\":\"ReadAction\",\"target\":[\"https:\\\/\\\/fosfeminista.org\\\/annual-report-2024-2025\\\/\"]}]},{\"@type\":\"ImageObject\",\"inLanguage\":\"es\",\"@id\":\"https:\\\/\\\/fosfeminista.org\\\/annual-report-2024-2025\\\/#primaryimage\",\"url\":\"https:\\\/\\\/fosfeminista.org\\\/wp-content\\\/uploads\\\/2025\\\/10\\\/BLFA-Belize-c-EsperancDias.jpg\",\"contentUrl\":\"https:\\\/\\\/fosfeminista.org\\\/wp-content\\\/uploads\\\/2025\\\/10\\\/BLFA-Belize-c-EsperancDias.jpg\",\"width\":1500,\"height\":1000},{\"@type\":\"BreadcrumbList\",\"@id\":\"https:\\\/\\\/fosfeminista.org\\\/annual-report-2024-2025\\\/#breadcrumb\",\"itemListElement\":[{\"@type\":\"ListItem\",\"position\":1,\"name\":\"Home\",\"item\":\"https:\\\/\\\/fosfeminista.org\\\/\"},{\"@type\":\"ListItem\",\"position\":2,\"name\":\"Annual Report\"}]},{\"@type\":\"WebSite\",\"@id\":\"https:\\\/\\\/fosfeminista.org\\\/#website\",\"url\":\"https:\\\/\\\/fosfeminista.org\\\/\",\"name\":\"F\u00f2s Feminista\",\"description\":\"\",\"potentialAction\":[{\"@type\":\"SearchAction\",\"target\":{\"@type\":\"EntryPoint\",\"urlTemplate\":\"https:\\\/\\\/fosfeminista.org\\\/?s={search_term_string}\"},\"query-input\":{\"@type\":\"PropertyValueSpecification\",\"valueRequired\":true,\"valueName\":\"search_term_string\"}}],\"inLanguage\":\"es\"}]}<\/script>\n<!-- \/ Yoast SEO plugin. -->","yoast_head_json":{"title":"Annual Report - F\u00f2s Feminista","robots":{"index":"index","follow":"follow","max-snippet":"max-snippet:-1","max-image-preview":"max-image-preview:large","max-video-preview":"max-video-preview:-1"},"canonical":"https:\/\/fosfeminista.org\/es\/annual-report-2024-2025\/","og_locale":"es_MX","og_type":"article","og_title":"Annual Report - F\u00f2s Feminista","og_description":"By building bridges across issues, organizations, and sectors, we are improving access to comprehensive sexual and reproductive health care and expanding the field of actors that are engaged in demanding that sexual and reproductive rights be protected.","og_url":"https:\/\/fosfeminista.org\/es\/annual-report-2024-2025\/","og_site_name":"F\u00f2s Feminista","article_modified_time":"2025-10-24T14:38:38+00:00","og_image":[{"width":1500,"height":1000,"url":"https:\/\/fosfeminista.org\/wp-content\/uploads\/2025\/10\/BLFA-Belize-c-EsperancDias.jpg","type":"image\/jpeg"}],"twitter_card":"summary_large_image","schema":{"@context":"https:\/\/schema.org","@graph":[{"@type":"WebPage","@id":"https:\/\/fosfeminista.org\/annual-report-2024-2025\/","url":"https:\/\/fosfeminista.org\/annual-report-2024-2025\/","name":"Annual Report - F\u00f2s Feminista","isPartOf":{"@id":"https:\/\/fosfeminista.org\/#website"},"primaryImageOfPage":{"@id":"https:\/\/fosfeminista.org\/annual-report-2024-2025\/#primaryimage"},"image":{"@id":"https:\/\/fosfeminista.org\/annual-report-2024-2025\/#primaryimage"},"thumbnailUrl":"https:\/\/fosfeminista.org\/wp-content\/uploads\/2025\/10\/BLFA-Belize-c-EsperancDias.jpg","datePublished":"2025-09-18T17:45:35+00:00","dateModified":"2025-10-24T14:38:38+00:00","breadcrumb":{"@id":"https:\/\/fosfeminista.org\/annual-report-2024-2025\/#breadcrumb"},"inLanguage":"es","potentialAction":[{"@type":"ReadAction","target":["https:\/\/fosfeminista.org\/annual-report-2024-2025\/"]}]},{"@type":"ImageObject","inLanguage":"es","@id":"https:\/\/fosfeminista.org\/annual-report-2024-2025\/#primaryimage","url":"https:\/\/fosfeminista.org\/wp-content\/uploads\/2025\/10\/BLFA-Belize-c-EsperancDias.jpg","contentUrl":"https:\/\/fosfeminista.org\/wp-content\/uploads\/2025\/10\/BLFA-Belize-c-EsperancDias.jpg","width":1500,"height":1000},{"@type":"BreadcrumbList","@id":"https:\/\/fosfeminista.org\/annual-report-2024-2025\/#breadcrumb","itemListElement":[{"@type":"ListItem","position":1,"name":"Home","item":"https:\/\/fosfeminista.org\/"},{"@type":"ListItem","position":2,"name":"Annual Report"}]},{"@type":"WebSite","@id":"https:\/\/fosfeminista.org\/#website","url":"https:\/\/fosfeminista.org\/","name":"F\u00f2s Feminista","description":"","potentialAction":[{"@type":"SearchAction","target":{"@type":"EntryPoint","urlTemplate":"https:\/\/fosfeminista.org\/?s={search_term_string}"},"query-input":{"@type":"PropertyValueSpecification","valueRequired":true,"valueName":"search_term_string"}}],"inLanguage":"es"}]}},"_links":{"self":[{"href":"https:\/\/fosfeminista.org\/es\/wp-json\/wp\/v2\/pages\/2973","targetHints":{"allow":["GET"]}}],"collection":[{"href":"https:\/\/fosfeminista.org\/es\/wp-json\/wp\/v2\/pages"}],"about":[{"href":"https:\/\/fosfeminista.org\/es\/wp-json\/wp\/v2\/types\/page"}],"author":[{"embeddable":true,"href":"https:\/\/fosfeminista.org\/es\/wp-json\/wp\/v2\/users\/14"}],"replies":[{"embeddable":true,"href":"https:\/\/fosfeminista.org\/es\/wp-json\/wp\/v2\/comments?post=2973"}],"version-history":[{"count":110,"href":"https:\/\/fosfeminista.org\/es\/wp-json\/wp\/v2\/pages\/2973\/revisions"}],"predecessor-version":[{"id":6068,"href":"https:\/\/fosfeminista.org\/es\/wp-json\/wp\/v2\/pages\/2973\/revisions\/6068"}],"wp:featuredmedia":[{"embeddable":true,"href":"https:\/\/fosfeminista.org\/es\/wp-json\/wp\/v2\/media\/5987"}],"wp:attachment":[{"href":"https:\/\/fosfeminista.org\/es\/wp-json\/wp\/v2\/media?parent=2973"}],"curies":[{"name":"wp","href":"https:\/\/api.w.org\/{rel}","templated":true}]}}