{"id":2832,"date":"2025-09-12T12:28:58","date_gmt":"2025-09-12T16:28:58","guid":{"rendered":"https:\/\/fosfeminista.org\/?page_id=2832"},"modified":"2025-09-28T11:57:34","modified_gmt":"2025-09-28T15:57:34","slug":"workplace-giving","status":"publish","type":"page","link":"https:\/\/fosfeminista.org\/es\/give\/workplace-giving\/","title":{"rendered":"Workplace Giving"},"content":{"rendered":"","protected":false},"excerpt":{"rendered":"<p>Muchas empresas igualar\u00e1n tu donaci\u00f3n a F\u00f2s Feminista, duplicando o incluso triplicando el impacto de tu generoso regalo. \u00danete a nosotros para garantizar que las mujeres y las ni\u00f1as de todo el mundo tengan acceso a la atenci\u00f3n reproductiva que necesitan.<\/p>","protected":false},"author":12,"featured_media":2957,"parent":2504,"menu_order":0,"comment_status":"closed","ping_status":"closed","template":"","meta":{"_acf_changed":false,"_relevanssi_hide_post":"","_relevanssi_hide_content":"","_relevanssi_pin_for_all":"","_relevanssi_pin_keywords":"","_relevanssi_unpin_keywords":"","_relevanssi_related_keywords":"","_relevanssi_related_include_ids":"","_relevanssi_related_exclude_ids":"","_relevanssi_related_no_append":"","_relevanssi_related_not_related":"","_relevanssi_related_posts":"","_relevanssi_noindex_reason":""},"class_list":["post-2832","page","type-page","status-publish","has-post-thumbnail","hentry"],"acf":{"page_layout":[{"acf_fc_layout":"layout_hero_basic","_acfe_flexible_toggle":"","component_hero_basic":{"":null,"kicker_text":"","title":"Duplique su impacto a trav\u00e9s de las donaciones en el lugar de trabajo","heading_size":"standard","description":"<span style=\"font-weight: 400;\">Muchas empresas igualar\u00e1n tu donaci\u00f3n a F\u00f2s Feminista, duplicando o incluso triplicando el impacto de tu generoso regalo. \u00danete a nosotros para garantizar que las mujeres y las ni\u00f1as de todo el mundo tengan acceso a la atenci\u00f3n reproductiva que necesitan.<\/span>","link":"","button":"","image":2957,"anchor_id":""}},{"acf_fc_layout":"layout_wysiwyg","_acfe_flexible_toggle":"","component_wysiwyg":{"content":"<span style=\"font-weight: 400;\">F\u00f2s Feminista se enorgullece de formar parte de numerosas campa\u00f1as de donaciones en el lugar de trabajo en todo el pa\u00eds.\u00a0<\/span>\r\n\r\n<span style=\"font-weight: 400;\">Es una forma f\u00e1cil y c\u00f3moda de hacer donaciones peri\u00f3dicas, que a menudo son igualadas por tu empleador, multiplicando as\u00ed tu impacto.<\/span>\r\n<h3>Deducci\u00f3n de n\u00f3mina<\/h3>\r\n<span style=\"font-weight: 400;\">Si tu empleador ofrece un programa de donaciones en el lugar de trabajo, puedes deducir autom\u00e1ticamente las donaciones ben\u00e9ficas de tu n\u00f3mina mensual, quincenal o semanal. Estas contribuciones a F\u00f2s Feminista son deducibles de impuestos. Para participar, consulta con tu departamento de personal o de recursos humanos sobre el programa de donaciones en el lugar de trabajo de tu empresa.<\/span>\r\n\r\n<span>Si su empresa no cuenta con un programa de donaciones en el lugar de trabajo o si F\u00f2s Feminista no figura en su lista de organizaciones ben\u00e9ficas, h\u00e1ganoslo saber y con mucho gusto nos pondremos en contacto con ellos en su nombre. Contacto\u00a0<\/span><b>Lloyd Alexander en lalexander@fosfeminista.org o en el 212-214-0278.<\/b><span>\u00a0para obtener ayuda.<\/span>\r\n<h3>Campa\u00f1a Federal Combinada (CFC)<\/h3>\r\nSi eres empleado o jubilado federal de EE. UU., puedes hacer una donaci\u00f3n a F\u00f2s Feminista a trav\u00e9s de la Campa\u00f1a Federal Combinada. F\u00f2s Feminista <strong>CFC # es 12006<\/strong>.\r\n<h3>Donaci\u00f3n paralela de los empleados<\/h3>\r\n<span style=\"font-weight: 400;\">Si tu empresa cuenta con un programa de donaciones paralelas, tu donaci\u00f3n a F\u00f2s Feminista podr\u00eda duplicarse o incluso triplicarse.<\/span>\r\n\r\n<span style=\"font-weight: 400;\">Muchos empleadores igualan las contribuciones caritativas deducibles de impuestos de los empleados, y algunos extienden este beneficio a los jubilados y c\u00f3nyuges. Utilice nuestra herramienta a continuaci\u00f3n para ver si su empleador participa. Para obtener ayuda, comun\u00edquese con Lloyd Alexander, Director Asociado, Donaciones Individuales.<\/span><b> en lalexander@fosfeminista.org o al (212) 214-0278<\/b><span style=\"font-weight: 400;\">.<\/span>","":null,"anchor_id":""}},{"acf_fc_layout":"layout_basic_html","_acfe_flexible_toggle":"","component_basic_html":{"content":"<script>var DDCONF = { API_KEY: \"qyEvCrlW40B5tNA4\" };<\/script> <script src=\"https:\/\/doublethedonation.com\/api\/js\/ddplugin.js\"><\/script> <link href=\"https:\/\/doublethedonation.com\/api\/css\/ddplugin.css\" rel=\"stylesheet\"> <div id=\"dd-container\"><a href=\"https:\/\/doublethedonation.com\/matching-grant-resources\/matching-gift-basics\/\">Donaci\u00f3n paralela<\/a> y <a href=\"https:\/\/doublethedonation.com\/matching-grant-resources\/volunteer-grant-basics\/\">Subvenci\u00f3n para voluntarios<\/a> informaci\u00f3n proporcionada por <br><a href=\"https:\/\/doublethedonation.com\"><img alt=\"Powered by Double the Donation\" src=\"https:\/\/doublethedonation.com\/api\/img\/powered-by.png\" \/><\/a><\/div>","styled_display":false,"":null,"anchor_id":""}},{"acf_fc_layout":"layout_wysiwyg","_acfe_flexible_toggle":"","component_wysiwyg":{"content":"<h3>Give Through Benevity<\/h3>\r\nY<span style=\"font-weight: 400;\">ou can give to F\u00f2s Feminista directly through your employer\u2019s workplace giving program on Benevity\u2014many companies will even match your gift.<\/span>\r\n\r\n<span style=\"font-weight: 400;\">Find us by searching our EIN: 13-1845455.<\/span>\r\n\r\n[tm_button url=\"https:\/\/causes.benevity.org\/causes\/840-131845455\" label=\"Give through Benevity\" target=\"true\"]\r\n\r\n<span style=\"font-weight: 400;\">Not sure if your employer uses this platform? Check with your HR or benefits team.<\/span>\r\n<h3>Address + Tax ID<\/h3>\r\n<span style=\"font-weight: 400;\">Many supporters ask for our tax ID and address when setting up workplace giving\u2014you can find them here:<\/span>\r\n\r\n<span style=\"font-weight: 400;\">F\u00f2s Feminista<\/span><span style=\"font-weight: 400;\">\r\n<\/span><span style=\"font-weight: 400;\">125 Maiden Lane, 9th Floor<\/span><span style=\"font-weight: 400;\">\r\n<\/span><span style=\"font-weight: 400;\">New York, NY 10038-4730<\/span>\r\n\r\n<b>Tax ID<\/b><span style=\"font-weight: 400;\">: 13-1845455<\/span>\r\n<h3><b>Contact Us<\/b><\/h3>\r\n<span style=\"font-weight: 400;\">Questions? Reach out to <\/span><a href=\"mailto:lalexander@fosfeminista.org\"><span style=\"font-weight: 400;\">lalexander@fosfeminista.org<\/span><\/a><span style=\"font-weight: 400;\"> or (212) 214-0278 for personalized support.<\/span>","":null,"anchor_id":""}}]},"yoast_head":"<!-- This site is optimized with the Yoast SEO plugin v27.1.1 - https:\/\/yoast.com\/product\/yoast-seo-wordpress\/ -->\n<title>Workplace Giving - F\u00f2s Feminista<\/title>\n<meta name=\"robots\" content=\"index, follow, max-snippet:-1, max-image-preview:large, max-video-preview:-1\" \/>\n<link rel=\"canonical\" href=\"https:\/\/fosfeminista.org\/es\/give\/workplace-giving\/\" \/>\n<meta property=\"og:locale\" content=\"es_MX\" \/>\n<meta property=\"og:type\" content=\"article\" \/>\n<meta property=\"og:title\" content=\"Workplace Giving - F\u00f2s Feminista\" \/>\n<meta property=\"og:description\" content=\"Many employers will match your donation to F\u00f2s Feminista\u2014doubling or even tripling the impact of your lifesaving gift. Join us in ensuring women and girls worldwide have access to the reproductive care they need.\" \/>\n<meta property=\"og:url\" content=\"https:\/\/fosfeminista.org\/es\/give\/workplace-giving\/\" \/>\n<meta property=\"og:site_name\" content=\"F\u00f2s Feminista\" \/>\n<meta property=\"article:modified_time\" content=\"2025-09-28T15:57:34+00:00\" \/>\n<meta property=\"og:image\" content=\"https:\/\/fosfeminista.org\/wp-content\/uploads\/2025\/09\/8-Workplace-Giving.png\" \/>\n\t<meta property=\"og:image:width\" content=\"1280\" \/>\n\t<meta property=\"og:image:height\" content=\"894\" \/>\n\t<meta property=\"og:image:type\" content=\"image\/png\" \/>\n<meta name=\"twitter:card\" content=\"summary_large_image\" \/>\n<script type=\"application\/ld+json\" class=\"yoast-schema-graph\">{\"@context\":\"https:\/\/schema.org\",\"@graph\":[{\"@type\":\"WebPage\",\"@id\":\"https:\/\/fosfeminista.org\/give\/workplace-giving\/\",\"url\":\"https:\/\/fosfeminista.org\/give\/workplace-giving\/\",\"name\":\"Workplace Giving - F\u00f2s Feminista\",\"isPartOf\":{\"@id\":\"https:\/\/fosfeminista.org\/#website\"},\"primaryImageOfPage\":{\"@id\":\"https:\/\/fosfeminista.org\/give\/workplace-giving\/#primaryimage\"},\"image\":{\"@id\":\"https:\/\/fosfeminista.org\/give\/workplace-giving\/#primaryimage\"},\"thumbnailUrl\":\"https:\/\/fosfeminista.org\/wp-content\/uploads\/2025\/09\/8-Workplace-Giving.png\",\"datePublished\":\"2025-09-12T16:28:58+00:00\",\"dateModified\":\"2025-09-28T15:57:34+00:00\",\"breadcrumb\":{\"@id\":\"https:\/\/fosfeminista.org\/give\/workplace-giving\/#breadcrumb\"},\"inLanguage\":\"es\",\"potentialAction\":[{\"@type\":\"ReadAction\",\"target\":[\"https:\/\/fosfeminista.org\/give\/workplace-giving\/\"]}]},{\"@type\":\"ImageObject\",\"inLanguage\":\"es\",\"@id\":\"https:\/\/fosfeminista.org\/give\/workplace-giving\/#primaryimage\",\"url\":\"https:\/\/fosfeminista.org\/wp-content\/uploads\/2025\/09\/8-Workplace-Giving.png\",\"contentUrl\":\"https:\/\/fosfeminista.org\/wp-content\/uploads\/2025\/09\/8-Workplace-Giving.png\",\"width\":1280,\"height\":894,\"caption\":\"Person holding two large coins with stars on them.\"},{\"@type\":\"BreadcrumbList\",\"@id\":\"https:\/\/fosfeminista.org\/give\/workplace-giving\/#breadcrumb\",\"itemListElement\":[{\"@type\":\"ListItem\",\"position\":1,\"name\":\"Home\",\"item\":\"https:\/\/fosfeminista.org\/\"},{\"@type\":\"ListItem\",\"position\":2,\"name\":\"Ways to Give\",\"item\":\"https:\/\/fosfeminista.org\/give\/\"},{\"@type\":\"ListItem\",\"position\":3,\"name\":\"Workplace Giving\"}]},{\"@type\":\"WebSite\",\"@id\":\"https:\/\/fosfeminista.org\/#website\",\"url\":\"https:\/\/fosfeminista.org\/\",\"name\":\"F\u00f2s Feminista\",\"description\":\"\",\"potentialAction\":[{\"@type\":\"SearchAction\",\"target\":{\"@type\":\"EntryPoint\",\"urlTemplate\":\"https:\/\/fosfeminista.org\/?s={search_term_string}\"},\"query-input\":{\"@type\":\"PropertyValueSpecification\",\"valueRequired\":true,\"valueName\":\"search_term_string\"}}],\"inLanguage\":\"es\"}]}<\/script>\n<!-- \/ Yoast SEO plugin. -->","yoast_head_json":{"title":"Workplace Giving - F\u00f2s Feminista","robots":{"index":"index","follow":"follow","max-snippet":"max-snippet:-1","max-image-preview":"max-image-preview:large","max-video-preview":"max-video-preview:-1"},"canonical":"https:\/\/fosfeminista.org\/es\/give\/workplace-giving\/","og_locale":"es_MX","og_type":"article","og_title":"Workplace Giving - F\u00f2s Feminista","og_description":"Many employers will match your donation to F\u00f2s Feminista\u2014doubling or even tripling the impact of your lifesaving gift. Join us in ensuring women and girls worldwide have access to the reproductive care they need.","og_url":"https:\/\/fosfeminista.org\/es\/give\/workplace-giving\/","og_site_name":"F\u00f2s Feminista","article_modified_time":"2025-09-28T15:57:34+00:00","og_image":[{"width":1280,"height":894,"url":"https:\/\/fosfeminista.org\/wp-content\/uploads\/2025\/09\/8-Workplace-Giving.png","type":"image\/png"}],"twitter_card":"summary_large_image","schema":{"@context":"https:\/\/schema.org","@graph":[{"@type":"WebPage","@id":"https:\/\/fosfeminista.org\/give\/workplace-giving\/","url":"https:\/\/fosfeminista.org\/give\/workplace-giving\/","name":"Workplace Giving - F\u00f2s Feminista","isPartOf":{"@id":"https:\/\/fosfeminista.org\/#website"},"primaryImageOfPage":{"@id":"https:\/\/fosfeminista.org\/give\/workplace-giving\/#primaryimage"},"image":{"@id":"https:\/\/fosfeminista.org\/give\/workplace-giving\/#primaryimage"},"thumbnailUrl":"https:\/\/fosfeminista.org\/wp-content\/uploads\/2025\/09\/8-Workplace-Giving.png","datePublished":"2025-09-12T16:28:58+00:00","dateModified":"2025-09-28T15:57:34+00:00","breadcrumb":{"@id":"https:\/\/fosfeminista.org\/give\/workplace-giving\/#breadcrumb"},"inLanguage":"es","potentialAction":[{"@type":"ReadAction","target":["https:\/\/fosfeminista.org\/give\/workplace-giving\/"]}]},{"@type":"ImageObject","inLanguage":"es","@id":"https:\/\/fosfeminista.org\/give\/workplace-giving\/#primaryimage","url":"https:\/\/fosfeminista.org\/wp-content\/uploads\/2025\/09\/8-Workplace-Giving.png","contentUrl":"https:\/\/fosfeminista.org\/wp-content\/uploads\/2025\/09\/8-Workplace-Giving.png","width":1280,"height":894,"caption":"Person holding two large coins with stars on them."},{"@type":"BreadcrumbList","@id":"https:\/\/fosfeminista.org\/give\/workplace-giving\/#breadcrumb","itemListElement":[{"@type":"ListItem","position":1,"name":"Home","item":"https:\/\/fosfeminista.org\/"},{"@type":"ListItem","position":2,"name":"Ways to Give","item":"https:\/\/fosfeminista.org\/give\/"},{"@type":"ListItem","position":3,"name":"Workplace Giving"}]},{"@type":"WebSite","@id":"https:\/\/fosfeminista.org\/#website","url":"https:\/\/fosfeminista.org\/","name":"F\u00f2s Feminista","description":"","potentialAction":[{"@type":"SearchAction","target":{"@type":"EntryPoint","urlTemplate":"https:\/\/fosfeminista.org\/?s={search_term_string}"},"query-input":{"@type":"PropertyValueSpecification","valueRequired":true,"valueName":"search_term_string"}}],"inLanguage":"es"}]}},"_links":{"self":[{"href":"https:\/\/fosfeminista.org\/es\/wp-json\/wp\/v2\/pages\/2832","targetHints":{"allow":["GET"]}}],"collection":[{"href":"https:\/\/fosfeminista.org\/es\/wp-json\/wp\/v2\/pages"}],"about":[{"href":"https:\/\/fosfeminista.org\/es\/wp-json\/wp\/v2\/types\/page"}],"author":[{"embeddable":true,"href":"https:\/\/fosfeminista.org\/es\/wp-json\/wp\/v2\/users\/12"}],"replies":[{"embeddable":true,"href":"https:\/\/fosfeminista.org\/es\/wp-json\/wp\/v2\/comments?post=2832"}],"version-history":[{"count":7,"href":"https:\/\/fosfeminista.org\/es\/wp-json\/wp\/v2\/pages\/2832\/revisions"}],"predecessor-version":[{"id":5538,"href":"https:\/\/fosfeminista.org\/es\/wp-json\/wp\/v2\/pages\/2832\/revisions\/5538"}],"up":[{"embeddable":true,"href":"https:\/\/fosfeminista.org\/es\/wp-json\/wp\/v2\/pages\/2504"}],"wp:featuredmedia":[{"embeddable":true,"href":"https:\/\/fosfeminista.org\/es\/wp-json\/wp\/v2\/media\/2957"}],"wp:attachment":[{"href":"https:\/\/fosfeminista.org\/es\/wp-json\/wp\/v2\/media?parent=2832"}],"curies":[{"name":"wp","href":"https:\/\/api.w.org\/{rel}","templated":true}]}}