{"id":2807,"date":"2025-09-12T09:53:14","date_gmt":"2025-09-12T13:53:14","guid":{"rendered":"https:\/\/fosfeminista.org\/?page_id=2807"},"modified":"2025-09-24T07:21:45","modified_gmt":"2025-09-24T11:21:45","slug":"gifts-of-stock","status":"publish","type":"page","link":"https:\/\/fosfeminista.org\/es\/give\/gifts-of-stock\/","title":{"rendered":"Haga una donaci\u00f3n de acciones"},"content":{"rendered":"","protected":false},"excerpt":{"rendered":"<p>Donar acciones que se han revalorizado es una forma inteligente desde el punto de vista fiscal de apoyar la misi\u00f3n de F\u00f2s Feminista. Puede maximizar su contribuci\u00f3n y, al mismo tiempo, evitar potencialmente los impuestos sobre las ganancias de capital. Consulte a su asesor financiero para obtener m\u00e1s informaci\u00f3n.<\/p>","protected":false},"author":12,"featured_media":2953,"parent":2504,"menu_order":0,"comment_status":"closed","ping_status":"closed","template":"","meta":{"_acf_changed":false,"_relevanssi_hide_post":"","_relevanssi_hide_content":"","_relevanssi_pin_for_all":"","_relevanssi_pin_keywords":"","_relevanssi_unpin_keywords":"","_relevanssi_related_keywords":"","_relevanssi_related_include_ids":"","_relevanssi_related_exclude_ids":"","_relevanssi_related_no_append":"","_relevanssi_related_not_related":"","_relevanssi_related_posts":"","_relevanssi_noindex_reason":""},"class_list":["post-2807","page","type-page","status-publish","has-post-thumbnail","hentry"],"acf":{"page_layout":[{"acf_fc_layout":"layout_hero_basic","_acfe_flexible_toggle":"","component_hero_basic":{"":null,"kicker_text":"","title":"Haga una donaci\u00f3n de acciones","heading_size":"standard","description":"Donar acciones que se han revalorizado es una forma inteligente desde el punto de vista fiscal de apoyar la misi\u00f3n de F\u00f2s Feminista. Puede maximizar su contribuci\u00f3n y, al mismo tiempo, evitar potencialmente los impuestos sobre las ganancias de capital. Consulte a su asesor financiero para obtener m\u00e1s informaci\u00f3n.","link":"","button":"","image":2953,"anchor_id":""}},{"acf_fc_layout":"layout_wysiwyg","_acfe_flexible_toggle":"","component_wysiwyg":{"content":"Making a gift of appreciated stock or mutual funds is a tax-smart way to support F\u00f2s Feminista\u2019s mission. Your contribution will help advance access to abortion, contraception, and reproductive healthcare worldwide\u2014while offering potential tax advantages for you.\r\n\r\nWhen you donate stock directly, you may be able to avoid capital gains taxes on the increase in value and receive a charitable deduction for the full market value of the stock. This means you can make a bigger impact at no additional cost to you. We recommend consulting your financial advisor to determine how a stock gift can best support your goals.\r\n<h3><b>C\u00f3mo hacer una donaci\u00f3n de acciones<\/b><\/h3>\r\n<h5><b>Paso uno: donar acciones<\/b><\/h5>\r\nLas donaciones de acciones pueden ofrecer importantes ventajas fiscales y ayudar a que su apoyo llegue m\u00e1s lejos. Para empezar, p\u00f3ngase en contacto con nosotros para obtener las instrucciones de transferencia que necesitar\u00e1 su corredor (consulte los datos de contacto m\u00e1s abajo).\r\n<h5><b>Paso dos: Notif\u00edquenoslo<\/b><\/h5>\r\n<span style=\"font-weight: 400;\">Cuando sus acciones o fondos de inversi\u00f3n se transfieren a nuestra cuenta, no recibimos autom\u00e1ticamente la informaci\u00f3n que lo identifica como donante. Para garantizar que su donaci\u00f3n se reciba y se reconozca correctamente, env\u00edenos un correo electr\u00f3nico o ll\u00e1menos con los siguientes datos:<\/span>\r\n<ul>\r\n \t<li style=\"font-weight: 400;\" aria-level=\"1\"><span style=\"font-weight: 400;\">Nombre de la acci\u00f3n<\/span><\/li>\r\n \t<li style=\"font-weight: 400;\" aria-level=\"1\"><span style=\"font-weight: 400;\">N\u00famero de acciones<\/span><\/li>\r\n \t<li style=\"font-weight: 400;\" aria-level=\"1\"><span style=\"font-weight: 400;\">Su nombre y direcci\u00f3n<\/span><\/li>\r\n<\/ul>\r\n<h5><b>Contacto para donaciones de acciones:<\/b><\/h5>\r\n<span style=\"font-weight: 400;\">Lloyd Alexander, Director Asociado de Donaciones Individuales<\/span><span style=\"font-weight: 400;\">\r\n<\/span><span style=\"font-weight: 400;\">Correo electr\u00f3nico: lalexander@fosfeminista.org<\/span><span style=\"font-weight: 400;\">\r\n<\/span><span style=\"font-weight: 400;\">Tel\u00e9fono: (212) 214-0278<\/span>","":null,"anchor_id":""}}]},"yoast_head":"<!-- This site is optimized with the Yoast SEO plugin v27.5 - https:\/\/yoast.com\/product\/yoast-seo-wordpress\/ -->\n<title>Make a Gift of Stock - F\u00f2s Feminista<\/title>\n<meta name=\"robots\" content=\"index, follow, max-snippet:-1, max-image-preview:large, max-video-preview:-1\" \/>\n<link rel=\"canonical\" href=\"https:\/\/fosfeminista.org\/es\/give\/gifts-of-stock\/\" \/>\n<meta property=\"og:locale\" content=\"es_MX\" \/>\n<meta property=\"og:type\" content=\"article\" \/>\n<meta property=\"og:title\" content=\"Make a Gift of Stock - F\u00f2s Feminista\" \/>\n<meta property=\"og:description\" content=\"Giving appreciated stock is a tax-smart way to support F\u00f2s Feminista\u2019s mission. You can maximize your contribution while potentially avoiding capital gains taxes. Consult your financial advisor to learn more.\" \/>\n<meta property=\"og:url\" content=\"https:\/\/fosfeminista.org\/es\/give\/gifts-of-stock\/\" \/>\n<meta property=\"og:site_name\" content=\"F\u00f2s Feminista\" \/>\n<meta property=\"article:modified_time\" content=\"2025-09-24T11:21:45+00:00\" \/>\n<meta property=\"og:image\" content=\"https:\/\/fosfeminista.org\/wp-content\/uploads\/2025\/09\/4-Stocks-Securities.png\" \/>\n\t<meta property=\"og:image:width\" content=\"1280\" \/>\n\t<meta property=\"og:image:height\" content=\"894\" \/>\n\t<meta property=\"og:image:type\" content=\"image\/png\" \/>\n<meta name=\"twitter:card\" content=\"summary_large_image\" \/>\n<script type=\"application\/ld+json\" class=\"yoast-schema-graph\">{\"@context\":\"https:\\\/\\\/schema.org\",\"@graph\":[{\"@type\":\"WebPage\",\"@id\":\"https:\\\/\\\/fosfeminista.org\\\/es\\\/give\\\/gifts-of-stock\\\/\",\"url\":\"https:\\\/\\\/fosfeminista.org\\\/es\\\/give\\\/gifts-of-stock\\\/\",\"name\":\"Make a Gift of Stock - F\u00f2s Feminista\",\"isPartOf\":{\"@id\":\"https:\\\/\\\/fosfeminista.org\\\/#website\"},\"primaryImageOfPage\":{\"@id\":\"https:\\\/\\\/fosfeminista.org\\\/es\\\/give\\\/gifts-of-stock\\\/#primaryimage\"},\"image\":{\"@id\":\"https:\\\/\\\/fosfeminista.org\\\/es\\\/give\\\/gifts-of-stock\\\/#primaryimage\"},\"thumbnailUrl\":\"https:\\\/\\\/fosfeminista.org\\\/wp-content\\\/uploads\\\/2025\\\/09\\\/4-Stocks-Securities.png\",\"datePublished\":\"2025-09-12T13:53:14+00:00\",\"dateModified\":\"2025-09-24T11:21:45+00:00\",\"breadcrumb\":{\"@id\":\"https:\\\/\\\/fosfeminista.org\\\/es\\\/give\\\/gifts-of-stock\\\/#breadcrumb\"},\"inLanguage\":\"es\",\"potentialAction\":[{\"@type\":\"ReadAction\",\"target\":[\"https:\\\/\\\/fosfeminista.org\\\/es\\\/give\\\/gifts-of-stock\\\/\"]}]},{\"@type\":\"ImageObject\",\"inLanguage\":\"es\",\"@id\":\"https:\\\/\\\/fosfeminista.org\\\/es\\\/give\\\/gifts-of-stock\\\/#primaryimage\",\"url\":\"https:\\\/\\\/fosfeminista.org\\\/wp-content\\\/uploads\\\/2025\\\/09\\\/4-Stocks-Securities.png\",\"contentUrl\":\"https:\\\/\\\/fosfeminista.org\\\/wp-content\\\/uploads\\\/2025\\\/09\\\/4-Stocks-Securities.png\",\"width\":1280,\"height\":894,\"caption\":\"Upward-pointing stock chart with dollar signs.\"},{\"@type\":\"BreadcrumbList\",\"@id\":\"https:\\\/\\\/fosfeminista.org\\\/es\\\/give\\\/gifts-of-stock\\\/#breadcrumb\",\"itemListElement\":[{\"@type\":\"ListItem\",\"position\":1,\"name\":\"Home\",\"item\":\"https:\\\/\\\/fosfeminista.org\\\/\"},{\"@type\":\"ListItem\",\"position\":2,\"name\":\"Ways to Give\",\"item\":\"https:\\\/\\\/fosfeminista.org\\\/give\\\/\"},{\"@type\":\"ListItem\",\"position\":3,\"name\":\"Make a Gift of Stock\"}]},{\"@type\":\"WebSite\",\"@id\":\"https:\\\/\\\/fosfeminista.org\\\/#website\",\"url\":\"https:\\\/\\\/fosfeminista.org\\\/\",\"name\":\"F\u00f2s Feminista\",\"description\":\"\",\"potentialAction\":[{\"@type\":\"SearchAction\",\"target\":{\"@type\":\"EntryPoint\",\"urlTemplate\":\"https:\\\/\\\/fosfeminista.org\\\/?s={search_term_string}\"},\"query-input\":{\"@type\":\"PropertyValueSpecification\",\"valueRequired\":true,\"valueName\":\"search_term_string\"}}],\"inLanguage\":\"es\"}]}<\/script>\n<!-- \/ Yoast SEO plugin. -->","yoast_head_json":{"title":"Make a Gift of Stock - F\u00f2s Feminista","robots":{"index":"index","follow":"follow","max-snippet":"max-snippet:-1","max-image-preview":"max-image-preview:large","max-video-preview":"max-video-preview:-1"},"canonical":"https:\/\/fosfeminista.org\/es\/give\/gifts-of-stock\/","og_locale":"es_MX","og_type":"article","og_title":"Make a Gift of Stock - F\u00f2s Feminista","og_description":"Giving appreciated stock is a tax-smart way to support F\u00f2s Feminista\u2019s mission. You can maximize your contribution while potentially avoiding capital gains taxes. Consult your financial advisor to learn more.","og_url":"https:\/\/fosfeminista.org\/es\/give\/gifts-of-stock\/","og_site_name":"F\u00f2s Feminista","article_modified_time":"2025-09-24T11:21:45+00:00","og_image":[{"width":1280,"height":894,"url":"https:\/\/fosfeminista.org\/wp-content\/uploads\/2025\/09\/4-Stocks-Securities.png","type":"image\/png"}],"twitter_card":"summary_large_image","schema":{"@context":"https:\/\/schema.org","@graph":[{"@type":"WebPage","@id":"https:\/\/fosfeminista.org\/es\/give\/gifts-of-stock\/","url":"https:\/\/fosfeminista.org\/es\/give\/gifts-of-stock\/","name":"Make a Gift of Stock - F\u00f2s Feminista","isPartOf":{"@id":"https:\/\/fosfeminista.org\/#website"},"primaryImageOfPage":{"@id":"https:\/\/fosfeminista.org\/es\/give\/gifts-of-stock\/#primaryimage"},"image":{"@id":"https:\/\/fosfeminista.org\/es\/give\/gifts-of-stock\/#primaryimage"},"thumbnailUrl":"https:\/\/fosfeminista.org\/wp-content\/uploads\/2025\/09\/4-Stocks-Securities.png","datePublished":"2025-09-12T13:53:14+00:00","dateModified":"2025-09-24T11:21:45+00:00","breadcrumb":{"@id":"https:\/\/fosfeminista.org\/es\/give\/gifts-of-stock\/#breadcrumb"},"inLanguage":"es","potentialAction":[{"@type":"ReadAction","target":["https:\/\/fosfeminista.org\/es\/give\/gifts-of-stock\/"]}]},{"@type":"ImageObject","inLanguage":"es","@id":"https:\/\/fosfeminista.org\/es\/give\/gifts-of-stock\/#primaryimage","url":"https:\/\/fosfeminista.org\/wp-content\/uploads\/2025\/09\/4-Stocks-Securities.png","contentUrl":"https:\/\/fosfeminista.org\/wp-content\/uploads\/2025\/09\/4-Stocks-Securities.png","width":1280,"height":894,"caption":"Upward-pointing stock chart with dollar signs."},{"@type":"BreadcrumbList","@id":"https:\/\/fosfeminista.org\/es\/give\/gifts-of-stock\/#breadcrumb","itemListElement":[{"@type":"ListItem","position":1,"name":"Home","item":"https:\/\/fosfeminista.org\/"},{"@type":"ListItem","position":2,"name":"Ways to Give","item":"https:\/\/fosfeminista.org\/give\/"},{"@type":"ListItem","position":3,"name":"Make a Gift of Stock"}]},{"@type":"WebSite","@id":"https:\/\/fosfeminista.org\/#website","url":"https:\/\/fosfeminista.org\/","name":"F\u00f2s Feminista","description":"","potentialAction":[{"@type":"SearchAction","target":{"@type":"EntryPoint","urlTemplate":"https:\/\/fosfeminista.org\/?s={search_term_string}"},"query-input":{"@type":"PropertyValueSpecification","valueRequired":true,"valueName":"search_term_string"}}],"inLanguage":"es"}]}},"_links":{"self":[{"href":"https:\/\/fosfeminista.org\/es\/wp-json\/wp\/v2\/pages\/2807","targetHints":{"allow":["GET"]}}],"collection":[{"href":"https:\/\/fosfeminista.org\/es\/wp-json\/wp\/v2\/pages"}],"about":[{"href":"https:\/\/fosfeminista.org\/es\/wp-json\/wp\/v2\/types\/page"}],"author":[{"embeddable":true,"href":"https:\/\/fosfeminista.org\/es\/wp-json\/wp\/v2\/users\/12"}],"replies":[{"embeddable":true,"href":"https:\/\/fosfeminista.org\/es\/wp-json\/wp\/v2\/comments?post=2807"}],"version-history":[{"count":7,"href":"https:\/\/fosfeminista.org\/es\/wp-json\/wp\/v2\/pages\/2807\/revisions"}],"predecessor-version":[{"id":5322,"href":"https:\/\/fosfeminista.org\/es\/wp-json\/wp\/v2\/pages\/2807\/revisions\/5322"}],"up":[{"embeddable":true,"href":"https:\/\/fosfeminista.org\/es\/wp-json\/wp\/v2\/pages\/2504"}],"wp:featuredmedia":[{"embeddable":true,"href":"https:\/\/fosfeminista.org\/es\/wp-json\/wp\/v2\/media\/2953"}],"wp:attachment":[{"href":"https:\/\/fosfeminista.org\/es\/wp-json\/wp\/v2\/media?parent=2807"}],"curies":[{"name":"wp","href":"https:\/\/api.w.org\/{rel}","templated":true}]}}