{"id":2796,"date":"2025-09-11T16:47:51","date_gmt":"2025-09-11T20:47:51","guid":{"rendered":"https:\/\/fosfeminista.org\/?page_id=2796"},"modified":"2026-01-29T12:47:23","modified_gmt":"2026-01-29T17:47:23","slug":"privacy-policy","status":"publish","type":"page","link":"https:\/\/fosfeminista.org\/es\/privacy-policy\/","title":{"rendered":"Pol\u00edtica de privacidad"},"content":{"rendered":"","protected":false},"excerpt":{"rendered":"<p>F\u00f2s Feminista is committed to protecting the privacy of its supporters and online visitors. We have instituted this Privacy Policy to ensure that your personal information is handled in a safe and responsible manner. This Privacy Policy is incorporated into our Terms of Use.<\/p>","protected":false},"author":11,"featured_media":2949,"parent":0,"menu_order":0,"comment_status":"closed","ping_status":"closed","template":"","meta":{"_acf_changed":false,"_relevanssi_hide_post":"","_relevanssi_hide_content":"","_relevanssi_pin_for_all":"","_relevanssi_pin_keywords":"","_relevanssi_unpin_keywords":"","_relevanssi_related_keywords":"","_relevanssi_related_include_ids":"","_relevanssi_related_exclude_ids":"","_relevanssi_related_no_append":"","_relevanssi_related_not_related":"","_relevanssi_related_posts":"","_relevanssi_noindex_reason":""},"class_list":["post-2796","page","type-page","status-publish","has-post-thumbnail","hentry"],"acf":{"page_layout":[{"acf_fc_layout":"layout_hero_basic","_acfe_flexible_toggle":null,"component_hero_basic":{"":null,"kicker_text":"","title":"","heading_size":"standard","description":"F\u00f2s Feminista se compromete a proteger la privacidad de sus seguidores y visitantes en l\u00ednea. Hemos establecido esta Pol\u00edtica de Privacidad para garantizar que su informaci\u00f3n personal sea tratada de manera segura y responsable. Esta Pol\u00edtica de Privacidad est\u00e1 incorporada en nuestro <a href=\"https:\/\/fosfeminista.org\/es\/terms-of-use\/\">Condiciones de uso<\/a>.","link":"","button":"","image":2949,"anchor_id":""}},{"acf_fc_layout":"layout_wysiwyg","_acfe_flexible_toggle":null,"component_wysiwyg":{"content":"<h3>\u00c1mbito de aplicaci\u00f3n de esta Pol\u00edtica<\/h3>\r\n\r\nThis Privacy Policy applies to all personal information that F\u00f2s Feminista collects, both online (through our website, email communications, digital donation platforms, and other F\u00f2s Feminista-managed platforms) and offline (such as through mail, phone, or in-person interactions). F\u00f2s Feminista applies the same privacy, security, and confidentiality standards to information collected in both settings. F\u00f2s Feminista does not sell, share, or exchange donor or user information for third-party fundraising or marketing purposes, whether collected online or offline.\r\n\r\nIf you do not agree to the terms of this Privacy Policy or our Terms of Use in their entirety, please refrain from any use of any Platform.\r\n\r\n<h3>Acceso, correcci\u00f3n y eliminaci\u00f3n de su informaci\u00f3n<\/h3>\r\nIf you would like to access, modify, correct, or delete your personal information, please contact us. When you contact us, you may be required to provide us some details to verify your identity in this case. We may not accommodate a request to change or delete information if we believe the change would violate any law or legal requirement, cause the information to be incorrect, or we are unable to verify your identity.\r\n\r\nFor any questions or concerns about our Privacy Policy, our data practices, or if you wish to review the information we have on file for you, correct your information, or inform us how you wish your information to be used, please contact us at:\r\n<blockquote>F\u00f2s Feminista\r\n125 Maiden Lane, 9th Floor\r\nNew York, NY 10038\r\n<a href=\"mailto:info@fosfeminista.org\">info@fosfeminista.org<\/a>\r\n212-248-6400<\/blockquote>\r\n<h3>C\u00f3mo recopilamos informaci\u00f3n sobre usted en l\u00ednea<\/h3>\r\nRecopilamos la informaci\u00f3n que usted nos proporciona cuando utiliza nuestras Plataformas para:\r\n<ul>\r\n \t<li>Haz una donaci\u00f3n<\/li>\r\n \t<li>Contribuir con contenido<\/li>\r\n \t<li>Utilizar funciones interactivas (por ejemplo, sitio web de la plataforma de aprendizaje; funci\u00f3n de chat).<\/li>\r\n \t<li>Firma una petici\u00f3n en l\u00ednea.<\/li>\r\n \t<li>Solicita un empleo o una oportunidad de pr\u00e1cticas<\/li>\r\n \t<li>Suscr\u00edbete para recibir comunicaciones de F\u00f2s Feminista.<\/li>\r\n \t<li>Participa en sondeos, encuestas o cuestionarios.<\/li>\r\n \t<li>Cont\u00e1ctenos si tiene alguna pregunta, comentario o solicitud de m\u00e1s informaci\u00f3n.<\/li>\r\n \t<li>Dos de las formas m\u00e1s habituales en las que recopilamos informaci\u00f3n sobre usted son mediante el uso de cookies y el procesamiento de transacciones financieras.<\/li>\r\n<\/ul>\r\n<h3>Cookies<\/h3>\r\nWe may use cookies to collect your personal information. Cookies are unique identifiers which are used to customize a website, mobile application or social media site experience. We may automatically collect certain information from your computer or mobile device such as your Internet Protocol (IP) address, your browser type, your operating system, and the F\u00f2s Feminista webpages you view online.\r\n\r\nCertain services provided in connection with our Platforms, such as the e-mail signups or online donations are handled by third parties that may or may not use cookies or other similar tracking technologies. Although we have chosen vendors with a reputation for security, F\u00f2s Feminista cannot control the personal information collected by those vendors and you should become familiar with their specific terms of use and privacy policies.\r\n\r\nIf you do not want F\u00f2s Feminista to collect information through the use of cookies, you can set your web browser to reject cookies. If you reject or block cookies from F\u00f2s Feminista, however, some services may not function as intended.\r\n<h3>Transacciones financieras<\/h3>\r\nTo process a donation, it is necessary for F\u00f2s Feminista \u2013 or one of its third-party vendors \u2013 to gather the visitor\u2019s name, email address, mailing address, phone, and credit card information. This data is used to verify identity and execute the financial transaction. Additionally, phone number and email address information may be used to contact visitors if there is a problem with the transaction.\r\n\r\nPersonal information collected to conduct financial transactions is kept private and secure and is not sold, rented, or traded to third parties. It is important to note that credit card numbers are used only at the time of the transaction and are not stored following the conclusion of the transaction unless a transaction is selected that occurs on a regular basis. For transactions that recur, credit card information is stored in an encrypted format.\r\n<h3>Qu\u00e9 informaci\u00f3n recopilamos de usted o sobre usted en l\u00ednea<\/h3>\r\nAl utilizar nuestras Plataformas, usted puede proporcionarnos informaci\u00f3n que incluye, entre otros datos:\r\n<ul>\r\n \t<li>Tu nombre<\/li>\r\n \t<li>Tu fotograf\u00eda<\/li>\r\n \t<li>Tu informaci\u00f3n de contacto<\/li>\r\n \t<li>Tu informaci\u00f3n demogr\u00e1fica<\/li>\r\n \t<li>Informaci\u00f3n de su tarjeta de cr\u00e9dito para donaciones<\/li>\r\n \t<li>Su \u00e1rea de inter\u00e9s en nuestros programas<\/li>\r\n \t<li>Informaci\u00f3n que usted proporciona al enviar una solicitud de empleo o voluntariado.<\/li>\r\n \t<li>Informaci\u00f3n que nos proporciona cuando se pone en contacto con nosotros<\/li>\r\n<\/ul>\r\n&nbsp;\r\n<h3>C\u00f3mo utilizamos su informaci\u00f3n<\/h3>\r\nF\u00f2s Feminista puede utilizar su informaci\u00f3n personal para varios fines, entre los que se incluyen, entre otros:\r\n<ul>\r\n \t<li>Proporcionarle las actualizaciones y la informaci\u00f3n que solicite;<\/li>\r\n \t<li>Procesar las transacciones financieras que haya autorizado, incluidas las donaciones puntuales y peri\u00f3dicas.;<\/li>\r\n \t<li>Compartir campa\u00f1as de recaudaci\u00f3n de fondos o peticiones.;<\/li>\r\n \t<li>Enviarle comunicaciones publicitarias a trav\u00e9s de canales de terceros, comunicaciones de marketing, material promocional, invitaciones a eventos y reuniones, u otras comunicaciones que puedan ser de su inter\u00e9s.;<\/li>\r\n \t<li>Realizar investigaciones y an\u00e1lisis estad\u00edsticos.;<\/li>\r\n \t<li>Cumplir con cualquier ley, reglamento, proceso legal o solicitud gubernamental aplicable;<\/li>\r\n \t<li>Hacer cumplir nuestras Condiciones de uso, incluida la investigaci\u00f3n de posibles infracciones.;<\/li>\r\n \t<li>Detectar, prevenir o abordar de otro modo problemas t\u00e9cnicos, de seguridad o de fraude; o<\/li>\r\n \t<li>Proteger contra da\u00f1os a los derechos, la propiedad o la seguridad de F\u00f2s Feminista, nuestros usuarios o el p\u00fablico, seg\u00fan lo exija o permita la ley.<\/li>\r\n<\/ul>\r\nAdem\u00e1s, F\u00f2s Feminista puede utilizar la informaci\u00f3n de los donantes para varios fines, entre los que se incluyen, entre otros:\r\n<ul>\r\n \t<li>Si nos proporciona su informaci\u00f3n de contacto, es posible que reciba correos peri\u00f3dicos con informaci\u00f3n sobre nuestros programas y servicios. Si no desea recibir correo postal y\/o correo electr\u00f3nico de nuestra parte en el futuro, puede darse de baja enviando su solicitud por correo electr\u00f3nico a info@fosfeminista.org o llam\u00e1ndonos al 212-248-6400.<\/li>\r\n \t<li>F\u00f2s Feminista lleva a cabo investigaciones sobre donantes actuales y potenciales utilizando \u00fanicamente informaci\u00f3n disponible p\u00fablicamente, con el fin de fundamentar nuestras estrategias de recaudaci\u00f3n de fondos. F\u00f2s Feminista afirma que no recabamos informaci\u00f3n que no sea ya de dominio p\u00fablico. El uso de la informaci\u00f3n sobre los donantes se limita a fines internos, por parte de personas autorizadas, con el fin de prestar un mejor servicio a los donantes actuales, a los donantes potenciales o a las relaciones con socios.;<\/li>\r\n \t<li>El director de desarrollo podr\u00e1, a su discreci\u00f3n, poner a disposici\u00f3n de los miembros del personal o voluntarios la totalidad o parte de cualquier registro de donantes si fuera esencial para el desempe\u00f1o de sus funciones.;<\/li>\r\n \t<li>Para llevar a cabo sus responsabilidades, es posible que la Junta Directiva necesite revisar los registros de donantes\/posibles donantes. Todos los directores respetar\u00e1n el inter\u00e9s significativo de F\u00f2s Feminista en proteger la naturaleza sensible de dichos registros y mantendr\u00e1n estas pol\u00edticas de confidencialidad de los donantes.;<\/li>\r\n \t<li>Los auditores de F\u00f2s Feminista est\u00e1n autorizados a revisar de forma confidencial los registros de donantes y posibles donantes seg\u00fan sea necesario para los fines para los que han sido contratados; o<\/li>\r\n \t<li>F\u00f2s Feminista puede reconocer los nombres de los donantes en nuestro Informe Anual impreso y digital, as\u00ed como en otras publicaciones para donantes, a menos que un donante solicite que su donaci\u00f3n se indique como \u201cAn\u00f3nima\u201d. Por favor, env\u00ede dicha solicitud por correo electr\u00f3nico a info@fosfeminista.org.<\/li>\r\n<\/ul>\r\n<h3>Publicidad en l\u00ednea<\/h3>\r\nF\u00f2s Feminista does not knowingly sell or trade your information online with third-party advertisers. Our third-party advertising partners, however, may use cookies and similar technologies on third-party websites on which our ads appear. F\u00f2s Feminista is not associated with the information gathering practices of these advertising partners and such practices are not governed by this Privacy Policy.\r\n\r\nA note about Facebook Advertising: Like many nonprofits, F\u00f2s Feminista may use Facebook Advertising to target our supporters and prospective supporters with relevant content related to sexual and reproductive health and rights. F\u00f2s Feminista uses an encrypted contact list for such advertising and does not trade or sell your information with third-party advertising partners.\r\n\r\n<h3>C\u00f3mo protegemos su informaci\u00f3n personal<\/h3>\r\nWe understand your concerns about safety and security and want to assure you that we make every effort to safeguard your information and privacy when you use our Platforms. F\u00f2s Feminista further recognizes that the operation of the organization requires the maintenance and management of extensive donor and prospect records. Donor records often contain sensitive information that has been shared with or developed by F\u00f2s Feminista staff on a confidential basis.\r\n\r\nF\u00f2s Feminista endeavors to protect your information through established and implemented physical, electronic, and managerial procedures and engaging third-party vendors that provide a secure and safe environment for the storage and processing of your credit card and personal information. For example, F\u00f2s Feminista uses Secure Sockets Layer (SSL) technology to protect against the loss, misuse, and unauthorized alteration of the information under our control. To the extent any donations are processed through a third-party service provider, those providers are required to sign a confidentiality and privacy agreement, and our donors\u2019 personal information will only be used for purposes necessary to process the donation. In addition, all staff are required to sign an employee confidentiality agreement which includes all donor-related information.\r\n\r\nPlease remember that the safety and security of your information also depends on you. Unfortunately, the transmission of information via the internet is not completely secure. Although we do our best to protect your personal information, we cannot guarantee the security of your personal or sensitive information transmitted to us and F\u00f2s Feminista makes no representation or warranty that the Platforms are protected from viruses, security threats or other vulnerabilities. Any transmission of personal or sensitive information is at your own risk. We are not responsible for circumvention of any privacy settings or security measures we put in place for your protection. If you have concerns about the security of sensitive information, do not send it electronically.\r\n\r\nSharing excludes text messaging originator opt-in data and consent; this information will not be shared with any third parties.\r\n<h3>Cambios en esta pol\u00edtica<\/h3>\r\nF\u00f2s Feminista se reserva el derecho, a su entera discreci\u00f3n y sin ninguna obligaci\u00f3n, de modificar o corregir cualquier error u omisi\u00f3n en cualquier parte de esta Pol\u00edtica de Privacidad. Si nuestras pr\u00e1cticas de informaci\u00f3n cambian en alg\u00fan momento en el futuro, publicaremos los cambios en la pol\u00edtica en nuestro sitio web para notificarle dichos cambios y ofrecerle la posibilidad de excluirse de estos nuevos usos. Si le preocupa c\u00f3mo se utiliza su informaci\u00f3n, le recomendamos que consulte peri\u00f3dicamente nuestro sitio web.\r\n\r\n<i><b>Esta pol\u00edtica se actualiz\u00f3 el 29 de enero de 2026.<\/b><\/i>","":null,"anchor_id":""}}]},"yoast_head":"<!-- This site is optimized with the Yoast SEO plugin v27.5 - https:\/\/yoast.com\/product\/yoast-seo-wordpress\/ -->\n<title>Privacy Policy - F\u00f2s Feminista<\/title>\n<meta name=\"robots\" content=\"index, follow, max-snippet:-1, max-image-preview:large, max-video-preview:-1\" \/>\n<link rel=\"canonical\" href=\"https:\/\/fosfeminista.org\/es\/privacy-policy\/\" \/>\n<meta property=\"og:locale\" content=\"es_MX\" \/>\n<meta property=\"og:type\" content=\"article\" \/>\n<meta property=\"og:title\" content=\"Privacy Policy - F\u00f2s Feminista\" \/>\n<meta property=\"og:description\" content=\"F\u00f2s Feminista is committed to protecting the privacy of its supporters and online visitors. We have instituted this Privacy Policy to ensure that your personal information is handled in a safe and responsible manner. This Privacy Policy is incorporated into our Terms of Use.\" \/>\n<meta property=\"og:url\" content=\"https:\/\/fosfeminista.org\/es\/privacy-policy\/\" \/>\n<meta property=\"og:site_name\" content=\"F\u00f2s Feminista\" \/>\n<meta property=\"article:modified_time\" content=\"2026-01-29T17:47:23+00:00\" \/>\n<meta property=\"og:image\" content=\"https:\/\/fosfeminista.org\/wp-content\/uploads\/2025\/09\/1a-Tax-Deduction-Donation.png\" \/>\n\t<meta property=\"og:image:width\" content=\"1280\" \/>\n\t<meta property=\"og:image:height\" content=\"894\" \/>\n\t<meta property=\"og:image:type\" content=\"image\/png\" \/>\n<meta name=\"twitter:card\" content=\"summary_large_image\" \/>\n<script type=\"application\/ld+json\" class=\"yoast-schema-graph\">{\"@context\":\"https:\\\/\\\/schema.org\",\"@graph\":[{\"@type\":\"WebPage\",\"@id\":\"https:\\\/\\\/fosfeminista.org\\\/privacy-policy\\\/\",\"url\":\"https:\\\/\\\/fosfeminista.org\\\/privacy-policy\\\/\",\"name\":\"Privacy Policy - F\u00f2s Feminista\",\"isPartOf\":{\"@id\":\"https:\\\/\\\/fosfeminista.org\\\/#website\"},\"primaryImageOfPage\":{\"@id\":\"https:\\\/\\\/fosfeminista.org\\\/privacy-policy\\\/#primaryimage\"},\"image\":{\"@id\":\"https:\\\/\\\/fosfeminista.org\\\/privacy-policy\\\/#primaryimage\"},\"thumbnailUrl\":\"https:\\\/\\\/fosfeminista.org\\\/wp-content\\\/uploads\\\/2025\\\/09\\\/1a-Tax-Deduction-Donation.png\",\"datePublished\":\"2025-09-11T20:47:51+00:00\",\"dateModified\":\"2026-01-29T17:47:23+00:00\",\"breadcrumb\":{\"@id\":\"https:\\\/\\\/fosfeminista.org\\\/privacy-policy\\\/#breadcrumb\"},\"inLanguage\":\"es\",\"potentialAction\":[{\"@type\":\"ReadAction\",\"target\":[\"https:\\\/\\\/fosfeminista.org\\\/privacy-policy\\\/\"]}]},{\"@type\":\"ImageObject\",\"inLanguage\":\"es\",\"@id\":\"https:\\\/\\\/fosfeminista.org\\\/privacy-policy\\\/#primaryimage\",\"url\":\"https:\\\/\\\/fosfeminista.org\\\/wp-content\\\/uploads\\\/2025\\\/09\\\/1a-Tax-Deduction-Donation.png\",\"contentUrl\":\"https:\\\/\\\/fosfeminista.org\\\/wp-content\\\/uploads\\\/2025\\\/09\\\/1a-Tax-Deduction-Donation.png\",\"width\":1280,\"height\":894,\"caption\":\"Two hands cradle a globe.\"},{\"@type\":\"BreadcrumbList\",\"@id\":\"https:\\\/\\\/fosfeminista.org\\\/privacy-policy\\\/#breadcrumb\",\"itemListElement\":[{\"@type\":\"ListItem\",\"position\":1,\"name\":\"Home\",\"item\":\"https:\\\/\\\/fosfeminista.org\\\/\"},{\"@type\":\"ListItem\",\"position\":2,\"name\":\"Privacy Policy\"}]},{\"@type\":\"WebSite\",\"@id\":\"https:\\\/\\\/fosfeminista.org\\\/#website\",\"url\":\"https:\\\/\\\/fosfeminista.org\\\/\",\"name\":\"F\u00f2s Feminista\",\"description\":\"\",\"potentialAction\":[{\"@type\":\"SearchAction\",\"target\":{\"@type\":\"EntryPoint\",\"urlTemplate\":\"https:\\\/\\\/fosfeminista.org\\\/?s={search_term_string}\"},\"query-input\":{\"@type\":\"PropertyValueSpecification\",\"valueRequired\":true,\"valueName\":\"search_term_string\"}}],\"inLanguage\":\"es\"}]}<\/script>\n<!-- \/ Yoast SEO plugin. -->","yoast_head_json":{"title":"Privacy Policy - F\u00f2s Feminista","robots":{"index":"index","follow":"follow","max-snippet":"max-snippet:-1","max-image-preview":"max-image-preview:large","max-video-preview":"max-video-preview:-1"},"canonical":"https:\/\/fosfeminista.org\/es\/privacy-policy\/","og_locale":"es_MX","og_type":"article","og_title":"Privacy Policy - F\u00f2s Feminista","og_description":"F\u00f2s Feminista is committed to protecting the privacy of its supporters and online visitors. We have instituted this Privacy Policy to ensure that your personal information is handled in a safe and responsible manner. This Privacy Policy is incorporated into our Terms of Use.","og_url":"https:\/\/fosfeminista.org\/es\/privacy-policy\/","og_site_name":"F\u00f2s Feminista","article_modified_time":"2026-01-29T17:47:23+00:00","og_image":[{"width":1280,"height":894,"url":"https:\/\/fosfeminista.org\/wp-content\/uploads\/2025\/09\/1a-Tax-Deduction-Donation.png","type":"image\/png"}],"twitter_card":"summary_large_image","schema":{"@context":"https:\/\/schema.org","@graph":[{"@type":"WebPage","@id":"https:\/\/fosfeminista.org\/privacy-policy\/","url":"https:\/\/fosfeminista.org\/privacy-policy\/","name":"Privacy Policy - F\u00f2s Feminista","isPartOf":{"@id":"https:\/\/fosfeminista.org\/#website"},"primaryImageOfPage":{"@id":"https:\/\/fosfeminista.org\/privacy-policy\/#primaryimage"},"image":{"@id":"https:\/\/fosfeminista.org\/privacy-policy\/#primaryimage"},"thumbnailUrl":"https:\/\/fosfeminista.org\/wp-content\/uploads\/2025\/09\/1a-Tax-Deduction-Donation.png","datePublished":"2025-09-11T20:47:51+00:00","dateModified":"2026-01-29T17:47:23+00:00","breadcrumb":{"@id":"https:\/\/fosfeminista.org\/privacy-policy\/#breadcrumb"},"inLanguage":"es","potentialAction":[{"@type":"ReadAction","target":["https:\/\/fosfeminista.org\/privacy-policy\/"]}]},{"@type":"ImageObject","inLanguage":"es","@id":"https:\/\/fosfeminista.org\/privacy-policy\/#primaryimage","url":"https:\/\/fosfeminista.org\/wp-content\/uploads\/2025\/09\/1a-Tax-Deduction-Donation.png","contentUrl":"https:\/\/fosfeminista.org\/wp-content\/uploads\/2025\/09\/1a-Tax-Deduction-Donation.png","width":1280,"height":894,"caption":"Two hands cradle a globe."},{"@type":"BreadcrumbList","@id":"https:\/\/fosfeminista.org\/privacy-policy\/#breadcrumb","itemListElement":[{"@type":"ListItem","position":1,"name":"Home","item":"https:\/\/fosfeminista.org\/"},{"@type":"ListItem","position":2,"name":"Privacy Policy"}]},{"@type":"WebSite","@id":"https:\/\/fosfeminista.org\/#website","url":"https:\/\/fosfeminista.org\/","name":"F\u00f2s Feminista","description":"","potentialAction":[{"@type":"SearchAction","target":{"@type":"EntryPoint","urlTemplate":"https:\/\/fosfeminista.org\/?s={search_term_string}"},"query-input":{"@type":"PropertyValueSpecification","valueRequired":true,"valueName":"search_term_string"}}],"inLanguage":"es"}]}},"_links":{"self":[{"href":"https:\/\/fosfeminista.org\/es\/wp-json\/wp\/v2\/pages\/2796","targetHints":{"allow":["GET"]}}],"collection":[{"href":"https:\/\/fosfeminista.org\/es\/wp-json\/wp\/v2\/pages"}],"about":[{"href":"https:\/\/fosfeminista.org\/es\/wp-json\/wp\/v2\/types\/page"}],"author":[{"embeddable":true,"href":"https:\/\/fosfeminista.org\/es\/wp-json\/wp\/v2\/users\/11"}],"replies":[{"embeddable":true,"href":"https:\/\/fosfeminista.org\/es\/wp-json\/wp\/v2\/comments?post=2796"}],"version-history":[{"count":12,"href":"https:\/\/fosfeminista.org\/es\/wp-json\/wp\/v2\/pages\/2796\/revisions"}],"predecessor-version":[{"id":6226,"href":"https:\/\/fosfeminista.org\/es\/wp-json\/wp\/v2\/pages\/2796\/revisions\/6226"}],"wp:featuredmedia":[{"embeddable":true,"href":"https:\/\/fosfeminista.org\/es\/wp-json\/wp\/v2\/media\/2949"}],"wp:attachment":[{"href":"https:\/\/fosfeminista.org\/es\/wp-json\/wp\/v2\/media?parent=2796"}],"curies":[{"name":"wp","href":"https:\/\/api.w.org\/{rel}","templated":true}]}}