{"id":2510,"date":"2025-09-08T13:14:06","date_gmt":"2025-09-08T17:14:06","guid":{"rendered":"https:\/\/fosfeminista.org\/?page_id=2510"},"modified":"2025-09-29T20:40:30","modified_gmt":"2025-09-30T00:40:30","slug":"become-a-champion-for-choice","status":"publish","type":"page","link":"https:\/\/fosfeminista.org\/es\/give\/become-a-champion-for-choice\/","title":{"rendered":"Convi\u00e9rtase en un defensor de la elecci\u00f3n"},"content":{"rendered":"","protected":false},"excerpt":{"rendered":"<p>Champions for Choice dona m\u00e1s de 1,000 d\u00f3lares al a\u00f1o para que las mujeres y las ni\u00f1as de todo el mundo tengan acceso a m\u00e9todos anticonceptivos, educaci\u00f3n sexual y servicios de aborto. Su donaci\u00f3n impulsa a nuestros socios en primera l\u00ednea, que prestan servicios donde m\u00e1s se necesitan.<\/p>","protected":false},"author":2,"featured_media":2955,"parent":2504,"menu_order":0,"comment_status":"closed","ping_status":"closed","template":"","meta":{"_acf_changed":false,"_relevanssi_hide_post":"","_relevanssi_hide_content":"","_relevanssi_pin_for_all":"","_relevanssi_pin_keywords":"","_relevanssi_unpin_keywords":"","_relevanssi_related_keywords":"","_relevanssi_related_include_ids":"","_relevanssi_related_exclude_ids":"","_relevanssi_related_no_append":"","_relevanssi_related_not_related":"","_relevanssi_related_posts":"","_relevanssi_noindex_reason":""},"class_list":["post-2510","page","type-page","status-publish","has-post-thumbnail","hentry"],"acf":{"page_layout":[{"acf_fc_layout":"layout_hero_basic","_acfe_flexible_toggle":"","component_hero_basic":{"":null,"kicker_text":"","title":"\u00danete a Champions for Choice","heading_size":"standard","description":"<span style=\"font-weight: 400;\">Champions for Choice dona m\u00e1s de 1,000 d\u00f3lares al a\u00f1o para que las mujeres y las ni\u00f1as de todo el mundo tengan acceso a m\u00e9todos anticonceptivos, educaci\u00f3n sexual y servicios de aborto. Su donaci\u00f3n impulsa a nuestros socios en primera l\u00ednea, que prestan servicios donde m\u00e1s se necesitan.<\/span>","link":"","button":{"title":"Give Now","url":"\/give\/become-a-champion-for-choice\/?form=web","target":""},"image":2955,"anchor_id":""}},{"acf_fc_layout":"layout_wysiwyg","_acfe_flexible_toggle":"","component_wysiwyg":{"content":"En todo el mundo, a las mujeres y las ni\u00f1as se les niega la atenci\u00f3n que necesitan con urgencia. <strong>Champions for Choice se sit\u00faa en ese espacio.<\/strong> Your annual gift of $1,000+ supports the F\u00f2s Feminista Alliance\u2019s ability to deliver contraception, comprehensive sexuality education, and abortion care\u2014services that can mean the difference between hope and despair, between life and death.\r\n\r\nEvery day, laws are weaponized against our rights, clinics are shuttered, and misinformation spreads. But together, we can push back. When you become a Champion, you\u2019re not just funding services\u2014you\u2019re defending dignity, protecting futures, and keeping doors to care open for those who have nowhere else to turn.\r\n\r\nThe coming years will <strong>revelar la fuerza de nuestra comunidad global<\/strong>. Together, we are holding the line for reproductive freedom, proving that care and justice have no borders.\r\n\r\nYour generosity transforms lives and strengthens a global movement for reproductive freedom. Become a <a href=\"\/es\/give\/become-a-champion-for-choice\/?form=web\"><strong>Campe\u00f3n por la elecci\u00f3n hoy. \u00bb<\/strong><\/a>\r\n\r\nMany supporters ask for our tax ID and address\u2014you can find them here:\r\n\r\nF\u00f2s Feminista\r\n125 Maiden Lane, 9th Floor\r\nNew York, NY 10038-4730\r\n\r\n<strong>N\u00famero de identificaci\u00f3n fiscal:<\/strong> 13-1845455","":null,"anchor_id":""}},{"acf_fc_layout":"layout_accordion_feature","_acfe_flexible_toggle":"","component_accordion_feature":{"":null,"kicker":"Benefits","title":"Ventajas exclusivas para los Campeones de la Elecci\u00f3n","intro":"<span style=\"font-weight: 400;\">As a Champion for Choice, you\u2019ll enjoy special access, personalized support, and updates that connect you to the impact your generosity makes around the world.<\/span>","image":5111,"items":[{"title":"Invitations to Events","open":false,"html":"<span style=\"font-weight: 400;\">Get special access to exclusive gatherings, including our annual virtual State of Reproductive Choice briefing, where you\u2019ll hear directly from leaders and partners advancing reproductive health and rights.<\/span>"},{"title":"Annual Gift Summary","open":false,"html":"<span style=\"font-weight: 400;\">Receive a clear, year-end summary of your giving to make tax preparation simple. This statement also serves as a reminder of the powerful impact your generosity has made over the past year.<\/span>"},{"title":"Dedicated Liaison","open":false,"html":"<span style=\"font-weight: 400;\">Reach out to Lloyd Alexander, Associate Director for Individual Giving, at <\/span><a href=\"mailto:lalexander@fosfeminista.org\"><span style=\"font-weight: 400;\">lalexander@fosfeminista.org<\/span><\/a><span style=\"font-weight: 400;\"> or (212) 214-0278 for personalized support. Whether you have a question, want to update your giving, or simply wish to connect, your liaison is here to support you year-round.<\/span>"},{"title":"Annual Impact Report","open":false,"html":"<span style=\"font-weight: 400;\">See your impact in action through our detailed annual report, featuring stories from the field, data on services provided, and examples of how your generosity creates change worldwide.<\/span>"}],"anchor_id":""}},{"acf_fc_layout":"layout_logo_rail","_acfe_flexible_toggle":"","component_logo_rail":{"title":"Calificaci\u00f3n independiente. Donantes de confianza.","abstract":"<span style=\"font-weight: 400;\">We\u2019ve earned 4 stars from Charity Navigator, hold a GuideStar Platinum rating, and are top-rated by CharityWatch \u2014 the highest marks possible. Click the logos below to learn more.<\/span>","items":[{"image":2787},{"image":2790},{"image":2788},{"image":2789}],"cta":"","":null,"anchor_id":""}},{"acf_fc_layout":"layout_pull_quote","_acfe_flexible_toggle":"","component_pull_quote":{"":null,"background_color":"cream","headline":"Building Empathy Through Connection","quote":"F\u00f2s Feminista\u2019s commitment to equipping young people with the tools to thrive and define their own futures inspires me deeply. When we bring people in and make them feel part of something, it\u2019s like a glue that binds us together. That connection is key to defeating extremism and cultivating empathy as human beings.","meta":{"name":"Tim Barnes","work":"F\u00f2s Feminista supporter and lifelong advocate for gender equality"},"additional_promotion":{"heading":"","link":""},"image":5620,"anchor_id":""}},{"acf_fc_layout":"layout_column_feature","_acfe_flexible_toggle":"","component_column_feature":{"title":"C\u00f3mo puedes unirte a Champions for Choice","abstract":"<span style=\"font-weight: 400;\">Ready to deepen your impact? These giving options grow your partnership with us:<\/span>","columns":[{"image":"","brow":"By Mail","title":"Donate by Mail","abstract":"<span style=\"font-weight: 400;\">Prefer to give by check? Mail your gift using the address above or send the form below to help ensure access to contraception, emergency care, and reproductive rights.<\/span>","button":{"title":"Download the PDF","url":"https:\/\/fosfeminista.org\/wp-content\/uploads\/2025\/09\/Donate_By_Mail_09272025.pdf","target":"_blank"}},{"image":"","brow":"Online","title":"Make a Tax-Deductible Donation","abstract":"<span style=\"font-weight: 400;\">Give online to help deliver contraception, abortion, and essential health services\u2014your gift fuels impact for women, girls, and gender-diverse people worldwide.<\/span>","button":{"title":"Donate Now","url":"https:\/\/fosfeminista.org\/give\/become-a-champion-for-choice\/?form=web","target":""}},{"image":"","brow":"Other Ways","title":"Explore Other Ways to Give","abstract":"<span style=\"font-weight: 400;\">Learn about giving appreciated stock, donating through your Donor-Advised Fund, making a legacy gift, and more ways to support reproductive health and rights.<\/span>","button":{"title":"Learn More","url":"\/give\/","target":""}}],"":null,"anchor_id":""}}]},"yoast_head":"<!-- This site is optimized with the Yoast SEO plugin v27.5 - https:\/\/yoast.com\/product\/yoast-seo-wordpress\/ -->\n<title>Become a Champion for Choice - F\u00f2s Feminista<\/title>\n<meta name=\"robots\" content=\"index, follow, max-snippet:-1, max-image-preview:large, max-video-preview:-1\" \/>\n<link rel=\"canonical\" href=\"https:\/\/fosfeminista.org\/es\/give\/become-a-champion-for-choice\/\" \/>\n<meta property=\"og:locale\" content=\"es_MX\" \/>\n<meta property=\"og:type\" content=\"article\" \/>\n<meta property=\"og:title\" content=\"Become a Champion for Choice - F\u00f2s Feminista\" \/>\n<meta property=\"og:description\" content=\"Champions for Choice give $1,000+ annually to keep contraception, sexuality education, and abortion care within reach for women and girls worldwide. Your gift fuels our partners on the frontlines\u2014providing services where they\u2019re needed most.\" \/>\n<meta property=\"og:url\" content=\"https:\/\/fosfeminista.org\/es\/give\/become-a-champion-for-choice\/\" \/>\n<meta property=\"og:site_name\" content=\"F\u00f2s Feminista\" \/>\n<meta property=\"article:modified_time\" content=\"2025-09-30T00:40:30+00:00\" \/>\n<meta property=\"og:image\" content=\"https:\/\/fosfeminista.org\/wp-content\/uploads\/2025\/09\/6-Become-Champion-Choice.png\" \/>\n\t<meta property=\"og:image:width\" content=\"1280\" \/>\n\t<meta property=\"og:image:height\" content=\"894\" \/>\n\t<meta property=\"og:image:type\" content=\"image\/png\" \/>\n<meta name=\"twitter:card\" content=\"summary_large_image\" \/>\n<script type=\"application\/ld+json\" class=\"yoast-schema-graph\">{\"@context\":\"https:\\\/\\\/schema.org\",\"@graph\":[{\"@type\":\"WebPage\",\"@id\":\"https:\\\/\\\/fosfeminista.org\\\/give\\\/become-a-champion-for-choice\\\/\",\"url\":\"https:\\\/\\\/fosfeminista.org\\\/give\\\/become-a-champion-for-choice\\\/\",\"name\":\"Become a Champion for Choice - F\u00f2s Feminista\",\"isPartOf\":{\"@id\":\"https:\\\/\\\/fosfeminista.org\\\/#website\"},\"primaryImageOfPage\":{\"@id\":\"https:\\\/\\\/fosfeminista.org\\\/give\\\/become-a-champion-for-choice\\\/#primaryimage\"},\"image\":{\"@id\":\"https:\\\/\\\/fosfeminista.org\\\/give\\\/become-a-champion-for-choice\\\/#primaryimage\"},\"thumbnailUrl\":\"https:\\\/\\\/fosfeminista.org\\\/wp-content\\\/uploads\\\/2025\\\/09\\\/6-Become-Champion-Choice.png\",\"datePublished\":\"2025-09-08T17:14:06+00:00\",\"dateModified\":\"2025-09-30T00:40:30+00:00\",\"breadcrumb\":{\"@id\":\"https:\\\/\\\/fosfeminista.org\\\/give\\\/become-a-champion-for-choice\\\/#breadcrumb\"},\"inLanguage\":\"es\",\"potentialAction\":[{\"@type\":\"ReadAction\",\"target\":[\"https:\\\/\\\/fosfeminista.org\\\/give\\\/become-a-champion-for-choice\\\/\"]}]},{\"@type\":\"ImageObject\",\"inLanguage\":\"es\",\"@id\":\"https:\\\/\\\/fosfeminista.org\\\/give\\\/become-a-champion-for-choice\\\/#primaryimage\",\"url\":\"https:\\\/\\\/fosfeminista.org\\\/wp-content\\\/uploads\\\/2025\\\/09\\\/6-Become-Champion-Choice.png\",\"contentUrl\":\"https:\\\/\\\/fosfeminista.org\\\/wp-content\\\/uploads\\\/2025\\\/09\\\/6-Become-Champion-Choice.png\",\"width\":1280,\"height\":894,\"caption\":\"Smiling person with arms outstretched surrounded by healthcare products, a hear, and a megaphone.\"},{\"@type\":\"BreadcrumbList\",\"@id\":\"https:\\\/\\\/fosfeminista.org\\\/give\\\/become-a-champion-for-choice\\\/#breadcrumb\",\"itemListElement\":[{\"@type\":\"ListItem\",\"position\":1,\"name\":\"Home\",\"item\":\"https:\\\/\\\/fosfeminista.org\\\/\"},{\"@type\":\"ListItem\",\"position\":2,\"name\":\"Ways to Give\",\"item\":\"https:\\\/\\\/fosfeminista.org\\\/give\\\/\"},{\"@type\":\"ListItem\",\"position\":3,\"name\":\"Become a Champion for Choice\"}]},{\"@type\":\"WebSite\",\"@id\":\"https:\\\/\\\/fosfeminista.org\\\/#website\",\"url\":\"https:\\\/\\\/fosfeminista.org\\\/\",\"name\":\"F\u00f2s Feminista\",\"description\":\"\",\"potentialAction\":[{\"@type\":\"SearchAction\",\"target\":{\"@type\":\"EntryPoint\",\"urlTemplate\":\"https:\\\/\\\/fosfeminista.org\\\/?s={search_term_string}\"},\"query-input\":{\"@type\":\"PropertyValueSpecification\",\"valueRequired\":true,\"valueName\":\"search_term_string\"}}],\"inLanguage\":\"es\"}]}<\/script>\n<!-- \/ Yoast SEO plugin. -->","yoast_head_json":{"title":"Become a Champion for Choice - F\u00f2s Feminista","robots":{"index":"index","follow":"follow","max-snippet":"max-snippet:-1","max-image-preview":"max-image-preview:large","max-video-preview":"max-video-preview:-1"},"canonical":"https:\/\/fosfeminista.org\/es\/give\/become-a-champion-for-choice\/","og_locale":"es_MX","og_type":"article","og_title":"Become a Champion for Choice - F\u00f2s Feminista","og_description":"Champions for Choice give $1,000+ annually to keep contraception, sexuality education, and abortion care within reach for women and girls worldwide. Your gift fuels our partners on the frontlines\u2014providing services where they\u2019re needed most.","og_url":"https:\/\/fosfeminista.org\/es\/give\/become-a-champion-for-choice\/","og_site_name":"F\u00f2s Feminista","article_modified_time":"2025-09-30T00:40:30+00:00","og_image":[{"width":1280,"height":894,"url":"https:\/\/fosfeminista.org\/wp-content\/uploads\/2025\/09\/6-Become-Champion-Choice.png","type":"image\/png"}],"twitter_card":"summary_large_image","schema":{"@context":"https:\/\/schema.org","@graph":[{"@type":"WebPage","@id":"https:\/\/fosfeminista.org\/give\/become-a-champion-for-choice\/","url":"https:\/\/fosfeminista.org\/give\/become-a-champion-for-choice\/","name":"Become a Champion for Choice - F\u00f2s Feminista","isPartOf":{"@id":"https:\/\/fosfeminista.org\/#website"},"primaryImageOfPage":{"@id":"https:\/\/fosfeminista.org\/give\/become-a-champion-for-choice\/#primaryimage"},"image":{"@id":"https:\/\/fosfeminista.org\/give\/become-a-champion-for-choice\/#primaryimage"},"thumbnailUrl":"https:\/\/fosfeminista.org\/wp-content\/uploads\/2025\/09\/6-Become-Champion-Choice.png","datePublished":"2025-09-08T17:14:06+00:00","dateModified":"2025-09-30T00:40:30+00:00","breadcrumb":{"@id":"https:\/\/fosfeminista.org\/give\/become-a-champion-for-choice\/#breadcrumb"},"inLanguage":"es","potentialAction":[{"@type":"ReadAction","target":["https:\/\/fosfeminista.org\/give\/become-a-champion-for-choice\/"]}]},{"@type":"ImageObject","inLanguage":"es","@id":"https:\/\/fosfeminista.org\/give\/become-a-champion-for-choice\/#primaryimage","url":"https:\/\/fosfeminista.org\/wp-content\/uploads\/2025\/09\/6-Become-Champion-Choice.png","contentUrl":"https:\/\/fosfeminista.org\/wp-content\/uploads\/2025\/09\/6-Become-Champion-Choice.png","width":1280,"height":894,"caption":"Smiling person with arms outstretched surrounded by healthcare products, a hear, and a megaphone."},{"@type":"BreadcrumbList","@id":"https:\/\/fosfeminista.org\/give\/become-a-champion-for-choice\/#breadcrumb","itemListElement":[{"@type":"ListItem","position":1,"name":"Home","item":"https:\/\/fosfeminista.org\/"},{"@type":"ListItem","position":2,"name":"Ways to Give","item":"https:\/\/fosfeminista.org\/give\/"},{"@type":"ListItem","position":3,"name":"Become a Champion for Choice"}]},{"@type":"WebSite","@id":"https:\/\/fosfeminista.org\/#website","url":"https:\/\/fosfeminista.org\/","name":"F\u00f2s Feminista","description":"","potentialAction":[{"@type":"SearchAction","target":{"@type":"EntryPoint","urlTemplate":"https:\/\/fosfeminista.org\/?s={search_term_string}"},"query-input":{"@type":"PropertyValueSpecification","valueRequired":true,"valueName":"search_term_string"}}],"inLanguage":"es"}]}},"_links":{"self":[{"href":"https:\/\/fosfeminista.org\/es\/wp-json\/wp\/v2\/pages\/2510","targetHints":{"allow":["GET"]}}],"collection":[{"href":"https:\/\/fosfeminista.org\/es\/wp-json\/wp\/v2\/pages"}],"about":[{"href":"https:\/\/fosfeminista.org\/es\/wp-json\/wp\/v2\/types\/page"}],"author":[{"embeddable":true,"href":"https:\/\/fosfeminista.org\/es\/wp-json\/wp\/v2\/users\/2"}],"replies":[{"embeddable":true,"href":"https:\/\/fosfeminista.org\/es\/wp-json\/wp\/v2\/comments?post=2510"}],"version-history":[{"count":19,"href":"https:\/\/fosfeminista.org\/es\/wp-json\/wp\/v2\/pages\/2510\/revisions"}],"predecessor-version":[{"id":5759,"href":"https:\/\/fosfeminista.org\/es\/wp-json\/wp\/v2\/pages\/2510\/revisions\/5759"}],"up":[{"embeddable":true,"href":"https:\/\/fosfeminista.org\/es\/wp-json\/wp\/v2\/pages\/2504"}],"wp:featuredmedia":[{"embeddable":true,"href":"https:\/\/fosfeminista.org\/es\/wp-json\/wp\/v2\/media\/2955"}],"wp:attachment":[{"href":"https:\/\/fosfeminista.org\/es\/wp-json\/wp\/v2\/media?parent=2510"}],"curies":[{"name":"wp","href":"https:\/\/api.w.org\/{rel}","templated":true}]}}