{"id":2498,"date":"2025-09-08T13:12:27","date_gmt":"2025-09-08T17:12:27","guid":{"rendered":"https:\/\/fosfeminista.org\/?page_id=2498"},"modified":"2025-10-07T11:41:13","modified_gmt":"2025-10-07T15:41:13","slug":"careers","status":"publish","type":"page","link":"https:\/\/fosfeminista.org\/es\/about\/careers\/","title":{"rendered":"Carreras profesionales"},"content":{"rendered":"","protected":false},"excerpt":{"rendered":"<p>Somos una alianza mundial de activistas, proveedores de salud y agentes de cambio. En F\u00f2s Feminista, tu trabajo fomenta el acceso a la atenci\u00f3n sanitaria, defiende los derechos e impulsa un movimiento feminista m\u00e1s fuerte.<\/p>","protected":false},"author":2,"featured_media":2782,"parent":2487,"menu_order":0,"comment_status":"closed","ping_status":"closed","template":"","meta":{"_acf_changed":false,"_relevanssi_hide_post":"","_relevanssi_hide_content":"","_relevanssi_pin_for_all":"","_relevanssi_pin_keywords":"","_relevanssi_unpin_keywords":"","_relevanssi_related_keywords":"","_relevanssi_related_include_ids":"","_relevanssi_related_exclude_ids":"","_relevanssi_related_no_append":"","_relevanssi_related_not_related":"","_relevanssi_related_posts":"","_relevanssi_noindex_reason":""},"class_list":["post-2498","page","type-page","status-publish","has-post-thumbnail","hentry"],"acf":{"page_layout":[{"acf_fc_layout":"layout_hero_basic","_acfe_flexible_toggle":"","component_hero_basic":{"":null,"kicker_text":"","title":"Trabaja con nosotros","heading_size":"standard","description":"<span style=\"font-weight: 400;\">Somos una alianza mundial de activistas, proveedores de salud y agentes de cambio. En F\u00f2s Feminista, tu trabajo fomenta el acceso a la atenci\u00f3n sanitaria, defiende los derechos e impulsa un movimiento feminista m\u00e1s fuerte.<\/span>","link":"","button":{"title":"Search jobs","url":"https:\/\/fosfeminista.org\/about\/careers#jobs","target":""},"image":2782,"anchor_id":""}},{"acf_fc_layout":"layout_wysiwyg","_acfe_flexible_toggle":"","component_wysiwyg":{"content":"Our culture is rooted in feminist values: care, equity, intersectionality, and transparency. They shape how we work with partners, how we communicate, and how we support our team.\r\n\r\nPeople join F\u00f2s Feminista to fight for sexual and reproductive health and rights alongside committed colleagues worldwide.\r\n\r\nIf this drives you too, join us.","":null,"anchor_id":""}},{"acf_fc_layout":"layout_pull_quote","_acfe_flexible_toggle":"","component_pull_quote":{"":null,"background_color":"cream","headline":"A healthy work-life balance","quote":"Working with F\u00f2s Feminista has allowed me to connect with the organizations we work with worldwide. At an individual level, this experience has helped me learn about myself and build my capacity. Also, I like that, beyond the policies, there is a genuine concern for a healthy work life balance.","meta":{"name":"Josephine Mugishagwe, Senior Program Officer","work":"F\u00f2s Feminista"},"additional_promotion":{"heading":"","link":""},"image":5266,"anchor_id":""}},{"acf_fc_layout":"layout_basic_html","_acfe_flexible_toggle":"","component_basic_html":{"content":"<div id=\"BambooHR\" data-domain=\"fosfeminista.bamboohr.com\" data-version=\"1.0.0\" data-departmentid=\"\"><\/div><script src=\"https:\/\/fosfeminista.bamboohr.com\/js\/embed.js\"     type=\"text\/javascript\" async defer><\/script>","styled_display":false,"":null,"anchor_id":"jobs"}},{"acf_fc_layout":"layout_wysiwyg","_acfe_flexible_toggle":"","component_wysiwyg":{"content":"<h2><strong>Nuestro compromiso<\/strong><\/h2>\r\n<h3><span style=\"font-weight: 400;\">Cuidarnos los unos a los otros es el centro de todo lo que hacemos\u00a0<\/span><\/h3>\r\n<span style=\"font-weight: 400;\">F\u00f2s Feminista se compromete a proporcionar un conjunto hol\u00edstico de beneficios y a crear una cultura organizativa que priorice el equilibrio entre la vida laboral y personal, el bienestar, la pertenencia y el compromiso. Nuestro paquete de compensaci\u00f3n integral para cada uno de nuestros lugares de contrataci\u00f3n es competitivo con los mercados locales para las ONG internacionales y promueve la equidad interna en los beneficios.<\/span>","":null,"anchor_id":""}},{"acf_fc_layout":"layout_accordion","_acfe_flexible_toggle":"","component_accordion":{"title":"","items":[{"title":"Salaries","open":false,"html":"<span style=\"font-weight: 400;\">F\u00f2s Feminista provides salaries that are internally equitable and locally competitive, alongside other monetary benefits, to support Team Members to have financial security. Recognizing that salary negotiations disproportionately benefit people with privileges, we have eliminated them at hiring. All new positions will be hired at the salary posted for the position.<\/span>"},{"title":"Paid time off","open":false,"html":"<span style=\"font-weight: 400;\">All Team Members are entitled to at least 23 vacation days and 12 days of sick and care leave per year, plus the nationally recognized public holidays in their hiring location. New parents are also entitled to at least 12 weeks paid leave, and F\u00f2s Feminista also accommodates Team Members using accrued paid leave to supplement parental leave.<\/span>"},{"title":"Comprehensive medical insurance and other benefits","open":false,"html":"<span style=\"font-weight: 400;\">F\u00f2s Feminista ensures that all Team Members, and their life partner and\/or eligible family members, have access to quality private health insurance, including medical, dental, and vision benefits at no cost or minimal cost for employees and their eligible family members. F\u00f2s Feminista also provides life insurance for all Team Members and covers disability insurance premiums as required by applicable laws.<\/span>"},{"title":"Flexible work environment","open":false,"html":"<span style=\"font-weight: 400;\">Building from mutual trust, F\u00f2s Feminista supports all Team Members to work virtually from their hiring location with the flexibility to create a schedule that accommodates their personal needs and care responsibilities.<\/span>"}],"":null,"anchor_id":""}},{"acf_fc_layout":"layout_statistic","_acfe_flexible_toggle":"","component_statistic":{"number":"54%","text":"of F\u00f2s Feminista team members are based in the Global South","source":"Our team is based in 17 countries worldwide, reflecting our commitments as a feminist, Global South-led organization to anchor our work and operations close to the communities at the center of our mission.","":null,"anchor_id":""}},{"acf_fc_layout":"layout_wysiwyg","_acfe_flexible_toggle":"","component_wysiwyg":{"content":"<h2><b>Nuestro compromiso con la equidad<\/b><\/h2>\r\n<span style=\"font-weight: 400;\">F\u00f2s Feminista es un empleador con igualdad de oportunidades dedicado a promover los derechos y la salud sexual y reproductiva y a desmantelar las desigualdades desde una perspectiva feminista interseccional.\u00a0\u00a0<\/span>\r\n\r\n<span style=\"font-weight: 400;\">F\u00f2s Feminista ofrece igualdad de oportunidades a todos los empleados y solicitantes de empleo sin distinci\u00f3n de edad, raza, color, discapacidad, origen nacional, religi\u00f3n, credo, g\u00e9nero, sexo, orientaci\u00f3n sexual, identidad de g\u00e9nero, estado civil y de pareja, informaci\u00f3n gen\u00e9tica, condici\u00f3n de veterano o cualquier otra categor\u00eda protegida por la ley federal, estatal y local.\u00a0<\/span>\r\n\r\n<span style=\"font-weight: 400;\">En F\u00f2s Feminista, seguimos construyendo una cultura inclusiva que alienta, apoya y celebra las diversas voces y experiencias de nuestros empleados. Acogemos solicitudes de personas de todos los or\u00edgenes, identidades y experiencias vitales, garantizando una consideraci\u00f3n justa para cada candidato.\u00a0<\/span>\r\n<h2><b>Nuestro compromiso con la seguridad<\/b><\/h2>\r\n<span style=\"font-weight: 400;\">F\u00f2s Feminista afirma el derecho de todas las personas con las que trabajamos o nos relacionamos a ser protegidas de toda forma de abuso emocional, f\u00edsico o sexual, explotaci\u00f3n, acoso, negligencia o cualquier otra forma de da\u00f1o.\u00a0<\/span>\r\n\r\n<span style=\"font-weight: 400;\">Los problemas de protecci\u00f3n pueden plantearse a trav\u00e9s de nuestra plataforma de denuncia an\u00f3nima, <\/span><a href=\"https:\/\/fosfeminista.ethicspoint.com\/\"><span style=\"font-weight: 400;\">EthicsPoint<\/span><\/a><span style=\"font-weight: 400;\">.<\/span>","":null,"anchor_id":""}}]},"yoast_head":"<!-- This site is optimized with the Yoast SEO plugin v27.5 - https:\/\/yoast.com\/product\/yoast-seo-wordpress\/ -->\n<title>Careers - F\u00f2s Feminista<\/title>\n<meta name=\"robots\" content=\"index, follow, max-snippet:-1, max-image-preview:large, max-video-preview:-1\" \/>\n<link rel=\"canonical\" href=\"https:\/\/fosfeminista.org\/es\/about\/careers\/\" \/>\n<meta property=\"og:locale\" content=\"es_MX\" \/>\n<meta property=\"og:type\" content=\"article\" \/>\n<meta property=\"og:title\" content=\"Careers - F\u00f2s Feminista\" \/>\n<meta property=\"og:description\" content=\"We\u2019re a global alliance of advocates, health providers, and changemakers. At F\u00f2s Feminista, your work fuels access to care, defends rights, and powers a stronger feminist movement.\" \/>\n<meta property=\"og:url\" content=\"https:\/\/fosfeminista.org\/es\/about\/careers\/\" \/>\n<meta property=\"og:site_name\" content=\"F\u00f2s Feminista\" \/>\n<meta property=\"article:modified_time\" content=\"2025-10-07T15:41:13+00:00\" \/>\n<meta property=\"og:image\" content=\"https:\/\/fosfeminista.org\/wp-content\/uploads\/2025\/09\/Colombia_cDavidEstradaLarraneta-FosFeminista.png\" \/>\n\t<meta property=\"og:image:width\" content=\"720\" \/>\n\t<meta property=\"og:image:height\" content=\"503\" \/>\n\t<meta property=\"og:image:type\" content=\"image\/png\" \/>\n<meta name=\"twitter:card\" content=\"summary_large_image\" \/>\n<script type=\"application\/ld+json\" class=\"yoast-schema-graph\">{\"@context\":\"https:\\\/\\\/schema.org\",\"@graph\":[{\"@type\":\"WebPage\",\"@id\":\"https:\\\/\\\/fosfeminista.org\\\/about\\\/careers\\\/\",\"url\":\"https:\\\/\\\/fosfeminista.org\\\/about\\\/careers\\\/\",\"name\":\"Careers - F\u00f2s Feminista\",\"isPartOf\":{\"@id\":\"https:\\\/\\\/fosfeminista.org\\\/#website\"},\"primaryImageOfPage\":{\"@id\":\"https:\\\/\\\/fosfeminista.org\\\/about\\\/careers\\\/#primaryimage\"},\"image\":{\"@id\":\"https:\\\/\\\/fosfeminista.org\\\/about\\\/careers\\\/#primaryimage\"},\"thumbnailUrl\":\"https:\\\/\\\/fosfeminista.org\\\/wp-content\\\/uploads\\\/2025\\\/09\\\/Colombia_cDavidEstradaLarraneta-FosFeminista.png\",\"datePublished\":\"2025-09-08T17:12:27+00:00\",\"dateModified\":\"2025-10-07T15:41:13+00:00\",\"breadcrumb\":{\"@id\":\"https:\\\/\\\/fosfeminista.org\\\/about\\\/careers\\\/#breadcrumb\"},\"inLanguage\":\"es\",\"potentialAction\":[{\"@type\":\"ReadAction\",\"target\":[\"https:\\\/\\\/fosfeminista.org\\\/about\\\/careers\\\/\"]}]},{\"@type\":\"ImageObject\",\"inLanguage\":\"es\",\"@id\":\"https:\\\/\\\/fosfeminista.org\\\/about\\\/careers\\\/#primaryimage\",\"url\":\"https:\\\/\\\/fosfeminista.org\\\/wp-content\\\/uploads\\\/2025\\\/09\\\/Colombia_cDavidEstradaLarraneta-FosFeminista.png\",\"contentUrl\":\"https:\\\/\\\/fosfeminista.org\\\/wp-content\\\/uploads\\\/2025\\\/09\\\/Colombia_cDavidEstradaLarraneta-FosFeminista.png\",\"width\":720,\"height\":503},{\"@type\":\"BreadcrumbList\",\"@id\":\"https:\\\/\\\/fosfeminista.org\\\/about\\\/careers\\\/#breadcrumb\",\"itemListElement\":[{\"@type\":\"ListItem\",\"position\":1,\"name\":\"Home\",\"item\":\"https:\\\/\\\/fosfeminista.org\\\/\"},{\"@type\":\"ListItem\",\"position\":2,\"name\":\"About\",\"item\":\"https:\\\/\\\/fosfeminista.org\\\/about\\\/\"},{\"@type\":\"ListItem\",\"position\":3,\"name\":\"Careers\"}]},{\"@type\":\"WebSite\",\"@id\":\"https:\\\/\\\/fosfeminista.org\\\/#website\",\"url\":\"https:\\\/\\\/fosfeminista.org\\\/\",\"name\":\"F\u00f2s Feminista\",\"description\":\"\",\"potentialAction\":[{\"@type\":\"SearchAction\",\"target\":{\"@type\":\"EntryPoint\",\"urlTemplate\":\"https:\\\/\\\/fosfeminista.org\\\/?s={search_term_string}\"},\"query-input\":{\"@type\":\"PropertyValueSpecification\",\"valueRequired\":true,\"valueName\":\"search_term_string\"}}],\"inLanguage\":\"es\"}]}<\/script>\n<!-- \/ Yoast SEO plugin. -->","yoast_head_json":{"title":"Careers - F\u00f2s Feminista","robots":{"index":"index","follow":"follow","max-snippet":"max-snippet:-1","max-image-preview":"max-image-preview:large","max-video-preview":"max-video-preview:-1"},"canonical":"https:\/\/fosfeminista.org\/es\/about\/careers\/","og_locale":"es_MX","og_type":"article","og_title":"Careers - F\u00f2s Feminista","og_description":"We\u2019re a global alliance of advocates, health providers, and changemakers. At F\u00f2s Feminista, your work fuels access to care, defends rights, and powers a stronger feminist movement.","og_url":"https:\/\/fosfeminista.org\/es\/about\/careers\/","og_site_name":"F\u00f2s Feminista","article_modified_time":"2025-10-07T15:41:13+00:00","og_image":[{"width":720,"height":503,"url":"https:\/\/fosfeminista.org\/wp-content\/uploads\/2025\/09\/Colombia_cDavidEstradaLarraneta-FosFeminista.png","type":"image\/png"}],"twitter_card":"summary_large_image","schema":{"@context":"https:\/\/schema.org","@graph":[{"@type":"WebPage","@id":"https:\/\/fosfeminista.org\/about\/careers\/","url":"https:\/\/fosfeminista.org\/about\/careers\/","name":"Careers - F\u00f2s Feminista","isPartOf":{"@id":"https:\/\/fosfeminista.org\/#website"},"primaryImageOfPage":{"@id":"https:\/\/fosfeminista.org\/about\/careers\/#primaryimage"},"image":{"@id":"https:\/\/fosfeminista.org\/about\/careers\/#primaryimage"},"thumbnailUrl":"https:\/\/fosfeminista.org\/wp-content\/uploads\/2025\/09\/Colombia_cDavidEstradaLarraneta-FosFeminista.png","datePublished":"2025-09-08T17:12:27+00:00","dateModified":"2025-10-07T15:41:13+00:00","breadcrumb":{"@id":"https:\/\/fosfeminista.org\/about\/careers\/#breadcrumb"},"inLanguage":"es","potentialAction":[{"@type":"ReadAction","target":["https:\/\/fosfeminista.org\/about\/careers\/"]}]},{"@type":"ImageObject","inLanguage":"es","@id":"https:\/\/fosfeminista.org\/about\/careers\/#primaryimage","url":"https:\/\/fosfeminista.org\/wp-content\/uploads\/2025\/09\/Colombia_cDavidEstradaLarraneta-FosFeminista.png","contentUrl":"https:\/\/fosfeminista.org\/wp-content\/uploads\/2025\/09\/Colombia_cDavidEstradaLarraneta-FosFeminista.png","width":720,"height":503},{"@type":"BreadcrumbList","@id":"https:\/\/fosfeminista.org\/about\/careers\/#breadcrumb","itemListElement":[{"@type":"ListItem","position":1,"name":"Home","item":"https:\/\/fosfeminista.org\/"},{"@type":"ListItem","position":2,"name":"About","item":"https:\/\/fosfeminista.org\/about\/"},{"@type":"ListItem","position":3,"name":"Careers"}]},{"@type":"WebSite","@id":"https:\/\/fosfeminista.org\/#website","url":"https:\/\/fosfeminista.org\/","name":"F\u00f2s Feminista","description":"","potentialAction":[{"@type":"SearchAction","target":{"@type":"EntryPoint","urlTemplate":"https:\/\/fosfeminista.org\/?s={search_term_string}"},"query-input":{"@type":"PropertyValueSpecification","valueRequired":true,"valueName":"search_term_string"}}],"inLanguage":"es"}]}},"_links":{"self":[{"href":"https:\/\/fosfeminista.org\/es\/wp-json\/wp\/v2\/pages\/2498","targetHints":{"allow":["GET"]}}],"collection":[{"href":"https:\/\/fosfeminista.org\/es\/wp-json\/wp\/v2\/pages"}],"about":[{"href":"https:\/\/fosfeminista.org\/es\/wp-json\/wp\/v2\/types\/page"}],"author":[{"embeddable":true,"href":"https:\/\/fosfeminista.org\/es\/wp-json\/wp\/v2\/users\/2"}],"replies":[{"embeddable":true,"href":"https:\/\/fosfeminista.org\/es\/wp-json\/wp\/v2\/comments?post=2498"}],"version-history":[{"count":24,"href":"https:\/\/fosfeminista.org\/es\/wp-json\/wp\/v2\/pages\/2498\/revisions"}],"predecessor-version":[{"id":5824,"href":"https:\/\/fosfeminista.org\/es\/wp-json\/wp\/v2\/pages\/2498\/revisions\/5824"}],"up":[{"embeddable":true,"href":"https:\/\/fosfeminista.org\/es\/wp-json\/wp\/v2\/pages\/2487"}],"wp:featuredmedia":[{"embeddable":true,"href":"https:\/\/fosfeminista.org\/es\/wp-json\/wp\/v2\/media\/2782"}],"wp:attachment":[{"href":"https:\/\/fosfeminista.org\/es\/wp-json\/wp\/v2\/media?parent=2498"}],"curies":[{"name":"wp","href":"https:\/\/api.w.org\/{rel}","templated":true}]}}