{"id":2491,"date":"2025-09-08T13:11:46","date_gmt":"2025-09-08T17:11:46","guid":{"rendered":"https:\/\/fosfeminista.org\/?page_id=2491"},"modified":"2025-12-10T10:47:54","modified_gmt":"2025-12-10T15:47:54","slug":"where-we-work","status":"publish","type":"page","link":"https:\/\/fosfeminista.org\/es\/about\/where-we-work\/","title":{"rendered":"D\u00f3nde trabajamos"},"content":{"rendered":"","protected":false},"excerpt":{"rendered":"<p>We work in 35 countries worldwide, focusing on women and girls whose rights are most at risk\u2014from adolescents to rural families to those in humanitarian emergencies.<\/p>","protected":false},"author":2,"featured_media":2741,"parent":2487,"menu_order":0,"comment_status":"closed","ping_status":"closed","template":"","meta":{"_acf_changed":false,"_relevanssi_hide_post":"","_relevanssi_hide_content":"","_relevanssi_pin_for_all":"","_relevanssi_pin_keywords":"","_relevanssi_unpin_keywords":"","_relevanssi_related_keywords":"","_relevanssi_related_include_ids":"","_relevanssi_related_exclude_ids":"","_relevanssi_related_no_append":"","_relevanssi_related_not_related":"","_relevanssi_related_posts":"","_relevanssi_noindex_reason":""},"class_list":["post-2491","page","type-page","status-publish","has-post-thumbnail","hentry"],"acf":{"page_layout":[{"acf_fc_layout":"layout_hero_basic","_acfe_flexible_toggle":null,"component_hero_basic":{"":null,"kicker_text":"","title":"35 pa\u00edses, una alianza feminista","heading_size":"standard","description":"<span style=\"font-weight: 400;\">Trabajamos en <\/span><b>35 pa\u00edses de todo el mundo<\/b><span style=\"font-weight: 400;\">centrado en las mujeres y ni\u00f1as cuyos derechos est\u00e1n m\u00e1s amenazados.<\/span><b>desde los adolescentes a las familias rurales, pasando por las personas en situaci\u00f3n de emergencia humanitaria<\/b><span style=\"font-weight: 400;\">.<\/span>","link":"","button":"","image":2741,"anchor_id":""}},{"acf_fc_layout":"layout_wysiwyg","_acfe_flexible_toggle":null,"component_wysiwyg":{"content":"<h3><b>Juntos, m\u00e1s fuertes, m\u00e1s all\u00e1 de las fronteras<\/b><\/h3>\r\n<span style=\"font-weight: 400;\">A <\/span><b>Alianza mundial de socios feministas<\/b><span style=\"font-weight: 400;\">. Anclado en <\/span><b>Am\u00e9rica Latina y el Caribe<\/b><span style=\"font-weight: 400;\">nos conectamos a trav\u00e9s del <\/span><b>Sur global<\/b><span style=\"font-weight: 400;\"> y tienen presencia en Estados Unidos y Canad\u00e1.<\/span>","":null,"anchor_id":""}},{"acf_fc_layout":"layout_image","_acfe_flexible_toggle":null,"component_image":{"image":5674,"caption":"","":null,"helper_width":"wide","anchor_id":""}},{"acf_fc_layout":"layout_wysiwyg","_acfe_flexible_toggle":null,"component_wysiwyg":{"content":"<h3>Trabajamos con alrededor de <strong>180 socios<\/strong> en los siguientes pa\u00edses:<\/h3>\r\n&nbsp;\r\n<h5><b>Am\u00e9rica Latina y Caribe (99)<\/b><\/h5>\r\n<span style=\"font-weight: 400;\">Argentina (11), <\/span><span style=\"font-weight: 400;\">Belice (1), <\/span><span style=\"font-weight: 400;\">Bolivia (3), <\/span><span style=\"font-weight: 400;\">Brasil (10), <\/span><span style=\"font-weight: 400;\">Chile (5), <\/span><span style=\"font-weight: 400;\">Colombia (15), <\/span><span style=\"font-weight: 400;\">Rep\u00fablica Dominicana (12), <\/span><span style=\"font-weight: 400;\">Ecuador (3), <\/span><span style=\"font-weight: 400;\">El Salvador (2), <\/span><span style=\"font-weight: 400;\">Guatemala (2), <\/span><span style=\"font-weight: 400;\">Guyana (1), <\/span><span style=\"font-weight: 400;\">Hait\u00ed (6), <\/span><span style=\"font-weight: 400;\">Honduras (4), <\/span><span style=\"font-weight: 400;\">M\u00e9xico (17), <\/span><span style=\"font-weight: 400;\">Panam\u00e1 (1), <\/span><span style=\"font-weight: 400;\">Paraguay (1), <\/span><span style=\"font-weight: 400;\">Per\u00fa (2), <\/span><span style=\"font-weight: 400;\">Puerto Rico (1), <\/span><span style=\"font-weight: 400;\">Uruguay (2)<\/span>\r\n<h4><\/h4>\r\n<h5><b>\u00c1frica (39)<\/b><\/h5>\r\n<span style=\"font-weight: 400;\">Burkina Faso (1), Camer\u00fan (11), <\/span><span style=\"font-weight: 400;\">Costa de Marfil (2), <\/span><span style=\"font-weight: 400;\">Kenia (3), <\/span><span style=\"font-weight: 400;\">Malaui (1), <\/span><span style=\"font-weight: 400;\">Nigeria (18), <\/span><span style=\"font-weight: 400;\">Sud\u00e1frica (1), <\/span><span style=\"font-weight: 400;\">Uganda (2)<\/span>\r\n<h4><\/h4>\r\n<h5><b>SWANA: 1<\/b><\/h5>\r\n<span style=\"font-weight: 400;\">Turqu\u00eda (1)<\/span>\r\n<h4><\/h4>\r\n<h5><b>Asia Meridional (15)<\/b><\/h5>\r\n<span style=\"font-weight: 400;\">India (4), <\/span><span style=\"font-weight: 400;\">Pakist\u00e1n (11)<\/span>\r\n<h4><\/h4>\r\n<h5><b>Europa (2)<\/b><\/h5>\r\n<span style=\"font-weight: 400;\">Polonia (2)<\/span>\r\n<h4><\/h4>\r\n<h5><b>Sudeste Asi\u00e1tico y Pac\u00edfico (12)<\/b><\/h5>\r\n<span style=\"font-weight: 400;\">Fiyi (1), <\/span><span style=\"font-weight: 400;\">Filipinas (11)<\/span>\r\n<h4><\/h4>\r\n<h5><b>Internacional: 6<\/b><\/h5>","":null,"anchor_id":""}},{"acf_fc_layout":"layout_statistics","_acfe_flexible_toggle":null,"component_statistics":{"title":"Perfil de la Alianza F\u00f2s Feminista","abstract":"<span style=\"font-weight: 400;\">Together, feminist partners worldwide <\/span><b>amplify impact for health, rights, and justice<\/b><span style=\"font-weight: 400;\">.\u00a0<\/span>\r\n\r\n<br style=\"font-weight: 400;\" \/><br style=\"font-weight: 400;\" \/>","statistics":[{"number":"180 ","text_after":"partners strong","source":"F\u00f2s Feminista and its partners form a global feminist alliance advancing sexual and reproductive health, rights, and justice worldwide."},{"number":"35","text_after":"countries","source":"35 countries across the Global South and North America, from Latin America and the Caribbean to Africa and Asia"},{"number":"2 in 3 ","text_after":"partners are located in Latin America and the Caribbean","source":"This reflects our seven decades of providing health care, driving policy change, and building movements with local organizations in the region."}],"":null,"anchor_id":""}},{"acf_fc_layout":"layout_accordion_feature","_acfe_flexible_toggle":null,"component_accordion_feature":{"":null,"kicker":"","title":"El poder de una alianza feminista","intro":"<span style=\"font-weight: 400;\">Together, feminist partners worldwide <\/span><b>amplify impact for health, rights, and justice<\/b><span style=\"font-weight: 400;\">. <\/span>","image":5236,"items":[{"title":"Many Partners, One Goal","open":false,"html":"<span style=\"font-weight: 400;\">From <\/span><b>local organizers to service providers<\/b><span style=\"font-weight: 400;\">, we connect our partners' efforts so together they can shift entire systems.<\/span>"},{"title":"Strength in Sharing","open":false,"html":"<span style=\"font-weight: 400;\">Knowledge flows across continents and movements, fueling <\/span><b>creative solutions and collective wins<\/b><span style=\"font-weight: 400;\">. <\/span>"},{"title":"Voices That Cannot Be Ignored ","open":false,"html":"<span style=\"font-weight: 400;\">We <\/span><b>carry the priorities of women and girls<\/b><span style=\"font-weight: 400;\"> from the margins to the center of policymaking. <\/span>"}],"anchor_id":""}}]},"yoast_head":"<!-- This site is optimized with the Yoast SEO plugin v27.5 - https:\/\/yoast.com\/product\/yoast-seo-wordpress\/ -->\n<title>Where We Work - F\u00f2s Feminista<\/title>\n<meta name=\"robots\" content=\"index, follow, max-snippet:-1, max-image-preview:large, max-video-preview:-1\" \/>\n<link rel=\"canonical\" href=\"https:\/\/fosfeminista.org\/es\/about\/where-we-work\/\" \/>\n<meta property=\"og:locale\" content=\"es_MX\" \/>\n<meta property=\"og:type\" content=\"article\" \/>\n<meta property=\"og:title\" content=\"Where We Work - F\u00f2s Feminista\" \/>\n<meta property=\"og:description\" content=\"We work in 35 countries worldwide, focusing on women and girls whose rights are most at risk\u2014from adolescents to rural families to those in humanitarian emergencies.\" \/>\n<meta property=\"og:url\" content=\"https:\/\/fosfeminista.org\/es\/about\/where-we-work\/\" \/>\n<meta property=\"og:site_name\" content=\"F\u00f2s Feminista\" \/>\n<meta property=\"article:modified_time\" content=\"2025-12-10T15:47:54+00:00\" \/>\n<meta property=\"og:image\" content=\"https:\/\/fosfeminista.org\/wp-content\/uploads\/2025\/09\/Pakistan_cEsperancaDias-FosFeminista.png\" \/>\n\t<meta property=\"og:image:width\" content=\"720\" \/>\n\t<meta property=\"og:image:height\" content=\"503\" \/>\n\t<meta property=\"og:image:type\" content=\"image\/png\" \/>\n<meta name=\"twitter:card\" content=\"summary_large_image\" \/>\n<script type=\"application\/ld+json\" class=\"yoast-schema-graph\">{\"@context\":\"https:\\\/\\\/schema.org\",\"@graph\":[{\"@type\":\"WebPage\",\"@id\":\"https:\\\/\\\/fosfeminista.org\\\/es\\\/about\\\/where-we-work\\\/\",\"url\":\"https:\\\/\\\/fosfeminista.org\\\/es\\\/about\\\/where-we-work\\\/\",\"name\":\"Where We Work - F\u00f2s Feminista\",\"isPartOf\":{\"@id\":\"https:\\\/\\\/fosfeminista.org\\\/#website\"},\"primaryImageOfPage\":{\"@id\":\"https:\\\/\\\/fosfeminista.org\\\/es\\\/about\\\/where-we-work\\\/#primaryimage\"},\"image\":{\"@id\":\"https:\\\/\\\/fosfeminista.org\\\/es\\\/about\\\/where-we-work\\\/#primaryimage\"},\"thumbnailUrl\":\"https:\\\/\\\/fosfeminista.org\\\/wp-content\\\/uploads\\\/2025\\\/09\\\/Pakistan_cEsperancaDias-FosFeminista.png\",\"datePublished\":\"2025-09-08T17:11:46+00:00\",\"dateModified\":\"2025-12-10T15:47:54+00:00\",\"breadcrumb\":{\"@id\":\"https:\\\/\\\/fosfeminista.org\\\/es\\\/about\\\/where-we-work\\\/#breadcrumb\"},\"inLanguage\":\"es\",\"potentialAction\":[{\"@type\":\"ReadAction\",\"target\":[\"https:\\\/\\\/fosfeminista.org\\\/es\\\/about\\\/where-we-work\\\/\"]}]},{\"@type\":\"ImageObject\",\"inLanguage\":\"es\",\"@id\":\"https:\\\/\\\/fosfeminista.org\\\/es\\\/about\\\/where-we-work\\\/#primaryimage\",\"url\":\"https:\\\/\\\/fosfeminista.org\\\/wp-content\\\/uploads\\\/2025\\\/09\\\/Pakistan_cEsperancaDias-FosFeminista.png\",\"contentUrl\":\"https:\\\/\\\/fosfeminista.org\\\/wp-content\\\/uploads\\\/2025\\\/09\\\/Pakistan_cEsperancaDias-FosFeminista.png\",\"width\":720,\"height\":503,\"caption\":\"Photo: Esperan\u00e7a Dias, F\u00f2s Feminista\"},{\"@type\":\"BreadcrumbList\",\"@id\":\"https:\\\/\\\/fosfeminista.org\\\/es\\\/about\\\/where-we-work\\\/#breadcrumb\",\"itemListElement\":[{\"@type\":\"ListItem\",\"position\":1,\"name\":\"Home\",\"item\":\"https:\\\/\\\/fosfeminista.org\\\/\"},{\"@type\":\"ListItem\",\"position\":2,\"name\":\"About\",\"item\":\"https:\\\/\\\/fosfeminista.org\\\/about\\\/\"},{\"@type\":\"ListItem\",\"position\":3,\"name\":\"Where We Work\"}]},{\"@type\":\"WebSite\",\"@id\":\"https:\\\/\\\/fosfeminista.org\\\/#website\",\"url\":\"https:\\\/\\\/fosfeminista.org\\\/\",\"name\":\"F\u00f2s Feminista\",\"description\":\"\",\"potentialAction\":[{\"@type\":\"SearchAction\",\"target\":{\"@type\":\"EntryPoint\",\"urlTemplate\":\"https:\\\/\\\/fosfeminista.org\\\/?s={search_term_string}\"},\"query-input\":{\"@type\":\"PropertyValueSpecification\",\"valueRequired\":true,\"valueName\":\"search_term_string\"}}],\"inLanguage\":\"es\"}]}<\/script>\n<!-- \/ Yoast SEO plugin. -->","yoast_head_json":{"title":"Where We Work - F\u00f2s Feminista","robots":{"index":"index","follow":"follow","max-snippet":"max-snippet:-1","max-image-preview":"max-image-preview:large","max-video-preview":"max-video-preview:-1"},"canonical":"https:\/\/fosfeminista.org\/es\/about\/where-we-work\/","og_locale":"es_MX","og_type":"article","og_title":"Where We Work - F\u00f2s Feminista","og_description":"We work in 35 countries worldwide, focusing on women and girls whose rights are most at risk\u2014from adolescents to rural families to those in humanitarian emergencies.","og_url":"https:\/\/fosfeminista.org\/es\/about\/where-we-work\/","og_site_name":"F\u00f2s Feminista","article_modified_time":"2025-12-10T15:47:54+00:00","og_image":[{"width":720,"height":503,"url":"https:\/\/fosfeminista.org\/wp-content\/uploads\/2025\/09\/Pakistan_cEsperancaDias-FosFeminista.png","type":"image\/png"}],"twitter_card":"summary_large_image","schema":{"@context":"https:\/\/schema.org","@graph":[{"@type":"WebPage","@id":"https:\/\/fosfeminista.org\/es\/about\/where-we-work\/","url":"https:\/\/fosfeminista.org\/es\/about\/where-we-work\/","name":"Where We Work - F\u00f2s Feminista","isPartOf":{"@id":"https:\/\/fosfeminista.org\/#website"},"primaryImageOfPage":{"@id":"https:\/\/fosfeminista.org\/es\/about\/where-we-work\/#primaryimage"},"image":{"@id":"https:\/\/fosfeminista.org\/es\/about\/where-we-work\/#primaryimage"},"thumbnailUrl":"https:\/\/fosfeminista.org\/wp-content\/uploads\/2025\/09\/Pakistan_cEsperancaDias-FosFeminista.png","datePublished":"2025-09-08T17:11:46+00:00","dateModified":"2025-12-10T15:47:54+00:00","breadcrumb":{"@id":"https:\/\/fosfeminista.org\/es\/about\/where-we-work\/#breadcrumb"},"inLanguage":"es","potentialAction":[{"@type":"ReadAction","target":["https:\/\/fosfeminista.org\/es\/about\/where-we-work\/"]}]},{"@type":"ImageObject","inLanguage":"es","@id":"https:\/\/fosfeminista.org\/es\/about\/where-we-work\/#primaryimage","url":"https:\/\/fosfeminista.org\/wp-content\/uploads\/2025\/09\/Pakistan_cEsperancaDias-FosFeminista.png","contentUrl":"https:\/\/fosfeminista.org\/wp-content\/uploads\/2025\/09\/Pakistan_cEsperancaDias-FosFeminista.png","width":720,"height":503,"caption":"Photo: Esperan\u00e7a Dias, F\u00f2s Feminista"},{"@type":"BreadcrumbList","@id":"https:\/\/fosfeminista.org\/es\/about\/where-we-work\/#breadcrumb","itemListElement":[{"@type":"ListItem","position":1,"name":"Home","item":"https:\/\/fosfeminista.org\/"},{"@type":"ListItem","position":2,"name":"About","item":"https:\/\/fosfeminista.org\/about\/"},{"@type":"ListItem","position":3,"name":"Where We Work"}]},{"@type":"WebSite","@id":"https:\/\/fosfeminista.org\/#website","url":"https:\/\/fosfeminista.org\/","name":"F\u00f2s Feminista","description":"","potentialAction":[{"@type":"SearchAction","target":{"@type":"EntryPoint","urlTemplate":"https:\/\/fosfeminista.org\/?s={search_term_string}"},"query-input":{"@type":"PropertyValueSpecification","valueRequired":true,"valueName":"search_term_string"}}],"inLanguage":"es"}]}},"_links":{"self":[{"href":"https:\/\/fosfeminista.org\/es\/wp-json\/wp\/v2\/pages\/2491","targetHints":{"allow":["GET"]}}],"collection":[{"href":"https:\/\/fosfeminista.org\/es\/wp-json\/wp\/v2\/pages"}],"about":[{"href":"https:\/\/fosfeminista.org\/es\/wp-json\/wp\/v2\/types\/page"}],"author":[{"embeddable":true,"href":"https:\/\/fosfeminista.org\/es\/wp-json\/wp\/v2\/users\/2"}],"replies":[{"embeddable":true,"href":"https:\/\/fosfeminista.org\/es\/wp-json\/wp\/v2\/comments?post=2491"}],"version-history":[{"count":27,"href":"https:\/\/fosfeminista.org\/es\/wp-json\/wp\/v2\/pages\/2491\/revisions"}],"predecessor-version":[{"id":6150,"href":"https:\/\/fosfeminista.org\/es\/wp-json\/wp\/v2\/pages\/2491\/revisions\/6150"}],"up":[{"embeddable":true,"href":"https:\/\/fosfeminista.org\/es\/wp-json\/wp\/v2\/pages\/2487"}],"wp:featuredmedia":[{"embeddable":true,"href":"https:\/\/fosfeminista.org\/es\/wp-json\/wp\/v2\/media\/2741"}],"wp:attachment":[{"href":"https:\/\/fosfeminista.org\/es\/wp-json\/wp\/v2\/media?parent=2491"}],"curies":[{"name":"wp","href":"https:\/\/api.w.org\/{rel}","templated":true}]}}