{"id":2487,"date":"2025-09-08T13:11:26","date_gmt":"2025-09-08T17:11:26","guid":{"rendered":"https:\/\/fosfeminista.org\/?page_id=2487"},"modified":"2025-10-03T16:32:22","modified_gmt":"2025-10-03T20:32:22","slug":"about","status":"publish","type":"page","link":"https:\/\/fosfeminista.org\/es\/about\/","title":{"rendered":"Acerca de"},"content":{"rendered":"","protected":false},"excerpt":{"rendered":"<p>F\u00f2s Feminista unites a global feminist alliance for reproductive justice. With 180 partners across 35 countries, we work side by side to defend access to abortion care, contraception, and other vital health services. We confront stigma and regressive policies head-on, mobilizing collective power to protect rights and save lives. Together, our alliance proves that solidarity [&hellip;]<\/p>\n","protected":false},"author":2,"featured_media":2943,"parent":0,"menu_order":0,"comment_status":"closed","ping_status":"closed","template":"","meta":{"_acf_changed":false,"_relevanssi_hide_post":"","_relevanssi_hide_content":"","_relevanssi_pin_for_all":"","_relevanssi_pin_keywords":"","_relevanssi_unpin_keywords":"","_relevanssi_related_keywords":"","_relevanssi_related_include_ids":"","_relevanssi_related_exclude_ids":"","_relevanssi_related_no_append":"","_relevanssi_related_not_related":"","_relevanssi_related_posts":"","_relevanssi_noindex_reason":""},"class_list":["post-2487","page","type-page","status-publish","has-post-thumbnail","hentry"],"acf":{"page_layout":[{"acf_fc_layout":"layout_hero_basic","_acfe_flexible_toggle":"","component_hero_basic":{"":null,"kicker_text":"","title":"Acerca de","heading_size":"standard","description":"F\u00f2s Feminista unites a global feminist alliance for reproductive justice. With 180 partners across 35 countries, we work side by side to defend access to abortion care, contraception, and other vital health services.\r\n\r\nWe confront stigma and regressive policies head-on, mobilizing collective power to protect rights and save lives. Together, our alliance proves that solidarity can overcome any barrier.\r\n\r\nEvery action we take is rooted in the belief that reproductive justice is a human right. And every win shows what\u2019s possible when people come together to demand change. <strong>Su apoyo alimenta este movimiento.<\/strong> Contigo, podemos garantizar que todas las personas tengan el poder de controlar su cuerpo, su salud y su futuro.","link":"","button":"","image":2943,"anchor_id":""}},{"acf_fc_layout":"layout_wysiwyg","_acfe_flexible_toggle":"","component_wysiwyg":{"content":"<h2><b>Our Mission<\/b><\/h2>\r\n<blockquote><span style=\"font-weight: 400;\">F\u00f2s Feminista fights for universal access to reproductive health care, including abortion, and for comprehensive sex education. With feminist partners worldwide, we work so the most marginalized women, girls, and gender-diverse people can claim their rights and achieve justice.<\/span><\/blockquote>\r\n[tm_button url=\"https:\/\/fosfeminista.org\/about\/where-we-work\/\" label=\"WHERE WE WORK\" target=\"false\"]","":null,"anchor_id":""}},{"acf_fc_layout":"layout_statistics","_acfe_flexible_toggle":"","component_statistics":{"title":"Una alianza feminista basada en la solidaridad","abstract":"<span style=\"font-weight: 400;\">F\u00f2s Feminista connects around 180 partners in 35 countries, united in a shared struggle for reproductive justice. Participation in the Alliance brings more than solidarity \u2014 it strengthens care, expands services, and fuels advocacy.<\/span>\r\n\r\n<b>In our 2024 Keystone Accountability Survey, partners told us:<\/b>","statistics":[{"number":"3 in 5","text_after":"partners credit the Alliance with strengthening their frontline work","source":""},{"number":"3 in 4","text_after":"praised F\u00f2s Feminista\u2019s flexible, reliable funding","source":""},{"number":"2 in 3","text_after":"rated their experience with F\u00f2s Feminista higher than with other international NGOs","source":""}],"":null,"anchor_id":""}},{"acf_fc_layout":"layout_pull_quote","_acfe_flexible_toggle":"","component_pull_quote":{"":null,"background_color":"cream","headline":"More Than a Partner","quote":"F\u00f2s Feminista\u2019s role is extremely important for our organization because it has allowed us to advance our objectives, including reproductive justice and comprehensive sexuality education, particularly for Indigenous and Afro-Mexican girls and women. We believe that F\u00f2s Feminista\u2019s support has been essential and that without it, it would have been much more difficult to make progress.","meta":{"name":"Indira Rodriguez Rios, Co-Director","work":"Mano Vuelta, Mexico"},"additional_promotion":{"heading":"","link":""},"image":5224,"anchor_id":""}},{"acf_fc_layout":"layout_wysiwyg","_acfe_flexible_toggle":"","component_wysiwyg":{"content":"<h2>Nuestra historia<\/h2>\r\nF\u00f2s Feminista se lanz\u00f3 en 2021 bajo el liderazgo de lo que entonces era la Federaci\u00f3n Internacional de Planificaci\u00f3n de la Familia Regi\u00f3n del Hemisferio Occidental (IPPFWHR). Con la visi\u00f3n de fortalecer nuestro impacto colectivo a favor de la justicia reproductiva en todo el mundo, unimos fuerzas con dos organizaciones feministas alineadas con nuestra misi\u00f3n: la Coalici\u00f3n Internacional por la Salud de las Mujeres (IWHC) y el Centro para la Salud y la Equidad de G\u00e9nero (CHANGE). Con siete d\u00e9cadas de trabajo de la IPPFWHR en Am\u00e9rica Latina y el Caribe como base, la Alianza preserva y ampl\u00eda el legado de las tres organizaciones.","":null,"anchor_id":"ourstory"}},{"acf_fc_layout":"layout_pull_quote","_acfe_flexible_toggle":"","component_pull_quote":{"":null,"background_color":"purple","headline":"Our Name","quote":"Our name combines the Haitian Creole word f\u00f2s (strength) with the Portuguese and Spanish word feminista (feminist). Together, they express the strength we build so every woman and girl can access the reproductive health care she needs to shape her future.","meta":{"name":"","work":"Photo: F\u00f2s Feminista, Haiti, 2018"},"additional_promotion":{"heading":"","link":""},"image":5226,"anchor_id":""}},{"acf_fc_layout":"layout_wysiwyg","_acfe_flexible_toggle":"","component_wysiwyg":{"content":"<h2><b>Our Commitment to Gender Justice<\/b><\/h2>\r\n<span data-contrast=\"auto\">At F\u00f2s Feminista, gender justice and reproductive justice drive our fight for human rights and universal access to sexual and reproductive health care, including contraception, abortion care, and maternal health.<\/span><span data-ccp-props=\"{&quot;335559739&quot;:0,&quot;469777462&quot;:[1060],&quot;469777927&quot;:[0],&quot;469777928&quot;:[1]}\">\u00a0<\/span>\r\n\r\n<span data-contrast=\"auto\">Gender justice means taking on the systems that hold people back\u2014laws, poverty, stigma, violence, and policy neglect\u2014so that women, girls, and gender-diverse people can shape their own futures with dignity and equality.<\/span><span data-ccp-props=\"{&quot;335559739&quot;:0,&quot;469777462&quot;:[1060],&quot;469777927&quot;:[0],&quot;469777928&quot;:[1]}\">\u00a0<\/span>\r\n\r\n<span data-contrast=\"auto\">Gender is shaped by culture and power, and it is also affirmed through self-determination when people define themselves as women, men, non-binary, transgender, or genderqueer.<\/span>","":null,"anchor_id":""}},{"acf_fc_layout":"layout_column_feature","_acfe_flexible_toggle":"","component_column_feature":{"title":"Qui\u00e9nes somos","abstract":"Get to know our reach, our leadership, and how we stay accountable in driving global reproductive justice.","columns":[{"image":2741,"brow":"Where We Work","title":"Global Impact","abstract":"Alongside partners in 35+ countries, we expand access to care and advance rights with local communities.","button":{"title":"Where We Work","url":"https:\/\/fosfeminista.org\/about\/where-we-work\/","target":""}},{"image":5103,"brow":"Our Leadership","title":"Meet Our Leaders","abstract":"Our leadership team brings bold vision and experience to guide our Alliance through change and impact.","button":{"title":"Leadership","url":"https:\/\/fosfeminista.org\/about\/leadership\/","target":""}},{"image":2957,"brow":"Accountability","title":"Our Finances","abstract":"We are committed to transparency, showing how every dollar fuels reproductive justice worldwide.","button":{"title":"Financials","url":"https:\/\/fosfeminista.org\/about\/financials\/","target":""}}],"":null,"anchor_id":""}}]},"yoast_head":"<!-- This site is optimized with the Yoast SEO plugin v27.5 - https:\/\/yoast.com\/product\/yoast-seo-wordpress\/ -->\n<title>About - F\u00f2s Feminista<\/title>\n<meta name=\"robots\" content=\"index, follow, max-snippet:-1, max-image-preview:large, max-video-preview:-1\" \/>\n<link rel=\"canonical\" href=\"https:\/\/fosfeminista.org\/es\/about\/\" \/>\n<meta property=\"og:locale\" content=\"es_MX\" \/>\n<meta property=\"og:type\" content=\"article\" \/>\n<meta property=\"og:title\" content=\"About - F\u00f2s Feminista\" \/>\n<meta property=\"og:description\" content=\"F\u00f2s Feminista unites a global feminist alliance for reproductive justice. With 180 partners across 35 countries, we work side by side to defend access to abortion care, contraception, and other vital health services. We confront stigma and regressive policies head-on, mobilizing collective power to protect rights and save lives. Together, our alliance proves that solidarity [&hellip;]\" \/>\n<meta property=\"og:url\" content=\"https:\/\/fosfeminista.org\/es\/about\/\" \/>\n<meta property=\"og:site_name\" content=\"F\u00f2s Feminista\" \/>\n<meta property=\"article:modified_time\" content=\"2025-10-03T20:32:22+00:00\" \/>\n<meta property=\"og:image\" content=\"https:\/\/fosfeminista.org\/wp-content\/uploads\/2025\/09\/4-Nigeria_cEsperancaDias-FosFeminista.png\" \/>\n\t<meta property=\"og:image:width\" content=\"1200\" \/>\n\t<meta property=\"og:image:height\" content=\"1200\" \/>\n\t<meta property=\"og:image:type\" content=\"image\/png\" \/>\n<meta name=\"twitter:card\" content=\"summary_large_image\" \/>\n<script type=\"application\/ld+json\" class=\"yoast-schema-graph\">{\"@context\":\"https:\\\/\\\/schema.org\",\"@graph\":[{\"@type\":\"WebPage\",\"@id\":\"https:\\\/\\\/fosfeminista.org\\\/about\\\/\",\"url\":\"https:\\\/\\\/fosfeminista.org\\\/about\\\/\",\"name\":\"About - F\u00f2s Feminista\",\"isPartOf\":{\"@id\":\"https:\\\/\\\/fosfeminista.org\\\/#website\"},\"primaryImageOfPage\":{\"@id\":\"https:\\\/\\\/fosfeminista.org\\\/about\\\/#primaryimage\"},\"image\":{\"@id\":\"https:\\\/\\\/fosfeminista.org\\\/about\\\/#primaryimage\"},\"thumbnailUrl\":\"https:\\\/\\\/fosfeminista.org\\\/wp-content\\\/uploads\\\/2025\\\/09\\\/4-Nigeria_cEsperancaDias-FosFeminista.png\",\"datePublished\":\"2025-09-08T17:11:26+00:00\",\"dateModified\":\"2025-10-03T20:32:22+00:00\",\"breadcrumb\":{\"@id\":\"https:\\\/\\\/fosfeminista.org\\\/about\\\/#breadcrumb\"},\"inLanguage\":\"es\",\"potentialAction\":[{\"@type\":\"ReadAction\",\"target\":[\"https:\\\/\\\/fosfeminista.org\\\/about\\\/\"]}]},{\"@type\":\"ImageObject\",\"inLanguage\":\"es\",\"@id\":\"https:\\\/\\\/fosfeminista.org\\\/about\\\/#primaryimage\",\"url\":\"https:\\\/\\\/fosfeminista.org\\\/wp-content\\\/uploads\\\/2025\\\/09\\\/4-Nigeria_cEsperancaDias-FosFeminista.png\",\"contentUrl\":\"https:\\\/\\\/fosfeminista.org\\\/wp-content\\\/uploads\\\/2025\\\/09\\\/4-Nigeria_cEsperancaDias-FosFeminista.png\",\"width\":1200,\"height\":1200},{\"@type\":\"BreadcrumbList\",\"@id\":\"https:\\\/\\\/fosfeminista.org\\\/about\\\/#breadcrumb\",\"itemListElement\":[{\"@type\":\"ListItem\",\"position\":1,\"name\":\"Home\",\"item\":\"https:\\\/\\\/fosfeminista.org\\\/\"},{\"@type\":\"ListItem\",\"position\":2,\"name\":\"About\"}]},{\"@type\":\"WebSite\",\"@id\":\"https:\\\/\\\/fosfeminista.org\\\/#website\",\"url\":\"https:\\\/\\\/fosfeminista.org\\\/\",\"name\":\"F\u00f2s Feminista\",\"description\":\"\",\"potentialAction\":[{\"@type\":\"SearchAction\",\"target\":{\"@type\":\"EntryPoint\",\"urlTemplate\":\"https:\\\/\\\/fosfeminista.org\\\/?s={search_term_string}\"},\"query-input\":{\"@type\":\"PropertyValueSpecification\",\"valueRequired\":true,\"valueName\":\"search_term_string\"}}],\"inLanguage\":\"es\"}]}<\/script>\n<!-- \/ Yoast SEO plugin. -->","yoast_head_json":{"title":"About - F\u00f2s Feminista","robots":{"index":"index","follow":"follow","max-snippet":"max-snippet:-1","max-image-preview":"max-image-preview:large","max-video-preview":"max-video-preview:-1"},"canonical":"https:\/\/fosfeminista.org\/es\/about\/","og_locale":"es_MX","og_type":"article","og_title":"About - F\u00f2s Feminista","og_description":"F\u00f2s Feminista unites a global feminist alliance for reproductive justice. With 180 partners across 35 countries, we work side by side to defend access to abortion care, contraception, and other vital health services. We confront stigma and regressive policies head-on, mobilizing collective power to protect rights and save lives. Together, our alliance proves that solidarity [&hellip;]","og_url":"https:\/\/fosfeminista.org\/es\/about\/","og_site_name":"F\u00f2s Feminista","article_modified_time":"2025-10-03T20:32:22+00:00","og_image":[{"width":1200,"height":1200,"url":"https:\/\/fosfeminista.org\/wp-content\/uploads\/2025\/09\/4-Nigeria_cEsperancaDias-FosFeminista.png","type":"image\/png"}],"twitter_card":"summary_large_image","schema":{"@context":"https:\/\/schema.org","@graph":[{"@type":"WebPage","@id":"https:\/\/fosfeminista.org\/about\/","url":"https:\/\/fosfeminista.org\/about\/","name":"About - F\u00f2s Feminista","isPartOf":{"@id":"https:\/\/fosfeminista.org\/#website"},"primaryImageOfPage":{"@id":"https:\/\/fosfeminista.org\/about\/#primaryimage"},"image":{"@id":"https:\/\/fosfeminista.org\/about\/#primaryimage"},"thumbnailUrl":"https:\/\/fosfeminista.org\/wp-content\/uploads\/2025\/09\/4-Nigeria_cEsperancaDias-FosFeminista.png","datePublished":"2025-09-08T17:11:26+00:00","dateModified":"2025-10-03T20:32:22+00:00","breadcrumb":{"@id":"https:\/\/fosfeminista.org\/about\/#breadcrumb"},"inLanguage":"es","potentialAction":[{"@type":"ReadAction","target":["https:\/\/fosfeminista.org\/about\/"]}]},{"@type":"ImageObject","inLanguage":"es","@id":"https:\/\/fosfeminista.org\/about\/#primaryimage","url":"https:\/\/fosfeminista.org\/wp-content\/uploads\/2025\/09\/4-Nigeria_cEsperancaDias-FosFeminista.png","contentUrl":"https:\/\/fosfeminista.org\/wp-content\/uploads\/2025\/09\/4-Nigeria_cEsperancaDias-FosFeminista.png","width":1200,"height":1200},{"@type":"BreadcrumbList","@id":"https:\/\/fosfeminista.org\/about\/#breadcrumb","itemListElement":[{"@type":"ListItem","position":1,"name":"Home","item":"https:\/\/fosfeminista.org\/"},{"@type":"ListItem","position":2,"name":"About"}]},{"@type":"WebSite","@id":"https:\/\/fosfeminista.org\/#website","url":"https:\/\/fosfeminista.org\/","name":"F\u00f2s Feminista","description":"","potentialAction":[{"@type":"SearchAction","target":{"@type":"EntryPoint","urlTemplate":"https:\/\/fosfeminista.org\/?s={search_term_string}"},"query-input":{"@type":"PropertyValueSpecification","valueRequired":true,"valueName":"search_term_string"}}],"inLanguage":"es"}]}},"_links":{"self":[{"href":"https:\/\/fosfeminista.org\/es\/wp-json\/wp\/v2\/pages\/2487","targetHints":{"allow":["GET"]}}],"collection":[{"href":"https:\/\/fosfeminista.org\/es\/wp-json\/wp\/v2\/pages"}],"about":[{"href":"https:\/\/fosfeminista.org\/es\/wp-json\/wp\/v2\/types\/page"}],"author":[{"embeddable":true,"href":"https:\/\/fosfeminista.org\/es\/wp-json\/wp\/v2\/users\/2"}],"replies":[{"embeddable":true,"href":"https:\/\/fosfeminista.org\/es\/wp-json\/wp\/v2\/comments?post=2487"}],"version-history":[{"count":29,"href":"https:\/\/fosfeminista.org\/es\/wp-json\/wp\/v2\/pages\/2487\/revisions"}],"predecessor-version":[{"id":5815,"href":"https:\/\/fosfeminista.org\/es\/wp-json\/wp\/v2\/pages\/2487\/revisions\/5815"}],"wp:featuredmedia":[{"embeddable":true,"href":"https:\/\/fosfeminista.org\/es\/wp-json\/wp\/v2\/media\/2943"}],"wp:attachment":[{"href":"https:\/\/fosfeminista.org\/es\/wp-json\/wp\/v2\/media?parent=2487"}],"curies":[{"name":"wp","href":"https:\/\/api.w.org\/{rel}","templated":true}]}}