{"id":2480,"date":"2025-09-08T13:10:17","date_gmt":"2025-09-08T17:10:17","guid":{"rendered":"https:\/\/fosfeminista.org\/?page_id=2480"},"modified":"2025-09-29T21:39:11","modified_gmt":"2025-09-30T01:39:11","slug":"invest-in-local-partners","status":"publish","type":"page","link":"https:\/\/fosfeminista.org\/es\/what-we-do\/invest-in-local-partners\/","title":{"rendered":"Invertir en socios locales"},"content":{"rendered":"","protected":false},"excerpt":{"rendered":"<p>Alimentamos el campo de la justicia reproductiva a largo plazo fomentando la sostenibilidad financiera, la resistencia y la autonom\u00eda de las organizaciones locales para que puedan impulsar un cambio duradero en sus comunidades.<\/p>","protected":false},"author":2,"featured_media":5703,"parent":2451,"menu_order":0,"comment_status":"closed","ping_status":"closed","template":"","meta":{"_acf_changed":false,"_relevanssi_hide_post":"","_relevanssi_hide_content":"","_relevanssi_pin_for_all":"","_relevanssi_pin_keywords":"","_relevanssi_unpin_keywords":"","_relevanssi_related_keywords":"","_relevanssi_related_include_ids":"","_relevanssi_related_exclude_ids":"","_relevanssi_related_no_append":"","_relevanssi_related_not_related":"","_relevanssi_related_posts":"","_relevanssi_noindex_reason":""},"class_list":["post-2480","page","type-page","status-publish","has-post-thumbnail","hentry"],"acf":{"page_layout":[{"acf_fc_layout":"layout_hero_basic","_acfe_flexible_toggle":"","component_hero_basic":{"":null,"kicker_text":"","title":"Invertir en socios locales","heading_size":"standard","description":"<span style=\"font-weight: 400;\">Alimentamos el campo de la justicia reproductiva a largo plazo fomentando la sostenibilidad financiera, la resistencia y la autonom\u00eda de las organizaciones locales para que puedan impulsar un cambio duradero en sus comunidades.<\/span>","link":"","button":"","image":5703,"anchor_id":""}},{"acf_fc_layout":"layout_wysiwyg","_acfe_flexible_toggle":"","component_wysiwyg":{"content":"<h5><strong>Una sociedad civil feminista fuerte es esencial para la democracia y para proteger la salud y los derechos sexuales y reproductivos. Pero, con demasiada frecuencia, estas organizaciones carecen de fondos y recursos suficientes y est\u00e1n amenazadas.<\/strong><\/h5>\r\n<span style=\"font-weight: 400;\">F\u00f2s Feminista lleva d\u00e9cadas financiando y apoyando a socios de la sociedad civil de todo el mundo. Contribuimos a crear organizaciones y movimientos feministas m\u00e1s resistentes y creativos:<\/span>\r\n<ul>\r\n \t<li style=\"font-weight: 400;\" aria-level=\"1\"><span style=\"font-weight: 400;\">Apoyo a largo plazo a los socios mediante subvenciones flexibles y basadas en proyectos.<\/span><\/li>\r\n \t<li style=\"font-weight: 400;\" aria-level=\"1\"><span style=\"font-weight: 400;\">Creaci\u00f3n conjunta de estrategias para iniciativas a gran escala que respondan a necesidades urgentes.\u00a0\u00a0\u00a0<\/span><\/li>\r\n \t<li style=\"font-weight: 400;\" aria-level=\"1\"><span style=\"font-weight: 400;\">Creaci\u00f3n de espacios transnacionales y transregionales de colaboraci\u00f3n y aprendizaje\u00a0<\/span><\/li>\r\n \t<li style=\"font-weight: 400;\" aria-level=\"1\"><span style=\"font-weight: 400;\">Cultivar diversos liderazgos feministas y juveniles en los espacios de toma de decisiones de la Alianza.\u00a0<\/span><\/li>\r\n \t<li style=\"font-weight: 400;\" aria-level=\"1\"><span style=\"font-weight: 400;\">Desbloquear nuevas v\u00edas de financiaci\u00f3n, como la inversi\u00f3n de impacto y las empresas sociales, para impulsar soluciones innovadoras y sostenibles.<\/span><\/li>\r\n<\/ul>","":null,"anchor_id":""}},{"acf_fc_layout":"layout_video","_acfe_flexible_toggle":"","component_video":{"video":"https:\/\/youtu.be\/uZ3IbUa-ZjE","thumbnail":"","caption":"Johanna Dur\u00e1n G\u00f3mez, Executive Director, Fundaci\u00f3n Mujer y Futuro, Colombia","":null,"helper_width":"narrow","anchor_id":""}},{"acf_fc_layout":"layout_statistics","_acfe_flexible_toggle":"","component_statistics":{"title":"Nuestras inversiones","abstract":"<span style=\"font-weight: 400;\">F\u00f2s Feminista directs funding and resources to partners so they can meet urgent priorities, build financial autonomy, and secure long-term sustainability. <\/span>","statistics":[{"number":"$36M","text_after":"in grant funding distributed to partners in 2023-2024, including $10M in flexible grants","source":"Flexible support lets partners decide how best to use resources to advance their missions and respond to emerging needs. More than half of our partners that receive flexible funding report that they use it to cover general operating expenses."},{"number":"47","text_after":"income-generating business models supported to sustain and multiply our impact","source":"Social enterprise initiatives help partners expand their reach while generating the funds to cover their operations. Through our Innovation and Social Enterprise Lab, we have supported 31 partners to design, launch, or strengthen 47 social enterprise initiatives, creating a foundation for sustainable growth. "},{"number":"$3.9M","text_after":"in loans made through our Feminist Impact Fund","source":"Loans from our Feminist Impact Fund have flexible terms. This means partners can tap into larger financing quickly, investing in social impact initiatives that generate income and a steady cash flow to repay loans. So far, the fund has backed 16 initiatives, from reproductive health clinics and mobile health units to contraceptive distribution and maternal health innovations.  "}],"":null,"anchor_id":""}},{"acf_fc_layout":"layout_accordion_feature","_acfe_flexible_toggle":"","component_accordion_feature":{"":null,"kicker":"","title":"Impulsar el impacto mediante la financiaci\u00f3n feminista","intro":"<span style=\"font-weight: 400;\">We build the strength and resilience of local feminist organizations through:<\/span>","image":5111,"items":[{"title":"Flexible and project-based grantmaking","open":false,"html":"<span style=\"font-weight: 400;\">Our commitment to redistributing funding to local partners is reflected in our grantmaking ratio: in 2024, F\u00f2s Feminista distributed 56% of its operating expenses as grants to partners. These included flexible support for operating expenses, seed funding for social enterprise, emergency grants, project-based funding, and resources for knowledge-sharing.<\/span>"},{"title":"Social enterprise and innovation","open":false,"html":"<span style=\"font-weight: 400;\">Partners generate income by providing healthcare services, contraceptives, and trainings tied to their expertise in sexual and reproductive health and rights. These social enterprises expand access while creating steady revenue to fuel future growth. <\/span>"},{"title":"Gender-lens investing","open":false,"html":"<span style=\"font-weight: 400;\">Research shows that women-led enterprises serving women and girls generate stronger financial returns and greater social impact. Through our Feminist Impact Fund, we invest with a gender lens (directing capital to women-led organizations and to businesses that improve the lives of women and girls). Our loans help partners launch or expand sustainable initiatives that deliver care.<\/span>"},{"title":"Capacity-sharing and institutional strengthening","open":false,"html":"<span style=\"font-weight: 400;\">We draw on the collective expertise of our Alliance to facilitate partner-to-partner capacity sharing around shared priorities. We also provide support to help partners strengthen programming, financial analysis, and strategic leadership, building more resilient institutions. <\/span>"}],"anchor_id":""}},{"acf_fc_layout":"layout_pull_quote","_acfe_flexible_toggle":"","component_pull_quote":{"":null,"background_color":"cream","headline":"","quote":"F\u00f2s Feminista has been an excellent ally since the beginning of our work together. We have received financial support to provide training on sexual and reproductive rights to our members, as well as increasing our participation in advocacy actions and claiming our rights.","meta":{"name":"Partner response","work":"Keystone Accountability Survey, 2024"},"additional_promotion":{"heading":"","link":""},"image":5115,"anchor_id":""}},{"acf_fc_layout":"layout_column_feature","_acfe_flexible_toggle":"","component_column_feature":{"title":"Nuestras inversiones en la pr\u00e1ctica","abstract":"","columns":[{"image":5694,"brow":"Feminist Impact Fund, Belize","title":"One-stop health care","abstract":"With two loans from F\u00f2s Feminista\u2019s <strong>Feminist Impact Fund<\/strong> over the last three years, BFLA has transformed its headquarters into a comprehensive sexual and reproductive health clinic that provides a range of free services through the national health program. In 2024, the loan enabled BFLA to do needed renovations and purchase a 6-month of medications to add an in-house pharmacy for distributing contraceptives and other medications; imaging services; and a laboratory.","button":""},{"image":2664,"brow":"Repayable financing, Bolivia","title":"A new clinic made possible by a low-interest loan","abstract":"<span style=\"font-weight: 400;\">In 2023, CIES opened a new clinic in Cochabamba offering sexual and reproductive health services, general health consultations, inpatient care, and surgery. A low-interest loan from the Feminist Impact Fund helped finance construction and leverage co-investment from a local bank. Since opening, the clinic has generated steady revenue and delivered more than 23,500 consultations, 61% focused on sexual and reproductive health. <\/span>","button":""},{"image":5118,"brow":"Capacity-Sharing, Latin America and the Caribbean","title":"Strengthening midwives\u2019 role in abortion care","abstract":"<span style=\"font-weight: 400;\">In 2025, F\u00f2s Feminista supported a learning exchange in Uruguay with m<\/span><span style=\"font-weight: 400;\">idwives from four partner organizations across the region. Together they explored midwives\u2019 crucial role in advancing abortion care through sensitization, training, and task-shifting\u2014building a shared feminist strategy for expanding access.\u00a0 <\/span>","button":""}],"":null,"anchor_id":""}},{"acf_fc_layout":"layout_feed","_acfe_flexible_toggle":"","component_feed":{"heading":"Related News & Stories","link":"","manually_curate":true,"posts":[4932,4943,4947],"select_taxonomy_terms":["26","21"],"":null,"anchor_id":""}},{"acf_fc_layout":"layout_featured_initiative","_acfe_flexible_toggle":"","component_featured_initiative":{"title":"Comunidad de Capacidades Compartidas","link":"","post":[2669],"":null,"anchor_id":""}}]},"yoast_head":"<!-- This site is optimized with the Yoast SEO plugin v27.5 - https:\/\/yoast.com\/product\/yoast-seo-wordpress\/ -->\n<title>Invest in Local Partners - F\u00f2s Feminista<\/title>\n<meta name=\"robots\" content=\"index, follow, max-snippet:-1, max-image-preview:large, max-video-preview:-1\" \/>\n<link rel=\"canonical\" href=\"https:\/\/fosfeminista.org\/es\/what-we-do\/invest-in-local-partners\/\" \/>\n<meta property=\"og:locale\" content=\"es_MX\" \/>\n<meta property=\"og:type\" content=\"article\" \/>\n<meta property=\"og:title\" content=\"Invest in Local Partners - F\u00f2s Feminista\" \/>\n<meta property=\"og:description\" content=\"We fuel the reproductive justice field for the long-term by building the financial sustainability, resilience, and autonomy of local organizations so they can drive lasting change in their communities.\" \/>\n<meta property=\"og:url\" content=\"https:\/\/fosfeminista.org\/es\/what-we-do\/invest-in-local-partners\/\" \/>\n<meta property=\"og:site_name\" content=\"F\u00f2s Feminista\" \/>\n<meta property=\"article:modified_time\" content=\"2025-09-30T01:39:11+00:00\" \/>\n<meta property=\"og:image\" content=\"https:\/\/fosfeminista.org\/wp-content\/uploads\/2025\/09\/Sama-India-Esperanca-Dias-1024x715.png\" \/>\n\t<meta property=\"og:image:width\" content=\"1024\" \/>\n\t<meta property=\"og:image:height\" content=\"715\" \/>\n\t<meta property=\"og:image:type\" content=\"image\/png\" \/>\n<meta name=\"twitter:card\" content=\"summary_large_image\" \/>\n<script type=\"application\/ld+json\" class=\"yoast-schema-graph\">{\"@context\":\"https:\\\/\\\/schema.org\",\"@graph\":[{\"@type\":\"WebPage\",\"@id\":\"https:\\\/\\\/fosfeminista.org\\\/what-we-do\\\/invest-in-local-partners\\\/\",\"url\":\"https:\\\/\\\/fosfeminista.org\\\/what-we-do\\\/invest-in-local-partners\\\/\",\"name\":\"Invest in Local Partners - F\u00f2s Feminista\",\"isPartOf\":{\"@id\":\"https:\\\/\\\/fosfeminista.org\\\/#website\"},\"primaryImageOfPage\":{\"@id\":\"https:\\\/\\\/fosfeminista.org\\\/what-we-do\\\/invest-in-local-partners\\\/#primaryimage\"},\"image\":{\"@id\":\"https:\\\/\\\/fosfeminista.org\\\/what-we-do\\\/invest-in-local-partners\\\/#primaryimage\"},\"thumbnailUrl\":\"https:\\\/\\\/fosfeminista.org\\\/wp-content\\\/uploads\\\/2025\\\/09\\\/Sama-India-Esperanca-Dias.png\",\"datePublished\":\"2025-09-08T17:10:17+00:00\",\"dateModified\":\"2025-09-30T01:39:11+00:00\",\"breadcrumb\":{\"@id\":\"https:\\\/\\\/fosfeminista.org\\\/what-we-do\\\/invest-in-local-partners\\\/#breadcrumb\"},\"inLanguage\":\"es\",\"potentialAction\":[{\"@type\":\"ReadAction\",\"target\":[\"https:\\\/\\\/fosfeminista.org\\\/what-we-do\\\/invest-in-local-partners\\\/\"]}]},{\"@type\":\"ImageObject\",\"inLanguage\":\"es\",\"@id\":\"https:\\\/\\\/fosfeminista.org\\\/what-we-do\\\/invest-in-local-partners\\\/#primaryimage\",\"url\":\"https:\\\/\\\/fosfeminista.org\\\/wp-content\\\/uploads\\\/2025\\\/09\\\/Sama-India-Esperanca-Dias.png\",\"contentUrl\":\"https:\\\/\\\/fosfeminista.org\\\/wp-content\\\/uploads\\\/2025\\\/09\\\/Sama-India-Esperanca-Dias.png\",\"width\":1280,\"height\":894},{\"@type\":\"BreadcrumbList\",\"@id\":\"https:\\\/\\\/fosfeminista.org\\\/what-we-do\\\/invest-in-local-partners\\\/#breadcrumb\",\"itemListElement\":[{\"@type\":\"ListItem\",\"position\":1,\"name\":\"Home\",\"item\":\"https:\\\/\\\/fosfeminista.org\\\/\"},{\"@type\":\"ListItem\",\"position\":2,\"name\":\"What We Do\",\"item\":\"https:\\\/\\\/fosfeminista.org\\\/es\\\/what-we-do\\\/\"},{\"@type\":\"ListItem\",\"position\":3,\"name\":\"Invest in Local Partners\"}]},{\"@type\":\"WebSite\",\"@id\":\"https:\\\/\\\/fosfeminista.org\\\/#website\",\"url\":\"https:\\\/\\\/fosfeminista.org\\\/\",\"name\":\"F\u00f2s Feminista\",\"description\":\"\",\"potentialAction\":[{\"@type\":\"SearchAction\",\"target\":{\"@type\":\"EntryPoint\",\"urlTemplate\":\"https:\\\/\\\/fosfeminista.org\\\/?s={search_term_string}\"},\"query-input\":{\"@type\":\"PropertyValueSpecification\",\"valueRequired\":true,\"valueName\":\"search_term_string\"}}],\"inLanguage\":\"es\"}]}<\/script>\n<!-- \/ Yoast SEO plugin. -->","yoast_head_json":{"title":"Invest in Local Partners - F\u00f2s Feminista","robots":{"index":"index","follow":"follow","max-snippet":"max-snippet:-1","max-image-preview":"max-image-preview:large","max-video-preview":"max-video-preview:-1"},"canonical":"https:\/\/fosfeminista.org\/es\/what-we-do\/invest-in-local-partners\/","og_locale":"es_MX","og_type":"article","og_title":"Invest in Local Partners - F\u00f2s Feminista","og_description":"We fuel the reproductive justice field for the long-term by building the financial sustainability, resilience, and autonomy of local organizations so they can drive lasting change in their communities.","og_url":"https:\/\/fosfeminista.org\/es\/what-we-do\/invest-in-local-partners\/","og_site_name":"F\u00f2s Feminista","article_modified_time":"2025-09-30T01:39:11+00:00","og_image":[{"width":1024,"height":715,"url":"https:\/\/fosfeminista.org\/wp-content\/uploads\/2025\/09\/Sama-India-Esperanca-Dias-1024x715.png","type":"image\/png"}],"twitter_card":"summary_large_image","schema":{"@context":"https:\/\/schema.org","@graph":[{"@type":"WebPage","@id":"https:\/\/fosfeminista.org\/what-we-do\/invest-in-local-partners\/","url":"https:\/\/fosfeminista.org\/what-we-do\/invest-in-local-partners\/","name":"Invest in Local Partners - F\u00f2s Feminista","isPartOf":{"@id":"https:\/\/fosfeminista.org\/#website"},"primaryImageOfPage":{"@id":"https:\/\/fosfeminista.org\/what-we-do\/invest-in-local-partners\/#primaryimage"},"image":{"@id":"https:\/\/fosfeminista.org\/what-we-do\/invest-in-local-partners\/#primaryimage"},"thumbnailUrl":"https:\/\/fosfeminista.org\/wp-content\/uploads\/2025\/09\/Sama-India-Esperanca-Dias.png","datePublished":"2025-09-08T17:10:17+00:00","dateModified":"2025-09-30T01:39:11+00:00","breadcrumb":{"@id":"https:\/\/fosfeminista.org\/what-we-do\/invest-in-local-partners\/#breadcrumb"},"inLanguage":"es","potentialAction":[{"@type":"ReadAction","target":["https:\/\/fosfeminista.org\/what-we-do\/invest-in-local-partners\/"]}]},{"@type":"ImageObject","inLanguage":"es","@id":"https:\/\/fosfeminista.org\/what-we-do\/invest-in-local-partners\/#primaryimage","url":"https:\/\/fosfeminista.org\/wp-content\/uploads\/2025\/09\/Sama-India-Esperanca-Dias.png","contentUrl":"https:\/\/fosfeminista.org\/wp-content\/uploads\/2025\/09\/Sama-India-Esperanca-Dias.png","width":1280,"height":894},{"@type":"BreadcrumbList","@id":"https:\/\/fosfeminista.org\/what-we-do\/invest-in-local-partners\/#breadcrumb","itemListElement":[{"@type":"ListItem","position":1,"name":"Home","item":"https:\/\/fosfeminista.org\/"},{"@type":"ListItem","position":2,"name":"What We Do","item":"https:\/\/fosfeminista.org\/es\/what-we-do\/"},{"@type":"ListItem","position":3,"name":"Invest in Local Partners"}]},{"@type":"WebSite","@id":"https:\/\/fosfeminista.org\/#website","url":"https:\/\/fosfeminista.org\/","name":"F\u00f2s Feminista","description":"","potentialAction":[{"@type":"SearchAction","target":{"@type":"EntryPoint","urlTemplate":"https:\/\/fosfeminista.org\/?s={search_term_string}"},"query-input":{"@type":"PropertyValueSpecification","valueRequired":true,"valueName":"search_term_string"}}],"inLanguage":"es"}]}},"_links":{"self":[{"href":"https:\/\/fosfeminista.org\/es\/wp-json\/wp\/v2\/pages\/2480","targetHints":{"allow":["GET"]}}],"collection":[{"href":"https:\/\/fosfeminista.org\/es\/wp-json\/wp\/v2\/pages"}],"about":[{"href":"https:\/\/fosfeminista.org\/es\/wp-json\/wp\/v2\/types\/page"}],"author":[{"embeddable":true,"href":"https:\/\/fosfeminista.org\/es\/wp-json\/wp\/v2\/users\/2"}],"replies":[{"embeddable":true,"href":"https:\/\/fosfeminista.org\/es\/wp-json\/wp\/v2\/comments?post=2480"}],"version-history":[{"count":14,"href":"https:\/\/fosfeminista.org\/es\/wp-json\/wp\/v2\/pages\/2480\/revisions"}],"predecessor-version":[{"id":5760,"href":"https:\/\/fosfeminista.org\/es\/wp-json\/wp\/v2\/pages\/2480\/revisions\/5760"}],"up":[{"embeddable":true,"href":"https:\/\/fosfeminista.org\/es\/wp-json\/wp\/v2\/pages\/2451"}],"wp:featuredmedia":[{"embeddable":true,"href":"https:\/\/fosfeminista.org\/es\/wp-json\/wp\/v2\/media\/5703"}],"wp:attachment":[{"href":"https:\/\/fosfeminista.org\/es\/wp-json\/wp\/v2\/media?parent=2480"}],"curies":[{"name":"wp","href":"https:\/\/api.w.org\/{rel}","templated":true}]}}